{"id":2042,"date":"2017-12-30T21:01:30","date_gmt":"2017-12-30T21:01:30","guid":{"rendered":"http:\/\/biblian.is\/biblian\/nehem%c2%92ab%c2%97k-12-kafli\/"},"modified":"2023-02-25T04:33:31","modified_gmt":"2023-02-25T04:33:31","slug":"nehemiabok-12-kafli","status":"publish","type":"page","link":"https:\/\/biblian.is\/biblian\/nehemiabok-12-kafli\/","title":{"rendered":"Nehem\u00edab\u00f3k 12. kafli"},"content":{"rendered":"<h3 class=\"millifyrirsogn_2007\"> Skr\u00e1 yfir presta og Lev\u00edta<\/h3>\n<p><a name=\"1\"><span class=\"versanumer_2007\">1<\/span><\/a> \u00deetta eru prestarnir og Lev\u00edtarnir sem komu heim me\u00f0 Ser\u00fababel Sealt\u00edelssyni og J\u00f3s\u00faa:<br \/>Seraja, Jerem\u00eda, Esra, <a name=\"2\"><span class=\"versanumer_2007\">2<\/span><\/a> Amarja, Mall\u00fak, Hatt\u00fas, <a name=\"3\"><span class=\"versanumer_2007\">3<\/span><\/a> Sekanja, Reh\u00fam, Merem\u00f3t, <a name=\"4\"><span class=\"versanumer_2007\">4<\/span><\/a> Idd\u00f3, Ginnt\u00f3\u00ed, Ab\u00eda, <a name=\"5\"><span class=\"versanumer_2007\">5<\/span><\/a> M\u00edjam\u00edn, Maadja, B\u00edlga, <a name=\"6\"><span class=\"versanumer_2007\">6<\/span><\/a> Semaja, J\u00f3jar\u00edb, Jedaja, <a name=\"7\"><span class=\"versanumer_2007\">7<\/span><\/a> Sall\u00fa, Am\u00f3k, Hilk\u00eda og Jedaja.<br \/>\u00deetta voru foringjar prestanna og starfsbr\u00e6\u00f0ra \u00feeirra \u00e1 d\u00f6gum J\u00f3s\u00faa.<br \/> <a name=\"8\"><span class=\"versanumer_2007\">8<\/span><\/a> Lev\u00edtarnir voru: J\u00f3s\u00faa, Binn\u00fa\u00ed, Kadm\u00edel, Serebja, J\u00fada og Mattanja en hann og starfsbr\u00e6\u00f0ur hans stj\u00f3rnu\u00f0u lofs\u00f6ngnum. <a name=\"9\"><span class=\"versanumer_2007\">9<\/span><\/a> Bakb\u00fakja og \u00dann\u00ed og starfsbr\u00e6\u00f0ur \u00feeirra st\u00f3\u00f0u gegnt \u00feeim eftir \u00fej\u00f3nustuflokkum s\u00ednum.<br \/> <a name=\"10\"><span class=\"versanumer_2007\">10<\/span><\/a> J\u00f3s\u00faa gat J\u00f3jak\u00edm, J\u00f3jak\u00edm gat Eljas\u00edb og Eljas\u00edb J\u00f3jada. <a name=\"11\"><span class=\"versanumer_2007\">11<\/span><\/a> J\u00f3jada gat J\u00f3natan og J\u00f3natan gat Jadd\u00faa.<\/p>\n<h3 class=\"millifyrirsogn_2007\">Skr\u00e1 yfir presta og Lev\u00edta fr\u00e1 t\u00edma J\u00f3jak\u00edms \u00e6\u00f0sta prests<\/h3>\n<p><a name=\"12\"><span class=\"versanumer_2007\">12<\/span><\/a> \u00c1 d\u00f6gum J\u00f3jak\u00edms voru \u00feessir prestar h\u00f6f\u00f0ingjar presta\u00e6ttanna: Meraja \u00ed Seraja \u00e6tt, Hananja \u00ed Jerem\u00eda \u00e6tt, <a name=\"13\"><span class=\"versanumer_2007\">13<\/span><\/a> Mes\u00fallam \u00ed Esra \u00e6tt, J\u00f3hanan \u00ed Amarja \u00e6tt, <a name=\"14\"><span class=\"versanumer_2007\">14<\/span><\/a> J\u00f3natan \u00ed Mall\u00fak\u00ed \u00e6tt, J\u00f3sef \u00ed Sebanja \u00e6tt, <a name=\"15\"><span class=\"versanumer_2007\">15<\/span><\/a> Adna \u00ed Har\u00edm \u00e6tt, Helka\u00ed \u00ed Meraj\u00f3t \u00e6tt, <a name=\"16\"><span class=\"versanumer_2007\">16<\/span><\/a> Sakar\u00eda \u00ed Idd\u00f3 \u00e6tt, Mes\u00fallam \u00ed Ginnet\u00f3n \u00e6tt, <a name=\"17\"><span class=\"versanumer_2007\">17<\/span><\/a> Sikr\u00ed \u00ed Ab\u00eda \u00e6tt, \u2026<span class=\"nedan_mal\" title=\" Nafn prestsins vantar \u00ed handrit.\">[<\/span> \u00ed Minjam\u00edn \u00e6tt, Pilta\u00ed \u00ed M\u00f3daja \u00e6tt, <a name=\"18\"><span class=\"versanumer_2007\">18<\/span><\/a> Samm\u00faa \u00ed B\u00edlga \u00e6tt, J\u00f3natan \u00ed Semaja \u00e6tt, <a name=\"19\"><span class=\"versanumer_2007\">19<\/span><\/a> Matna\u00ed \u00ed J\u00f3jar\u00edb \u00e6tt, \u00dass\u00ed \u00ed Jedaja \u00e6tt, <a name=\"20\"><span class=\"versanumer_2007\">20<\/span><\/a> Kalla\u00ed \u00ed Salla\u00ed \u00e6tt, Eber \u00ed Am\u00f3k \u00e6tt, <a name=\"21\"><span class=\"versanumer_2007\">21<\/span><\/a> Hasabja \u00ed Hilk\u00eda \u00e6tt, Netaneel \u00ed Jedaja \u00e6tt.<br \/> <a name=\"22\"><span class=\"versanumer_2007\">22<\/span><\/a> \u00c1 d\u00f6gum Eljas\u00edbs, J\u00f3jada, J\u00f3hanans og Jadd\u00faa og allt til r\u00edkisstj\u00f3rnar Dar\u00edusar hins persneska voru \u00feeir prestar, sem einnig voru \u00e6ttarh\u00f6f\u00f0ingjar, skr\u00e1\u00f0ir. <a name=\"23\"><span class=\"versanumer_2007\">23<\/span><\/a> \u00deeir ni\u00f0jar Lev\u00ed, sem voru \u00e6ttarh\u00f6f\u00f0ingjar, voru skr\u00e1\u00f0ir \u00ed ann\u00e1lab\u00f3kunum allt fram \u00e1 daga J\u00f3hanans Eljas\u00edbssonar.<br \/> <a name=\"24\"><span class=\"versanumer_2007\">24<\/span><\/a> \u00deetta voru foringjar Lev\u00edtanna:<br \/>Hasbaja, Serebja, J\u00f3s\u00faa, Ban\u00ed, Kadm\u00edel og \u00e6ttbr\u00e6\u00f0ur \u00feeirra sem st\u00f3\u00f0u gegnt \u00feeim \u00feegar lofgj\u00f6r\u00f0ar- og \u00feakkars\u00e1lmarnir voru fluttir samkv\u00e6mt fyrirm\u00e6lum gu\u00f0smannsins Dav\u00ed\u00f0s. S\u00f6ngflokkarnir st\u00f3\u00f0u hvor gegnt \u00f6\u00f0rum: <a name=\"25\"><span class=\"versanumer_2007\">25<\/span><\/a> Mattanja, Bakb\u00fakja, \u00d3bad\u00eda, Mes\u00fallam, Talm\u00f3n og Akk\u00fab st\u00f3\u00f0u v\u00f6r\u00f0 sem hli\u00f0ver\u00f0ir vi\u00f0 geymsluherbergin \u00ed hli\u00f0unum.<br \/> <a name=\"26\"><span class=\"versanumer_2007\">26<\/span><\/a> \u00deessir menn voru uppi \u00e1 d\u00f6gum J\u00f3jak\u00edms J\u00f3s\u00faasonar, J\u00f3sadakssonar, og Nehem\u00eda landstj\u00f3ra og Esra, prests og fr\u00e6\u00f0imanns.<\/p>\n<h3 class=\"millifyrirsogn_2007\">V\u00edgsla borgarm\u00faranna<\/h3>\n<p><a name=\"27\"><span class=\"versanumer_2007\">27<\/span><\/a> \u00deegar borgarm\u00farar Jer\u00fasalem voru v\u00edg\u00f0ir voru Lev\u00edtarnir s\u00f3ttir til \u00feeirra sta\u00f0a \u00fear sem \u00feeir bjuggu og fluttir til Jer\u00fasalem. \u00deeir \u00e1ttu a\u00f0 annast v\u00edgsluna me\u00f0 f\u00f6gnu\u00f0i, lofs\u00f6ngvum og s\u00e1lmum, bumbusl\u00e6tti og h\u00f6rpuleik og s\u00edtaraspili. <a name=\"28\"><span class=\"versanumer_2007\">28<\/span><\/a> S\u00f6ngvarar Lev\u00edta s\u00f6fnu\u00f0ust saman b\u00e6\u00f0i fr\u00e1 h\u00e9ra\u00f0inu \u00ed n\u00e6sta n\u00e1grenni vi\u00f0 Jer\u00fasalem og fr\u00e1 \u00feorpum Net\u00f3fat\u00edta, <a name=\"29\"><span class=\"versanumer_2007\">29<\/span><\/a> fr\u00e1 Bet Gilgal og fr\u00e1 sl\u00e9ttunum vi\u00f0 Geba og Asmavet \u00fev\u00ed a\u00f0 \u00feeir h\u00f6f\u00f0u reist s\u00e9r b\u00e6i \u00ed grennd vi\u00f0 Jer\u00fasalem.<br \/> <a name=\"30\"><span class=\"versanumer_2007\">30<\/span><\/a> Prestarnir og Lev\u00edtarnir hreinsu\u00f0u n\u00fa sj\u00e1lfa sig og \u00fev\u00ed n\u00e6st f\u00f3lki\u00f0, hli\u00f0in og m\u00farana.<br \/> <a name=\"31\"><span class=\"versanumer_2007\">31<\/span><\/a> \u00dev\u00ed n\u00e6st l\u00e9t \u00e9g h\u00f6f\u00f0ingja J\u00fada st\u00edga upp \u00e1 m\u00farinn, l\u00e9t og tvo st\u00f3ra k\u00f3ra, sem flytja \u00e1ttu \u00feakkars\u00e1lminn, taka s\u00e9r st\u00f6\u00f0u. Annar gekk til h\u00e6gri uppi \u00e1 borgarm\u00farnum \u00ed \u00e1tt til \u00d6skuhli\u00f0sins. <a name=\"32\"><span class=\"versanumer_2007\">32<\/span><\/a> \u00c1 eftir honum kom H\u00f3saja og helmingurinn af h\u00f6f\u00f0ingjum J\u00fada. <a name=\"33\"><span class=\"versanumer_2007\">33<\/span><\/a> \u00de\u00e1 komu Asarja, Esra, Mes\u00fallam, <a name=\"34\"><span class=\"versanumer_2007\">34<\/span><\/a> J\u00fada, Benjam\u00edn, Semaja og Jerem\u00eda. <a name=\"35\"><span class=\"versanumer_2007\">35<\/span><\/a> Eftirtaldir prestar \u00feeyttu l\u00fa\u00f0ra: Sakar\u00eda J\u00f3natansson, Semajasonar, Mattanjasonar, M\u00edkajasonar, Sakk\u00farssonar, Sasafssonar <a name=\"36\"><span class=\"versanumer_2007\">36<\/span><\/a> og starfsbr\u00e6\u00f0ur hans, Semaja, Asareel, M\u00edlala\u00ed, G\u00edlala\u00ed, Maa\u00ed, Netaneel, J\u00fada og Hanan\u00ed og komu me\u00f0 hlj\u00f3\u00f0f\u00e6ri gu\u00f0smannsins Dav\u00ed\u00f0s. Esra fr\u00e6\u00f0ima\u00f0ur gekk \u00e1 undan \u00feeim. <a name=\"37\"><span class=\"versanumer_2007\">37<\/span><\/a> \u00deeir gengu fram hj\u00e1 Lindarhli\u00f0inu og beint upp \u00ferepin upp \u00ed borg Dav\u00ed\u00f0s. \u00de\u00e1 gengu \u00feeir tr\u00f6ppurnar upp \u00e1 m\u00farinn, fram hj\u00e1 h\u00fasi Dav\u00ed\u00f0s og austur a\u00f0 Vatnshli\u00f0inu.<br \/> <a name=\"38\"><span class=\"versanumer_2007\">38<\/span><\/a> Hinn k\u00f3rinn gekk til vinstri og \u00e9g \u00e1 eftir honum me\u00f0 hinum helmingi f\u00f3lksins. Vi\u00f0 gengum uppi \u00e1 m\u00farnum, fram hj\u00e1 Ofnturninum til brei\u00f0a m\u00farsins, <a name=\"39\"><span class=\"versanumer_2007\">39<\/span><\/a> fram hj\u00e1 Efra\u00edmshli\u00f0i, Jesanahli\u00f0i, Fiskhli\u00f0i, Hananelturni og Hundra\u00f0mannaturni og a\u00f0 Sau\u00f0ahli\u00f0i og sta\u00f0n\u00e6mdumst vi\u00f0 Fangelsishli\u00f0i\u00f0.<br \/> <a name=\"40\"><span class=\"versanumer_2007\">40<\/span><\/a> N\u00fa t\u00f3ku b\u00e1\u00f0ir k\u00f3rarnir s\u00e9r st\u00f6\u00f0u vi\u00f0 h\u00fas Gu\u00f0s sem og \u00e9g og helmingur emb\u00e6ttismannanna sem me\u00f0 m\u00e9r var. <a name=\"41\"><span class=\"versanumer_2007\">41<\/span><\/a> Eins ger\u00f0u prestarnir Eljak\u00edm, Maaseja, Minjam\u00edn, M\u00edkaja, Elj\u00f3ena\u00ed, Sakar\u00eda og Hananja, sem voru me\u00f0 l\u00fa\u00f0rana, <a name=\"42\"><span class=\"versanumer_2007\">42<\/span><\/a> og Maaseja, Semaja, Eleasar, \u00dass\u00ed, J\u00f3hanan, Malk\u00eda, Elam og Eser. \u00de\u00e1 l\u00e9tu s\u00f6ngvararnir \u00ed s\u00e9r heyra undir stj\u00f3rn Jisrahja.<br \/> <a name=\"43\"><span class=\"versanumer_2007\">43<\/span><\/a> \u00deennan dag voru f\u00e6r\u00f0ar miklar sl\u00e1turf\u00f3rnir og allir gl\u00f6ddust \u00fev\u00ed a\u00f0 Gu\u00f0 haf\u00f0i veitt \u00feeim mikla gle\u00f0i. Konur og b\u00f6rn t\u00f3ku einnig \u00fe\u00e1tt \u00ed gle\u00f0inni og gle\u00f0iglaumurinn fr\u00e1 Jer\u00fasalem heyr\u00f0ist langt a\u00f0.<\/p>\n<h3 class=\"millifyrirsogn_2007\">Framl\u00f6g til gu\u00f0s\u00fej\u00f3nustunnar \u00ed musterinu<\/h3>\n<p><a name=\"44\"><span class=\"versanumer_2007\">44<\/span><\/a> Um \u00feessar mundir voru menn settir yfir geymsluherbergin sem \u00e6tlu\u00f0 voru fyrir afgj\u00f6ld, framl\u00f6g af frumgr\u00f3\u00f0a og t\u00edundir. Framl\u00f6gum til presta og Lev\u00edta af \u00f6krum borganna, sem \u00feeim voru \u00e6tlu\u00f0 samkv\u00e6mt l\u00f6gm\u00e1linu, var safna\u00f0 \u00ed \u00feessi geymsluherbergi \u00fev\u00ed a\u00f0 J\u00fadamenn gl\u00f6ddust yfir prestunum og Lev\u00edtunum sem gegndu gu\u00f0s\u00fej\u00f3nustunni. <a name=\"45\"><span class=\"versanumer_2007\">45<\/span><\/a> \u00deeir gegndu \u00fej\u00f3nustunni vi\u00f0 Gu\u00f0 sinn og \u00f6nnu\u00f0ust hreinsunarathafnirnar. S\u00f6ngvararnir og hli\u00f0ver\u00f0irnir st\u00f6rfu\u00f0u einnig samkv\u00e6mt fyrirm\u00e6lum Dav\u00ed\u00f0s og Sal\u00f3mons, sonar hans, <a name=\"46\"><span class=\"versanumer_2007\">46<\/span><\/a> \u00fev\u00ed a\u00f0 \u00e1\u00f0ur fyrr, \u00e1 d\u00f6gum Dav\u00ed\u00f0s og Asafs, h\u00f6f\u00f0u s\u00f6ngvararnir stj\u00f3rnendur \u00feegar Gu\u00f0i voru fluttir lofgj\u00f6r\u00f0ar- og \u00feakkars\u00e1lmar.<br \/> <a name=\"47\"><span class=\"versanumer_2007\">47<\/span><\/a> \u00c1 d\u00f6gum Ser\u00fababels og eins \u00e1 d\u00f6gum Nehem\u00eda greiddu allir \u00cdsraelsmenn daglega framl\u00f6g til s\u00f6ngvara og hli\u00f0var\u00f0a eftir \u00fev\u00ed sem \u00fe\u00f6rf var \u00e1. \u00deeir helgu\u00f0u Lev\u00edtunum einnig \u00e1kve\u00f0i\u00f0 framlag og Lev\u00edtarnir helgu\u00f0u ni\u00f0jum Arons hluta \u00feeirra.<\/p>\n","protected":false},"excerpt":{"rendered":"<p>Skr\u00e1 yfir presta og Lev\u00edta 1 \u00deetta eru prestarnir og Lev\u00edtarnir sem komu heim me\u00f0 Ser\u00fababel Sealt\u00edelssyni og J\u00f3s\u00faa:Seraja, Jerem\u00eda, Esra, 2 Amarja, Mall\u00fak, Hatt\u00fas, 3 Sekanja, Reh\u00fam, Merem\u00f3t, 4 Idd\u00f3, Ginnt\u00f3\u00ed, Ab\u00eda, 5 M\u00edjam\u00edn, Maadja, B\u00edlga, 6 Semaja, J\u00f3jar\u00edb, Jedaja, 7 Sall\u00fa, Am\u00f3k, Hilk\u00eda og Jedaja.\u00deetta voru foringjar prestanna og starfsbr\u00e6\u00f0ra \u00feeirra \u00e1 d\u00f6gum J\u00f3s\u00faa. 8 Lev\u00edtarnir voru: J\u00f3s\u00faa, Binn\u00fa\u00ed, Kadm\u00edel, Serebja, J\u00fada og Mattanja en hann og starfsbr\u00e6\u00f0ur hans stj\u00f3rnu\u00f0u lofs\u00f6ngnum. 9 Bakb\u00fakja og \u00dann\u00ed og starfsbr\u00e6\u00f0ur \u00feeirra st\u00f3\u00f0u gegnt \u00feeim eftir \u00fej\u00f3nustuflokkum s\u00ednum. 10 J\u00f3s\u00faa gat J\u00f3jak\u00edm, J\u00f3jak\u00edm gat Eljas\u00edb og Eljas\u00edb J\u00f3jada. 11 J\u00f3jada gat J\u00f3natan <a href=\"https:\/\/biblian.is\/biblian\/nehemiabok-12-kafli\/\"> [&#8230;]<\/a><\/p>\n","protected":false},"author":1,"featured_media":0,"parent":0,"menu_order":0,"comment_status":"open","ping_status":"open","template":"bibliukaflar_NT.php","meta":{"footnotes":""},"class_list":["post-2042","page","type-page","status-publish","hentry"],"_links":{"self":[{"href":"https:\/\/biblian.is\/biblian\/wp-json\/wp\/v2\/pages\/2042","targetHints":{"allow":["GET"]}}],"collection":[{"href":"https:\/\/biblian.is\/biblian\/wp-json\/wp\/v2\/pages"}],"about":[{"href":"https:\/\/biblian.is\/biblian\/wp-json\/wp\/v2\/types\/page"}],"author":[{"embeddable":true,"href":"https:\/\/biblian.is\/biblian\/wp-json\/wp\/v2\/users\/1"}],"replies":[{"embeddable":true,"href":"https:\/\/biblian.is\/biblian\/wp-json\/wp\/v2\/comments?post=2042"}],"version-history":[{"count":0,"href":"https:\/\/biblian.is\/biblian\/wp-json\/wp\/v2\/pages\/2042\/revisions"}],"wp:attachment":[{"href":"https:\/\/biblian.is\/biblian\/wp-json\/wp\/v2\/media?parent=2042"}],"curies":[{"name":"wp","href":"https:\/\/api.w.org\/{rel}","templated":true}]}}