{"id":2041,"date":"2017-12-30T21:01:30","date_gmt":"2017-12-30T21:01:30","guid":{"rendered":"http:\/\/biblian.is\/biblian\/nehem%c2%92ab%c2%97k-11-kafli\/"},"modified":"2023-02-25T04:33:31","modified_gmt":"2023-02-25T04:33:31","slug":"nehemiabok-11-kafli","status":"publish","type":"page","link":"https:\/\/biblian.is\/biblian\/nehemiabok-11-kafli\/","title":{"rendered":"Nehem\u00edab\u00f3k 11. kafli"},"content":{"rendered":"<h3 class=\"millifyrirsogn_2007\"> Skr\u00e1 yfir Jer\u00fasalemb\u00faa<\/h3>\n<p><a name=\"1\"><span class=\"versanumer_2007\">1<\/span><\/a> Lei\u00f0togar f\u00f3lksins settust a\u00f0 \u00ed Jer\u00fasalem. A\u00f0rir v\u00f6rpu\u00f0u hlutkesti til a\u00f0 f\u00e1 t\u00edunda hvern mann til a\u00f0 setjast a\u00f0 \u00ed Jer\u00fasalem, hinni heil\u00f6gu borg. N\u00edu t\u00edundu voru um kyrrt \u00ed \u00f6\u00f0rum borgum <a name=\"2\"><span class=\"versanumer_2007\">2<\/span><\/a> og f\u00f3lki\u00f0 blessa\u00f0i alla \u00fe\u00e1 menn sem af f\u00fasum vilja settust a\u00f0 \u00ed Jer\u00fasalem.<br \/> <a name=\"3\"><span class=\"versanumer_2007\">3<\/span><\/a> \u00deetta eru \u00feeir lei\u00f0togar skattlandsins sem bjuggu \u00ed Jer\u00fasalem. \u00cd borgunum \u00ed J\u00fada bj\u00f3 hver ma\u00f0ur \u00e1 sinni eign \u00ed heimaborg sinni: \u00cdsraelsmenn, prestar, Lev\u00edtar, musteris\u00fej\u00f3nar og ni\u00f0jar \u00fer\u00e6la Sal\u00f3mons.<br \/> <a name=\"4\"><span class=\"versanumer_2007\">4<\/span><\/a> \u00cd Jer\u00fasalem bjuggu af ni\u00f0jum J\u00fada og Benjam\u00edns:<br \/>Af ni\u00f0jum J\u00fada: Ataja \u00dass\u00edason, Sakar\u00edasonar, Amarjasonar, Sefatjasonar, Mahalaleelssonar sem var ni\u00f0ji Peresar, <a name=\"5\"><span class=\"versanumer_2007\">5<\/span><\/a> enn fremur Maaseja Bar\u00faksson, KolH\u00f3sesonar, Hasajasonar, Adajasonar, J\u00f3jar\u00edbssonar, Sakar\u00edasonar sem var afkomandi Sela. <a name=\"6\"><span class=\"versanumer_2007\">6<\/span><\/a> Ni\u00f0jar Peresar, sem bjuggu \u00ed Jer\u00fasalem, voru alls fj\u00f6gur hundru\u00f0 sext\u00edu og \u00e1tta vopnf\u00e6rir menn.<br \/> <a name=\"7\"><span class=\"versanumer_2007\">7<\/span><\/a> Ni\u00f0jar Benjam\u00edns voru: Sall\u00fa Mes\u00fallamsson, J\u00f3edssonar, Pedajasonar, K\u00f3lajasonar, Maasejasonar, \u00cdt\u00edelssonar, Jesajasonar <a name=\"8\"><span class=\"versanumer_2007\">8<\/span><\/a> og \u00e1 eftir honum Gabba\u00ed Salla\u00ed, alls n\u00edu hundru\u00f0 tuttugu og \u00e1tta vopnf\u00e6rir menn. <a name=\"9\"><span class=\"versanumer_2007\">9<\/span><\/a> J\u00f3el S\u00edkr\u00edson var foringi \u00feeirra og J\u00fada Hasn\u00faason n\u00e6st\u00e6\u00f0stur yfir borginni.<br \/> <a name=\"10\"><span class=\"versanumer_2007\">10<\/span><\/a> Af prestunum: Jedaja, J\u00f3jar\u00edb, Jak\u00edn, <a name=\"11\"><span class=\"versanumer_2007\">11<\/span><\/a> Seraja Hilk\u00edason, Mes\u00fallamssonar, Sad\u00f3kssonar, Meraj\u00f3tssonar, Ah\u00edt\u00fabssonar, h\u00f6f\u00f0ingi h\u00fass Gu\u00f0s, <a name=\"12\"><span class=\"versanumer_2007\">12<\/span><\/a> og emb\u00e6ttisbr\u00e6\u00f0ur \u00feeirra sem veittu \u00fej\u00f3nustu \u00ed h\u00fasinu, alls \u00e1tta hundru\u00f0 tuttugu og tveir menn. Enn fremur Adaja Jer\u00f3hamsson, Pelaljasonar, Ams\u00edsonar, Sakar\u00edasonar, Pash\u00farssonar, Malk\u00edasonar <a name=\"13\"><span class=\"versanumer_2007\">13<\/span><\/a> og br\u00e6\u00f0ur hans, tv\u00f6 hundru\u00f0 fj\u00f6rut\u00edu og tveir \u00e6ttarh\u00f6f\u00f0ingjar, og Amassa\u00ed Asareelsson, Ahas\u00edsonar, Mesillem\u00f3tssonar, Immerssonar <a name=\"14\"><span class=\"versanumer_2007\">14<\/span><\/a> og br\u00e6\u00f0ur hans, hundra\u00f0 tuttugu og \u00e1tta vopnf\u00e6rir menn. Sabd\u00edel Hagged\u00f3l\u00edmsson var foringi \u00feeirra.<br \/> <a name=\"15\"><span class=\"versanumer_2007\">15<\/span><\/a> Af Lev\u00edtunum: Semaja Hass\u00fabsson, Asr\u00edkamssonar, Hasabjasonar, B\u00fann\u00edsonar. <a name=\"16\"><span class=\"versanumer_2007\">16<\/span><\/a> Sabbeta\u00ed og J\u00f3sabad voru \u00feeir af lei\u00f0togum Lev\u00edtanna sem stj\u00f3rnu\u00f0u \u00fej\u00f3nustunni vi\u00f0 h\u00fas Gu\u00f0s utanh\u00fass <a name=\"17\"><span class=\"versanumer_2007\">17<\/span><\/a> og Mattanja M\u00edkason, Sabd\u00edsonar, Asafssonar, stj\u00f3rna\u00f0i lofs\u00f6ngnum og var fors\u00f6ngvari \u00feakkars\u00e1lmsins vi\u00f0 b\u00e6nagj\u00f6r\u00f0ina, Bakb\u00fakja, sem var n\u00e6st\u00e6\u00f0stur emb\u00e6ttisbr\u00e6\u00f0ra sinna, og Abda Samm\u00faason, Galalssonar, Jed\u00fat\u00fanssonar.<br \/> <a name=\"18\"><span class=\"versanumer_2007\">18<\/span><\/a> Lev\u00edtarnir \u00ed hinni heil\u00f6gu borg voru alls tv\u00f6 hundru\u00f0 \u00e1ttat\u00edu og fj\u00f3rir.<br \/> <a name=\"19\"><span class=\"versanumer_2007\">19<\/span><\/a> Hli\u00f0ver\u00f0irnir: Akk\u00fab, Talm\u00f3n og emb\u00e6ttisbr\u00e6\u00f0ur \u00feeirra sem g\u00e6ttu hli\u00f0anna, alls hundra\u00f0 sj\u00f6t\u00edu og tveir menn.<br \/> <a name=\"20\"><span class=\"versanumer_2007\">20<\/span><\/a> A\u00f0rir \u00cdsraelsmenn, prestarnir og Lev\u00edtarnir, bjuggu \u00ed hinum borgunum \u00ed J\u00fada, hver \u00e1 sinni eign.<br \/> <a name=\"21\"><span class=\"versanumer_2007\">21<\/span><\/a> Musteris\u00fej\u00f3narnir bjuggu \u00e1 \u00d3fel og voru S\u00edha og Gispa yfir \u00feeim.<br \/> <a name=\"22\"><span class=\"versanumer_2007\">22<\/span><\/a> \u00dass\u00ed var foringi Lev\u00edtanna \u00ed Jer\u00fasalem. Hann var sonur Ban\u00ed Hasabjasonar, Mattanjasonar, M\u00edkasonar, einn Asafsni\u00f0ja, en \u00feeir \u00e1ttu a\u00f0 syngja vi\u00f0 gu\u00f0s\u00fej\u00f3nustuna \u00ed h\u00fasi Gu\u00f0s. <a name=\"23\"><span class=\"versanumer_2007\">23<\/span><\/a> Um \u00fe\u00e1 gilti konungleg tilskipun og \u00e1kve\u00f0in regla um hva\u00f0 s\u00f6ngvararnir \u00e1ttu a\u00f0 syngja \u00e1 hverjum degi.<br \/> <a name=\"24\"><span class=\"versanumer_2007\">24<\/span><\/a> Petaja Mesesabeelsson, afkomandi Sera J\u00fadasonar, var konungi til a\u00f0sto\u00f0ar \u00ed \u00f6llu sem \u00fej\u00f3\u00f0inni vi\u00f0kom.<\/p>\n<h3 class=\"millifyrirsogn_2007\">\u00cdb\u00faar \u00ed borgum J\u00fada og Benjam\u00edns<\/h3>\n<p><a name=\"25\"><span class=\"versanumer_2007\">25<\/span><\/a> \u00cd b\u00e6junum og \u00e1 sl\u00e9ttunum umhverfis bjuggu \u00fdmsir af ni\u00f0jum J\u00fada: \u00ed Kirjat Arba og \u00feorpum hennar, \u00ed D\u00edbon og \u00feorpum hennar, \u00ed Jekabeel og \u00feorpum hennar, <a name=\"26\"><span class=\"versanumer_2007\">26<\/span><\/a> \u00ed Jes\u00faa, M\u00f3lada og Bet Pelet, <a name=\"27\"><span class=\"versanumer_2007\">27<\/span><\/a> \u00ed Hasar S\u00faal, \u00ed Beerseba og \u00feorpum hennar, <a name=\"28\"><span class=\"versanumer_2007\">28<\/span><\/a> \u00ed Siklag og Mek\u00f3na og \u00feorpum hennar, <a name=\"29\"><span class=\"versanumer_2007\">29<\/span><\/a> \u00ed En Rimmon, Sorea, Jarm\u00fat, <a name=\"30\"><span class=\"versanumer_2007\">30<\/span><\/a> San\u00f3a, Ad\u00fallam og \u00feorpum hennar, \u00ed Lak\u00eds og \u00e1 sl\u00e9ttum hennar og \u00ed Aseka og \u00feorpum hennar.<br \/>\u00deannig komu \u00feeir s\u00e9r fyrir \u00e1 sv\u00e6\u00f0inu fr\u00e1 Beerseba a\u00f0 Hinnomssonardal.<br \/> <a name=\"31\"><span class=\"versanumer_2007\">31<\/span><\/a> Ni\u00f0jar Benjam\u00edns bjuggu \u00ed Geba, Mikmas og Aja, einnig \u00ed Betel og \u00feorpunum \u00fear \u00ed kring, <a name=\"32\"><span class=\"versanumer_2007\">32<\/span><\/a> \u00ed Anat\u00f3t, N\u00f3b, Ananja, <a name=\"33\"><span class=\"versanumer_2007\">33<\/span><\/a> Has\u00f3r, Rama, Gitta\u00edm, <a name=\"34\"><span class=\"versanumer_2007\">34<\/span><\/a> Had\u00edd, Seb\u00f3\u00edm, Neballat, <a name=\"35\"><span class=\"versanumer_2007\">35<\/span><\/a> L\u00f3d og \u00d3n\u00f3, \u00ed Smi\u00f0adal.<br \/> <a name=\"36\"><span class=\"versanumer_2007\">36<\/span><\/a> Nokkrir af flokkum Lev\u00edtanna \u00ed J\u00fada fluttu til Benjam\u00edn.<\/p>\n","protected":false},"excerpt":{"rendered":"<p>Skr\u00e1 yfir Jer\u00fasalemb\u00faa 1 Lei\u00f0togar f\u00f3lksins settust a\u00f0 \u00ed Jer\u00fasalem. A\u00f0rir v\u00f6rpu\u00f0u hlutkesti til a\u00f0 f\u00e1 t\u00edunda hvern mann til a\u00f0 setjast a\u00f0 \u00ed Jer\u00fasalem, hinni heil\u00f6gu borg. N\u00edu t\u00edundu voru um kyrrt \u00ed \u00f6\u00f0rum borgum 2 og f\u00f3lki\u00f0 blessa\u00f0i alla \u00fe\u00e1 menn sem af f\u00fasum vilja settust a\u00f0 \u00ed Jer\u00fasalem. 3 \u00deetta eru \u00feeir lei\u00f0togar skattlandsins sem bjuggu \u00ed Jer\u00fasalem. \u00cd borgunum \u00ed J\u00fada bj\u00f3 hver ma\u00f0ur \u00e1 sinni eign \u00ed heimaborg sinni: \u00cdsraelsmenn, prestar, Lev\u00edtar, musteris\u00fej\u00f3nar og ni\u00f0jar \u00fer\u00e6la Sal\u00f3mons. 4 \u00cd Jer\u00fasalem bjuggu af ni\u00f0jum J\u00fada og Benjam\u00edns:Af ni\u00f0jum J\u00fada: Ataja \u00dass\u00edason, Sakar\u00edasonar, Amarjasonar, Sefatjasonar, Mahalaleelssonar sem <a href=\"https:\/\/biblian.is\/biblian\/nehemiabok-11-kafli\/\"> [&#8230;]<\/a><\/p>\n","protected":false},"author":1,"featured_media":0,"parent":0,"menu_order":0,"comment_status":"open","ping_status":"open","template":"bibliukaflar_NT.php","meta":{"footnotes":""},"class_list":["post-2041","page","type-page","status-publish","hentry"],"_links":{"self":[{"href":"https:\/\/biblian.is\/biblian\/wp-json\/wp\/v2\/pages\/2041","targetHints":{"allow":["GET"]}}],"collection":[{"href":"https:\/\/biblian.is\/biblian\/wp-json\/wp\/v2\/pages"}],"about":[{"href":"https:\/\/biblian.is\/biblian\/wp-json\/wp\/v2\/types\/page"}],"author":[{"embeddable":true,"href":"https:\/\/biblian.is\/biblian\/wp-json\/wp\/v2\/users\/1"}],"replies":[{"embeddable":true,"href":"https:\/\/biblian.is\/biblian\/wp-json\/wp\/v2\/comments?post=2041"}],"version-history":[{"count":0,"href":"https:\/\/biblian.is\/biblian\/wp-json\/wp\/v2\/pages\/2041\/revisions"}],"wp:attachment":[{"href":"https:\/\/biblian.is\/biblian\/wp-json\/wp\/v2\/media?parent=2041"}],"curies":[{"name":"wp","href":"https:\/\/api.w.org\/{rel}","templated":true}]}}