{"id":2040,"date":"2017-12-30T21:01:30","date_gmt":"2017-12-30T21:01:30","guid":{"rendered":"http:\/\/biblian.is\/biblian\/nehem%c2%92ab%c2%97k-10-kafli\/"},"modified":"2023-02-25T04:33:31","modified_gmt":"2023-02-25T04:33:31","slug":"nehemiabok-10-kafli","status":"publish","type":"page","link":"https:\/\/biblian.is\/biblian\/nehemiabok-10-kafli\/","title":{"rendered":"Nehem\u00edab\u00f3k 10. kafli"},"content":{"rendered":"<h3 class=\"millifyrirsogn_2007\"> \u00dej\u00f3\u00f0in heitir a\u00f0 halda l\u00f6gm\u00e1li\u00f0<\/h3>\n<p><a name=\"1\"><span class=\"versanumer_2007\">1<\/span><\/a> Vegna alls \u00feessa gerum vi\u00f0 skriflegt samkomulag. \u00c1 hinu innsigla\u00f0a skjali standa n\u00f6fn lei\u00f0toga okkar, Lev\u00edta og presta.<br \/> <a name=\"2\"><span class=\"versanumer_2007\">2<\/span><\/a> \u00deeir sem innsiglu\u00f0u samkomulagi\u00f0 voru: Nehem\u00eda Hakal\u00edason landstj\u00f3ri og Sedek\u00eda, <a name=\"3\"><span class=\"versanumer_2007\">3<\/span><\/a> Seraja, Asarja, Jerem\u00eda, <a name=\"4\"><span class=\"versanumer_2007\">4<\/span><\/a> Pash\u00far, Amarja, Malk\u00eda, <a name=\"5\"><span class=\"versanumer_2007\">5<\/span><\/a> Hatt\u00fas, Sebanja, Mall\u00fak, <a name=\"6\"><span class=\"versanumer_2007\">6<\/span><\/a> Har\u00edm, Merem\u00f3t, \u00d3bad\u00eda, <a name=\"7\"><span class=\"versanumer_2007\">7<\/span><\/a> Dan\u00edel, Ginnet\u00f3n, Bar\u00fak, <a name=\"8\"><span class=\"versanumer_2007\">8<\/span><\/a> Mes\u00fallam, Ab\u00eda, M\u00edjam\u00edn, <a name=\"9\"><span class=\"versanumer_2007\">9<\/span><\/a> Maasja, Bilga\u00ed og Semaja. \u00deetta voru prestarnir.<br \/> <a name=\"10\"><span class=\"versanumer_2007\">10<\/span><\/a> Lev\u00edtarnir voru: Jes\u00faa Asanjason, Binn\u00fa\u00ed, einn af ni\u00f0jum Henadads, Kadm\u00edel <a name=\"11\"><span class=\"versanumer_2007\">11<\/span><\/a> og br\u00e6\u00f0ur \u00feeirra: Sebanja, H\u00f3d\u00eda, Kel\u00edta, Pelaja, Hanan, <a name=\"12\"><span class=\"versanumer_2007\">12<\/span><\/a> M\u00edka, Reh\u00f3b, Hasabja, <a name=\"13\"><span class=\"versanumer_2007\">13<\/span><\/a> Sakk\u00far, Serebja, Sebanja, <a name=\"14\"><span class=\"versanumer_2007\">14<\/span><\/a> Hod\u00eda, Ban\u00ed og Ben\u00edn\u00fa.<br \/> <a name=\"15\"><span class=\"versanumer_2007\">15<\/span><\/a> Lei\u00f0togar f\u00f3lksins voru: Par\u00f3s, Pahat M\u00f3ab, Elam, Satt\u00fa, Ban\u00ed, <a name=\"16\"><span class=\"versanumer_2007\">16<\/span><\/a> B\u00fan\u00ed, Asgad, Beba\u00ed, <a name=\"17\"><span class=\"versanumer_2007\">17<\/span><\/a> Ad\u00f3n\u00eda, Bigva\u00ed, Ad\u00edn, <a name=\"18\"><span class=\"versanumer_2007\">18<\/span><\/a> Ater, Hisk\u00eda, Ass\u00far, <a name=\"19\"><span class=\"versanumer_2007\">19<\/span><\/a> Hod\u00edja, Has\u00fam, Besa\u00ed, <a name=\"20\"><span class=\"versanumer_2007\">20<\/span><\/a> Har\u00edf, Anat\u00f3t, N\u00f3ba\u00ed, <a name=\"21\"><span class=\"versanumer_2007\">21<\/span><\/a> Magp\u00edas, Mes\u00fallam, Hes\u00edr, <a name=\"22\"><span class=\"versanumer_2007\">22<\/span><\/a> Mesesabeel, Sad\u00f3k, Jadd\u00faa, <a name=\"23\"><span class=\"versanumer_2007\">23<\/span><\/a> Pelatja, Hanan, Anaja, <a name=\"24\"><span class=\"versanumer_2007\">24<\/span><\/a> H\u00f3sea, Hananja, Hass\u00fab, <a name=\"25\"><span class=\"versanumer_2007\">25<\/span><\/a> Hall\u00f3hes, P\u00edlha, S\u00f3bek, <a name=\"26\"><span class=\"versanumer_2007\">26<\/span><\/a> Reh\u00fam, Hasabna, Maaseja, <a name=\"27\"><span class=\"versanumer_2007\">27<\/span><\/a> Ah\u00eda, Hanan, Anan, <a name=\"28\"><span class=\"versanumer_2007\">28<\/span><\/a> Mall\u00fak, Har\u00edm og Baana.<br \/> <a name=\"29\"><span class=\"versanumer_2007\">29<\/span><\/a> \u00deeir sem \u00f3taldir eru af f\u00f3lkinu, prestunum, Lev\u00edtunum, hli\u00f0v\u00f6r\u00f0unum, s\u00f6ngvurunum og musteris\u00fej\u00f3nunum og allir sem h\u00f6f\u00f0u greint sig fr\u00e1 framandi \u00fej\u00f3\u00f0um og sn\u00fai\u00f0 s\u00e9r a\u00f0 l\u00f6gm\u00e1li Gu\u00f0s, konur \u00feeirra, synir og d\u00e6tur, allir sem komnir voru til vits og \u00e1ra, <a name=\"30\"><span class=\"versanumer_2007\">30<\/span><\/a> tengdust hinum g\u00f6fugu br\u00e6\u00f0rum s\u00ednum me\u00f0 ei\u00f0um og svard\u00f6gum. \u00deeir skuldbundu sig til a\u00f0 fylgja l\u00f6gm\u00e1li Gu\u00f0s sem gefi\u00f0 var fyrir munn M\u00f3se, \u00fej\u00f3ns Gu\u00f0s, og halda og uppfylla \u00f6ll bo\u00f0 Drottins, Gu\u00f0s okkar, reglur hans og \u00e1kv\u00e6\u00f0i.<br \/> <a name=\"31\"><span class=\"versanumer_2007\">31<\/span><\/a> Vi\u00f0 munum hvorki f\u00e1 framandi \u00fej\u00f3\u00f0um \u00ed landinu d\u00e6tur okkar a\u00f0 eiginkonum n\u00e9 taka d\u00e6tur \u00feeirra a\u00f0 eiginkonum handa sonum okkar.<br \/> <a name=\"32\"><span class=\"versanumer_2007\">32<\/span><\/a> \u00deegar a\u00f0rar \u00fej\u00f3\u00f0ir \u00ed landinu bj\u00f3\u00f0a v\u00f6rur til kaups \u00e1 hv\u00edldardegi, einkum \u00fdmiss konar korn, munum vi\u00f0 hvorki \u00feiggja neitt af \u00feeim \u00e1 hv\u00edldardegi n\u00e9 \u00e1 \u00f6\u00f0rum helgum degi.<br \/> Sj\u00f6unda hvert \u00e1r munum vi\u00f0 ekki n\u00fdta \u00fea\u00f0 sem landi\u00f0 gefur af s\u00e9r og gefa eftir hverja skuldakr\u00f6fu.<br \/> <a name=\"33\"><span class=\"versanumer_2007\">33<\/span><\/a> Vi\u00f0 g\u00f6ngumst undir a\u00f0 grei\u00f0a \u00feri\u00f0jung \u00far sikli \u00e1rlega til \u00fej\u00f3nustunnar \u00ed h\u00fasi Gu\u00f0s okkar: <a name=\"34\"><span class=\"versanumer_2007\">34<\/span><\/a> fyrir sko\u00f0unarbrau\u00f0in, hinar daglegu korn- og brennif\u00f3rnir, fyrir f\u00f3rnir \u00e1 hv\u00edldard\u00f6gum, tunglkomud\u00f6gum og h\u00e1t\u00ed\u00f0um, til helgigjafa og syndaf\u00f3rna til yfirb\u00f3tar fyrir \u00cdsrael og alls konar vinnu \u00ed h\u00fasi Gu\u00f0s okkar.<br \/> <a name=\"35\"><span class=\"versanumer_2007\">35<\/span><\/a> Vi\u00f0, prestarnir, Lev\u00edtarnir og almenningur, sk\u00e1rum \u00far \u00fev\u00ed me\u00f0 hlutkesti hverjir skyldu koma me\u00f0 vi\u00f0 til brennslu. Hver fj\u00f6lskylda \u00e1 a\u00f0 f\u00e6ra hann \u00e1rlega \u00e1 tilteknum t\u00edma \u00ed h\u00fas Gu\u00f0s okkar. Vi\u00f0inn skal brenna \u00e1 altari Drottins, Gu\u00f0s okkar, eins og sagt er fyrir um \u00ed l\u00f6gm\u00e1linu.<br \/> <a name=\"36\"><span class=\"versanumer_2007\">36<\/span><\/a> Enn fremur munum vi\u00f0 \u00e1rlega f\u00e6ra frumgr\u00f3\u00f0a akra okkar og frumgr\u00f3\u00f0a allra \u00e1vaxtatrj\u00e1a \u00ed h\u00fas Drottins, <a name=\"37\"><span class=\"versanumer_2007\">37<\/span><\/a> svo og frumbur\u00f0i sona okkar og fj\u00e1r, eins og skr\u00e1\u00f0 er \u00ed l\u00f6gm\u00e1linu. Frumbur\u00f0i nauta okkar og f\u00e9na\u00f0ar f\u00e6rum vi\u00f0 \u00ed h\u00fas Gu\u00f0s okkar handa prestunum sem \u00fej\u00f3na \u00ed h\u00fasi Gu\u00f0s.<br \/> <a name=\"38\"><span class=\"versanumer_2007\">38<\/span><\/a> Hi\u00f0 besta af brau\u00f0deigi okkar, af \u00e1v\u00f6xtum allra trj\u00e1a og af v\u00edni og ol\u00edu f\u00e6rum vi\u00f0 prestunum \u00ed herbergi h\u00fass Gu\u00f0s okkar og Lev\u00edtunum t\u00edunda hlutann af uppskeru akurs okkar. Lev\u00edtarnir safna sj\u00e1lfir t\u00edundinni \u00e1 hverjum sta\u00f0 sem vi\u00f0 r\u00e6ktum. <a name=\"39\"><span class=\"versanumer_2007\">39<\/span><\/a> Prestur af Arons\u00e6tt \u00e1 a\u00f0 vera me\u00f0 Lev\u00edtunum \u00feegar \u00feeir safna t\u00edundinni og t\u00edunda hluta hennar eiga Lev\u00edtarnir a\u00f0 flytja \u00ed h\u00fas Gu\u00f0s okkar, \u00ed geymslur fj\u00e1rhirslunnar. <a name=\"40\"><span class=\"versanumer_2007\">40<\/span><\/a> \u00cdsraelsmenn og Lev\u00edtarnir skulu flytja afgj\u00f6ld s\u00edn af korni, v\u00edni og ol\u00edu \u00ed \u00feessar geymslur. \u00dear eru \u00e1h\u00f6ld helgid\u00f3msins og \u00fear hafa prestarnir, sem gegna \u00fej\u00f3nustu, dyraver\u00f0irnir og s\u00f6ngvararnir a\u00f0setur.<br \/>\u00deannig munum vi\u00f0 ekki vanr\u00e6kja Gu\u00f0s h\u00fas.<\/p>\n","protected":false},"excerpt":{"rendered":"<p>\u00dej\u00f3\u00f0in heitir a\u00f0 halda l\u00f6gm\u00e1li\u00f0 1 Vegna alls \u00feessa gerum vi\u00f0 skriflegt samkomulag. \u00c1 hinu innsigla\u00f0a skjali standa n\u00f6fn lei\u00f0toga okkar, Lev\u00edta og presta. 2 \u00deeir sem innsiglu\u00f0u samkomulagi\u00f0 voru: Nehem\u00eda Hakal\u00edason landstj\u00f3ri og Sedek\u00eda, 3 Seraja, Asarja, Jerem\u00eda, 4 Pash\u00far, Amarja, Malk\u00eda, 5 Hatt\u00fas, Sebanja, Mall\u00fak, 6 Har\u00edm, Merem\u00f3t, \u00d3bad\u00eda, 7 Dan\u00edel, Ginnet\u00f3n, Bar\u00fak, 8 Mes\u00fallam, Ab\u00eda, M\u00edjam\u00edn, 9 Maasja, Bilga\u00ed og Semaja. \u00deetta voru prestarnir. 10 Lev\u00edtarnir voru: Jes\u00faa Asanjason, Binn\u00fa\u00ed, einn af ni\u00f0jum Henadads, Kadm\u00edel 11 og br\u00e6\u00f0ur \u00feeirra: Sebanja, H\u00f3d\u00eda, Kel\u00edta, Pelaja, Hanan, 12 M\u00edka, Reh\u00f3b, Hasabja, 13 Sakk\u00far, Serebja, Sebanja, 14 Hod\u00eda, Ban\u00ed og Ben\u00edn\u00fa. <a href=\"https:\/\/biblian.is\/biblian\/nehemiabok-10-kafli\/\"> [&#8230;]<\/a><\/p>\n","protected":false},"author":1,"featured_media":0,"parent":0,"menu_order":0,"comment_status":"open","ping_status":"open","template":"bibliukaflar_NT.php","meta":{"footnotes":""},"class_list":["post-2040","page","type-page","status-publish","hentry"],"_links":{"self":[{"href":"https:\/\/biblian.is\/biblian\/wp-json\/wp\/v2\/pages\/2040","targetHints":{"allow":["GET"]}}],"collection":[{"href":"https:\/\/biblian.is\/biblian\/wp-json\/wp\/v2\/pages"}],"about":[{"href":"https:\/\/biblian.is\/biblian\/wp-json\/wp\/v2\/types\/page"}],"author":[{"embeddable":true,"href":"https:\/\/biblian.is\/biblian\/wp-json\/wp\/v2\/users\/1"}],"replies":[{"embeddable":true,"href":"https:\/\/biblian.is\/biblian\/wp-json\/wp\/v2\/comments?post=2040"}],"version-history":[{"count":0,"href":"https:\/\/biblian.is\/biblian\/wp-json\/wp\/v2\/pages\/2040\/revisions"}],"wp:attachment":[{"href":"https:\/\/biblian.is\/biblian\/wp-json\/wp\/v2\/media?parent=2040"}],"curies":[{"name":"wp","href":"https:\/\/api.w.org\/{rel}","templated":true}]}}