{"id":2039,"date":"2017-12-30T21:01:30","date_gmt":"2017-12-30T21:01:30","guid":{"rendered":"http:\/\/biblian.is\/biblian\/nehem%c2%92ab%c2%97k-9-kafli\/"},"modified":"2023-02-25T04:33:35","modified_gmt":"2023-02-25T04:33:35","slug":"nehemiabok-9-kafli","status":"publish","type":"page","link":"https:\/\/biblian.is\/biblian\/nehemiabok-9-kafli\/","title":{"rendered":"Nehem\u00edab\u00f3k 9. kafli"},"content":{"rendered":"<h3 class=\"millifyrirsogn_2007\"> F\u00f3lki\u00f0 j\u00e1tar syndir s\u00ednar<\/h3>\n<p><a name=\"1\"><span class=\"versanumer_2007\">1<\/span><\/a> Tuttugasta og fj\u00f3r\u00f0a dag \u00feessa m\u00e1na\u00f0ar s\u00f6fnu\u00f0ust \u00cdsraelsmenn saman og f\u00f6stu\u00f0u, kl\u00e6ddir h\u00e6rusekk og me\u00f0 mold \u00e1 h\u00f6f\u00f0i. <a name=\"2\"><span class=\"versanumer_2007\">2<\/span><\/a> Ni\u00f0jar \u00cdsraels greindu sig fr\u00e1 \u00f6llum \u00feeim sem voru af \u00f6\u00f0ru \u00fej\u00f3\u00f0erni, gengu fram og j\u00e1tu\u00f0u syndir s\u00ednar og afbrot fe\u00f0ra sinna <a name=\"3\"><span class=\"versanumer_2007\">3<\/span><\/a> og t\u00f3ku s\u00e9r st\u00f6\u00f0u \u00e1 s\u00ednum sta\u00f0. Fj\u00f3r\u00f0ung dagsins var lesi\u00f0 \u00far l\u00f6gm\u00e1lsb\u00f3k Drottins, Gu\u00f0s \u00feeirra, og annan fj\u00f3r\u00f0ung j\u00e1tu\u00f0u \u00feeir syndir s\u00ednar og f\u00e9llu fram fyrir Drottni, Gu\u00f0i s\u00ednum.<br \/> <a name=\"4\"><span class=\"versanumer_2007\">4<\/span><\/a> Jes\u00faa, Ban\u00ed, Kadm\u00edel, Sebanja, B\u00fann\u00ed, Serebja, Bann\u00ed og Kenan\u00ed st\u00f3\u00f0u \u00e1 Lev\u00edtapallinum og hr\u00f3pu\u00f0u h\u00e1rri r\u00f6ddu til Drottins, Gu\u00f0s s\u00edns. <a name=\"5\"><span class=\"versanumer_2007\">5<\/span><\/a> Lev\u00edtarnir Jes\u00faa, Kadm\u00edel, Ban\u00ed, Hasabneja, Serebja, H\u00f3d\u00eda, Sebanja og Patahja s\u00f6g\u00f0u: \u201eR\u00edsi\u00f0 upp og lofi\u00f0 Drottin, Gu\u00f0 ykkar, \u00e6vinlega. Lofa\u00f0 s\u00e9 \u00feitt d\u00fdrlega nafn \u00fe\u00f3 a\u00f0 \u00fea\u00f0 s\u00e9 hafi\u00f0 yfir alla lofgj\u00f6r\u00f0 og \u00fe\u00f6kk.\u201c<\/p>\n<h3 class=\"millifyrirsogn_2007\">Be\u00f0i\u00f0 fyrir \u00fej\u00f3\u00f0inni<\/h3>\n<p><span class=\"ljodatexti\"> <a name=\"6\"><span class=\"versanumer_ljod\">6<\/span><\/a>\u00de\u00fa ert Drottinn, \u00fe\u00fa einn.<br \/>\u00de\u00fa hefur gert himininn,<br \/>himin himinsins og allan hans her,<br \/>j\u00f6r\u00f0ina og allt sem \u00e1 henni er,<br \/>h\u00f6fin og allt sem \u00ed \u00feeim er. <\/span> <span class=\"ljodatexti\"> \u00de\u00fa fyllir \u00feau \u00f6ll l\u00edfi<br \/>og himinsins her s\u00fdnir \u00fe\u00e9r lotningu.<br \/> <\/span> <span class=\"ljodatexti\"> <a name=\"7\"><span class=\"versanumer_ljod\">7<\/span><\/a>\u00de\u00fa, Drottinn, ert Gu\u00f0.<br \/>\u00de\u00fa sem valdir Abram.<br \/>\u00de\u00fa leiddir hann fr\u00e1 \u00dar \u00ed Kaldeu<br \/>og gafst honum nafni\u00f0 Abraham.<br \/> <\/span> <span class=\"ljodatexti\"> <a name=\"8\"><span class=\"versanumer_ljod\">8<\/span><\/a>\u00de\u00fa reyndir hjarta hans a\u00f0 tr\u00fafesti vi\u00f0 \u00feig,<br \/>\u00feess vegna ger\u00f0ir \u00fe\u00fa vi\u00f0 hann \u00feann s\u00e1ttm\u00e1la<br \/>a\u00f0 gefa ni\u00f0jum hans land<br \/>Kanverja, Het\u00edta, Amor\u00edta,<br \/>Peres\u00edta, Jeb\u00fas\u00edta og G\u00edrgas\u00edta.<br \/>\u00de\u00fa hefur efnt fyrirheit \u00feitt<br \/>\u00fev\u00ed a\u00f0 \u00fe\u00fa ert r\u00e9ttl\u00e1tur.<br \/> <\/span> <span class=\"ljodatexti\"> <a name=\"9\"><span class=\"versanumer_ljod\">9<\/span><\/a>\u00de\u00fa s\u00e1st eymd fe\u00f0ra vorra \u00ed Egyptalandi<br \/>og heyr\u00f0ir ney\u00f0ar\u00f3p \u00feeirra vi\u00f0 Sefhafi\u00f0.<br \/> <\/span> <span class=\"ljodatexti\"> <a name=\"10\"><span class=\"versanumer_ljod\">10<\/span><\/a>\u00de\u00fa ger\u00f0ir t\u00e1kn og undur gegn fara\u00f3<br \/>og \u00f6llum m\u00f6nnum hans og allri \u00fej\u00f3\u00f0inni \u00ed landi hans<br \/>\u00fev\u00ed a\u00f0 \u00fe\u00fa vissir a\u00f0 \u00feeir hreyktu s\u00e9r gegn \u00cdsraelsm\u00f6nnum<br \/>og \u00fe\u00fa \u00e1vannst \u00fe\u00e9r \u00fea\u00f0 nafn<br \/>sem \u00fe\u00fa ber\u00f0 n\u00fa \u00ed dag.<br \/> <\/span> <span class=\"ljodatexti\"> <a name=\"11\"><span class=\"versanumer_ljod\">11<\/span><\/a>\u00de\u00fa klaufst hafi\u00f0 fyrir framan \u00fe\u00e1<br \/>svo a\u00f0 \u00feeir gengu \u00e1 \u00feurru mitt \u00ed gegnum hafi\u00f0<br \/>en \u00feeim sem eltu \u00fe\u00e1 steyptir \u00fe\u00fa \u00ed dj\u00fapi\u00f0<br \/>eins og steini \u00ed \u00f3lgandi vatnsflaum.<br \/> <\/span> <span class=\"ljodatexti\"> <a name=\"12\"><span class=\"versanumer_ljod\">12<\/span><\/a>\u00de\u00fa leiddir \u00fe\u00e1 \u00ed sk\u00fdst\u00f3lpa um daga<br \/>og \u00ed eldst\u00f3lpa um n\u00e6tur<br \/>til \u00feess a\u00f0 l\u00fdsa fyrir \u00fe\u00e1 veginn<br \/>sem \u00feeir \u00e1ttu a\u00f0 ganga.<br \/> <\/span> <span class=\"ljodatexti\"> <a name=\"13\"><span class=\"versanumer_ljod\">13<\/span><\/a>\u00de\u00fa steigst ni\u00f0ur \u00e1 S\u00edna\u00edfjall<br \/>og \u00e1varpa\u00f0ir \u00fe\u00e1 fr\u00e1 himni.<br \/>\u00de\u00fa gafst \u00feeim sk\u00fdr fyrirm\u00e6li<br \/>og traust l\u00f6g,<br \/>g\u00f3\u00f0 bo\u00f0 og \u00e1kv\u00e6\u00f0i,<br \/> <\/span> <span class=\"ljodatexti\"> <a name=\"14\"><span class=\"versanumer_ljod\">14<\/span><\/a>bo\u00f0a\u00f0ir \u00feeim hinn heilaga hv\u00edldardag \u00feinn<br \/>og \u00e1kv\u00e6\u00f0i, bo\u00f0 og l\u00f6g<br \/>f\u00e9kkstu \u00feeim fyrir munn M\u00f3se, \u00fej\u00f3ns \u00fe\u00edns.<br \/> <\/span> <span class=\"ljodatexti\"> <a name=\"15\"><span class=\"versanumer_ljod\">15<\/span><\/a>\u00de\u00fa gafst \u00feeim brau\u00f0 af himni<br \/>til a\u00f0 se\u00f0ja hungur \u00feeirra,<br \/>l\u00e9st vatn streyma \u00far kletti<br \/>til a\u00f0 sl\u00f6kkva \u00feorsta \u00feeirra.<br \/>\u00de\u00fa skipa\u00f0ir \u00feeim a\u00f0 koma<br \/>og taka \u00fea\u00f0 land til eignar<br \/>sem \u00fe\u00fa haf\u00f0ir svari\u00f0 a\u00f0 gefa \u00feeim<br \/>me\u00f0 upplyftri hendi.<br \/> <\/span> <span class=\"ljodatexti\"> <a name=\"16\"><span class=\"versanumer_ljod\">16<\/span><\/a>En \u00feeir, fe\u00f0ur vorir, fylltust hroka,<br \/>ur\u00f0u har\u00f0sv\u00edra\u00f0ir og hl\u00fdddu ekki bo\u00f0um \u00fe\u00ednum.<br \/> <\/span> <span class=\"ljodatexti\"> <a name=\"17\"><span class=\"versanumer_ljod\">17<\/span><\/a>\u00deeir vildu ekki hl\u00fd\u00f0a<br \/>og minntust ekki m\u00e1ttarverka \u00feinna sem \u00fe\u00fa vannst fyrir \u00fe\u00e1.<br \/> \u00deeir \u00feversk\u00f6llu\u00f0ust og einsettu s\u00e9r<br \/>a\u00f0 halda aftur \u00ed \u00fer\u00e6lkunina \u00ed Egyptalandi.<br \/>En \u00fe\u00fa ert Gu\u00f0 sem fyrirgefur,<br \/>n\u00e1\u00f0ugur og miskunnsamur,<br \/>seinn til rei\u00f0i og g\u00e6skur\u00edkur<br \/>og \u00fe\u00fa yfirgafst \u00fe\u00e1 ekki.<br \/> <\/span> <span class=\"ljodatexti\"> <a name=\"18\"><span class=\"versanumer_ljod\">18<\/span><\/a>\u00deeir ger\u00f0u s\u00e9r meira a\u00f0 segja steyptan k\u00e1lf<br \/>og s\u00f6g\u00f0u: \u201e\u00deetta er Gu\u00f0 \u00feinn sem leiddi \u00feig \u00fat \u00far Egyptalandi,\u201c<br \/>og gu\u00f0l\u00f6stu\u00f0u \u00e1kaflega.<br \/> <\/span> <span class=\"ljodatexti\"> <a name=\"19\"><span class=\"versanumer_ljod\">19<\/span><\/a>En \u00fer\u00e1tt fyrir \u00feetta yfirgafstu \u00fe\u00e1 ekki \u00ed ey\u00f0im\u00f6rkinni<br \/>vegna \u00feinnar miklu miskunnsemi:<br \/>sk\u00fdst\u00f3lpinn v\u00e9k ekki fr\u00e1 \u00feeim<br \/>heldur leiddi \u00fe\u00e1 um daga<br \/>og eldst\u00f3lpinn um n\u00e6tur<br \/>til a\u00f0 l\u00fdsa \u00feeim veginn<br \/>sem \u00feeir \u00e1ttu a\u00f0 ganga.<br \/> <\/span> <span class=\"ljodatexti\"> <a name=\"20\"><span class=\"versanumer_ljod\">20<\/span><\/a>\u00de\u00fa gafst \u00feeim \u00feinn g\u00f3\u00f0a anda til a\u00f0 auka \u00feeim skilning.<br \/>\u00de\u00fa l\u00e9st \u00fe\u00e1 ekki skorta manna<br \/>og \u00fe\u00fa gafst \u00feeim vatn til a\u00f0 sl\u00f6kkva \u00feorstann.<br \/> <\/span> <span class=\"ljodatexti\"> <a name=\"21\"><span class=\"versanumer_ljod\">21<\/span><\/a>\u00de\u00fa \u00f3lst \u00f6nn fyrir \u00feeim \u00ed fj\u00f6rut\u00edu \u00e1r,<br \/>\u00fe\u00e1 skorti ekkert \u00ed ey\u00f0im\u00f6rkinni:<br \/>kl\u00e6\u00f0i \u00feeirra slitnu\u00f0u ekki<br \/>og f\u00e6tur \u00feeirra \u00fer\u00fatnu\u00f0u ekki.<br \/> <\/span> <span class=\"ljodatexti\"> <a name=\"22\"><span class=\"versanumer_ljod\">22<\/span><\/a> \u00de\u00fa gafst \u00feeim konungsr\u00edki og \u00fej\u00f3\u00f0ir<br \/>og \u00fathluta\u00f0ir \u00feeim sem landam\u00e6rah\u00e9ru\u00f0um.<br \/>\u00deannig t\u00f3ku \u00feeir land S\u00edhons<br \/>og land konungsins af Hesbon<br \/>og land \u00d3gs, konungs \u00ed Basan.<br \/> <\/span> <span class=\"ljodatexti\"> <a name=\"23\"><span class=\"versanumer_ljod\">23<\/span><\/a> \u00de\u00fa ger\u00f0ir ni\u00f0ja \u00feeirra<br \/>jafnmarga stj\u00f6rnum himinsins<br \/>og leiddir \u00fe\u00e1 inn \u00ed landi\u00f0<br \/>sem \u00fe\u00fa haf\u00f0ir heiti\u00f0 fe\u00f0rum \u00feeirra<br \/>a\u00f0 \u00feeir skyldu komast inn \u00ed og taka til eignar.<br \/> <\/span> <span class=\"ljodatexti\"> <a name=\"24\"><span class=\"versanumer_ljod\">24<\/span><\/a> Ni\u00f0jar \u00feeirra komu og t\u00f3ku landi\u00f0 til eignar<br \/>og \u00fe\u00fa lag\u00f0ir undir \u00fe\u00e1 \u00edb\u00faa landsins, Kanverjana.<br \/>\u00de\u00fa seldir \u00fe\u00e1 \u00ed hendur \u00feeirra<br \/>\u00e1samt konungum \u00feeirra og \u00f6\u00f0rum \u00edb\u00faum landsins<br \/>svo a\u00f0 \u00feeir g\u00e6tu fari\u00f0 me\u00f0 \u00fe\u00e1 a\u00f0 vild.<br \/> <\/span> <span class=\"ljodatexti\"> <a name=\"25\"><span class=\"versanumer_ljod\">25<\/span><\/a> \u00deeir unnu v\u00edggirtar borgir og frj\u00f3sama akra,<br \/>t\u00f3ku til eignar vel b\u00fain h\u00fas,<br \/>\u00fath\u00f6ggna brunna, v\u00edngar\u00f0a og \u00f3l\u00edfutr\u00e9 og fj\u00f6lm\u00f6rg \u00e1vaxtatr\u00e9.<br \/>\u00deeir \u00e1tu, ur\u00f0u mettir og fitnu\u00f0u<br \/>og lif\u00f0u \u00ed vels\u00e6ld af \u00fe\u00ednum r\u00edkulegu gj\u00f6fum.<br \/> <\/span> <span class=\"ljodatexti\"> <a name=\"26\"><span class=\"versanumer_ljod\">26<\/span><\/a> En \u00feeir \u00ferj\u00f3sku\u00f0ust og ger\u00f0u uppreisn gegn \u00fe\u00e9r<br \/>og sneru baki vi\u00f0 l\u00f6gm\u00e1li \u00fe\u00ednu.<br \/>\u00deeir dr\u00e1pu sp\u00e1menn \u00fe\u00edna sem \u00e1minntu \u00fe\u00e1<br \/>og vildu lei\u00f0a \u00fe\u00e1 aftur til \u00fe\u00edn.<br \/>\u00de\u00e1 gu\u00f0l\u00f6stu\u00f0u \u00feeir mj\u00f6g.<br \/> <\/span> <span class=\"ljodatexti\"> <a name=\"27\"><span class=\"versanumer_ljod\">27<\/span><\/a> \u00de\u00fa seldir \u00fe\u00e1 \u00ed hendur fjandmanna \u00feeirra<br \/>og \u00feeir k\u00fagu\u00f0u \u00fe\u00e1.<br \/>\u00cd nau\u00f0um hr\u00f3pu\u00f0u \u00feeir til \u00fe\u00edn<br \/>og \u00fe\u00fa b\u00e6nheyr\u00f0ir \u00fe\u00e1 af himni.<br \/>\u00de\u00fa sendir \u00feeim frelsara af mikilli miskunn \u00feinni<br \/>og \u00feeir bj\u00f6rgu\u00f0u \u00feeim \u00far h\u00f6ndum k\u00fagara \u00feeirra.<br \/> <\/span> <span class=\"ljodatexti\"> <a name=\"28\"><span class=\"versanumer_ljod\">28<\/span><\/a> Um lei\u00f0 og \u00feeir fengu fri\u00f0<br \/>fr\u00f6mdu \u00feeir aftur illvirki fyrir augliti \u00fe\u00ednu.<br \/>\u00de\u00fa yfirgafst \u00fe\u00e1 \u00ed greipum fjandmanna sinna<br \/>og \u00feeir k\u00fagu\u00f0u \u00fe\u00e1.<br \/>\u00de\u00e1 hr\u00f3pu\u00f0u \u00feeir aftur til \u00fe\u00edn<br \/>og \u00fe\u00fa b\u00e6nheyr\u00f0ir \u00fe\u00e1 af himni.<br \/>\u00de\u00fa bjarga\u00f0ir \u00feeim margsinnis af miskunn \u00feinni.<br \/> <\/span> <span class=\"ljodatexti\"> <a name=\"29\"><span class=\"versanumer_ljod\">29<\/span><\/a> \u00de\u00fa \u00e1minntir \u00fe\u00e1 um a\u00f0 sn\u00faa aftur til l\u00f6gm\u00e1ls \u00fe\u00edns<br \/>en \u00feeir voru hrokafullir<br \/>og hl\u00fdddu ekki bo\u00f0um \u00fe\u00ednum.<br \/> \u00deeir syndgu\u00f0u gegn fyrirm\u00e6lum \u00fe\u00ednum<br \/>en hver s\u00e1 hl\u00fdtur l\u00edf sem breytir eftir \u00feeim.<br \/>En \u00feeir sneru baki vi\u00f0 \u00fe\u00e9r \u00ed \u00fever\u00fa\u00f0<br \/>og ur\u00f0u har\u00f0sv\u00edra\u00f0ir og hl\u00fdddu ekki.<br \/> <\/span> <span class=\"ljodatexti\"> <a name=\"30\"><span class=\"versanumer_ljod\">30<\/span><\/a> \u00de\u00fa s\u00fdndir \u00feeim \u00feolinm\u00e6\u00f0i \u00ed m\u00f6rg \u00e1r<br \/>og vara\u00f0ir \u00fe\u00e1 vi\u00f0 me\u00f0 anda \u00fe\u00ednum<br \/>fyrir munn sp\u00e1manna \u00feinna<br \/>en \u00feeir hlustu\u00f0u ekki.<br \/>\u00de\u00e1 framseldir \u00fe\u00fa \u00fe\u00e1 \u00ed hendur \u00fej\u00f3\u00f0um<br \/>\u00ed \u00f6\u00f0rum l\u00f6ndum.<br \/> <\/span> <span class=\"ljodatexti\"> <a name=\"31\"><span class=\"versanumer_ljod\">31<\/span><\/a> En vegna \u00feinnar miklu miskunnsemi<br \/>tort\u00edmdir \u00fe\u00fa \u00feeim ekki<br \/>og \u00fe\u00fa yfirgafst \u00fe\u00e1 ekki<br \/>\u00fev\u00ed a\u00f0 \u00fe\u00fa ert n\u00e1\u00f0ugur og miskunnsamur Gu\u00f0.<br \/> <\/span> <span class=\"ljodatexti\"> <a name=\"32\"><span class=\"versanumer_ljod\">32<\/span><\/a> Gu\u00f0 vor, \u00fe\u00fa mikli, voldugi og \u00f3gurlegi Gu\u00f0.<br \/>\u00de\u00fa sem heldur s\u00e1ttm\u00e1lann \u00ed tr\u00fafesti.<br \/>L\u00edtilsvirtu ekki allt \u00fea\u00f0 har\u00f0r\u00e6\u00f0i<br \/>sem v\u00e9r h\u00f6fum \u00feola\u00f0,<br \/> konungar vorir og h\u00f6f\u00f0ingjar,<br \/>prestar og sp\u00e1menn,<br \/>fe\u00f0ur vorir og \u00f6ll \u00fej\u00f3\u00f0 \u00fe\u00edn,<br \/>fr\u00e1 d\u00f6gum Ass\u00fdr\u00edukonunga<br \/>og allt til \u00feessa dags.<br \/> <\/span> <span class=\"ljodatexti\"> <a name=\"33\"><span class=\"versanumer_ljod\">33<\/span><\/a> \u00de\u00fa varst r\u00e9ttl\u00e1tur \u00ed \u00f6llu sem yfir oss kom<br \/>\u00fev\u00ed a\u00f0 \u00fe\u00fa s\u00fdndir tr\u00fafesti \u00feegar v\u00e9r breyttum \u00f3gu\u00f0lega.<br \/> <\/span> <span class=\"ljodatexti\"> <a name=\"34\"><span class=\"versanumer_ljod\">34<\/span><\/a> J\u00e1, konungar vorir, h\u00f6f\u00f0ingjar, prestar og fe\u00f0ur<br \/>f\u00f3ru ekki eftir l\u00f6gm\u00e1li \u00fe\u00ednu.<br \/>\u00deeir g\u00e1fu hvorki gaum bo\u00f0um \u00fe\u00ednum n\u00e9 vi\u00f0v\u00f6runum<br \/>sem \u00fe\u00fa gafst \u00feeim.<br \/> <\/span> <span class=\"ljodatexti\"> <a name=\"35\"><span class=\"versanumer_ljod\">35<\/span><\/a> \u00deegar \u00feeir bjuggu \u00ed eigin konungsr\u00edki,<br \/>\u00ed vels\u00e6ld sem \u00fe\u00fa veittir \u00feeim,<br \/>\u00ed v\u00ed\u00f0u og frj\u00f3s\u00f6mu landi sem \u00fe\u00fa gafst \u00feeim,<br \/>\u00fej\u00f3nu\u00f0u \u00feeir \u00fe\u00e9r ekki<br \/>og l\u00e9tu ekki af illum verkum s\u00ednum,<br \/> <\/span> <span class=\"ljodatexti\"> <a name=\"36\"><span class=\"versanumer_ljod\">36<\/span><\/a> \u00feess vegna erum v\u00e9r \u00fer\u00e6lar n\u00fa \u00ed dag.<br \/>\u00de\u00fa gafst fe\u00f0rum vorum landi\u00f0<br \/>til \u00feess a\u00f0 \u00feeir nytu \u00e1vaxta \u00feess og au\u00f0s,<br \/>en v\u00e9r erum \u00fer\u00e6lar \u00ed \u00fev\u00ed.<br \/> <\/span> <span class=\"ljodatexti\"> <a name=\"37\"><span class=\"versanumer_ljod\">37<\/span><\/a> R\u00edkulegir \u00e1vextir \u00feess<br \/>fara til konunga sem \u00fe\u00fa settir yfir oss vegna \u00feess a\u00f0 v\u00e9r syndgu\u00f0um.<br \/>\u00deeir drottna yfir l\u00edk\u00f6mum vorum og f\u00e9na\u00f0i<br \/>a\u00f0 eigin ge\u00f0\u00fe\u00f3tta.<br \/>\u00deess vegna \u00ferengir a\u00f0 oss. <\/span> <\/p>\n","protected":false},"excerpt":{"rendered":"<p>F\u00f3lki\u00f0 j\u00e1tar syndir s\u00ednar 1 Tuttugasta og fj\u00f3r\u00f0a dag \u00feessa m\u00e1na\u00f0ar s\u00f6fnu\u00f0ust \u00cdsraelsmenn saman og f\u00f6stu\u00f0u, kl\u00e6ddir h\u00e6rusekk og me\u00f0 mold \u00e1 h\u00f6f\u00f0i. 2 Ni\u00f0jar \u00cdsraels greindu sig fr\u00e1 \u00f6llum \u00feeim sem voru af \u00f6\u00f0ru \u00fej\u00f3\u00f0erni, gengu fram og j\u00e1tu\u00f0u syndir s\u00ednar og afbrot fe\u00f0ra sinna 3 og t\u00f3ku s\u00e9r st\u00f6\u00f0u \u00e1 s\u00ednum sta\u00f0. Fj\u00f3r\u00f0ung dagsins var lesi\u00f0 \u00far l\u00f6gm\u00e1lsb\u00f3k Drottins, Gu\u00f0s \u00feeirra, og annan fj\u00f3r\u00f0ung j\u00e1tu\u00f0u \u00feeir syndir s\u00ednar og f\u00e9llu fram fyrir Drottni, Gu\u00f0i s\u00ednum. 4 Jes\u00faa, Ban\u00ed, Kadm\u00edel, Sebanja, B\u00fann\u00ed, Serebja, Bann\u00ed og Kenan\u00ed st\u00f3\u00f0u \u00e1 Lev\u00edtapallinum og hr\u00f3pu\u00f0u h\u00e1rri r\u00f6ddu til Drottins, Gu\u00f0s s\u00edns. 5 Lev\u00edtarnir <a href=\"https:\/\/biblian.is\/biblian\/nehemiabok-9-kafli\/\"> [&#8230;]<\/a><\/p>\n","protected":false},"author":1,"featured_media":0,"parent":0,"menu_order":0,"comment_status":"open","ping_status":"open","template":"bibliukaflar_NT.php","meta":{"footnotes":""},"class_list":["post-2039","page","type-page","status-publish","hentry"],"_links":{"self":[{"href":"https:\/\/biblian.is\/biblian\/wp-json\/wp\/v2\/pages\/2039","targetHints":{"allow":["GET"]}}],"collection":[{"href":"https:\/\/biblian.is\/biblian\/wp-json\/wp\/v2\/pages"}],"about":[{"href":"https:\/\/biblian.is\/biblian\/wp-json\/wp\/v2\/types\/page"}],"author":[{"embeddable":true,"href":"https:\/\/biblian.is\/biblian\/wp-json\/wp\/v2\/users\/1"}],"replies":[{"embeddable":true,"href":"https:\/\/biblian.is\/biblian\/wp-json\/wp\/v2\/comments?post=2039"}],"version-history":[{"count":0,"href":"https:\/\/biblian.is\/biblian\/wp-json\/wp\/v2\/pages\/2039\/revisions"}],"wp:attachment":[{"href":"https:\/\/biblian.is\/biblian\/wp-json\/wp\/v2\/media?parent=2039"}],"curies":[{"name":"wp","href":"https:\/\/api.w.org\/{rel}","templated":true}]}}