{"id":2038,"date":"2017-12-30T21:01:30","date_gmt":"2017-12-30T21:01:30","guid":{"rendered":"http:\/\/biblian.is\/biblian\/nehem%c2%92ab%c2%97k-8-kafli\/"},"modified":"2023-02-25T04:33:35","modified_gmt":"2023-02-25T04:33:35","slug":"nehemiabok-8-kafli","status":"publish","type":"page","link":"https:\/\/biblian.is\/biblian\/nehemiabok-8-kafli\/","title":{"rendered":"Nehem\u00edab\u00f3k 8. kafli"},"content":{"rendered":"<h3 class=\"millifyrirsogn_2007\"> L\u00f6gb\u00f3kin lesin og sk\u00fdr\u00f0<\/h3>\n<p><a name=\"1\"><span class=\"versanumer_2007\">1<\/span><\/a> Allt f\u00f3lki\u00f0 safna\u00f0ist saman eins og einn ma\u00f0ur \u00e1 torginu fyrir framan Vatnshli\u00f0i\u00f0. F\u00f3lki\u00f0 ba\u00f0 Esra fr\u00e6\u00f0imann a\u00f0 koma me\u00f0 b\u00f3kina sem l\u00f6gm\u00e1l M\u00f3se var skr\u00e1\u00f0 \u00e1 og Drottinn haf\u00f0i sett \u00cdsrael.<br \/> <a name=\"2\"><span class=\"versanumer_2007\">2<\/span><\/a> Fyrsta dag sj\u00f6unda m\u00e1na\u00f0arins kom Esra prestur me\u00f0 l\u00f6gm\u00e1li\u00f0 fram fyrir s\u00f6fnu\u00f0inn, karla, konur og alla \u00fe\u00e1 sem skilning h\u00f6f\u00f0u til a\u00f0 hlusta. <a name=\"3\"><span class=\"versanumer_2007\">3<\/span><\/a> Esra las upp \u00far l\u00f6gm\u00e1linu fr\u00e1 birtingu til h\u00e1degis fyrir karlmennina, konurnar og \u00fe\u00e1 sem h\u00f6f\u00f0u skilning, \u00e1 torginu framan vi\u00f0 Vatnshli\u00f0i\u00f0. Allt f\u00f3lki\u00f0 hlusta\u00f0i \u00e1 lestur l\u00f6gm\u00e1lsb\u00f3karinnar af athygli.<br \/> <a name=\"4\"><span class=\"versanumer_2007\">4<\/span><\/a> Esra fr\u00e6\u00f0ima\u00f0ur st\u00f3\u00f0 \u00e1 h\u00e1um tr\u00e9palli sem ger\u00f0ur haf\u00f0i veri\u00f0 af \u00feessu tilefni: H\u00e6gra megin vi\u00f0 hann st\u00f3\u00f0u Mattitja, Sema, Anaja, \u00dar\u00eda, Hilk\u00eda og Maaseja en vinstra megin Pedaja, M\u00edsael, Malk\u00eda, Has\u00fam, Hasbaddana, Sakar\u00eda og Mes\u00fallam. <a name=\"5\"><span class=\"versanumer_2007\">5<\/span><\/a> Esra fr\u00e6\u00f0ima\u00f0ur opna\u00f0i b\u00f3kina fyrir augum alls f\u00f3lksins \u00fev\u00ed a\u00f0 hann st\u00f3\u00f0 h\u00e6rra en allt f\u00f3lki\u00f0. \u00deegar hann opna\u00f0i b\u00f3kina risu allir \u00e1 f\u00e6tur.<br \/> <a name=\"6\"><span class=\"versanumer_2007\">6<\/span><\/a> Esra lofa\u00f0i Drottin, hinn mikla Gu\u00f0, og allt f\u00f3lki\u00f0 r\u00e9tti upp hendur s\u00ednar og svara\u00f0i: \u201eAmen, amen.\u201c \u00dev\u00ed n\u00e6st hneig\u00f0i f\u00f3lki\u00f0 sig og f\u00e9ll til jar\u00f0ar fram \u00e1 \u00e1sj\u00f3nu s\u00edna.<br \/> <a name=\"7\"><span class=\"versanumer_2007\">7<\/span><\/a> Lev\u00edtarnir Jes\u00faa, Ban\u00ed, Serebja, Jam\u00edn, Akk\u00fab, Sabta\u00ed, H\u00f3d\u00eda, Maaseja, Kel\u00edta, Asarja, J\u00f3sabad, Hanan og Pelaja sk\u00fdr\u00f0u l\u00f6gm\u00e1li\u00f0 fyrir f\u00f3lkinu sem var kyrrt \u00e1 s\u00ednum sta\u00f0. <a name=\"8\"><span class=\"versanumer_2007\">8<\/span><\/a> \u00deeir l\u00e1su upp \u00far b\u00f3kinni, l\u00f6gm\u00e1li Gu\u00f0s, l\u00f6g\u00f0u \u00fea\u00f0 \u00fat og sk\u00fdr\u00f0u til \u00feess a\u00f0 f\u00f3lki\u00f0 skildi \u00fea\u00f0 sem lesi\u00f0 var.<br \/> <a name=\"9\"><span class=\"versanumer_2007\">9<\/span><\/a> Nehem\u00eda, sem var landstj\u00f3ri, Esra fr\u00e6\u00f0ima\u00f0ur og Lev\u00edtarnir, sem kenndu f\u00f3lkinu, \u00e1v\u00f6rpu\u00f0u allt f\u00f3lki\u00f0 og s\u00f6g\u00f0u:<br \/>\u201e\u00deessi dagur er helga\u00f0ur Drottni, Gu\u00f0i okkar. Syrgi\u00f0 \u00fev\u00ed hvorki n\u00e9 gr\u00e1ti\u00f0.\u201c<br \/>En allt f\u00f3lki\u00f0 gr\u00e9t eftir a\u00f0 hafa hlusta\u00f0 \u00e1 or\u00f0 l\u00f6gm\u00e1lsins.<br \/> <a name=\"10\"><span class=\"versanumer_2007\">10<\/span><\/a> \u00de\u00e1 sag\u00f0i Esra vi\u00f0 f\u00f3lki\u00f0:<br \/>\u201eFari\u00f0 n\u00fa, sn\u00e6\u00f0i\u00f0 r\u00edkulega m\u00e1lt\u00ed\u00f0, drekki\u00f0 s\u00e6t v\u00edn. Sendi\u00f0 \u00feeim mat sem ekki hafa matb\u00fai\u00f0 \u00fev\u00ed a\u00f0 \u00feessi dagur er helga\u00f0ur Drottni okkar. Veri\u00f0 \u00fev\u00ed ekki hryggir \u00fev\u00ed a\u00f0 gle\u00f0i Drottins er styrkur ykkar.\u201c<br \/> <a name=\"11\"><span class=\"versanumer_2007\">11<\/span><\/a> Lev\u00edtarnir sefu\u00f0u f\u00f3lki\u00f0 me\u00f0 \u00fev\u00ed a\u00f0 segja:<br \/>\u201eHafi\u00f0 h\u00e6gt um ykkur \u00fev\u00ed a\u00f0 \u00feessi dagur er heilagur. Veri\u00f0 \u00fev\u00ed ekki hryggir.\u201c<br \/> <a name=\"12\"><span class=\"versanumer_2007\">12<\/span><\/a> \u00de\u00e1 f\u00f3r allt f\u00f3lki\u00f0 til a\u00f0 eta og drekka og senda matarskammta. \u00dea\u00f0 h\u00e9lt mikla gle\u00f0ih\u00e1t\u00ed\u00f0 af \u00fev\u00ed a\u00f0 \u00fea\u00f0 haf\u00f0i skili\u00f0 bo\u00f0skapinn.<\/p>\n<h3 class=\"millifyrirsogn_2007\">Laufsk\u00e1lah\u00e1t\u00ed\u00f0<\/h3>\n<p><a name=\"13\"><span class=\"versanumer_2007\">13<\/span><\/a> \u00c1 \u00f6\u00f0rum degi s\u00f6fnu\u00f0ust \u00e6ttarh\u00f6f\u00f0ingjar allrar \u00fej\u00f3\u00f0arinnar, prestarnir og Lev\u00edtarnir saman hj\u00e1 Esra fr\u00e6\u00f0imanni til \u00feess a\u00f0 kynnast fyrirm\u00e6lum l\u00f6gm\u00e1lsins. <a name=\"14\"><span class=\"versanumer_2007\">14<\/span><\/a> \u00de\u00e1 komust \u00feeir a\u00f0 \u00fev\u00ed a\u00f0 \u00fea\u00f0 var skr\u00e1\u00f0 \u00ed l\u00f6gm\u00e1linu, sem Drottinn haf\u00f0i bo\u00f0i\u00f0 \u00feeim fyrir munn M\u00f3se, a\u00f0 \u00cdsraelsmenn \u00e6ttu a\u00f0 b\u00faa \u00ed laufsk\u00e1lum \u00e1 h\u00e1t\u00ed\u00f0inni \u00ed sj\u00f6unda m\u00e1nu\u00f0inum. <a name=\"15\"><span class=\"versanumer_2007\">15<\/span><\/a> \u00deegar \u00feeir heyr\u00f0u \u00feetta l\u00e9tu \u00feeir kunngj\u00f6ra \u00fea\u00f0 og kalla \u00fat \u00ed \u00f6llum borgum s\u00ednum og \u00ed Jer\u00fasalem:<br \/>\u201eFari\u00f0 upp \u00ed fjalllendi\u00f0 og s\u00e6ki\u00f0 greinar af r\u00e6ktu\u00f0um og villtum ol\u00eduvi\u00f0i, myrtu, p\u00e1lmum og \u00f6\u00f0rum lauftrj\u00e1m til a\u00f0 gera laufsk\u00e1la, eins og skr\u00e1\u00f0 er.\u201c<br \/> <a name=\"16\"><span class=\"versanumer_2007\">16<\/span><\/a> F\u00f3lki\u00f0 f\u00f3r, s\u00f3tti trj\u00e1greinar og ger\u00f0i s\u00e9r laufsk\u00e1la, hver \u00e1 s\u00ednu h\u00fas\u00feaki og \u00ed h\u00fasag\u00f6r\u00f0um s\u00ednum, \u00ed forg\u00f6r\u00f0um h\u00fass Gu\u00f0s, \u00e1 torginu vi\u00f0 Vatnshli\u00f0i\u00f0 og \u00e1 torginu vi\u00f0 Efra\u00edmshli\u00f0i\u00f0. <a name=\"17\"><span class=\"versanumer_2007\">17<\/span><\/a> Allur s\u00f6fnu\u00f0urinn, \u00feeir sem sn\u00fai\u00f0 h\u00f6f\u00f0u heim \u00far \u00fatleg\u00f0inni, ger\u00f0i laufsk\u00e1la og bj\u00f3 \u00ed \u00feeim. \u00cdsraelsmenn h\u00f6f\u00f0u ekki gert \u00feetta fr\u00e1 \u00fev\u00ed \u00e1 d\u00f6gum J\u00f3s\u00faa N\u00fanssonar allt til \u00feessa dags. Mikil gle\u00f0i r\u00edkti <a name=\"18\"><span class=\"versanumer_2007\">18<\/span><\/a> og Esra las daglega upp \u00far l\u00f6gm\u00e1lsb\u00f3k Gu\u00f0s, fr\u00e1 fyrsta degi til hins s\u00ed\u00f0asta. H\u00e1t\u00ed\u00f0in st\u00f3\u00f0 \u00ed sj\u00f6 daga. \u00c1 \u00e1ttunda degi var h\u00e1t\u00ed\u00f0arsamkoma eins og fyrirskipa\u00f0 var.<\/p>\n","protected":false},"excerpt":{"rendered":"<p>L\u00f6gb\u00f3kin lesin og sk\u00fdr\u00f0 1 Allt f\u00f3lki\u00f0 safna\u00f0ist saman eins og einn ma\u00f0ur \u00e1 torginu fyrir framan Vatnshli\u00f0i\u00f0. F\u00f3lki\u00f0 ba\u00f0 Esra fr\u00e6\u00f0imann a\u00f0 koma me\u00f0 b\u00f3kina sem l\u00f6gm\u00e1l M\u00f3se var skr\u00e1\u00f0 \u00e1 og Drottinn haf\u00f0i sett \u00cdsrael. 2 Fyrsta dag sj\u00f6unda m\u00e1na\u00f0arins kom Esra prestur me\u00f0 l\u00f6gm\u00e1li\u00f0 fram fyrir s\u00f6fnu\u00f0inn, karla, konur og alla \u00fe\u00e1 sem skilning h\u00f6f\u00f0u til a\u00f0 hlusta. 3 Esra las upp \u00far l\u00f6gm\u00e1linu fr\u00e1 birtingu til h\u00e1degis fyrir karlmennina, konurnar og \u00fe\u00e1 sem h\u00f6f\u00f0u skilning, \u00e1 torginu framan vi\u00f0 Vatnshli\u00f0i\u00f0. Allt f\u00f3lki\u00f0 hlusta\u00f0i \u00e1 lestur l\u00f6gm\u00e1lsb\u00f3karinnar af athygli. 4 Esra fr\u00e6\u00f0ima\u00f0ur st\u00f3\u00f0 \u00e1 h\u00e1um tr\u00e9palli sem <a href=\"https:\/\/biblian.is\/biblian\/nehemiabok-8-kafli\/\"> [&#8230;]<\/a><\/p>\n","protected":false},"author":1,"featured_media":0,"parent":0,"menu_order":0,"comment_status":"open","ping_status":"open","template":"bibliukaflar_NT.php","meta":{"footnotes":""},"class_list":["post-2038","page","type-page","status-publish","hentry"],"_links":{"self":[{"href":"https:\/\/biblian.is\/biblian\/wp-json\/wp\/v2\/pages\/2038","targetHints":{"allow":["GET"]}}],"collection":[{"href":"https:\/\/biblian.is\/biblian\/wp-json\/wp\/v2\/pages"}],"about":[{"href":"https:\/\/biblian.is\/biblian\/wp-json\/wp\/v2\/types\/page"}],"author":[{"embeddable":true,"href":"https:\/\/biblian.is\/biblian\/wp-json\/wp\/v2\/users\/1"}],"replies":[{"embeddable":true,"href":"https:\/\/biblian.is\/biblian\/wp-json\/wp\/v2\/comments?post=2038"}],"version-history":[{"count":0,"href":"https:\/\/biblian.is\/biblian\/wp-json\/wp\/v2\/pages\/2038\/revisions"}],"wp:attachment":[{"href":"https:\/\/biblian.is\/biblian\/wp-json\/wp\/v2\/media?parent=2038"}],"curies":[{"name":"wp","href":"https:\/\/api.w.org\/{rel}","templated":true}]}}