{"id":2036,"date":"2017-12-30T21:01:25","date_gmt":"2017-12-30T21:01:25","guid":{"rendered":"http:\/\/biblian.is\/biblian\/nehem%c2%92ab%c2%97k-6-kafli\/"},"modified":"2023-02-25T04:33:34","modified_gmt":"2023-02-25T04:33:34","slug":"nehemiabok-6-kafli","status":"publish","type":"page","link":"https:\/\/biblian.is\/biblian\/nehemiabok-6-kafli\/","title":{"rendered":"Nehem\u00edab\u00f3k 6. kafli"},"content":{"rendered":"<h3 class=\"millifyrirsogn_2007\"> Andsta\u00f0a gegn Nehem\u00eda<\/h3>\n<p><a name=\"1\"><span class=\"versanumer_2007\">1<\/span><\/a> N\u00fa fr\u00e9ttu Sanballat, Tob\u00eda, Arabinn Gesem og a\u00f0rir fjandmenn okkar a\u00f0 \u00e9g hef\u00f0i endurreist m\u00farinn og a\u00f0 engin sk\u00f6r\u00f0 v\u00e6ru lengur \u00ed honum. \u00de\u00e1 haf\u00f0i \u00e9g a\u00f0 v\u00edsu ekki enn komi\u00f0 v\u00e6ngjahur\u00f0um fyrir \u00ed hli\u00f0unum. <a name=\"2\"><span class=\"versanumer_2007\">2<\/span><\/a> Sanballat og Gesem sendu \u00fe\u00e1 til m\u00edn mann me\u00f0 \u00feessi skilabo\u00f0: \u201eKomdu, vi\u00f0 skulum hittast \u00ed Kefir\u00edm \u00ed \u00d3n\u00f3dal.\u201c<br \/>En \u00feeir \u00e6tlu\u00f0u s\u00e9r a\u00f0 gera m\u00e9r illt. <a name=\"3\"><span class=\"versanumer_2007\">3<\/span><\/a> \u00c9g sendi \u00fe\u00e1 mann til \u00feeirra me\u00f0 \u00feessi bo\u00f0: \u201e\u00c9g er a\u00f0 vinna a\u00f0 miklu verki og get ekki komi\u00f0. Verki\u00f0 st\u00f6\u00f0vast ef \u00e9g fer fr\u00e1 \u00fev\u00ed og kem til ykkar.\u201c<br \/> <a name=\"4\"><span class=\"versanumer_2007\">4<\/span><\/a> \u00deeir sendu m\u00e9r s\u00f6mu skilabo\u00f0 fj\u00f3rum sinnum og \u00e9g sendi sama svar \u00ed hvert skipti. <a name=\"5\"><span class=\"versanumer_2007\">5<\/span><\/a> \u00de\u00e1 sendi Sanballat enn einu sinni, \u00ed fimmta sinn, til m\u00edn og n\u00fa \u00fej\u00f3n sinn. Hann haf\u00f0i me\u00f0fer\u00f0is opi\u00f0 br\u00e9f <a name=\"6\"><span class=\"versanumer_2007\">6<\/span><\/a> og \u00ed \u00fev\u00ed st\u00f3\u00f0: \u201eS\u00e1 or\u00f0r\u00f3mur gengur me\u00f0al annarra \u00fej\u00f3\u00f0a, og Gasm\u00fa er sama sinnis, a\u00f0 \u00fe\u00fa og Gy\u00f0ingarnir hyggi\u00f0 \u00e1 uppreisn. \u00de\u00fa s\u00e9rt a\u00f0 endurreisa m\u00farinn og \u00e6tlir a\u00f0 ver\u00f0a konungur \u00feeirra. <a name=\"7\"><span class=\"versanumer_2007\">7<\/span><\/a> \u00de\u00fa \u00e1tt einnig a\u00f0 hafa fengi\u00f0 sp\u00e1menn til a\u00f0 hr\u00f3pa um \u00feig \u00ed Jer\u00fasalem: \u00dea\u00f0 er kominn konungur \u00ed J\u00fada. N\u00fa berst konungi \u00feetta til eyrna. Komdu \u00fev\u00ed svo a\u00f0 vi\u00f0 getum \u00e1tt fund saman.\u201c<br \/> <a name=\"8\"><span class=\"versanumer_2007\">8<\/span><\/a> \u00c9g svara\u00f0i honum: \u201eEkkert af \u00fev\u00ed sem \u00fe\u00fa nefnir hefur gerst heldur hefur \u00fe\u00fa spunni\u00f0 \u00feetta upp sj\u00e1lfur \u00ed eigin huga.\u201c<br \/> <a name=\"9\"><span class=\"versanumer_2007\">9<\/span><\/a> \u00deeir \u00e6tlu\u00f0u allir a\u00f0 hr\u00e6\u00f0a okkur og hugsu\u00f0u me\u00f0 s\u00e9r: \u201e\u00de\u00e1 fallast \u00feeim hendur svo a\u00f0 \u00feeir h\u00e6tta vi\u00f0 verki\u00f0 og lj\u00faka \u00fev\u00ed ekki.\u201c En \u00fe\u00e1 t\u00f3k \u00e9g til hendinni svo um muna\u00f0i.<br \/> <a name=\"10\"><span class=\"versanumer_2007\">10<\/span><\/a> Einhverju sinni kom \u00e9g \u00ed h\u00fas Semaja Delajasonar, Mehetabeelssonar, sem var \u00fear \u00ed haldi. Hann sag\u00f0i: \u201eVi\u00f0 skulum hittast \u00ed musterissalnum \u00ed h\u00fasi Gu\u00f0s. Vi\u00f0 skulum loka dyrum musterisins \u00fev\u00ed a\u00f0 menn koma til a\u00f0 drepa \u00feig. \u00deeir koma a\u00f0 n\u00e6turlagi til a\u00f0 drepa \u00feig.\u201c<br \/> <a name=\"11\"><span class=\"versanumer_2007\">11<\/span><\/a> \u00c9g svara\u00f0i: \u201eHeldur\u00f0u a\u00f0 ma\u00f0ur eins og \u00e9g fl\u00fdi? Getur nokkur \u00e1 vi\u00f0 mig komi\u00f0 inn \u00ed musterissalinn og haldi\u00f0 l\u00edfi? \u00c9g kem ekki.\u201c<br \/> <a name=\"12\"><span class=\"versanumer_2007\">12<\/span><\/a> M\u00e9r var\u00f0 lj\u00f3st a\u00f0 \u00fea\u00f0 var ekki Gu\u00f0 sem haf\u00f0i sent hann heldur haf\u00f0i hann sp\u00e1\u00f0 m\u00e9r \u00feessu af \u00fev\u00ed a\u00f0 Tob\u00eda og Sanballat h\u00f6f\u00f0u keypt hann til \u00feess. <a name=\"13\"><span class=\"versanumer_2007\">13<\/span><\/a> Hann haf\u00f0i veri\u00f0 keyptur til \u00feess a\u00f0 \u00e9g yr\u00f0i hr\u00e6ddur og heg\u00f0a\u00f0i m\u00e9r samkv\u00e6mt \u00fev\u00ed og syndga\u00f0i. Me\u00f0 \u00feessu \u00e1tti a\u00f0 koma \u00e1 mig illu or\u00f0i og \u00e9g a\u00f0 ver\u00f0a m\u00e9r til skammar. <a name=\"14\"><span class=\"versanumer_2007\">14<\/span><\/a> Gu\u00f0 minn, minnstu \u00feess sem Tob\u00eda og Sanballat hafa gert, einnig \u00feess sem sp\u00e1konan N\u00f3adja og hinir sp\u00e1mennirnir ger\u00f0u til \u00feess a\u00f0 hr\u00e6\u00f0a mig.<\/p>\n<h3 class=\"millifyrirsogn_2007\">Loki\u00f0 vi\u00f0 m\u00farinn<\/h3>\n<p><a name=\"15\"><span class=\"versanumer_2007\">15<\/span><\/a> Loki\u00f0 var vi\u00f0 m\u00farinn \u00e1 fimmt\u00edu og tveimur d\u00f6gum, tuttugusta og fimmta dag el\u00falm\u00e1na\u00f0ar. <a name=\"16\"><span class=\"versanumer_2007\">16<\/span><\/a> \u00deegar allir fjandmenn okkar fr\u00e9ttu \u00fea\u00f0 ur\u00f0u \u00fej\u00f3\u00f0irnar, sem bjuggu umhverfis, skelfingu lostnar. Sj\u00e1lfstraust \u00feeirra minnka\u00f0i mj\u00f6g \u00fear sem \u00fe\u00e6r ur\u00f0u a\u00f0 vi\u00f0urkenna a\u00f0 verki\u00f0 haf\u00f0i veri\u00f0 unni\u00f0 me\u00f0 hj\u00e1lp fr\u00e1 Gu\u00f0i okkar.<br \/> <a name=\"17\"><span class=\"versanumer_2007\">17<\/span><\/a> Um \u00feessar mundir sendu \u00fdmsir a\u00f0alsmenn \u00ed J\u00fada m\u00f6rg br\u00e9f til Tob\u00eda og \u00feeir fengu br\u00e9f fr\u00e1 honum. <a name=\"18\"><span class=\"versanumer_2007\">18<\/span><\/a> Margir \u00ed J\u00fada voru bundnir honum ei\u00f0i \u00fev\u00ed a\u00f0 hann var tengdasonur Sekanja Arasonar og J\u00f3hanan, sonur hans, haf\u00f0i kv\u00e6nst d\u00f3ttur Mes\u00fallams Berek\u00edasonar. <a name=\"19\"><span class=\"versanumer_2007\">19<\/span><\/a> \u00deeir s\u00f6g\u00f0u m\u00e9r fr\u00e1 g\u00f3\u00f0um verkum hans og b\u00e1ru honum or\u00f0 m\u00edn. Tob\u00eda sendi einnig br\u00e9f til a\u00f0 hr\u00e6\u00f0a mig.<\/p>\n","protected":false},"excerpt":{"rendered":"<p>Andsta\u00f0a gegn Nehem\u00eda 1 N\u00fa fr\u00e9ttu Sanballat, Tob\u00eda, Arabinn Gesem og a\u00f0rir fjandmenn okkar a\u00f0 \u00e9g hef\u00f0i endurreist m\u00farinn og a\u00f0 engin sk\u00f6r\u00f0 v\u00e6ru lengur \u00ed honum. \u00de\u00e1 haf\u00f0i \u00e9g a\u00f0 v\u00edsu ekki enn komi\u00f0 v\u00e6ngjahur\u00f0um fyrir \u00ed hli\u00f0unum. 2 Sanballat og Gesem sendu \u00fe\u00e1 til m\u00edn mann me\u00f0 \u00feessi skilabo\u00f0: \u201eKomdu, vi\u00f0 skulum hittast \u00ed Kefir\u00edm \u00ed \u00d3n\u00f3dal.\u201cEn \u00feeir \u00e6tlu\u00f0u s\u00e9r a\u00f0 gera m\u00e9r illt. 3 \u00c9g sendi \u00fe\u00e1 mann til \u00feeirra me\u00f0 \u00feessi bo\u00f0: \u201e\u00c9g er a\u00f0 vinna a\u00f0 miklu verki og get ekki komi\u00f0. Verki\u00f0 st\u00f6\u00f0vast ef \u00e9g fer fr\u00e1 \u00fev\u00ed og kem til ykkar.\u201c 4 \u00deeir <a href=\"https:\/\/biblian.is\/biblian\/nehemiabok-6-kafli\/\"> [&#8230;]<\/a><\/p>\n","protected":false},"author":1,"featured_media":0,"parent":0,"menu_order":0,"comment_status":"open","ping_status":"open","template":"bibliukaflar_NT.php","meta":{"footnotes":""},"class_list":["post-2036","page","type-page","status-publish","hentry"],"_links":{"self":[{"href":"https:\/\/biblian.is\/biblian\/wp-json\/wp\/v2\/pages\/2036","targetHints":{"allow":["GET"]}}],"collection":[{"href":"https:\/\/biblian.is\/biblian\/wp-json\/wp\/v2\/pages"}],"about":[{"href":"https:\/\/biblian.is\/biblian\/wp-json\/wp\/v2\/types\/page"}],"author":[{"embeddable":true,"href":"https:\/\/biblian.is\/biblian\/wp-json\/wp\/v2\/users\/1"}],"replies":[{"embeddable":true,"href":"https:\/\/biblian.is\/biblian\/wp-json\/wp\/v2\/comments?post=2036"}],"version-history":[{"count":0,"href":"https:\/\/biblian.is\/biblian\/wp-json\/wp\/v2\/pages\/2036\/revisions"}],"wp:attachment":[{"href":"https:\/\/biblian.is\/biblian\/wp-json\/wp\/v2\/media?parent=2036"}],"curies":[{"name":"wp","href":"https:\/\/api.w.org\/{rel}","templated":true}]}}