{"id":2035,"date":"2017-12-30T21:01:25","date_gmt":"2017-12-30T21:01:25","guid":{"rendered":"http:\/\/biblian.is\/biblian\/nehem%c2%92ab%c2%97k-5-kafli\/"},"modified":"2023-02-25T04:33:34","modified_gmt":"2023-02-25T04:33:34","slug":"nehemiabok-5-kafli","status":"publish","type":"page","link":"https:\/\/biblian.is\/biblian\/nehemiabok-5-kafli\/","title":{"rendered":"Nehem\u00edab\u00f3k 5. kafli"},"content":{"rendered":"<h3 class=\"millifyrirsogn_2007\"> Nehem\u00eda hj\u00e1lpar f\u00e1t\u00e6kum<\/h3>\n<p><a name=\"1\"><span class=\"versanumer_2007\">1<\/span><\/a> N\u00fa t\u00f3k f\u00f3lki\u00f0, b\u00e6\u00f0i karlmennirnir og konur \u00feeirra, a\u00f0 kvarta s\u00e1ran yfir \u00e6ttbr\u00e6\u00f0rum s\u00ednum, Gy\u00f0ingunum. <a name=\"2\"><span class=\"versanumer_2007\">2<\/span><\/a> Sumir s\u00f6g\u00f0u: \u201eSynir okkar og d\u00e6tur eru of m\u00f6rg til a\u00f0 vi\u00f0 getum fengi\u00f0 korn til matar og haldi\u00f0 l\u00edfi.\u201c <a name=\"3\"><span class=\"versanumer_2007\">3<\/span><\/a> A\u00f0rir s\u00f6g\u00f0u: \u201eVi\u00f0 ver\u00f0um a\u00f0 ve\u00f0setja akra okkar, v\u00edngar\u00f0a og h\u00fas til a\u00f0 f\u00e1 korn \u00ed \u00feessari hungursney\u00f0.\u201c<br \/> <a name=\"4\"><span class=\"versanumer_2007\">4<\/span><\/a> Enn a\u00f0rir s\u00f6g\u00f0u: \u201eVi\u00f0 h\u00f6fum teki\u00f0 f\u00e9 a\u00f0 l\u00e1ni gegn ve\u00f0i \u00ed \u00f6krum okkar og v\u00edng\u00f6r\u00f0um til a\u00f0 grei\u00f0a konungi skatt. <a name=\"5\"><span class=\"versanumer_2007\">5<\/span><\/a> \u00de\u00f3tt vi\u00f0 s\u00e9um af sama holdi og \u00e6ttbr\u00e6\u00f0ur okkar og b\u00f6rn okkar s\u00e9u eins og b\u00f6rn \u00feeirra ver\u00f0um vi\u00f0 a\u00f0 l\u00edtill\u00e6kka syni okkar og d\u00e6tur og gera \u00feau a\u00f0 \u00fer\u00e6lum. Nokkrar af d\u00e6trum okkar hafa n\u00fa \u00feegar veri\u00f0 l\u00edtill\u00e6kka\u00f0ar en vi\u00f0 h\u00f6fum engan m\u00e1tt til neins \u00fear sem akrar okkar og v\u00edngar\u00f0ar eru n\u00fa \u00feegar annarra eign.\u201c<br \/> <a name=\"6\"><span class=\"versanumer_2007\">6<\/span><\/a> \u00c9g reiddist mj\u00f6g \u00feegar \u00e9g heyr\u00f0i kvein \u00feeirra og \u00feessi umm\u00e6li. <a name=\"7\"><span class=\"versanumer_2007\">7<\/span><\/a> \u00deegar \u00e9g haf\u00f0i hugsa\u00f0 r\u00e1\u00f0 mitt \u00e1saka\u00f0i \u00e9g a\u00f0alsmennina og emb\u00e6ttismennina og sag\u00f0i: \u201eHver og einn ykkar leggur byr\u00f0i \u00e1 br\u00e6\u00f0ur s\u00edna.\u201c<br \/>Vegna \u00feeirra kalla\u00f0i \u00e9g saman mikinn manns\u00f6fnu\u00f0 <a name=\"8\"><span class=\"versanumer_2007\">8<\/span><\/a> og sag\u00f0i: \u201eEftir \u00fev\u00ed sem vi\u00f0 h\u00f6fum geta\u00f0 h\u00f6fum vi\u00f0 keypt frj\u00e1lsa \u00e6ttbr\u00e6\u00f0ur okkar, Gy\u00f0inga sem hafa or\u00f0i\u00f0 a\u00f0 selja sig til framandi \u00fej\u00f3\u00f0a. En \u00fei\u00f0 selji\u00f0 br\u00e6\u00f0ur ykkar svo a\u00f0 \u00feeir ver\u00f0i aftur seldir okkur.\u201c<br \/>\u00dear sem \u00feeir \u00fe\u00f6g\u00f0u og g\u00e1tu engu svara\u00f0 <a name=\"9\"><span class=\"versanumer_2007\">9<\/span><\/a> h\u00e9lt \u00e9g \u00e1fram: \u201e\u00dea\u00f0 sem \u00fei\u00f0 eru\u00f0 a\u00f0 gera er ekki r\u00e9tt. \u00c6ttu\u00f0 \u00fei\u00f0 ekki a\u00f0 lifa \u00ed \u00f3tta vi\u00f0 Gu\u00f0 okkar og komast \u00feannig hj\u00e1 h\u00e1\u00f0i annarra \u00fej\u00f3\u00f0a sem eru okkur fjandsamlegar? <a name=\"10\"><span class=\"versanumer_2007\">10<\/span><\/a> \u00c9g, br\u00e6\u00f0ur m\u00ednir og menn m\u00ednir, h\u00f6fum einnig l\u00e1na\u00f0 \u00e6ttbr\u00e6\u00f0rum okkar f\u00e9 og korn en vi\u00f0 gefum \u00feeim skuldina eftir. <a name=\"11\"><span class=\"versanumer_2007\">11<\/span><\/a> F\u00e1i\u00f0 \u00feeim aftur \u00feegar \u00ed sta\u00f0 akra s\u00edna, v\u00edngar\u00f0a, ol\u00eduvi\u00f0arlundi og h\u00fas og gefi\u00f0 \u00feeim eftir \u00fea\u00f0 sem \u00fei\u00f0 hafi\u00f0 l\u00e1na\u00f0 \u00feeim og \u00feeir skulda af f\u00e9, korni, v\u00edni og ol\u00edu.\u201c<br \/> <a name=\"12\"><span class=\"versanumer_2007\">12<\/span><\/a> \u00de\u00e1 sv\u00f6ru\u00f0u \u00feeir: \u201eVi\u00f0 skulum f\u00e1 \u00feeim \u00feetta aftur og einskis krefjast af \u00feeim. Vi\u00f0 munum gera \u00fea\u00f0 sem \u00fe\u00fa hefur fari\u00f0 fram \u00e1.\u201c<br \/>\u00c9g kalla\u00f0i \u00fe\u00e1 \u00e1 prestana og l\u00e9t \u00fe\u00e1 taka af \u00feeim ei\u00f0 a\u00f0 \u00fev\u00ed a\u00f0 gera \u00fea\u00f0 sem \u00feeir h\u00f6f\u00f0u sagt. <a name=\"13\"><span class=\"versanumer_2007\">13<\/span><\/a> \u00de\u00e1 hristi \u00e9g skikkjubarm minn og sag\u00f0i: \u201e\u00c1 sama h\u00e1tt mun Gu\u00f0 hrista \u00far h\u00fasi s\u00ednu og af eign sinni hvern \u00feann sem ekki heldur \u00feennan ei\u00f0. Hann ver\u00f0ur hristur burt og t\u00e6mdur.\u201c<br \/>\u00d6ll samkoman svara\u00f0i: \u201eAmen,\u201c og lofa\u00f0i Drottin. F\u00f3lki\u00f0 h\u00e9lt \u00feennan ei\u00f0.<br \/> <a name=\"14\"><span class=\"versanumer_2007\">14<\/span><\/a> Fr\u00e1 \u00feeim degi, er \u00e9g hlaut skipun \u00ed emb\u00e6tti landstj\u00f3ra \u00ed skattlandinu J\u00fada, fr\u00e1 tuttugasta stj\u00f3rnar\u00e1ri Artaxerxesar konungs til \u00feess \u00fer\u00edtugasta og annars, \u00ed t\u00f3lf \u00e1r, lif\u00f0i hvorki \u00e9g sj\u00e1lfur n\u00e9 br\u00e6\u00f0ur m\u00ednir af risnu landstj\u00f3rans. <a name=\"15\"><span class=\"versanumer_2007\">15<\/span><\/a> Fyrri landstj\u00f3rar, sem voru \u00e1 undan m\u00e9r, l\u00f6g\u00f0u \u00feungar \u00e1l\u00f6gur \u00e1 f\u00f3lki\u00f0. \u00deeir t\u00f3ku af \u00fev\u00ed fj\u00f6rut\u00edu sikla silfurs \u00e1 dag fyrir mat og v\u00edni og menn \u00feeirra k\u00fagu\u00f0u f\u00f3lki\u00f0. En \u00e9g f\u00f3r ekki \u00feannig a\u00f0 af \u00fev\u00ed a\u00f0 \u00e9g \u00f3tta\u00f0ist Gu\u00f0.<br \/> <a name=\"16\"><span class=\"versanumer_2007\">16<\/span><\/a> \u00c9g vann einnig a\u00f0 \u00fev\u00ed a\u00f0 reisa \u00feennan m\u00far enda \u00fe\u00f3tt \u00e9g hef\u00f0i ekki keypt land. Allir menn m\u00ednir unnu saman a\u00f0 verkinu. <a name=\"17\"><span class=\"versanumer_2007\">17<\/span><\/a> Hundra\u00f0 og fimmt\u00edu Gy\u00f0ingar og emb\u00e6ttismenn sn\u00e6ddu vi\u00f0 bor\u00f0 mitt \u00e1samt \u00fdmsum sem komu til okkar fr\u00e1 \u00fej\u00f3\u00f0unum umhverfis. <a name=\"18\"><span class=\"versanumer_2007\">18<\/span><\/a> Daglega var eitt naut matreitt \u00e1 minn kostna\u00f0, \u00e1samt sex \u00farvalssau\u00f0um og fuglum. \u00c1 t\u00edu daga fresti var einnig bori\u00f0 fram miki\u00f0 af \u00fdmiss konar v\u00edni. \u00der\u00e1tt fyrir \u00feetta kraf\u00f0ist \u00e9g ekki \u00feeirrar risnu sem landstj\u00f3ra bar \u00fev\u00ed a\u00f0 kva\u00f0avinnan \u00ed\u00feyngdi f\u00f3lkinu mj\u00f6g. <a name=\"19\"><span class=\"versanumer_2007\">19<\/span><\/a> Gu\u00f0, minnstu alls \u00feess sem \u00e9g hef gert fyrir \u00feessa \u00fej\u00f3\u00f0. L\u00e1ttu \u00fea\u00f0 ver\u00f0a m\u00e9r til g\u00f3\u00f0s.<\/p>\n","protected":false},"excerpt":{"rendered":"<p>Nehem\u00eda hj\u00e1lpar f\u00e1t\u00e6kum 1 N\u00fa t\u00f3k f\u00f3lki\u00f0, b\u00e6\u00f0i karlmennirnir og konur \u00feeirra, a\u00f0 kvarta s\u00e1ran yfir \u00e6ttbr\u00e6\u00f0rum s\u00ednum, Gy\u00f0ingunum. 2 Sumir s\u00f6g\u00f0u: \u201eSynir okkar og d\u00e6tur eru of m\u00f6rg til a\u00f0 vi\u00f0 getum fengi\u00f0 korn til matar og haldi\u00f0 l\u00edfi.\u201c 3 A\u00f0rir s\u00f6g\u00f0u: \u201eVi\u00f0 ver\u00f0um a\u00f0 ve\u00f0setja akra okkar, v\u00edngar\u00f0a og h\u00fas til a\u00f0 f\u00e1 korn \u00ed \u00feessari hungursney\u00f0.\u201c 4 Enn a\u00f0rir s\u00f6g\u00f0u: \u201eVi\u00f0 h\u00f6fum teki\u00f0 f\u00e9 a\u00f0 l\u00e1ni gegn ve\u00f0i \u00ed \u00f6krum okkar og v\u00edng\u00f6r\u00f0um til a\u00f0 grei\u00f0a konungi skatt. 5 \u00de\u00f3tt vi\u00f0 s\u00e9um af sama holdi og \u00e6ttbr\u00e6\u00f0ur okkar og b\u00f6rn okkar s\u00e9u eins og b\u00f6rn \u00feeirra ver\u00f0um <a href=\"https:\/\/biblian.is\/biblian\/nehemiabok-5-kafli\/\"> [&#8230;]<\/a><\/p>\n","protected":false},"author":1,"featured_media":0,"parent":0,"menu_order":0,"comment_status":"open","ping_status":"open","template":"bibliukaflar_NT.php","meta":{"footnotes":""},"class_list":["post-2035","page","type-page","status-publish","hentry"],"_links":{"self":[{"href":"https:\/\/biblian.is\/biblian\/wp-json\/wp\/v2\/pages\/2035","targetHints":{"allow":["GET"]}}],"collection":[{"href":"https:\/\/biblian.is\/biblian\/wp-json\/wp\/v2\/pages"}],"about":[{"href":"https:\/\/biblian.is\/biblian\/wp-json\/wp\/v2\/types\/page"}],"author":[{"embeddable":true,"href":"https:\/\/biblian.is\/biblian\/wp-json\/wp\/v2\/users\/1"}],"replies":[{"embeddable":true,"href":"https:\/\/biblian.is\/biblian\/wp-json\/wp\/v2\/comments?post=2035"}],"version-history":[{"count":0,"href":"https:\/\/biblian.is\/biblian\/wp-json\/wp\/v2\/pages\/2035\/revisions"}],"wp:attachment":[{"href":"https:\/\/biblian.is\/biblian\/wp-json\/wp\/v2\/media?parent=2035"}],"curies":[{"name":"wp","href":"https:\/\/api.w.org\/{rel}","templated":true}]}}