{"id":2034,"date":"2017-12-30T21:01:25","date_gmt":"2017-12-30T21:01:25","guid":{"rendered":"http:\/\/biblian.is\/biblian\/nehem%c2%92ab%c2%97k-4-kafli\/"},"modified":"2023-02-25T04:33:34","modified_gmt":"2023-02-25T04:33:34","slug":"nehemiabok-4-kafli","status":"publish","type":"page","link":"https:\/\/biblian.is\/biblian\/nehemiabok-4-kafli\/","title":{"rendered":"Nehem\u00edab\u00f3k 4. kafli"},"content":{"rendered":"<p><a name=\"1\"><span class=\"versanumer_2007\">1<\/span><\/a> \u00deegar Sanballat, Tob\u00eda, Arabar, Amm\u00f3n\u00edtar og Asd\u00f3dmenn fr\u00e9ttu a\u00f0 s\u00e1r borgarm\u00fara Jer\u00fasalem greru, \u00fev\u00ed a\u00f0 sk\u00f6r\u00f0in t\u00f3ku n\u00fa a\u00f0 fyllast, ur\u00f0u \u00feeir afar rei\u00f0ir. <a name=\"2\"><span class=\"versanumer_2007\">2<\/span><\/a> \u00deeir ger\u00f0u allir sams\u00e6ri um a\u00f0 fara og r\u00e1\u00f0ast \u00e1 Jer\u00fasalem og stofna \u00fear til \u00f3eir\u00f0a.<br \/> <a name=\"3\"><span class=\"versanumer_2007\">3<\/span><\/a> Vi\u00f0 b\u00e1\u00f0um til Gu\u00f0s okkar og settum v\u00f6r\u00f0 um borgina dag og n\u00f3tt til verndar gegn \u00feeim. <a name=\"4\"><span class=\"versanumer_2007\">4<\/span><\/a> En \u00ed J\u00fada var sagt:<br \/> <span class=\"ljodatexti\"> Afl bur\u00f0armannsins \u00feverr:<br \/>\u00dear sem r\u00fastirnar eru miklar<br \/>mun okkur ekki takast<br \/>a\u00f0 endurreisa borgarm\u00farana. <\/span> <br \/> <a name=\"5\"><span class=\"versanumer_2007\">5<\/span><\/a> En andst\u00e6\u00f0ingar okkar s\u00f6g\u00f0u: \u201e\u00deeir eiga hvorki a\u00f0 ver\u00f0a einhvers varir n\u00e9 sj\u00e1 eitthva\u00f0 fyrr en vi\u00f0 erum komnir \u00e1 me\u00f0al \u00feeirra. \u00de\u00e1 drepum vi\u00f0 \u00fe\u00e1 og st\u00f6\u00f0vum \u00feetta verk.\u201c<br \/> <a name=\"6\"><span class=\"versanumer_2007\">6<\/span><\/a> Gy\u00f0ingar, sem bjuggu \u00ed grennd vi\u00f0 \u00fe\u00e1, komu og s\u00f6g\u00f0u okkur a\u00f0 minnsta kosti t\u00edu sinnum fr\u00e1 \u00f6llu \u00fev\u00ed illa sem \u00feeir h\u00f6f\u00f0u \u00e6tla\u00f0 a\u00f0 gera okkur. <a name=\"7\"><span class=\"versanumer_2007\">7<\/span><\/a> \u00c9g setti \u00fe\u00e1 var\u00f0li\u00f0 \u00e1 opnum sv\u00e6\u00f0um bak vi\u00f0 m\u00farinn og fylkti f\u00f3lkinu eftir \u00e6ttb\u00e1lkum, vopnu\u00f0u sver\u00f0um s\u00ednum, spj\u00f3tum og bogum. <a name=\"8\"><span class=\"versanumer_2007\">8<\/span><\/a> \u00deegar \u00e9g s\u00e1 a\u00f0 f\u00f3lki\u00f0 var hr\u00e6tt gekk \u00e9g fram og \u00e1varpa\u00f0i a\u00f0alsmennina, emb\u00e6ttismennina og hitt f\u00f3lki\u00f0: \u201e\u00d3ttist \u00fe\u00e1 ekki. Hafi\u00f0 hinn mikla og \u00f3gnvekjandi Drottin \u00ed huga og berjist fyrir br\u00e6\u00f0ur ykkar, syni, d\u00e6tur, eiginkonur og \u00e6ttir.\u201c<br \/> <a name=\"9\"><span class=\"versanumer_2007\">9<\/span><\/a> N\u00fa fr\u00e9ttu fjandmenn okkar a\u00f0 vi\u00f0 vissum hva\u00f0 \u00feeir h\u00f6f\u00f0u \u00ed huga. Gu\u00f0 haf\u00f0i \u00f3n\u00fdtt r\u00e1\u00f0ager\u00f0 \u00feeirra. Vi\u00f0 h\u00e9ldum \u00fev\u00ed allir aftur a\u00f0 m\u00farnum, hver til s\u00edns verks.<br \/> <a name=\"10\"><span class=\"versanumer_2007\">10<\/span><\/a> Fr\u00e1 \u00feessum degi vann a\u00f0eins helmingur manna minna a\u00f0 vi\u00f0ger\u00f0inni. Hinn helmingurinn haf\u00f0i spj\u00f3t, skildi, boga og brynjur til taks og li\u00f0sforingjarnir st\u00f3\u00f0u \u00e1 bak vi\u00f0 allan \u00e6ttb\u00e1lk J\u00fada <a name=\"11\"><span class=\"versanumer_2007\">11<\/span><\/a> \u00fear sem hann vann a\u00f0 endurreisn m\u00farsins. Bur\u00f0armennirnir voru einnig vopna\u00f0ir, \u00feeir unnu me\u00f0 annarri hendi en \u00ed hinni h\u00e9ldu \u00feeir \u00e1 spj\u00f3ti. <a name=\"12\"><span class=\"versanumer_2007\">12<\/span><\/a> S\u00e9rhver sem vann a\u00f0 vi\u00f0ger\u00f0 m\u00farsins var gyrtur sver\u00f0i um lendar s\u00e9r og vann \u00feannig.<br \/>\u00c9g haf\u00f0i l\u00fa\u00f0ur\u00feeytarann vi\u00f0 hli\u00f0 m\u00e9r <a name=\"13\"><span class=\"versanumer_2007\">13<\/span><\/a> \u00feegar \u00e9g \u00e1varpa\u00f0i a\u00f0alsmennina, emb\u00e6ttismennina og hitt f\u00f3lki\u00f0: \u201eVerki\u00f0 er miki\u00f0 og margv\u00edslegt. Vi\u00f0 erum dreif\u00f0ir \u00e1 borgarm\u00farnum og langt hver fr\u00e1 \u00f6\u00f0rum. <a name=\"14\"><span class=\"versanumer_2007\">14<\/span><\/a> \u00dei\u00f0 skulu\u00f0 safnast saman \u00fear sem \u00fei\u00f0 heyri\u00f0 l\u00fa\u00f0urinn gjalla. Gu\u00f0 okkar mun berjast fyrir okkur.\u201c<br \/> <a name=\"15\"><span class=\"versanumer_2007\">15<\/span><\/a> Vi\u00f0 unnum verki\u00f0 \u00feannig a\u00f0 helmingurinn haf\u00f0i spj\u00f3t til taks fr\u00e1 \u00fev\u00ed ro\u00f0a\u00f0i af morgni og \u00fear til stj\u00f6rnurnar birtust. <a name=\"16\"><span class=\"versanumer_2007\">16<\/span><\/a> \u00c1 sama t\u00edma gaf \u00e9g f\u00f3lkinu \u00feessi fyrirm\u00e6li:<br \/>\u201eHver ma\u00f0ur \u00e1 a\u00f0 vera \u00ed Jer\u00fasalem \u00e1 n\u00f3ttunni \u00e1samt m\u00f6nnum s\u00ednum. \u00de\u00e1 geta \u00feeir veri\u00f0 ver\u00f0ir okkar \u00e1 n\u00f3ttunni en unni\u00f0 a\u00f0 verkinu \u00e1 daginn.\u201c <a name=\"17\"><span class=\"versanumer_2007\">17<\/span><\/a> Hvorki \u00e9g sj\u00e1lfur, br\u00e6\u00f0ur m\u00ednir, menn m\u00ednir n\u00e9 var\u00f0mennirnir, sem fylgdu m\u00e9r, afkl\u00e6ddumst. Hver ma\u00f0ur haf\u00f0i spj\u00f3t sitt s\u00e9r \u00e1 h\u00e6gri h\u00f6nd.<\/p>\n","protected":false},"excerpt":{"rendered":"<p>1 \u00deegar Sanballat, Tob\u00eda, Arabar, Amm\u00f3n\u00edtar og Asd\u00f3dmenn fr\u00e9ttu a\u00f0 s\u00e1r borgarm\u00fara Jer\u00fasalem greru, \u00fev\u00ed a\u00f0 sk\u00f6r\u00f0in t\u00f3ku n\u00fa a\u00f0 fyllast, ur\u00f0u \u00feeir afar rei\u00f0ir. 2 \u00deeir ger\u00f0u allir sams\u00e6ri um a\u00f0 fara og r\u00e1\u00f0ast \u00e1 Jer\u00fasalem og stofna \u00fear til \u00f3eir\u00f0a. 3 Vi\u00f0 b\u00e1\u00f0um til Gu\u00f0s okkar og settum v\u00f6r\u00f0 um borgina dag og n\u00f3tt til verndar gegn \u00feeim. 4 En \u00ed J\u00fada var sagt: Afl bur\u00f0armannsins \u00feverr:\u00dear sem r\u00fastirnar eru miklarmun okkur ekki takasta\u00f0 endurreisa borgarm\u00farana. 5 En andst\u00e6\u00f0ingar okkar s\u00f6g\u00f0u: \u201e\u00deeir eiga hvorki a\u00f0 ver\u00f0a einhvers varir n\u00e9 sj\u00e1 eitthva\u00f0 fyrr en vi\u00f0 erum komnir \u00e1 me\u00f0al <a href=\"https:\/\/biblian.is\/biblian\/nehemiabok-4-kafli\/\"> [&#8230;]<\/a><\/p>\n","protected":false},"author":1,"featured_media":0,"parent":0,"menu_order":0,"comment_status":"open","ping_status":"open","template":"bibliukaflar_NT.php","meta":{"footnotes":""},"class_list":["post-2034","page","type-page","status-publish","hentry"],"_links":{"self":[{"href":"https:\/\/biblian.is\/biblian\/wp-json\/wp\/v2\/pages\/2034","targetHints":{"allow":["GET"]}}],"collection":[{"href":"https:\/\/biblian.is\/biblian\/wp-json\/wp\/v2\/pages"}],"about":[{"href":"https:\/\/biblian.is\/biblian\/wp-json\/wp\/v2\/types\/page"}],"author":[{"embeddable":true,"href":"https:\/\/biblian.is\/biblian\/wp-json\/wp\/v2\/users\/1"}],"replies":[{"embeddable":true,"href":"https:\/\/biblian.is\/biblian\/wp-json\/wp\/v2\/comments?post=2034"}],"version-history":[{"count":0,"href":"https:\/\/biblian.is\/biblian\/wp-json\/wp\/v2\/pages\/2034\/revisions"}],"wp:attachment":[{"href":"https:\/\/biblian.is\/biblian\/wp-json\/wp\/v2\/media?parent=2034"}],"curies":[{"name":"wp","href":"https:\/\/api.w.org\/{rel}","templated":true}]}}