{"id":2033,"date":"2017-12-30T21:01:25","date_gmt":"2017-12-30T21:01:25","guid":{"rendered":"http:\/\/biblian.is\/biblian\/nehem%c2%92ab%c2%97k-3-kafli\/"},"modified":"2023-02-25T04:33:33","modified_gmt":"2023-02-25T04:33:33","slug":"nehemiabok-3-kafli","status":"publish","type":"page","link":"https:\/\/biblian.is\/biblian\/nehemiabok-3-kafli\/","title":{"rendered":"Nehem\u00edab\u00f3k 3. kafli"},"content":{"rendered":"<h3 class=\"millifyrirsogn_2007\"> Endurreisn m\u00fara Jer\u00fasalem<\/h3>\n<p><a name=\"1\"><span class=\"versanumer_2007\">1<\/span><\/a> Eljas\u00edb \u00e6\u00f0sti prestur og hinir prestarnir, emb\u00e6ttisbr\u00e6\u00f0ur hans, h\u00f3fu verki\u00f0 og endurreistu Sau\u00f0ahli\u00f0i\u00f0. \u00deeir endurn\u00fdju\u00f0u \u00fea\u00f0 og komu v\u00e6ngjahur\u00f0um fyrir \u00ed \u00fev\u00ed. \u00deeir h\u00e9ldu \u00e1fram a\u00f0 Hundra\u00f0mannaturni og \u00fea\u00f0an a\u00f0 Hananelturni.<br \/> <a name=\"2\"><span class=\"versanumer_2007\">2<\/span><\/a> Vi\u00f0 hli\u00f0 \u00feeirra unnu menn fr\u00e1 Jer\u00edk\u00f3 a\u00f0 byggingunni og vi\u00f0 \u00feeirra hli\u00f0 Sakk\u00far Imr\u00edson.<br \/> <a name=\"3\"><span class=\"versanumer_2007\">3<\/span><\/a> Synir Senaa endurreistu Fiskhli\u00f0i\u00f0. \u00deeir komu fyrir bj\u00e1lkum og v\u00e6ngjahur\u00f0um, l\u00e1s og slagbr\u00f6ndum.<br \/> <a name=\"4\"><span class=\"versanumer_2007\">4<\/span><\/a> Vi\u00f0 hli\u00f0 \u00feeirra vann a\u00f0 vi\u00f0ger\u00f0inni Merem\u00f3t \u00dar\u00edason, Hakk\u00f3ssonar. N\u00e6stur honum vann Mes\u00fallam Berek\u00edason, Mesesabeelssonar, a\u00f0 vi\u00f0ger\u00f0inni. Vi\u00f0 hli\u00f0ina \u00e1 honum Sad\u00f3k Baanason.<br \/> <a name=\"5\"><span class=\"versanumer_2007\">5<\/span><\/a> Vi\u00f0 hli\u00f0ina \u00e1 honum unnu menn fr\u00e1 Tek\u00f3a a\u00f0 vi\u00f0ger\u00f0inni en a\u00f0alsmennirnir \u00e1 me\u00f0al \u00feeirra vildu ekki beygja sv\u00edrann og \u00fej\u00f3na herra s\u00ednum.<br \/> <a name=\"6\"><span class=\"versanumer_2007\">6<\/span><\/a> J\u00f3jada Paseason og Mes\u00fallam Bes\u00f3d\u00edason ger\u00f0u vi\u00f0 Jesanahli\u00f0i\u00f0. \u00deeir komu fyrir bj\u00e1lkum, v\u00e6ngjahur\u00f0um, l\u00e1s og slagbr\u00f6ndum.<br \/> <a name=\"7\"><span class=\"versanumer_2007\">7<\/span><\/a> Vi\u00f0 hli\u00f0 \u00feeirra vann Melatja fr\u00e1 G\u00edbeon a\u00f0 vi\u00f0ger\u00f0inni \u00e1samt Jad\u00f3n fr\u00e1 Mer\u00f3n\u00f3t og m\u00f6nnum fr\u00e1 G\u00edbeon og Mispa \u00fear sem var a\u00f0setur landstj\u00f3ra skattlandsins handan Flj\u00f3ts.<br \/> <a name=\"8\"><span class=\"versanumer_2007\">8<\/span><\/a> Vi\u00f0 hli\u00f0 \u00feeirra vann \u00dass\u00edel Harhajason, einn af gullsmi\u00f0unum, a\u00f0 vi\u00f0ger\u00f0inni og n\u00e6stur honum Hananja, einn af smyrslager\u00f0arm\u00f6nnunum. \u00deeir v\u00edggirtu Jer\u00fasalem a\u00f0 brei\u00f0a m\u00farnum.<br \/> <a name=\"9\"><span class=\"versanumer_2007\">9<\/span><\/a> Vi\u00f0 hli\u00f0 \u00feeirra vann Refaja H\u00farsson sem stj\u00f3rna\u00f0i h\u00e1lfu Jer\u00fasalemh\u00e9ra\u00f0i.<br \/> <a name=\"10\"><span class=\"versanumer_2007\">10<\/span><\/a> Vi\u00f0 hli\u00f0 hans vann Jedaja Har\u00famafsson a\u00f0 vi\u00f0ger\u00f0inni gegnt h\u00fasi s\u00ednu, n\u00e6stur honum Hatt\u00fas Hasabnejason.<br \/> <a name=\"11\"><span class=\"versanumer_2007\">11<\/span><\/a> Malk\u00eda Har\u00edmsson og Has\u00fab Pahat M\u00f3absson ger\u00f0u vi\u00f0 m\u00farinn \u00e1 \u00f6\u00f0rum sta\u00f0 svo og Ofnturninn.<br \/> <a name=\"12\"><span class=\"versanumer_2007\">12<\/span><\/a> Vi\u00f0 hli\u00f0 \u00feeirra vann Sall\u00fam Hall\u00f3hesson a\u00f0 vi\u00f0ger\u00f0inni, s\u00e1 sem stj\u00f3rna\u00f0i hinum helmingi Jer\u00fasalemh\u00e9ra\u00f0s. D\u00e6tur hans unnu me\u00f0 honum.<br \/> <a name=\"13\"><span class=\"versanumer_2007\">13<\/span><\/a> Han\u00fan og \u00edb\u00faarnir \u00ed San\u00f3a ger\u00f0u vi\u00f0 Dalshli\u00f0i\u00f0. \u00deeir reistu \u00fea\u00f0 a\u00f0 n\u00fdju og komu fyrir \u00ed \u00fev\u00ed v\u00e6ngjahur\u00f0um, l\u00e1s og slagbr\u00f6ndum. \u00deeir ger\u00f0u einnig vi\u00f0 \u00fe\u00fasund \u00e1lnir af borgarm\u00farnum, allt a\u00f0 \u00d6skuhli\u00f0inu.<br \/> <a name=\"14\"><span class=\"versanumer_2007\">14<\/span><\/a> Malk\u00eda Rehabsson, stj\u00f3rnandi Keremh\u00e9ra\u00f0s, ger\u00f0i vi\u00f0 \u00d6skuhli\u00f0i\u00f0. Hann reisti \u00fea\u00f0 a\u00f0 n\u00fdju og kom fyrir \u00ed \u00fev\u00ed v\u00e6ngjahur\u00f0um, l\u00e1s og slagbr\u00f6ndum.<br \/> <a name=\"15\"><span class=\"versanumer_2007\">15<\/span><\/a> Sall\u00fan Kol H\u00f3eson, stj\u00f3rnandi Mispah\u00e9ra\u00f0s, ger\u00f0i vi\u00f0 Lindarhli\u00f0i\u00f0. Hann reisti \u00fea\u00f0 a\u00f0 n\u00fdju, ger\u00f0i \u00e1 \u00fea\u00f0 \u00feak og kom fyrir \u00ed \u00fev\u00ed v\u00e6ngjahur\u00f0um, l\u00e1s og slagbr\u00f6ndum. Enn fremur ger\u00f0i hann vi\u00f0 m\u00farinn vi\u00f0 vatns veitutj\u00f6rnina hj\u00e1 gar\u00f0i konungs, allt a\u00f0 \u00ferepunum sem liggja ni\u00f0ur fr\u00e1 borg Dav\u00ed\u00f0s.<br \/> <a name=\"16\"><span class=\"versanumer_2007\">16<\/span><\/a> N\u00e6stur honum var Nehem\u00eda Asb\u00faksson, s\u00e1 sem stj\u00f3rna\u00f0i h\u00e1lfu Bet S\u00farh\u00e9ra\u00f0i, og vann hann a\u00f0 vi\u00f0ger\u00f0inni \u00fear til komi\u00f0 var a\u00f0 sta\u00f0 einum gegnt gr\u00f6fum Dav\u00ed\u00f0s og a\u00f0 tilb\u00fanu tj\u00f6rninni og a\u00f0 herb\u00fa\u00f0unum.<br \/> <a name=\"17\"><span class=\"versanumer_2007\">17<\/span><\/a> N\u00e6stir honum unnu Lev\u00edtarnir a\u00f0 vi\u00f0ger\u00f0inni. \u00dea\u00f0 voru \u00feeir Reh\u00fam Ban\u00edson og n\u00e6stur honum Hasabja, s\u00e1 sem stj\u00f3rna\u00f0i helmingi Keg\u00edluh\u00e9ra\u00f0s, og vann hann fyrir h\u00e9ra\u00f0 sitt.<br \/> <a name=\"18\"><span class=\"versanumer_2007\">18<\/span><\/a> N\u00e6stir honum unnu br\u00e6\u00f0ur \u00feeirra og f\u00f3r Bavva\u00ed Henadadsson, s\u00e1 sem stj\u00f3rna\u00f0i hinum helmingi Keg\u00edluh\u00e9ra\u00f0s, fyrir \u00feeim. <a name=\"19\"><span class=\"versanumer_2007\">19<\/span><\/a> Vi\u00f0 hli\u00f0 hans vann Eser Jes\u00faason, h\u00f6f\u00f0ingi yfir Mispa, a\u00f0 vi\u00f0ger\u00f0 \u00e1 \u00f6\u00f0rum hluta m\u00farsins, gegnt veginum upp a\u00f0 vopnab\u00farinu vi\u00f0 horni\u00f0 \u00e1 m\u00farnum.<br \/> <a name=\"20\"><span class=\"versanumer_2007\">20<\/span><\/a> N\u00e6stur honum vann Bar\u00fak Sabba\u00edson vi\u00f0 m\u00farinn, fr\u00e1 horninu og a\u00f0 dyrunum \u00e1 h\u00fasi Eljas\u00edbs \u00e6\u00f0sta prests.<br \/> <a name=\"21\"><span class=\"versanumer_2007\">21<\/span><\/a> N\u00e6stur honum vann Merem\u00f3t \u00dar\u00edason, Hakk\u00f3ssonar. Hann ger\u00f0i vi\u00f0 m\u00farinn fr\u00e1 dyrunum og a\u00f0 endanum \u00e1 h\u00fasi Eljas\u00edbs.<br \/> <a name=\"22\"><span class=\"versanumer_2007\">22<\/span><\/a> N\u00e6stir honum voru prestarnir sem bjuggu \u00ed grenndinni og unnu a\u00f0 vi\u00f0ger\u00f0inni.<br \/> <a name=\"23\"><span class=\"versanumer_2007\">23<\/span><\/a> N\u00e6stir \u00feeim voru Benjam\u00edn og Hass\u00fab og unnu a\u00f0 vi\u00f0ger\u00f0inni gegnt h\u00fasi s\u00ednu.<br \/>N\u00e6stur \u00feeim var Asarja Maasejason, Ananjasonar, og vann a\u00f0 vi\u00f0ger\u00f0inni vi\u00f0 hli\u00f0ina \u00e1 h\u00fasi s\u00ednu.<br \/> <a name=\"24\"><span class=\"versanumer_2007\">24<\/span><\/a> N\u00e6stur honum vann Binn\u00fa\u00ed Henadadsson. Hann ger\u00f0i vi\u00f0 m\u00farinn fr\u00e1 h\u00fasi Asarja a\u00f0 beygjunni og \u00e1fram a\u00f0 horninu.<br \/> <a name=\"25\"><span class=\"versanumer_2007\">25<\/span><\/a> Palal \u00dasa\u00edson vann a\u00f0 vi\u00f0ger\u00f0inni gegnt beygjunni \u00e1 m\u00farnum og turninum sem gengur \u00fat \u00far efra h\u00fasi konungs vi\u00f0 gar\u00f0 var\u00f0li\u00f0sins.<br \/>N\u00e6stur honum vann Pedaja Par\u00f3sson.<br \/> <a name=\"26\"><span class=\"versanumer_2007\">26<\/span><\/a> Musteris\u00fej\u00f3narnir bjuggu \u00ed \u00d3fel. \u00deeir unnu a\u00f0 vi\u00f0ger\u00f0inni austur a\u00f0 Vatnshli\u00f0inu og turninum sem gengur \u00fat \u00far h\u00fasi konungs.<br \/> <a name=\"27\"><span class=\"versanumer_2007\">27<\/span><\/a> N\u00e6stir Pedaja unnu menn fr\u00e1 Tek\u00f3a og ger\u00f0u vi\u00f0 m\u00farinn fr\u00e1 sta\u00f0 gegnt st\u00f3ra turninum, sem gengur \u00fat \u00far h\u00fasi konungs, a\u00f0 \u00d3felm\u00farnum.<br \/> <a name=\"28\"><span class=\"versanumer_2007\">28<\/span><\/a> Ofan vi\u00f0 Hestahli\u00f0i\u00f0 unnu prestarnir a\u00f0 vi\u00f0ger\u00f0inni, hver gegnt h\u00fasi s\u00ednu.<br \/> <a name=\"29\"><span class=\"versanumer_2007\">29<\/span><\/a> N\u00e6stur \u00feeim var Sad\u00f3k Immersson. Hann vann a\u00f0 vi\u00f0ger\u00f0inni gegnt h\u00fasi s\u00ednu.<br \/>N\u00e6stur honum vann Semaja, sonur Sekanja, v\u00f6r\u00f0ur Austurhli\u00f0sins.<br \/> <a name=\"30\"><span class=\"versanumer_2007\">30<\/span><\/a> N\u00e6stir honum voru Hananja Selemjason og Han\u00fan, sj\u00f6tti sonur Salafs. \u00deeir ger\u00f0u vi\u00f0 hluta m\u00farsins.<br \/>N\u00e6stur \u00feeim vann Mes\u00fallam Berek\u00edason a\u00f0 vi\u00f0ger\u00f0inni gegnt vistarveru sinni.<br \/> <a name=\"31\"><span class=\"versanumer_2007\">31<\/span><\/a> N\u00e6stur honum var Malk\u00eda, einn af gullsmi\u00f0unum. Hann vann a\u00f0 vi\u00f0ger\u00f0inni a\u00f0 h\u00fasi musteris\u00fej\u00f3nanna og kaupmannanna gegnt Var\u00f0hli\u00f0inu og a\u00f0 Hornturninum.<br \/> <a name=\"32\"><span class=\"versanumer_2007\">32<\/span><\/a> A\u00f0 vi\u00f0ger\u00f0inni milli Hornturnsins og Sau\u00f0ahli\u00f0sins unnu gullsmi\u00f0ir og kaupmenn.<br \/> <a name=\"33\"><span class=\"versanumer_2007\">33<\/span><\/a> \u00deegar Sanballat fr\u00e9tti a\u00f0 vi\u00f0 v\u00e6rum a\u00f0 endurreisa borgarm\u00farinn var\u00f0 hann b\u00e6\u00f0i gramur og rei\u00f0ur. Hann h\u00e6ddi Gy\u00f0ingana<span class=\"nedan_mal\" title=\" 4.1 \u00ed sumum Bibl\u00edu\u00fatg\u00e1fum.\">[<\/span> <a name=\"34\"><span class=\"versanumer_2007\">34<\/span><\/a> og sag\u00f0i frammi fyrir br\u00e6\u00f0rum s\u00ednum og herli\u00f0inu \u00ed Samar\u00edu:<br \/> \u201eHva\u00f0 eru \u00feessir aumu Gy\u00f0ingar a\u00f0 gera? Halda \u00feeir a\u00f0 \u00feeir geti loki\u00f0 \u00feessu? \u00c6tla \u00feeir a\u00f0 fara a\u00f0 f\u00e6ra f\u00f3rnir og lj\u00faka \u00feessu \u00e1 einum degi? \u00c6tla \u00feeir a\u00f0 g\u00e6\u00f0a steinana \u00ed r\u00fastunum l\u00edfi \u00e1 n\u00fd \u00fe\u00f3tt brunnir s\u00e9u?\u201c<br \/> <a name=\"35\"><span class=\"versanumer_2007\">35<\/span><\/a> Tob\u00eda Amm\u00f3n\u00edti st\u00f3\u00f0 vi\u00f0 hli\u00f0 hans og sag\u00f0i: \u201eHva\u00f0 svo sem \u00feeir eru a\u00f0 byggja \u00fe\u00e1 hrynur \u00feessi steinveggur \u00feeirra ef svo miki\u00f0 sem refur st\u00edgur \u00e1 hann.\u201c<\/p>\n<h3 class=\"millifyrirsogn_2007\">B\u00e6n Nehem\u00eda<\/h3>\n<p><a name=\"36\"><span class=\"versanumer_2007\">36<\/span><\/a> \u201eHeyr, Gu\u00f0, hvernig v\u00e9r erum haf\u00f0ir a\u00f0 h\u00e1\u00f0i og spotti. L\u00e1t sv\u00edvir\u00f0ingar \u00feeirra koma \u00feeim sj\u00e1lfum \u00ed koll og l\u00e1t r\u00e6na \u00feeim og flytja til framandi lands. <a name=\"37\"><span class=\"versanumer_2007\">37<\/span><\/a> Dyldu ekki gl\u00e6pi \u00feeirra og l\u00e1t synd \u00feeirra aldrei afm\u00e1st frammi fyrir \u00fe\u00e9r \u00fev\u00ed a\u00f0 \u00feeir hafa egnt \u00fe\u00e1 til rei\u00f0i sem unnu a\u00f0 endurreisninni.\u201c<\/p>\n<h3 class=\"millifyrirsogn_2007\">Varnir gegn andst\u00e6\u00f0ingum<\/h3>\n<p><a name=\"38\"><span class=\"versanumer_2007\">38<\/span><\/a> En vi\u00f0 unnum \u00e1fram a\u00f0 \u00fev\u00ed a\u00f0 endurreisa m\u00farinn og allur m\u00farinn n\u00e1\u00f0i h\u00e1lfri h\u00e6\u00f0 \u00fev\u00ed a\u00f0 f\u00f3lki\u00f0 var heils hugar vi\u00f0 verki\u00f0.<\/p>\n","protected":false},"excerpt":{"rendered":"<p>Endurreisn m\u00fara Jer\u00fasalem 1 Eljas\u00edb \u00e6\u00f0sti prestur og hinir prestarnir, emb\u00e6ttisbr\u00e6\u00f0ur hans, h\u00f3fu verki\u00f0 og endurreistu Sau\u00f0ahli\u00f0i\u00f0. \u00deeir endurn\u00fdju\u00f0u \u00fea\u00f0 og komu v\u00e6ngjahur\u00f0um fyrir \u00ed \u00fev\u00ed. \u00deeir h\u00e9ldu \u00e1fram a\u00f0 Hundra\u00f0mannaturni og \u00fea\u00f0an a\u00f0 Hananelturni. 2 Vi\u00f0 hli\u00f0 \u00feeirra unnu menn fr\u00e1 Jer\u00edk\u00f3 a\u00f0 byggingunni og vi\u00f0 \u00feeirra hli\u00f0 Sakk\u00far Imr\u00edson. 3 Synir Senaa endurreistu Fiskhli\u00f0i\u00f0. \u00deeir komu fyrir bj\u00e1lkum og v\u00e6ngjahur\u00f0um, l\u00e1s og slagbr\u00f6ndum. 4 Vi\u00f0 hli\u00f0 \u00feeirra vann a\u00f0 vi\u00f0ger\u00f0inni Merem\u00f3t \u00dar\u00edason, Hakk\u00f3ssonar. N\u00e6stur honum vann Mes\u00fallam Berek\u00edason, Mesesabeelssonar, a\u00f0 vi\u00f0ger\u00f0inni. Vi\u00f0 hli\u00f0ina \u00e1 honum Sad\u00f3k Baanason. 5 Vi\u00f0 hli\u00f0ina \u00e1 honum unnu menn fr\u00e1 Tek\u00f3a a\u00f0 vi\u00f0ger\u00f0inni <a href=\"https:\/\/biblian.is\/biblian\/nehemiabok-3-kafli\/\"> [&#8230;]<\/a><\/p>\n","protected":false},"author":1,"featured_media":0,"parent":0,"menu_order":0,"comment_status":"open","ping_status":"open","template":"bibliukaflar_NT.php","meta":{"footnotes":""},"class_list":["post-2033","page","type-page","status-publish","hentry"],"_links":{"self":[{"href":"https:\/\/biblian.is\/biblian\/wp-json\/wp\/v2\/pages\/2033","targetHints":{"allow":["GET"]}}],"collection":[{"href":"https:\/\/biblian.is\/biblian\/wp-json\/wp\/v2\/pages"}],"about":[{"href":"https:\/\/biblian.is\/biblian\/wp-json\/wp\/v2\/types\/page"}],"author":[{"embeddable":true,"href":"https:\/\/biblian.is\/biblian\/wp-json\/wp\/v2\/users\/1"}],"replies":[{"embeddable":true,"href":"https:\/\/biblian.is\/biblian\/wp-json\/wp\/v2\/comments?post=2033"}],"version-history":[{"count":0,"href":"https:\/\/biblian.is\/biblian\/wp-json\/wp\/v2\/pages\/2033\/revisions"}],"wp:attachment":[{"href":"https:\/\/biblian.is\/biblian\/wp-json\/wp\/v2\/media?parent=2033"}],"curies":[{"name":"wp","href":"https:\/\/api.w.org\/{rel}","templated":true}]}}