{"id":2032,"date":"2017-12-30T21:01:25","date_gmt":"2017-12-30T21:01:25","guid":{"rendered":"http:\/\/biblian.is\/biblian\/nehem%c2%92ab%c2%97k-2-kafli\/"},"modified":"2023-02-25T04:33:32","modified_gmt":"2023-02-25T04:33:32","slug":"nehemiabok-2-kafli","status":"publish","type":"page","link":"https:\/\/biblian.is\/biblian\/nehemiabok-2-kafli\/","title":{"rendered":"Nehem\u00edab\u00f3k 2. kafli"},"content":{"rendered":"<h3 class=\"millifyrirsogn_2007\"> Nehem\u00eda fer til Jer\u00fasalem<\/h3>\n<p><a name=\"1\"><span class=\"versanumer_2007\">1<\/span><\/a> \u00cd n\u00edsanm\u00e1nu\u00f0i, \u00e1 tuttugasta stj\u00f3rnar\u00e1ri Artaxerxesar konungs, \u00feegar \u00e9g s\u00e1 um v\u00ednf\u00f6ngin, t\u00f3k \u00e9g v\u00edni\u00f0 og r\u00e9tti konungi. Konungur haf\u00f0i ekki s\u00e9\u00f0 mig ni\u00f0urdreginn \u00e1\u00f0ur <a name=\"2\"><span class=\"versanumer_2007\">2<\/span><\/a> svo a\u00f0 hann spur\u00f0i: \u201eHvers vegna ertu svona dapur \u00ed brag\u00f0i? \u00de\u00fa ert \u00fe\u00f3 ekki veikur? Eitthva\u00f0 hl\u00fdtur a\u00f0 hv\u00edla \u00e1 \u00fe\u00e9r.\u201c<span class=\"nedan_mal\" title=\" Sbr. Okv 25.20.\">[<\/span> <br \/>\u00c9g var\u00f0 mj\u00f6g hr\u00e6ddur <a name=\"3\"><span class=\"versanumer_2007\">3<\/span><\/a> en svara\u00f0i konungi: \u201eKonungur lifi \u00e6vinlega. Hvers vegna skyldi ekki liggja illa \u00e1 m\u00e9r? Borgin, sem geymir grafir fe\u00f0ra minna, er \u00ed r\u00fast og hli\u00f0 hennar hafa veri\u00f0 brennd \u00ed eldi.\u201c<br \/> <a name=\"4\"><span class=\"versanumer_2007\">4<\/span><\/a> Konungur spur\u00f0i: \u201eHvers bei\u00f0istu \u00fe\u00e1?\u201c<br \/>\u00c9g ger\u00f0i b\u00e6n m\u00edna til Gu\u00f0s himinsins <a name=\"5\"><span class=\"versanumer_2007\">5<\/span><\/a> og svara\u00f0i \u00fev\u00ed n\u00e6st konungi: \u201eEf \u00fe\u00fa, konungur, telur \u00fea\u00f0 r\u00e9tt, og ef \u00fe\u00fa telur \u00fej\u00f3n \u00feinn f\u00e6ran um \u00fea\u00f0, sendu mig \u00fe\u00e1 til J\u00fada, til borgarinnar sem geymir grafir fe\u00f0ra minna, svo a\u00f0 \u00e9g geti endurreist hana.\u201c<br \/> <a name=\"6\"><span class=\"versanumer_2007\">6<\/span><\/a> \u00de\u00e1 spur\u00f0i konungur &#8211; en vi\u00f0 hli\u00f0 honum sat drottning: \u201eHve lengi ver\u00f0ur \u00fe\u00fa fjarverandi? Hven\u00e6r kemur\u00f0u aftur?\u201c<br \/>Konungi \u00fe\u00f3kna\u00f0ist a\u00f0 senda mig \u00feegar \u00e9g haf\u00f0i tilteki\u00f0 vi\u00f0 hann \u00e1kve\u00f0inn t\u00edma.<br \/> <a name=\"7\"><span class=\"versanumer_2007\">7<\/span><\/a> \u00dev\u00ed n\u00e6st sag\u00f0i \u00e9g vi\u00f0 konung: \u201eTelji konungur r\u00e9tt \u00e6tti a\u00f0 f\u00e1 m\u00e9r br\u00e9f til landstj\u00f3ranna \u00ed skattlandinu handan flj\u00f3ts<span class=\"nedan_mal\" title=\" \u00c1tt er vi\u00f0 Efrat. Undir persneskri stj\u00f3rn var \u00cdsrael hluti af persnesku skattlandi vestan vi\u00f0 Efrat.\">[<\/span> til \u00feess a\u00f0 \u00feeir leyfi m\u00e9r a\u00f0 fara yfir l\u00f6nd s\u00edn og \u00e9g komist alla lei\u00f0 til J\u00fada. <a name=\"8\"><span class=\"versanumer_2007\">8<\/span><\/a> Einnig \u00e6tti a\u00f0 f\u00e1 m\u00e9r br\u00e9f til Asafs, konunglegs sk\u00f3garvar\u00f0ar, til \u00feess a\u00f0 hann f\u00e1i m\u00e9r vi\u00f0 til a\u00f0 gera bj\u00e1lka \u00ed hli\u00f0 musterisvirkisins, borgarm\u00farana og h\u00fasi\u00f0 sem \u00e9g mun b\u00faa \u00ed.\u201c<br \/>Konungur ger\u00f0i \u00feetta \u00fear sem Gu\u00f0 h\u00e9lt verndarhendi yfir m\u00e9r.<br \/> <a name=\"9\"><span class=\"versanumer_2007\">9<\/span><\/a> \u00deegar \u00e9g kom til landstj\u00f3ranna \u00ed skattlandinu handan flj\u00f3ts afhenti \u00e9g \u00feeim br\u00e9f konungs. Konungur haf\u00f0i sent me\u00f0 m\u00e9r li\u00f0sforingja og riddara. <a name=\"10\"><span class=\"versanumer_2007\">10<\/span><\/a> \u00deegar Sanballat fr\u00e1 H\u00f3ron og Tob\u00eda, konungs\u00fej\u00f3nn fr\u00e1 Amm\u00f3n, fr\u00e9ttu \u00feetta \u00fe\u00f3tti \u00feeim mj\u00f6g mi\u00f0ur a\u00f0 kominn v\u00e6ri ma\u00f0ur sem \u00e6tla\u00f0i a\u00f0 g\u00e6ta hagsmuna \u00cdsraelsmanna.<\/p>\n<h3 class=\"millifyrirsogn_2007\">Nehem\u00eda sko\u00f0ar m\u00farana<\/h3>\n<p><a name=\"11\"><span class=\"versanumer_2007\">11<\/span><\/a> Eftir a\u00f0 \u00e9g kom til Jer\u00fasalem var \u00e9g um kyrrt \u00ed \u00ferj\u00e1 daga. <a name=\"12\"><span class=\"versanumer_2007\">12<\/span><\/a> \u00de\u00e1 f\u00f3r \u00e9g \u00e1 f\u00e6tur a\u00f0 n\u00e6turlagi \u00e1samt f\u00e1einum m\u00f6nnum en sk\u00fdr\u00f0i ekki nokkrum manni fr\u00e1 \u00fev\u00ed hverju Gu\u00f0 minn haf\u00f0i bl\u00e1si\u00f0 m\u00e9r \u00ed brj\u00f3st a\u00f0 gera fyrir Jer\u00fasalem.<span class=\"nedan_mal\" title=\" Annar lesh\u00e1ttur: fyrir \u00cdsrael.\">[<\/span> Engin skepna var me\u00f0 m\u00e9r \u00f6nnur en s\u00fa sem \u00e9g haf\u00f0i til rei\u00f0ar.<br \/> <a name=\"13\"><span class=\"versanumer_2007\">13<\/span><\/a> \u00c9g f\u00f3r \u00fat um Dalshli\u00f0i\u00f0 a\u00f0 n\u00e6turlagi, fram hj\u00e1 Drekalind og a\u00f0 \u00d6skuhli\u00f0inu og athuga\u00f0i \u00e1 lei\u00f0inni m\u00fara Jer\u00fasalemborgar en \u00feeir h\u00f6f\u00f0u veri\u00f0 rifnir ni\u00f0ur og hli\u00f0 hennar brennd \u00ed eldi. <a name=\"14\"><span class=\"versanumer_2007\">14<\/span><\/a> S\u00ed\u00f0an f\u00f3r \u00e9g yfir a\u00f0 Lindarhli\u00f0inu og Konungstj\u00f6rninni en \u00fe\u00e1 \u00ferengdi svo a\u00f0 skepnunni sem \u00e9g rei\u00f0 a\u00f0 h\u00fan komst ekki lengra. <a name=\"15\"><span class=\"versanumer_2007\">15<\/span><\/a> \u00c9g gekk \u00fev\u00ed upp dalinn um n\u00f3ttina og huga\u00f0i a\u00f0 m\u00farunum \u00e1 lei\u00f0inni. \u00de\u00e1 f\u00f3r \u00e9g aftur um Dalshli\u00f0i\u00f0 og h\u00e9lt heim.<br \/> <a name=\"16\"><span class=\"versanumer_2007\">16<\/span><\/a> R\u00e1\u00f0amenn vissu hvorki hvert \u00e9g haf\u00f0i fari\u00f0 n\u00e9 hva\u00f0 \u00e9g haf\u00f0i haft fyrir stafni. Fram a\u00f0 \u00feessu haf\u00f0i \u00e9g ekki sagt Gy\u00f0ingunum neitt, hvorki prestum, h\u00f6f\u00f0ingjum, r\u00e1\u00f0am\u00f6nnum n\u00e9 \u00f6\u00f0rum emb\u00e6ttism\u00f6nnum. <a name=\"17\"><span class=\"versanumer_2007\">17<\/span><\/a> En n\u00fa sag\u00f0i \u00e9g vi\u00f0 \u00fe\u00e1: \u201e\u00dei\u00f0 sj\u00e1i\u00f0 sj\u00e1lfir \u00fe\u00e1 eymd sem vi\u00f0 b\u00faum vi\u00f0. Jer\u00fasalem er \u00ed r\u00fast og hli\u00f0 hennar hafa veri\u00f0 brennd \u00ed eldi. Hefjumst n\u00fa handa. Vi\u00f0 skulum endurreisa m\u00fara Jer\u00fasalem, \u00fe\u00e1 b\u00faum vi\u00f0 ekki lengur vi\u00f0 \u00feessa ni\u00f0url\u00e6gingu.\u201c<br \/> <a name=\"18\"><span class=\"versanumer_2007\">18<\/span><\/a> \u00dev\u00ed n\u00e6st sk\u00fdr\u00f0i \u00e9g \u00feeim fr\u00e1 \u00fev\u00ed me\u00f0 hv\u00edl\u00edkri g\u00e6sku h\u00f6nd Gu\u00f0s m\u00edns hef\u00f0i hv\u00edlt yfir m\u00e9r og eins hverju konungur hef\u00f0i heiti\u00f0 m\u00e9r. \u00de\u00e1 sv\u00f6ru\u00f0u \u00feeir: \u201eHefjumst handa vi\u00f0 a\u00f0 byggja.\u201c S\u00ed\u00f0an t\u00f3ku \u00feeir til vi\u00f0 \u00feetta g\u00f3\u00f0a verk.<br \/> <a name=\"19\"><span class=\"versanumer_2007\">19<\/span><\/a> \u00deegar Sanballat H\u00f3ron\u00edti, Tob\u00eda fr\u00e1 Amm\u00f3n, emb\u00e6ttisma\u00f0ur konungs, og Gesem Arabi fr\u00e9ttu \u00feetta h\u00e6ddu \u00feeir okkur og spur\u00f0u fyrirlitlega: \u201eHva\u00f0 er \u00feetta sem \u00fei\u00f0 eru\u00f0 a\u00f0 gera? \u00c6tli\u00f0 \u00fei\u00f0 a\u00f0 gera uppreisn gegn konungi?\u201c <a name=\"20\"><span class=\"versanumer_2007\">20<\/span><\/a> \u00c9g svara\u00f0i \u00feeim og sag\u00f0i: \u201eGu\u00f0 himinsins mun l\u00e1ta okkur takast \u00feetta. Vi\u00f0, \u00fej\u00f3nar hans, munum hefjast handa vi\u00f0 endurreisnina. En \u00fei\u00f0 eigi\u00f0 hvorki hlutdeild n\u00e9 r\u00e9tt \u00ed Jer\u00fasalem og enginn minnist ykkar \u00fear.\u201c<\/p>\n","protected":false},"excerpt":{"rendered":"<p>Nehem\u00eda fer til Jer\u00fasalem 1 \u00cd n\u00edsanm\u00e1nu\u00f0i, \u00e1 tuttugasta stj\u00f3rnar\u00e1ri Artaxerxesar konungs, \u00feegar \u00e9g s\u00e1 um v\u00ednf\u00f6ngin, t\u00f3k \u00e9g v\u00edni\u00f0 og r\u00e9tti konungi. Konungur haf\u00f0i ekki s\u00e9\u00f0 mig ni\u00f0urdreginn \u00e1\u00f0ur 2 svo a\u00f0 hann spur\u00f0i: \u201eHvers vegna ertu svona dapur \u00ed brag\u00f0i? \u00de\u00fa ert \u00fe\u00f3 ekki veikur? Eitthva\u00f0 hl\u00fdtur a\u00f0 hv\u00edla \u00e1 \u00fe\u00e9r.\u201c[ \u00c9g var\u00f0 mj\u00f6g hr\u00e6ddur 3 en svara\u00f0i konungi: \u201eKonungur lifi \u00e6vinlega. Hvers vegna skyldi ekki liggja illa \u00e1 m\u00e9r? Borgin, sem geymir grafir fe\u00f0ra minna, er \u00ed r\u00fast og hli\u00f0 hennar hafa veri\u00f0 brennd \u00ed eldi.\u201c 4 Konungur spur\u00f0i: \u201eHvers bei\u00f0istu \u00fe\u00e1?\u201c\u00c9g ger\u00f0i b\u00e6n m\u00edna til Gu\u00f0s <a href=\"https:\/\/biblian.is\/biblian\/nehemiabok-2-kafli\/\"> [&#8230;]<\/a><\/p>\n","protected":false},"author":1,"featured_media":0,"parent":0,"menu_order":0,"comment_status":"open","ping_status":"open","template":"bibliukaflar_NT.php","meta":{"footnotes":""},"class_list":["post-2032","page","type-page","status-publish","hentry"],"_links":{"self":[{"href":"https:\/\/biblian.is\/biblian\/wp-json\/wp\/v2\/pages\/2032","targetHints":{"allow":["GET"]}}],"collection":[{"href":"https:\/\/biblian.is\/biblian\/wp-json\/wp\/v2\/pages"}],"about":[{"href":"https:\/\/biblian.is\/biblian\/wp-json\/wp\/v2\/types\/page"}],"author":[{"embeddable":true,"href":"https:\/\/biblian.is\/biblian\/wp-json\/wp\/v2\/users\/1"}],"replies":[{"embeddable":true,"href":"https:\/\/biblian.is\/biblian\/wp-json\/wp\/v2\/comments?post=2032"}],"version-history":[{"count":0,"href":"https:\/\/biblian.is\/biblian\/wp-json\/wp\/v2\/pages\/2032\/revisions"}],"wp:attachment":[{"href":"https:\/\/biblian.is\/biblian\/wp-json\/wp\/v2\/media?parent=2032"}],"curies":[{"name":"wp","href":"https:\/\/api.w.org\/{rel}","templated":true}]}}