{"id":2031,"date":"2017-12-30T21:01:25","date_gmt":"2017-12-30T21:01:25","guid":{"rendered":"http:\/\/biblian.is\/biblian\/nehem%c2%92ab%c2%97k-1-kafli\/"},"modified":"2023-02-25T04:33:30","modified_gmt":"2023-02-25T04:33:30","slug":"nehemiabok-1-kafli","status":"publish","type":"page","link":"https:\/\/biblian.is\/biblian\/nehemiabok-1-kafli\/","title":{"rendered":"Nehem\u00edab\u00f3k 1. kafli"},"content":{"rendered":"<h3 class=\"millifyrirsogn_2007\"> Fr\u00e9ttir fr\u00e1 Jer\u00fasalem<\/h3>\n<p><a name=\"1\"><span class=\"versanumer_2007\">1<\/span><\/a> Fr\u00e1s\u00f6gn Nehem\u00eda Hakal\u00edasonar.<br \/>Svo bar vi\u00f0 \u00ed k\u00edslevm\u00e1nu\u00f0i, \u00e1 tuttugasta stj\u00f3rnar\u00e1ri Artaxerxesar konungs, \u00feegar \u00e9g dvaldist \u00ed virkisborginni S\u00fasa, <a name=\"2\"><span class=\"versanumer_2007\">2<\/span><\/a> a\u00f0 Hanan\u00ed, einn br\u00e6\u00f0ra minna, kom fr\u00e1 J\u00fada \u00e1samt nokkrum fylgdarm\u00f6nnum.<br \/>\u00c9g spur\u00f0i \u00fe\u00e1 fr\u00e9tta af \u00feeim Gy\u00f0ingum sem komust undan og \u00feeim sem eftir voru af \u00feeim sem fluttir voru \u00ed \u00fatleg\u00f0. \u00c9g spur\u00f0i \u00fe\u00e1 einnig um Jer\u00fasalem. <a name=\"3\"><span class=\"versanumer_2007\">3<\/span><\/a> \u00deeir sv\u00f6ru\u00f0u: \u201e\u00deeir sem eftir eru af \u00feeim sem fluttir voru \u00ed \u00fatleg\u00f0 lifa \u00ed skattlandinu \u00ed mestu eymd og ni\u00f0url\u00e6gingu. Borgarm\u00farar Jer\u00fasalem hafa veri\u00f0 rofnir og borgarhli\u00f0in brennd \u00ed eldi.\u201c<br \/> <a name=\"4\"><span class=\"versanumer_2007\">4<\/span><\/a> \u00deegar \u00e9g heyr\u00f0i \u00feessar fr\u00e9ttir settist \u00e9g ni\u00f0ur og gr\u00e9t. \u00c9g syrg\u00f0i d\u00f6gum saman, fasta\u00f0i og ba\u00f0 frammi fyrir Gu\u00f0i himinsins.<br \/> <a name=\"5\"><span class=\"versanumer_2007\">5<\/span><\/a> \u00c9g ba\u00f0: \u201eDrottinn, Gu\u00f0 himinsins. \u00de\u00fa mikli og \u00f3gnvekjandi Gu\u00f0. \u00de\u00fa heldur s\u00e1ttm\u00e1lann og s\u00fdnir \u00feeim miskunnsemi sem elska \u00feig og halda bo\u00f0 \u00fe\u00edn. <a name=\"6\"><span class=\"versanumer_2007\">6<\/span><\/a> Legg\u00f0u vi\u00f0 hlustir og haf\u00f0u augun opin og hl\u00fdddu \u00e1 b\u00e6n m\u00edna, \u00fej\u00f3ns \u00fe\u00edns. Frammi fyrir \u00fe\u00e9r bi\u00f0 \u00e9g dag og n\u00f3tt fyrir \u00cdsraelsm\u00f6nnum, \u00fej\u00f3num \u00fe\u00ednum. \u00c9g j\u00e1ta synd \u00cdsraelsmanna frammi fyrir \u00fe\u00e9r: V\u00e9r h\u00f6fum syndga\u00f0 gegn \u00fe\u00e9r, \u00e9g sj\u00e1lfur og fj\u00f6lskylda m\u00edn h\u00f6fum einnig syndga\u00f0. <a name=\"7\"><span class=\"versanumer_2007\">7<\/span><\/a> V\u00e9r h\u00f6fum komi\u00f0 afar illa fram vi\u00f0 \u00feig, v\u00e9r h\u00f6fum hvorki fylgt bo\u00f0um \u00fe\u00ednum, l\u00f6gum n\u00e9 reglum sem \u00fe\u00fa f\u00f3lst M\u00f3se, \u00fej\u00f3ni \u00fe\u00ednum. <a name=\"8\"><span class=\"versanumer_2007\">8<\/span><\/a> Minnstu n\u00fa \u00feeirra or\u00f0a sem \u00fe\u00fa lag\u00f0ir fyrir M\u00f3se, \u00fej\u00f3n \u00feinn: Ef \u00fei\u00f0 breg\u00f0ist m\u00e9r mun \u00e9g tv\u00edstra ykkur \u00e1 me\u00f0al \u00fej\u00f3\u00f0anna. <a name=\"9\"><span class=\"versanumer_2007\">9<\/span><\/a> En ef \u00fei\u00f0 sn\u00fai\u00f0 aftur til m\u00edn, var\u00f0veiti\u00f0 bo\u00f0or\u00f0 m\u00edn og breyti\u00f0 eftir \u00feeim mun \u00e9g safna ykkur aftur saman, jafnvel \u00feeim sem hraktir voru til endimarka himinsins, og flytja til \u00feess sta\u00f0ar, sem \u00e9g hef vali\u00f0, til \u00feess a\u00f0 l\u00e1ta nafn mitt b\u00faa.<br \/> <a name=\"10\"><span class=\"versanumer_2007\">10<\/span><\/a> \u00dea\u00f0 eru \u00fej\u00f3nar \u00fe\u00ednir og \u00fej\u00f3\u00f0 sem \u00fe\u00fa frelsa\u00f0ir me\u00f0 miklum m\u00e6tti \u00fe\u00ednum og styrkri hendi \u00feinni. <a name=\"11\"><span class=\"versanumer_2007\">11<\/span><\/a> Drottinn, legg\u00f0u vi\u00f0 hlustir og hl\u00fdddu \u00e1 b\u00e6n \u00fej\u00f3ns \u00fe\u00edns og b\u00e6n \u00fej\u00f3na \u00feinna sem gle\u00f0jast yfir a\u00f0 s\u00fdna nafni \u00fe\u00ednu lotningu: L\u00e1ttu n\u00fa \u00fej\u00f3ni \u00fe\u00ednum takast \u00e6tlunarverk sitt og gef\u00f0u a\u00f0 m\u00e9r ver\u00f0i miskunna\u00f0 frammi fyrir \u00feessum manni.\u201c<br \/>\u00c9g var byrlari konungs.<\/p>\n","protected":false},"excerpt":{"rendered":"<p>Fr\u00e9ttir fr\u00e1 Jer\u00fasalem 1 Fr\u00e1s\u00f6gn Nehem\u00eda Hakal\u00edasonar.Svo bar vi\u00f0 \u00ed k\u00edslevm\u00e1nu\u00f0i, \u00e1 tuttugasta stj\u00f3rnar\u00e1ri Artaxerxesar konungs, \u00feegar \u00e9g dvaldist \u00ed virkisborginni S\u00fasa, 2 a\u00f0 Hanan\u00ed, einn br\u00e6\u00f0ra minna, kom fr\u00e1 J\u00fada \u00e1samt nokkrum fylgdarm\u00f6nnum.\u00c9g spur\u00f0i \u00fe\u00e1 fr\u00e9tta af \u00feeim Gy\u00f0ingum sem komust undan og \u00feeim sem eftir voru af \u00feeim sem fluttir voru \u00ed \u00fatleg\u00f0. \u00c9g spur\u00f0i \u00fe\u00e1 einnig um Jer\u00fasalem. 3 \u00deeir sv\u00f6ru\u00f0u: \u201e\u00deeir sem eftir eru af \u00feeim sem fluttir voru \u00ed \u00fatleg\u00f0 lifa \u00ed skattlandinu \u00ed mestu eymd og ni\u00f0url\u00e6gingu. Borgarm\u00farar Jer\u00fasalem hafa veri\u00f0 rofnir og borgarhli\u00f0in brennd \u00ed eldi.\u201c 4 \u00deegar \u00e9g heyr\u00f0i \u00feessar fr\u00e9ttir settist <a href=\"https:\/\/biblian.is\/biblian\/nehemiabok-1-kafli\/\"> [&#8230;]<\/a><\/p>\n","protected":false},"author":1,"featured_media":0,"parent":0,"menu_order":0,"comment_status":"open","ping_status":"open","template":"bibliukaflar_NT.php","meta":{"footnotes":""},"class_list":["post-2031","page","type-page","status-publish","hentry"],"_links":{"self":[{"href":"https:\/\/biblian.is\/biblian\/wp-json\/wp\/v2\/pages\/2031","targetHints":{"allow":["GET"]}}],"collection":[{"href":"https:\/\/biblian.is\/biblian\/wp-json\/wp\/v2\/pages"}],"about":[{"href":"https:\/\/biblian.is\/biblian\/wp-json\/wp\/v2\/types\/page"}],"author":[{"embeddable":true,"href":"https:\/\/biblian.is\/biblian\/wp-json\/wp\/v2\/users\/1"}],"replies":[{"embeddable":true,"href":"https:\/\/biblian.is\/biblian\/wp-json\/wp\/v2\/comments?post=2031"}],"version-history":[{"count":0,"href":"https:\/\/biblian.is\/biblian\/wp-json\/wp\/v2\/pages\/2031\/revisions"}],"wp:attachment":[{"href":"https:\/\/biblian.is\/biblian\/wp-json\/wp\/v2\/media?parent=2031"}],"curies":[{"name":"wp","href":"https:\/\/api.w.org\/{rel}","templated":true}]}}