{"id":2030,"date":"2017-12-30T21:01:25","date_gmt":"2017-12-30T21:01:25","guid":{"rendered":"http:\/\/biblian.is\/biblian\/esrab%c2%97k-10-kafli\/"},"modified":"2023-02-25T04:31:13","modified_gmt":"2023-02-25T04:31:13","slug":"esrabok-10-kafli","status":"publish","type":"page","link":"https:\/\/biblian.is\/biblian\/esrabok-10-kafli\/","title":{"rendered":"Esrab\u00f3k 10. kafli"},"content":{"rendered":"<h3 class=\"millifyrirsogn_2007\"> \u00d3heimil samb\u00fa\u00f0 leyst upp<\/h3>\n<p><a name=\"1\"><span class=\"versanumer_2007\">1<\/span><\/a> Esra flutti b\u00e6n s\u00edna og j\u00e1tningu gr\u00e1tandi og liggjandi \u00e1 hnj\u00e1num frammi fyrir h\u00fasi Gu\u00f0s. \u00c1 me\u00f0an safna\u00f0ist a\u00f0 honum mj\u00f6g mikill s\u00f6fnu\u00f0ur \u00cdsraelsmanna, karlar, konur og b\u00f6rn. Og f\u00f3lki\u00f0 gr\u00e9t h\u00e1st\u00f6fum. <a name=\"2\"><span class=\"versanumer_2007\">2<\/span><\/a> \u00de\u00e1 t\u00f3k Sekanja Jek\u00edelsson, afkomandi Elams, til m\u00e1ls og sag\u00f0i vi\u00f0 Esra: \u201eVi\u00f0 h\u00f6fum brug\u00f0ist Gu\u00f0i okkar me\u00f0 \u00fev\u00ed a\u00f0 b\u00faa me\u00f0 konum af framandi \u00fej\u00f3\u00f0erni, afkomendum \u00fej\u00f3\u00f0anna \u00ed landinu. \u00de\u00f3 er ekki \u00f6ll von \u00fati fyrir \u00cdsrael. <a name=\"3\"><span class=\"versanumer_2007\">3<\/span><\/a> N\u00fa skulum vi\u00f0 gera s\u00e1ttm\u00e1la vi\u00f0 Gu\u00f0 okkar og skuldbinda okkur til a\u00f0 senda fr\u00e1 okkur allar \u00feessar konur og b\u00f6rnin sem \u00fe\u00e6r hafa f\u00e6tt, samkv\u00e6mt r\u00e1\u00f0i herra m\u00edns og allra sem \u00f3ttast bo\u00f0 Gu\u00f0s okkar. Eftir l\u00f6gm\u00e1linu skal breytt. <a name=\"4\"><span class=\"versanumer_2007\">4<\/span><\/a> R\u00edstu \u00e1 f\u00e6tur \u00fev\u00ed a\u00f0 m\u00e1l \u00feetta er \u00ed \u00fe\u00ednum h\u00f6ndum. Vi\u00f0 st\u00f6ndum me\u00f0 \u00fe\u00e9r, vertu djarfur og gakktu til verks.\u201c<br \/> <a name=\"5\"><span class=\"versanumer_2007\">5<\/span><\/a> \u00de\u00e1 reis Esra \u00e1 f\u00e6tur og t\u00f3k ei\u00f0 af lei\u00f0togum prestanna, Lev\u00edtunum og \u00f6llum \u00cdsrael um a\u00f0 framfylgja \u00feessu. \u00deegar \u00feeir h\u00f6f\u00f0u svari\u00f0 ei\u00f0inn <a name=\"6\"><span class=\"versanumer_2007\">6<\/span><\/a> f\u00f3r Esra \u00fea\u00f0an sem hann haf\u00f0i veri\u00f0 frammi fyrir h\u00fasi Gu\u00f0s og gekk til herbergis J\u00f3hanans Eljas\u00edbssonar. \u00dear var hann um n\u00f3ttina og neytti hvorki matar n\u00e9 drykkjar \u00fev\u00ed a\u00f0 hann syrg\u00f0i enn vegna svika \u00feeirra sem h\u00f6f\u00f0u sn\u00fai\u00f0 heim \u00far \u00fatleg\u00f0inni.<br \/> <a name=\"7\"><span class=\"versanumer_2007\">7<\/span><\/a> N\u00fa var bo\u00f0 l\u00e1ti\u00f0 ganga til allra \u00ed J\u00fada og Jer\u00fasalem, sem heim h\u00f6f\u00f0u sn\u00fai\u00f0, og \u00feeim stefnt saman \u00ed Jer\u00fasalem. <a name=\"8\"><span class=\"versanumer_2007\">8<\/span><\/a> Hver sem ekki k\u00e6mi innan \u00feriggja daga skyldi \u00fatiloka\u00f0ur fr\u00e1 s\u00f6fnu\u00f0i \u00feeirra sem heim h\u00f6f\u00f0u sn\u00fai\u00f0 og allar eignir hans helga\u00f0ar banni samkv\u00e6mt \u00e1kv\u00f6r\u00f0un lei\u00f0toganna og \u00f6ldunganna. <a name=\"9\"><span class=\"versanumer_2007\">9<\/span><\/a> \u00c1 \u00feri\u00f0ja degi \u00fea\u00f0an \u00ed fr\u00e1, tuttugasta dag n\u00edunda m\u00e1na\u00f0ar, s\u00f6fnu\u00f0ust allir karlmenn \u00ed J\u00fada og Benjam\u00edn saman \u00ed Jer\u00fasalem. Allt f\u00f3lki\u00f0 settist ni\u00f0ur \u00e1 torginu vi\u00f0 h\u00fas Gu\u00f0s, skj\u00e1lfandi vegna \u00feessa m\u00e1ls og af \u00fev\u00ed a\u00f0 \u00fea\u00f0 rigndi. <a name=\"10\"><span class=\"versanumer_2007\">10<\/span><\/a> \u00de\u00e1 reis Esra prestur \u00e1 f\u00e6tur, \u00e1varpa\u00f0i \u00fe\u00e1 og sag\u00f0i: \u201e\u00dei\u00f0 hafi\u00f0 sviki\u00f0 me\u00f0 \u00fev\u00ed a\u00f0 taka til ykkar \u00fatlendar konur og me\u00f0 \u00fev\u00ed auki\u00f0 sekt \u00cdsraels. <a name=\"11\"><span class=\"versanumer_2007\">11<\/span><\/a> J\u00e1ti\u00f0 n\u00fa syndir ykkar fyrir Drottni, Gu\u00f0i fe\u00f0ra ykkar, og geri\u00f0 vilja hans. Greini\u00f0 ykkur fr\u00e1 \u00fej\u00f3\u00f0unum \u00ed landinu og hinum \u00fatlendu konum.\u201c<br \/> <a name=\"12\"><span class=\"versanumer_2007\">12<\/span><\/a> \u00de\u00e1 svara\u00f0i allur s\u00f6fnu\u00f0urinn og sag\u00f0i h\u00e1rri r\u00f6ddu: \u201eOkkur ber a\u00f0 breyta eins og \u00fe\u00fa hefur bo\u00f0i\u00f0. <a name=\"13\"><span class=\"versanumer_2007\">13<\/span><\/a> En f\u00f3lki\u00f0 er margt og n\u00fa er regnt\u00edminn svo a\u00f0 \u00f3f\u00e6rt er a\u00f0 vera utan dyra. Auk \u00feess ver\u00f0ur ekki gert \u00fat um \u00feetta m\u00e1l \u00e1 einum e\u00f0a tveimur d\u00f6gum \u00fev\u00ed a\u00f0 margir okkar hafa broti\u00f0 af s\u00e9r \u00ed \u00feessu efni. <a name=\"14\"><span class=\"versanumer_2007\">14<\/span><\/a> Foringjar okkar skulu \u00fev\u00ed koma fram fyrir h\u00f6nd alls safna\u00f0arins. Allir borgarb\u00faar, sem hafa teki\u00f0 s\u00e9r \u00fatlendar konur, skulu koma \u00e1 tilteknum t\u00edma, og \u00e1samt \u00feeim \u00f6ldungar og d\u00f3marar hverrar borgar, til \u00feess a\u00f0 vi\u00f0 getum beint fr\u00e1 okkur brennandi rei\u00f0i Gu\u00f0s okkar vegna \u00feessa.\u201c<br \/> <a name=\"15\"><span class=\"versanumer_2007\">15<\/span><\/a> A\u00f0eins J\u00f3natan Asahelsson og Jahseja Tikvason l\u00f6g\u00f0ust gegn \u00feessari till\u00f6gu og Mes\u00fallam og Sabta\u00ed Lev\u00edti fylgdu \u00feeim a\u00f0 m\u00e1lum. <a name=\"16\"><span class=\"versanumer_2007\">16<\/span><\/a> En \u00feeir sem h\u00f6f\u00f0u sn\u00fai\u00f0 heim \u00far \u00fatleg\u00f0inni ger\u00f0u eins og lagt var til.<br \/>Esra prestur valdi n\u00fa me\u00f0 nafnakalli einn \u00e6ttarh\u00f6f\u00f0ingja fr\u00e1 hverri \u00e6tt. \u00deeir komu saman fyrsta dag t\u00edunda m\u00e1na\u00f0arins til a\u00f0 rannsaka m\u00e1lavexti. <a name=\"17\"><span class=\"versanumer_2007\">17<\/span><\/a> Fyrsta dag fyrsta m\u00e1na\u00f0arins gengu \u00feeir fr\u00e1 m\u00e1lum allra \u00feeirra manna sem h\u00f6f\u00f0u teki\u00f0 til s\u00edn \u00fatlendar konur.<\/p>\n<h3 class=\"millifyrirsogn_2007\">Skr\u00e1 yfir \u00fe\u00e1 sem \u00e1ttu \u00fatlendar konur<\/h3>\n<p><a name=\"18\"><span class=\"versanumer_2007\">18<\/span><\/a> Af ni\u00f0jum prestanna reyndust eftirtaldir hafa gengi\u00f0 a\u00f0 eiga framandi konur:<br \/>Af ni\u00f0jum Jes\u00faa J\u00f3sadakssonar og br\u00e6\u00f0ra hans \u00feeir Maaseja, El\u00edeser, Jar\u00edb og Gedalja. <a name=\"19\"><span class=\"versanumer_2007\">19<\/span><\/a> \u00deeir sta\u00f0festu me\u00f0 handsali a\u00f0 reka fr\u00e1 s\u00e9r konur s\u00ednar og a\u00f0 f\u00f3rna hr\u00fati \u00ed sektarf\u00f3rn vegna sektar sinnar.<br \/> <a name=\"20\"><span class=\"versanumer_2007\">20<\/span><\/a> Af ni\u00f0jum Immers \u00feeir Hanan\u00ed og Sebad\u00eda.<br \/> <a name=\"21\"><span class=\"versanumer_2007\">21<\/span><\/a> Af ni\u00f0jum Har\u00edms \u00feeir Maaseja, El\u00eda, Semaja, Jeh\u00edel og \u00das\u00eda.<br \/> <a name=\"22\"><span class=\"versanumer_2007\">22<\/span><\/a> Af ni\u00f0jum Pash\u00fars \u00feeir Elj\u00f3ena\u00ed, Maaseja, \u00cdsmael, Netaneel, J\u00f3sabad og Elasa.<br \/> <a name=\"23\"><span class=\"versanumer_2007\">23<\/span><\/a> Af Lev\u00edtum \u00feeir J\u00f3sabad, S\u00edme\u00ed og Kelaja, \u00fea\u00f0 er Kel\u00edta, Petahja, J\u00fada og El\u00edeser.<br \/> <a name=\"24\"><span class=\"versanumer_2007\">24<\/span><\/a> Af s\u00f6ngvurunum Eljas\u00edb.<br \/>Af hli\u00f0v\u00f6r\u00f0unum \u00feeir Sall\u00fam, Telem og \u00dar\u00ed.<br \/> <a name=\"25\"><span class=\"versanumer_2007\">25<\/span><\/a> Af \u00cdsraelsm\u00f6nnum voru eftirtaldir:<br \/>Af ni\u00f0jum Par\u00f3 \u00feeir Ramja, Jis\u00eda, Malk\u00eda, M\u00edjam\u00edn, Eleasar, Malk\u00eda og Benaja.<br \/> <a name=\"26\"><span class=\"versanumer_2007\">26<\/span><\/a> Af ni\u00f0jum Elams \u00feeir Mattanja, Sakar\u00eda, Jeh\u00edel, Abd\u00ed, Jerem\u00f3t og El\u00eda.<br \/> <a name=\"27\"><span class=\"versanumer_2007\">27<\/span><\/a> Af ni\u00f0jum Satt\u00fa \u00feeir Elj\u00f3ena\u00ed, Eljas\u00edb, Mattanja, Jerem\u00f3t, Sabad og As\u00edsa.<br \/> <a name=\"28\"><span class=\"versanumer_2007\">28<\/span><\/a> Af ni\u00f0jum Beba\u00ed \u00feeir J\u00f3hanan, Hananja, Sabba\u00ed og Atla\u00ed.<br \/> <a name=\"29\"><span class=\"versanumer_2007\">29<\/span><\/a> Af ni\u00f0jum Ban\u00ed \u00feeir Mes\u00fallam, Mall\u00fak, Adaja, Jas\u00fab, Seal og Jeram\u00f3t.<br \/> <a name=\"30\"><span class=\"versanumer_2007\">30<\/span><\/a> Af ni\u00f0jum Pahat M\u00f3abs \u00feeir Adna, Kelal, Benaja, Maaseja, Mattanja, Besaleel, Binn\u00fa\u00ed og Manasse.<br \/> <a name=\"31\"><span class=\"versanumer_2007\">31<\/span><\/a> Ni\u00f0jar Har\u00edms, \u00feeir El\u00edeser, Jis\u00eda, Malk\u00eda, Semaja, S\u00edmeon, <a name=\"32\"><span class=\"versanumer_2007\">32<\/span><\/a> Benjam\u00edn, Mall\u00fak og Semarja.<br \/> <a name=\"33\"><span class=\"versanumer_2007\">33<\/span><\/a> Af ni\u00f0jum Has\u00fams \u00feeir Matna\u00ed, Mattatta, Sabad, El\u00edfelet, Jerema\u00ed, Manasse og S\u00edme\u00ed.<br \/> <a name=\"34\"><span class=\"versanumer_2007\">34<\/span><\/a> Af ni\u00f0jum Ban\u00ed \u00feeir Maada\u00ed, Amram, \u00dael, <a name=\"35\"><span class=\"versanumer_2007\">35<\/span><\/a> Benaja, Bedja, Kel\u00fah\u00ed, <a name=\"36\"><span class=\"versanumer_2007\">36<\/span><\/a> Vanja, Merem\u00f3t, Eljas\u00edb, <a name=\"37\"><span class=\"versanumer_2007\">37<\/span><\/a> Mattanja, Matna\u00ed, Jaasa\u00ed, <a name=\"38\"><span class=\"versanumer_2007\">38<\/span><\/a> Ban\u00ed, Binn\u00fa\u00ed, S\u00edme\u00ed, <a name=\"39\"><span class=\"versanumer_2007\">39<\/span><\/a> Selemja, Natan, Adaja, <a name=\"40\"><span class=\"versanumer_2007\">40<\/span><\/a> Maknadba\u00ed, Sasa\u00ed, Sara\u00ed, <a name=\"41\"><span class=\"versanumer_2007\">41<\/span><\/a> Asareel, Selemja, Semarja, <a name=\"42\"><span class=\"versanumer_2007\">42<\/span><\/a> Sal\u00fam, Amarja og J\u00f3sef.<br \/> <a name=\"43\"><span class=\"versanumer_2007\">43<\/span><\/a> Af ni\u00f0jum Neb\u00f3s \u00feeir Je\u00edel, Mattija, Sabad, Seb\u00edna, Jadda\u00ed, J\u00f3el og Benaja.<br \/> <a name=\"44\"><span class=\"versanumer_2007\">44<\/span><\/a> Allir sem h\u00e9r voru taldir h\u00f6f\u00f0u teki\u00f0 s\u00e9r \u00fatlendar konur. \u00deeir sendu n\u00fa konur s\u00ednar \u00e1samt b\u00f6rnum fr\u00e1 s\u00e9r.<\/p>\n","protected":false},"excerpt":{"rendered":"<p>\u00d3heimil samb\u00fa\u00f0 leyst upp 1 Esra flutti b\u00e6n s\u00edna og j\u00e1tningu gr\u00e1tandi og liggjandi \u00e1 hnj\u00e1num frammi fyrir h\u00fasi Gu\u00f0s. \u00c1 me\u00f0an safna\u00f0ist a\u00f0 honum mj\u00f6g mikill s\u00f6fnu\u00f0ur \u00cdsraelsmanna, karlar, konur og b\u00f6rn. Og f\u00f3lki\u00f0 gr\u00e9t h\u00e1st\u00f6fum. 2 \u00de\u00e1 t\u00f3k Sekanja Jek\u00edelsson, afkomandi Elams, til m\u00e1ls og sag\u00f0i vi\u00f0 Esra: \u201eVi\u00f0 h\u00f6fum brug\u00f0ist Gu\u00f0i okkar me\u00f0 \u00fev\u00ed a\u00f0 b\u00faa me\u00f0 konum af framandi \u00fej\u00f3\u00f0erni, afkomendum \u00fej\u00f3\u00f0anna \u00ed landinu. \u00de\u00f3 er ekki \u00f6ll von \u00fati fyrir \u00cdsrael. 3 N\u00fa skulum vi\u00f0 gera s\u00e1ttm\u00e1la vi\u00f0 Gu\u00f0 okkar og skuldbinda okkur til a\u00f0 senda fr\u00e1 okkur allar \u00feessar konur og b\u00f6rnin sem \u00fe\u00e6r <a href=\"https:\/\/biblian.is\/biblian\/esrabok-10-kafli\/\"> [&#8230;]<\/a><\/p>\n","protected":false},"author":1,"featured_media":0,"parent":0,"menu_order":0,"comment_status":"open","ping_status":"open","template":"bibliukaflar_NT.php","meta":{"footnotes":""},"class_list":["post-2030","page","type-page","status-publish","hentry"],"_links":{"self":[{"href":"https:\/\/biblian.is\/biblian\/wp-json\/wp\/v2\/pages\/2030","targetHints":{"allow":["GET"]}}],"collection":[{"href":"https:\/\/biblian.is\/biblian\/wp-json\/wp\/v2\/pages"}],"about":[{"href":"https:\/\/biblian.is\/biblian\/wp-json\/wp\/v2\/types\/page"}],"author":[{"embeddable":true,"href":"https:\/\/biblian.is\/biblian\/wp-json\/wp\/v2\/users\/1"}],"replies":[{"embeddable":true,"href":"https:\/\/biblian.is\/biblian\/wp-json\/wp\/v2\/comments?post=2030"}],"version-history":[{"count":0,"href":"https:\/\/biblian.is\/biblian\/wp-json\/wp\/v2\/pages\/2030\/revisions"}],"wp:attachment":[{"href":"https:\/\/biblian.is\/biblian\/wp-json\/wp\/v2\/media?parent=2030"}],"curies":[{"name":"wp","href":"https:\/\/api.w.org\/{rel}","templated":true}]}}