{"id":2029,"date":"2017-12-30T21:01:25","date_gmt":"2017-12-30T21:01:25","guid":{"rendered":"http:\/\/biblian.is\/biblian\/esrab%c2%97k-9-kafli\/"},"modified":"2023-02-25T04:31:17","modified_gmt":"2023-02-25T04:31:17","slug":"esrabok-9-kafli","status":"publish","type":"page","link":"https:\/\/biblian.is\/biblian\/esrabok-9-kafli\/","title":{"rendered":"Esrab\u00f3k 9. kafli"},"content":{"rendered":"<h3 class=\"millifyrirsogn_2007\"> Bann gegn m\u00e6g\u00f0um vi\u00f0 \u00fatlendinga<\/h3>\n<p><a name=\"1\"><span class=\"versanumer_2007\">1<\/span><\/a> A\u00f0 \u00feessu loknu komu lei\u00f0togarnir til m\u00edn og s\u00f6g\u00f0u: \u201e\u00cdsraelsl\u00fd\u00f0ur, prestarnir og Lev\u00edtarnir hafa ekki greint sig fr\u00e1 \u00f6\u00f0rum \u00fej\u00f3\u00f0um \u00ed landinu \u00fer\u00e1tt fyrir andstyggilegt l\u00edferni \u00feeirra, fr\u00e1 Kanverjum, Het\u00edtum, Peres\u00edtum, Jeb\u00fas\u00edtum, Amm\u00f3n\u00edtum, M\u00f3ab\u00edtum, Egyptum og Amor\u00edtum. <a name=\"2\"><span class=\"versanumer_2007\">2<\/span><\/a> \u00deeir hafa teki\u00f0 s\u00e9r og sonum s\u00ednum konur \u00far h\u00f3pi d\u00e6tra \u00feeirra svo a\u00f0 hinn heilagi kynstofn hefur blandast \u00fej\u00f3\u00f0um landsins. H\u00f6f\u00f0ingjarnir og emb\u00e6ttismennirnir ur\u00f0u fyrstir til a\u00f0 sv\u00edkja.\u201c<br \/> <a name=\"3\"><span class=\"versanumer_2007\">3<\/span><\/a> \u00deegar \u00e9g heyr\u00f0i \u00feetta reif \u00e9g kl\u00e6\u00f0i m\u00edn og yfirh\u00f6fn, reytti h\u00e1r mitt og skegg og settist agndofa ni\u00f0ur. <a name=\"4\"><span class=\"versanumer_2007\">4<\/span><\/a> \u00de\u00e1 s\u00f6fnu\u00f0ust a\u00f0 m\u00e9r allir sem \u00f3ttu\u00f0ust or\u00f0 Gu\u00f0s \u00cdsraels vegna \u00feessara svika \u00feeirra sem sn\u00fai\u00f0 h\u00f6f\u00f0u heim. En \u00e9g sat sem lama\u00f0ur \u00fear til t\u00edmi var kominn til a\u00f0 f\u00e6ra kv\u00f6ldf\u00f3rn. <a name=\"5\"><span class=\"versanumer_2007\">5<\/span><\/a> En er a\u00f0 kv\u00f6ldf\u00f3rn var komi\u00f0 reis \u00e9g \u00e1 f\u00e6tur \u00far ni\u00f0url\u00e6gingu minni \u00ed rifnum kl\u00e6\u00f0um og yfirh\u00f6fn, f\u00e9ll \u00e1 kn\u00e9, lauk upp l\u00f3fum til Drottins, Gu\u00f0s m\u00edns, <a name=\"6\"><span class=\"versanumer_2007\">6<\/span><\/a> og ba\u00f0: \u201eGu\u00f0 minn, \u00e9g fyrirver\u00f0 mig. \u00c9g blyg\u00f0ast m\u00edn a\u00f0 sn\u00faa \u00e1sj\u00f3nu minni til \u00fe\u00edn, Gu\u00f0 minn, \u00fev\u00ed a\u00f0 afbrot vor eru vaxin oss yfir h\u00f6fu\u00f0, sekt vor er himinh\u00e1. <a name=\"7\"><span class=\"versanumer_2007\">7<\/span><\/a> Allt fr\u00e1 d\u00f6gum forfe\u00f0ra vorra til \u00feessa dags hefur sekt vor veri\u00f0 mikil. S\u00f6kum syndar vorrar vorum v\u00e9r, konungar vorir og prestar, seldir \u00ed hendur konungum framandi landa og allt til \u00feessa dags h\u00f6fum v\u00e9r m\u00e1tt \u00feola sver\u00f0, \u00fatleg\u00f0, r\u00e1n og ni\u00f0url\u00e6gingu. <a name=\"8\"><span class=\"versanumer_2007\">8<\/span><\/a> N\u00fa hefur Drottinn, Gu\u00f0 vor, veitt oss \u00fe\u00e1 miskunn \u00ed \u00f6rskamma stund a\u00f0 af komst l\u00edtill h\u00f3pur sem hefur bjargast. Hann hefur veitt oss hv\u00edld \u00e1 helgista\u00f0 s\u00ednum og \u00feannig hefur Gu\u00f0 veitt augum vorum lj\u00f3ma \u00e1 n\u00fd og ofurl\u00edtinn n\u00fdjan l\u00edfskraft \u00ed \u00e1nau\u00f0 vorri. <a name=\"9\"><span class=\"versanumer_2007\">9<\/span><\/a> Vissulega erum v\u00e9r \u00e1nau\u00f0ug en Gu\u00f0 vor hefur ekki yfirgefi\u00f0 oss \u00ed \u00e1nau\u00f0inni heldur vaki\u00f0 velvild Persakonungs \u00ed vorn gar\u00f0 og veitt oss n\u00fdtt \u00ferek til a\u00f0 endurbyggja h\u00fas Gu\u00f0s vors og reisa \u00fea\u00f0 a\u00f0 n\u00fdju \u00far r\u00fastum og hann hefur veitt oss \u00f6ruggt skj\u00f3l \u00ed J\u00fada og Jer\u00fasalem.<br \/> <a name=\"10\"><span class=\"versanumer_2007\">10<\/span><\/a> En Gu\u00f0, hva\u00f0 getum v\u00e9r n\u00fa sagt eftir allt \u00feetta? V\u00e9r h\u00f6fum horfi\u00f0 fr\u00e1 bo\u00f0um \u00fe\u00ednum <a name=\"11\"><span class=\"versanumer_2007\">11<\/span><\/a> sem \u00fe\u00fa l\u00e9st sp\u00e1mennina, \u00fej\u00f3na \u00fe\u00edna, leggja fyrir oss og sag\u00f0ir: Landi\u00f0, sem \u00fe\u00e9r eru\u00f0 a\u00f0 fara inn \u00ed til \u00feess a\u00f0 taka til eignar, er \u00f3hreint. \u00dej\u00f3\u00f0irnar \u00ed landinu hafa saurga\u00f0 \u00fea\u00f0. Me\u00f0 andstyggilegum si\u00f0um s\u00ednum hafa \u00fe\u00e6r fyllt \u00fea\u00f0 vi\u00f0urstygg\u00f0 landshorna \u00e1 milli. <a name=\"12\"><span class=\"versanumer_2007\">12<\/span><\/a> Gefi\u00f0 \u00fev\u00ed ekki d\u00e6tur y\u00f0ar sonum \u00feeirra og taki\u00f0 ekki d\u00e6tur \u00feeirra a\u00f0 konum handa sonum y\u00f0ar. \u00de\u00e9r megi\u00f0 aldrei stu\u00f0la a\u00f0 fars\u00e6ld \u00feeirra og velgengni ef \u00fe\u00e9r eigi\u00f0 a\u00f0 eflast og nj\u00f3ta g\u00e6\u00f0a landsins og f\u00e1 \u00fea\u00f0 ni\u00f0jum y\u00f0ar \u00ed arf um alla framt\u00ed\u00f0.<br \/> <a name=\"13\"><span class=\"versanumer_2007\">13<\/span><\/a> Eftir allt, sem komi\u00f0 er yfir oss vegna illra verka vorra og mikillar sektar, hefur \u00fe\u00fa, Gu\u00f0 vor, samt hegnt oss minna en afbrot vor g\u00e1fu tilefni til og leyft a\u00f0 \u00feessi h\u00f3pur k\u00e6mist af. <a name=\"14\"><span class=\"versanumer_2007\">14<\/span><\/a> \u00c6ttum v\u00e9r \u00fe\u00e1 a\u00f0 brj\u00f3ta bo\u00f0 \u00fe\u00edn \u00e1 n\u00fd og m\u00e6gjast vi\u00f0 \u00feessar vi\u00f0urstyggilegu \u00fej\u00f3\u00f0ir? Hlytir \u00fe\u00fa \u00fe\u00e1 ekki a\u00f0 \u00fathella rei\u00f0i \u00feinni yfir oss \u00fear til v\u00e9r v\u00e6rum gersamlega afm\u00e1\u00f0 svo a\u00f0 enginn k\u00e6mist af og enginn bjarga\u00f0ist og yr\u00f0i eftir?<br \/> <a name=\"15\"><span class=\"versanumer_2007\">15<\/span><\/a> Drottinn, Gu\u00f0 \u00cdsraels, \u00fe\u00fa ert r\u00e9ttl\u00e1tur. \u00deess vegna vorum v\u00e9r skilin eftir og erum n\u00fa s\u00e1 h\u00f3pur sem bjarga\u00f0ist. L\u00edttu til oss, v\u00e9r st\u00f6ndum frammi fyrir \u00fe\u00e9r \u00ed sekt vorri. Enginn f\u00e1i sta\u00f0ist frammi fyrir \u00fe\u00e9r s\u00f6kum hennar.\u201c<\/p>\n","protected":false},"excerpt":{"rendered":"<p>Bann gegn m\u00e6g\u00f0um vi\u00f0 \u00fatlendinga 1 A\u00f0 \u00feessu loknu komu lei\u00f0togarnir til m\u00edn og s\u00f6g\u00f0u: \u201e\u00cdsraelsl\u00fd\u00f0ur, prestarnir og Lev\u00edtarnir hafa ekki greint sig fr\u00e1 \u00f6\u00f0rum \u00fej\u00f3\u00f0um \u00ed landinu \u00fer\u00e1tt fyrir andstyggilegt l\u00edferni \u00feeirra, fr\u00e1 Kanverjum, Het\u00edtum, Peres\u00edtum, Jeb\u00fas\u00edtum, Amm\u00f3n\u00edtum, M\u00f3ab\u00edtum, Egyptum og Amor\u00edtum. 2 \u00deeir hafa teki\u00f0 s\u00e9r og sonum s\u00ednum konur \u00far h\u00f3pi d\u00e6tra \u00feeirra svo a\u00f0 hinn heilagi kynstofn hefur blandast \u00fej\u00f3\u00f0um landsins. H\u00f6f\u00f0ingjarnir og emb\u00e6ttismennirnir ur\u00f0u fyrstir til a\u00f0 sv\u00edkja.\u201c 3 \u00deegar \u00e9g heyr\u00f0i \u00feetta reif \u00e9g kl\u00e6\u00f0i m\u00edn og yfirh\u00f6fn, reytti h\u00e1r mitt og skegg og settist agndofa ni\u00f0ur. 4 \u00de\u00e1 s\u00f6fnu\u00f0ust a\u00f0 m\u00e9r allir sem <a href=\"https:\/\/biblian.is\/biblian\/esrabok-9-kafli\/\"> [&#8230;]<\/a><\/p>\n","protected":false},"author":1,"featured_media":0,"parent":0,"menu_order":0,"comment_status":"open","ping_status":"open","template":"bibliukaflar_NT.php","meta":{"footnotes":""},"class_list":["post-2029","page","type-page","status-publish","hentry"],"_links":{"self":[{"href":"https:\/\/biblian.is\/biblian\/wp-json\/wp\/v2\/pages\/2029","targetHints":{"allow":["GET"]}}],"collection":[{"href":"https:\/\/biblian.is\/biblian\/wp-json\/wp\/v2\/pages"}],"about":[{"href":"https:\/\/biblian.is\/biblian\/wp-json\/wp\/v2\/types\/page"}],"author":[{"embeddable":true,"href":"https:\/\/biblian.is\/biblian\/wp-json\/wp\/v2\/users\/1"}],"replies":[{"embeddable":true,"href":"https:\/\/biblian.is\/biblian\/wp-json\/wp\/v2\/comments?post=2029"}],"version-history":[{"count":0,"href":"https:\/\/biblian.is\/biblian\/wp-json\/wp\/v2\/pages\/2029\/revisions"}],"wp:attachment":[{"href":"https:\/\/biblian.is\/biblian\/wp-json\/wp\/v2\/media?parent=2029"}],"curies":[{"name":"wp","href":"https:\/\/api.w.org\/{rel}","templated":true}]}}