{"id":2028,"date":"2017-12-30T21:01:25","date_gmt":"2017-12-30T21:01:25","guid":{"rendered":"http:\/\/biblian.is\/biblian\/esrab%c2%97k-8-kafli\/"},"modified":"2023-02-25T04:31:16","modified_gmt":"2023-02-25T04:31:16","slug":"esrabok-8-kafli","status":"publish","type":"page","link":"https:\/\/biblian.is\/biblian\/esrabok-8-kafli\/","title":{"rendered":"Esrab\u00f3k 8. kafli"},"content":{"rendered":"<h3 class=\"millifyrirsogn_2007\"> Skr\u00e1 yfir \u00fe\u00e1 sem sneru heim me\u00f0 Esra<\/h3>\n<p><a name=\"1\"><span class=\"versanumer_2007\">1<\/span><\/a> \u00deetta eru \u00e6ttarh\u00f6f\u00f0ingjarnir sem f\u00f3ru me\u00f0 m\u00e9r heim fr\u00e1 Bab\u00fdlon \u00ed stj\u00f3rnart\u00ed\u00f0 Artaxerxesar konungs og \u00feeir sem skr\u00e1\u00f0ir eru \u00ed ni\u00f0jaskr\u00e1 \u00feeirra:<br \/> <a name=\"2\"><span class=\"versanumer_2007\">2<\/span><\/a> Af ni\u00f0jum P\u00ednehasar Gers\u00f3m.<br \/>Af ni\u00f0jum \u00cdtamars Dan\u00edel.<br \/>Af ni\u00f0jum Dav\u00ed\u00f0s Hatt\u00fas, <a name=\"3\"><span class=\"versanumer_2007\">3<\/span><\/a> sonur Sekanja.<br \/>Af ni\u00f0jum Par\u00f3s Sakar\u00eda og me\u00f0 honum skr\u00e1\u00f0ir 150 karlmenn.<br \/> <a name=\"4\"><span class=\"versanumer_2007\">4<\/span><\/a> Af ni\u00f0jum Pahat-M\u00f3abs Eljeh\u00f3-ena\u00ed Serajason og 200 karlmenn me\u00f0 honum.<br \/> <a name=\"5\"><span class=\"versanumer_2007\">5<\/span><\/a> Af ni\u00f0jum Satt\u00fa Sekanja Jahas\u00edelsson og me\u00f0 honum 300 karlmenn.<br \/> <a name=\"6\"><span class=\"versanumer_2007\">6<\/span><\/a> Af ni\u00f0jum Ad\u00edns Ebed J\u00f3natansson og me\u00f0 honum fimm tugir karlmanna.<br \/> <a name=\"7\"><span class=\"versanumer_2007\">7<\/span><\/a> Af ni\u00f0jum Elams Jesaja Ataljason og me\u00f0 honum sj\u00f6 tugir karlmanna.<br \/> <a name=\"8\"><span class=\"versanumer_2007\">8<\/span><\/a> Af ni\u00f0jum Sefatja Sebad\u00eda M\u00edkaelsson og me\u00f0 honum \u00e1tta tugir karlmanna.<br \/> <a name=\"9\"><span class=\"versanumer_2007\">9<\/span><\/a> Af ni\u00f0jum J\u00f3abs \u00d3bad\u00eda Jeh\u00edelsson og me\u00f0 honum 218 karlmenn.<br \/> <a name=\"10\"><span class=\"versanumer_2007\">10<\/span><\/a> Af ni\u00f0jum Ban\u00ed Sel\u00f3m\u00edt J\u00f3sifjason og me\u00f0 honum 160 karlmenn.<br \/> <a name=\"11\"><span class=\"versanumer_2007\">11<\/span><\/a> Af ni\u00f0jum Beba\u00ed Sakar\u00eda Beba\u00edson og me\u00f0 honum 28 karlmenn.<br \/> <a name=\"12\"><span class=\"versanumer_2007\">12<\/span><\/a> Af ni\u00f0jum Asgads J\u00f3hanan Hakkatansson og me\u00f0 honum 110 karlmenn. <a name=\"13\"><span class=\"versanumer_2007\">13<\/span><\/a> Af ni\u00f0jum Ad\u00f3n\u00edkams \u00feeir s\u00ed\u00f0ustu og voru n\u00f6fn \u00feeirra El\u00edfelet, Je\u00edel og Semaja og me\u00f0 \u00feeim sex tugir karlmanna.<br \/> <a name=\"14\"><span class=\"versanumer_2007\">14<\/span><\/a> Af ni\u00f0jum Bigva\u00ed \u00feeir \u00data\u00ed og Sabb\u00fad og me\u00f0 \u00feeim sj\u00f6 tugir karlmanna.<\/p>\n<h3 class=\"millifyrirsogn_2007\">Undirb\u00fain f\u00f6r til Jer\u00fasalem<\/h3>\n<p><a name=\"15\"><span class=\"versanumer_2007\">15<\/span><\/a> \u00c9g safna\u00f0i \u00feeim saman vi\u00f0 flj\u00f3ti\u00f0 sem rennur til Ahava. \u00deegar vi\u00f0 h\u00f6f\u00f0um veri\u00f0 \u00fear \u00ed tj\u00f6ldum \u00ed \u00ferj\u00e1 daga var\u00f0 m\u00e9r lj\u00f3st a\u00f0 \u00fearna voru leikmenn og prestar, en Lev\u00edta fann \u00e9g enga. <a name=\"16\"><span class=\"versanumer_2007\">16<\/span><\/a> \u00c9g sendi \u00fev\u00ed af sta\u00f0 eftir \u00feeim El\u00edeser, Ar\u00edel, Semaja, Elnatan, Jar\u00edb, Elnatan, Natan, Sakar\u00eda og Mes\u00fallam, sem voru foringjar, og J\u00f3jar\u00edb og Elnatan sem voru vitrir menn. <a name=\"17\"><span class=\"versanumer_2007\">17<\/span><\/a> \u00c9g sendi \u00fe\u00e1 til Idd\u00f3, h\u00f6f\u00f0ingja \u00ed Kasifja, og lag\u00f0i \u00feeim \u00ed munn or\u00f0in sem \u00feeir \u00e1ttu a\u00f0 flytja Idd\u00f3 og br\u00e6\u00f0rum hans \u00ed Kasifja, a\u00f0 bi\u00f0ja \u00fe\u00e1 a\u00f0 \u00fatvega okkur menn til a\u00f0 \u00fej\u00f3na \u00ed h\u00fasi Gu\u00f0s okkar. <a name=\"18\"><span class=\"versanumer_2007\">18<\/span><\/a> \u00dear sem g\u00e6skur\u00edk h\u00f6nd Gu\u00f0s okkar var yfir okkur sendu \u00feeir okkur vitran mann sem var kominn af Mahel\u00ed Lev\u00edsyni, \u00cdsraelssyni. \u00dea\u00f0 var Serebja \u00e1samt sonum s\u00ednum og br\u00e6\u00f0rum, \u00e1tj\u00e1n alls. <a name=\"19\"><span class=\"versanumer_2007\">19<\/span><\/a> Enn fremur sendu \u00feeir Hasabja og me\u00f0 honum Jesaja, sem var afkomandi Merar\u00ed, br\u00e6\u00f0ur hans og syni \u00feeirra, alls tuttugu menn, <a name=\"20\"><span class=\"versanumer_2007\">20<\/span><\/a> og loks musteris\u00fej\u00f3na sem Dav\u00ed\u00f0 og hir\u00f0mennirnir h\u00f6f\u00f0u sett til a\u00f0 \u00fej\u00f3na Lev\u00edtunum, alls tv\u00f6 hundru\u00f0 og tuttugu musteris\u00fej\u00f3na. \u00deeir voru allir skr\u00e1\u00f0ir me\u00f0 nafni.<br \/> <a name=\"21\"><span class=\"versanumer_2007\">21<\/span><\/a> \u00de\u00e1 l\u00e9t \u00e9g kallara bo\u00f0a f\u00f6stu \u00fearna vi\u00f0 Ahavaflj\u00f3t. \u00deannig \u00e6tlu\u00f0um vi\u00f0 a\u00f0 au\u00f0m\u00fdkja okkur fyrir Gu\u00f0i okkar og bi\u00f0ja hann um fars\u00e6la fer\u00f0 fyrir okkur, fj\u00f6lskyldur okkar og farangur. <a name=\"22\"><span class=\"versanumer_2007\">22<\/span><\/a> \u00c9g kunni ekki vi\u00f0 a\u00f0 bi\u00f0ja konunginn um herli\u00f0 og riddara til a\u00f0 verja okkur fyrir \u00f3vinum \u00e1 lei\u00f0inni \u00fev\u00ed a\u00f0 vi\u00f0 h\u00f6f\u00f0um sagt vi\u00f0 konung: \u201eH\u00f6nd Gu\u00f0s okkar er yfir \u00f6llum sem leita til hans og hann verndar \u00fe\u00e1 en m\u00e1ttur hans og rei\u00f0i kemur yfir \u00fe\u00e1 sem sn\u00faa baki vi\u00f0 honum.\u201c <a name=\"23\"><span class=\"versanumer_2007\">23<\/span><\/a> Vi\u00f0 f\u00f6stu\u00f0um \u00fev\u00ed og leitu\u00f0um \u00farskur\u00f0ar Gu\u00f0s um \u00feetta og hann b\u00e6nheyr\u00f0i okkur.<br \/> <a name=\"24\"><span class=\"versanumer_2007\">24<\/span><\/a> \u00dev\u00ed n\u00e6st valdi \u00e9g t\u00f3lf af lei\u00f0togum prestanna \u00e1samt \u00feeim Serebja og Hasabja og t\u00edu br\u00e6\u00f0rum \u00feeirra. <a name=\"25\"><span class=\"versanumer_2007\">25<\/span><\/a> S\u00ed\u00f0an v\u00f3 \u00e9g frammi fyrir \u00feeim silfri\u00f0, gulli\u00f0 og \u00e1h\u00f6ldin sem konungur, r\u00e1\u00f0gjafar hans og hir\u00f0menn og allir \u00feeir \u00cdsraelsmenn, sem \u00fearna voru saman komnir, h\u00f6f\u00f0u gefi\u00f0 til h\u00fass Gu\u00f0s okkar. <a name=\"26\"><span class=\"versanumer_2007\">26<\/span><\/a> \u00c9g v\u00f3 og f\u00e9kk \u00feeim \u00ed hendur sex hundru\u00f0 og fimmt\u00edu talentur silfurs, hundra\u00f0 silfur\u00e1h\u00f6ld, tv\u00e6r talentur \u00e1 \u00feyngd, einnig hundra\u00f0 talentur gulls <a name=\"27\"><span class=\"versanumer_2007\">27<\/span><\/a> og tuttugu bikara \u00far gulli, sem voru \u00fe\u00fasund dar\u00edka vir\u00f0i, og loks tv\u00f6 ker \u00far gullglj\u00e1andi g\u00f3\u00f0um eir sem voru gulls \u00edgildi.<br \/> <a name=\"28\"><span class=\"versanumer_2007\">28<\/span><\/a> S\u00ed\u00f0an sag\u00f0i \u00e9g vi\u00f0 \u00fe\u00e1: \u201e\u00dei\u00f0 eru\u00f0 helga\u00f0ir Drottni og \u00e1h\u00f6ldin eru einnig heil\u00f6g. Silfri\u00f0 og gulli\u00f0 er gj\u00f6f, gefin Drottni, Gu\u00f0i fe\u00f0ra ykkar, af f\u00fasum og frj\u00e1lsum vilja. <a name=\"29\"><span class=\"versanumer_2007\">29<\/span><\/a> G\u00e6ti\u00f0 \u00feess \u00fev\u00ed vandlega, \u00fear til \u00fei\u00f0 vegi\u00f0 \u00fea\u00f0 frammi fyrir lei\u00f0togum prestanna, Lev\u00edtunum og \u00e6ttarh\u00f6f\u00f0ingjum \u00cdsraels \u00ed Jer\u00fasalem, \u00ed s\u00f6lum h\u00fass Drottins.\u201c<br \/> <a name=\"30\"><span class=\"versanumer_2007\">30<\/span><\/a> Prestarnir og Lev\u00edtarnir t\u00f3ku \u00fe\u00e1 vi\u00f0 silfrinu, gullinu og \u00e1h\u00f6ldunum, sem h\u00f6f\u00f0u veri\u00f0 vegin, til \u00feess a\u00f0 flytja til Jer\u00fasalem, \u00ed h\u00fas Gu\u00f0s okkar. <a name=\"31\"><span class=\"versanumer_2007\">31<\/span><\/a> Vi\u00f0 l\u00f6g\u00f0um af sta\u00f0 fr\u00e1 Ahavaflj\u00f3ti t\u00f3lfta dag fyrsta m\u00e1na\u00f0arins og h\u00e9ldum til Jer\u00fasalem. H\u00f6nd Gu\u00f0s okkar hv\u00edldi yfir okkur og vernda\u00f0i okkur \u00e1 lei\u00f0inni fyrir \u00e1reitni fjandmanna og stigamanna.<br \/> <a name=\"32\"><span class=\"versanumer_2007\">32<\/span><\/a> \u00deegar vi\u00f0 komum til Jer\u00fasalem, h\u00e9ldum vi\u00f0 kyrru fyrir \u00ed \u00ferj\u00e1 daga. <a name=\"33\"><span class=\"versanumer_2007\">33<\/span><\/a> En \u00e1 fj\u00f3r\u00f0a degi voru silfri\u00f0, gulli\u00f0 og \u00e1h\u00f6ldin vegin \u00ed h\u00fasi Gu\u00f0s okkar og fengin \u00ed hendur Merem\u00f3t presti \u00dar\u00edasyni. Einnig voru Eleasar P\u00ednehasson og Lev\u00edtarnir J\u00f3sabad Jes\u00faason og N\u00f3adja Binn\u00fa\u00edson vi\u00f0staddir.<br \/> <a name=\"34\"><span class=\"versanumer_2007\">34<\/span><\/a> Allt var afhent eftir t\u00f6lu og \u00feyngd og var \u00feyngdin skr\u00e1\u00f0 um lei\u00f0.<br \/> <a name=\"35\"><span class=\"versanumer_2007\">35<\/span><\/a> \u00deeir sem komu heim \u00far \u00fatleg\u00f0inni, hinir landfl\u00f3tta, f\u00e6r\u00f0u n\u00fa Gu\u00f0i \u00cdsraels brennif\u00f3rnir, t\u00f3lf naut fyrir allan \u00cdsrael, n\u00edut\u00edu og sex hr\u00fata og sj\u00f6t\u00edu og sj\u00f6 l\u00f6mb og auk \u00feess t\u00f3lf geithafra \u00ed syndaf\u00f3rn. Allt \u00feetta var f\u00e6rt Drottni a\u00f0 brennif\u00f3rn.<br \/> <a name=\"36\"><span class=\"versanumer_2007\">36<\/span><\/a> Loks voru tilskipanir st\u00f3rkonungsins fengnar satr\u00f6pum hans og landstj\u00f3rum skattlandsins handan flj\u00f3ts. \u00dea\u00f0an \u00ed fr\u00e1 veittu \u00feeir \u00fej\u00f3\u00f0inni og h\u00fasi Gu\u00f0s stu\u00f0ning.<\/p>\n","protected":false},"excerpt":{"rendered":"<p>Skr\u00e1 yfir \u00fe\u00e1 sem sneru heim me\u00f0 Esra 1 \u00deetta eru \u00e6ttarh\u00f6f\u00f0ingjarnir sem f\u00f3ru me\u00f0 m\u00e9r heim fr\u00e1 Bab\u00fdlon \u00ed stj\u00f3rnart\u00ed\u00f0 Artaxerxesar konungs og \u00feeir sem skr\u00e1\u00f0ir eru \u00ed ni\u00f0jaskr\u00e1 \u00feeirra: 2 Af ni\u00f0jum P\u00ednehasar Gers\u00f3m.Af ni\u00f0jum \u00cdtamars Dan\u00edel.Af ni\u00f0jum Dav\u00ed\u00f0s Hatt\u00fas, 3 sonur Sekanja.Af ni\u00f0jum Par\u00f3s Sakar\u00eda og me\u00f0 honum skr\u00e1\u00f0ir 150 karlmenn. 4 Af ni\u00f0jum Pahat-M\u00f3abs Eljeh\u00f3-ena\u00ed Serajason og 200 karlmenn me\u00f0 honum. 5 Af ni\u00f0jum Satt\u00fa Sekanja Jahas\u00edelsson og me\u00f0 honum 300 karlmenn. 6 Af ni\u00f0jum Ad\u00edns Ebed J\u00f3natansson og me\u00f0 honum fimm tugir karlmanna. 7 Af ni\u00f0jum Elams Jesaja Ataljason og me\u00f0 honum sj\u00f6 tugir karlmanna. <a href=\"https:\/\/biblian.is\/biblian\/esrabok-8-kafli\/\"> [&#8230;]<\/a><\/p>\n","protected":false},"author":1,"featured_media":0,"parent":0,"menu_order":0,"comment_status":"open","ping_status":"open","template":"bibliukaflar_NT.php","meta":{"footnotes":""},"class_list":["post-2028","page","type-page","status-publish","hentry"],"_links":{"self":[{"href":"https:\/\/biblian.is\/biblian\/wp-json\/wp\/v2\/pages\/2028","targetHints":{"allow":["GET"]}}],"collection":[{"href":"https:\/\/biblian.is\/biblian\/wp-json\/wp\/v2\/pages"}],"about":[{"href":"https:\/\/biblian.is\/biblian\/wp-json\/wp\/v2\/types\/page"}],"author":[{"embeddable":true,"href":"https:\/\/biblian.is\/biblian\/wp-json\/wp\/v2\/users\/1"}],"replies":[{"embeddable":true,"href":"https:\/\/biblian.is\/biblian\/wp-json\/wp\/v2\/comments?post=2028"}],"version-history":[{"count":0,"href":"https:\/\/biblian.is\/biblian\/wp-json\/wp\/v2\/pages\/2028\/revisions"}],"wp:attachment":[{"href":"https:\/\/biblian.is\/biblian\/wp-json\/wp\/v2\/media?parent=2028"}],"curies":[{"name":"wp","href":"https:\/\/api.w.org\/{rel}","templated":true}]}}