{"id":2027,"date":"2017-12-30T21:01:25","date_gmt":"2017-12-30T21:01:25","guid":{"rendered":"http:\/\/biblian.is\/biblian\/esrab%c2%97k-7-kafli\/"},"modified":"2023-02-25T04:31:16","modified_gmt":"2023-02-25T04:31:16","slug":"esrabok-7-kafli","status":"publish","type":"page","link":"https:\/\/biblian.is\/biblian\/esrabok-7-kafli\/","title":{"rendered":"Esrab\u00f3k 7. kafli"},"content":{"rendered":"<h3 class=\"millifyrirsogn_2007\"> Heimf\u00f6r Esra<\/h3>\n<p><a name=\"1\"><span class=\"versanumer_2007\">1<\/span><\/a> Eftir \u00feessa atbur\u00f0i, \u00e1 valdat\u00edma Artaxerxesar Persakonungs, h\u00e9lt Esra af sta\u00f0 heimlei\u00f0is. Esra var sonur Seraja Asarjasonar, Hilk\u00edasonar, <a name=\"2\"><span class=\"versanumer_2007\">2<\/span><\/a> Sall\u00famssonar, Sad\u00f3kssonar, Ah\u00edt\u00fabssonar, <a name=\"3\"><span class=\"versanumer_2007\">3<\/span><\/a> Amarjasonar, Asarjasonar, Meraj\u00f3tssonar, <a name=\"4\"><span class=\"versanumer_2007\">4<\/span><\/a> Serhjasonar, \u00dass\u00edsonar, B\u00fakk\u00edsonar, <a name=\"5\"><span class=\"versanumer_2007\">5<\/span><\/a> Ab\u00eds\u00faasonar, P\u00ednehassonar, Eleasarssonar, sonar Arons \u00e6\u00f0sta prests. <a name=\"6\"><span class=\"versanumer_2007\">6<\/span><\/a> Esra \u00feessi sneri heim fr\u00e1 Bab\u00fdlon. Hann var ritari, vel a\u00f0 s\u00e9r \u00ed l\u00f6gm\u00e1li M\u00f3se sem Drottinn, Gu\u00f0 \u00cdsraels, haf\u00f0i gefi\u00f0. Konungurinn veitti honum allt sem hann \u00f3ska\u00f0i af \u00fev\u00ed a\u00f0 h\u00f6nd Drottins, Gu\u00f0s hans, var yfir honum.<br \/> <a name=\"7\"><span class=\"versanumer_2007\">7<\/span><\/a> H\u00f3pur \u00cdsraelsmanna, \u00fear \u00e1 me\u00f0al prestar, Lev\u00edtar, s\u00f6ngvarar, hli\u00f0ver\u00f0ir og musteris\u00fej\u00f3nar, f\u00f3r me\u00f0 honum upp til Jer\u00fasalem \u00e1 sj\u00f6unda stj\u00f3rnar\u00e1ri Artaxerxesar konungs. <a name=\"8\"><span class=\"versanumer_2007\">8<\/span><\/a> Esra kom til Jer\u00fasalem \u00ed fimmta m\u00e1nu\u00f0i sj\u00f6unda stj\u00f3rnar\u00e1rs konungs. <a name=\"9\"><span class=\"versanumer_2007\">9<\/span><\/a> Hann haf\u00f0i \u00e1kve\u00f0i\u00f0 a\u00f0 halda fr\u00e1 Bab\u00fdlon fyrsta dag fyrsta m\u00e1na\u00f0arins og hann kom til Jer\u00fasalem fyrsta dag fimmta m\u00e1na\u00f0arins, \u00fear sem g\u00e6skur\u00edk h\u00f6nd Gu\u00f0s hans var yfir honum. <a name=\"10\"><span class=\"versanumer_2007\">10<\/span><\/a> Enda haf\u00f0i Esra einbeitt s\u00e9r a\u00f0 \u00fev\u00ed a\u00f0 rannsaka l\u00f6g Drottins, framfylgja \u00feeim og kenna \u00cdsraelsm\u00f6nnum l\u00f6g og r\u00e9tt \u00ed \u00cdsrael.<\/p>\n<h3 class=\"millifyrirsogn_2007\">Tilskipun konungs<\/h3>\n<p><a name=\"11\"><span class=\"versanumer_2007\">11<\/span><\/a> H\u00e9r fer \u00e1 eftir afrit \u00feeirrar tilskipunar sem Artaxerxes konungur f\u00e9kk Esra, presti og fr\u00e6\u00f0imanni, sem var fr\u00f3\u00f0ur um bo\u00f0or\u00f0 Drottins og l\u00f6g sem hann haf\u00f0i gefi\u00f0 \u00cdsrael:<br \/> <a name=\"12\"><span class=\"versanumer_2007\">12<\/span><\/a> \u201eArtaxerxes, konungur konunganna, sendir kve\u00f0ju Esra presti sem fr\u00f3\u00f0ur er \u00ed l\u00f6gm\u00e1li Gu\u00f0s himinsins. <a name=\"13\"><span class=\"versanumer_2007\">13<\/span><\/a> H\u00e9r me\u00f0 l\u00fdsi \u00e9g yfir: Allir sem eru af \u00fej\u00f3\u00f0 \u00cdsraels \u00ed r\u00edki m\u00ednu, \u00fear me\u00f0 taldir allir prestar og Lev\u00edtar, sem vilja, skulu fara me\u00f0 \u00fe\u00e9r til Jer\u00fasalem. <a name=\"14\"><span class=\"versanumer_2007\">14<\/span><\/a> \u00de\u00fa ert sendur af konungi og sj\u00f6 r\u00e1\u00f0gj\u00f6fum hans til \u00feess a\u00f0 kanna a\u00f0st\u00e6\u00f0ur \u00ed J\u00fada og Jer\u00fasalem samkv\u00e6mt l\u00f6gm\u00e1li Gu\u00f0s \u00fe\u00edns sem er \u00ed hendi \u00fe\u00e9r. <a name=\"15\"><span class=\"versanumer_2007\">15<\/span><\/a> Einnig \u00e1tt \u00fe\u00fa a\u00f0 hafa me\u00f0 \u00fe\u00e9r silfur og gull sem konungur og r\u00e1\u00f0gjafar hans hafa gefi\u00f0 Gu\u00f0i \u00cdsraels sem \u00e1 s\u00e9r b\u00fasta\u00f0 \u00ed Jer\u00fasalem. <a name=\"16\"><span class=\"versanumer_2007\">16<\/span><\/a> Enn fremur \u00e1tt \u00fe\u00fa a\u00f0 taka me\u00f0 \u00fe\u00e9r allt \u00fea\u00f0 silfur og gull sem \u00fe\u00fa kannt a\u00f0 f\u00e1 fr\u00e1 skattlandinu Bab\u00fdlon, \u00e1samt \u00feeim gj\u00f6fum sem \u00fej\u00f3\u00f0in og prestarnir leggja fram af frj\u00e1lsum vilja til h\u00fass Gu\u00f0s s\u00edns \u00ed Jer\u00fasalem. <a name=\"17\"><span class=\"versanumer_2007\">17<\/span><\/a> F\u00e9nu skaltu \u00fev\u00ed verja samviskusamlega til kaupa \u00e1 nautum, hr\u00fatum og l\u00f6mbum og til kaupa \u00e1 kornf\u00f3rnum og dreypif\u00f3rnum sem s\u00ed\u00f0an skulu bornar fram \u00e1 altari h\u00fass Gu\u00f0s ykkar \u00ed Jer\u00fasalem. <a name=\"18\"><span class=\"versanumer_2007\">18<\/span><\/a> \u00dea\u00f0 sem \u00fe\u00e1 er eftir af silfrinu og gullinu skalt \u00fe\u00fa og br\u00e6\u00f0ur \u00fe\u00ednir nota eins og \u00fei\u00f0 \u00e1l\u00edti\u00f0 r\u00e9tt og \u00ed samr\u00e6mi vi\u00f0 \u00farskur\u00f0 Gu\u00f0s ykkar. <a name=\"19\"><span class=\"versanumer_2007\">19<\/span><\/a> \u00c1h\u00f6ldin til gu\u00f0s\u00fej\u00f3nustunnar, sem \u00fe\u00e9r voru fengin, skalt \u00fe\u00fa afhenda fyrir augliti Gu\u00f0s \u00ed h\u00fasi hans \u00ed Jer\u00fasalem. <a name=\"20\"><span class=\"versanumer_2007\">20<\/span><\/a> Anna\u00f0, sem \u00fe\u00f6rf kann a\u00f0 vera fyrir \u00ed h\u00fasi Gu\u00f0s \u00fe\u00edns og \u00fe\u00fa \u00fearft a\u00f0 kaupa, skaltu grei\u00f0a \u00far fj\u00e1rhirslum konungs. <a name=\"21\"><span class=\"versanumer_2007\">21<\/span><\/a> \u00c9g, Artaxerxes konungur, skipa h\u00e9r me\u00f0 \u00f6llum f\u00e9hir\u00f0um \u00ed skattlandinu handan flj\u00f3tsins: Allt, sem Esra prestur, sem fr\u00f3\u00f0ur er \u00ed l\u00f6gm\u00e1li Gu\u00f0s himinsins, fer fram \u00e1, skal greitt honum a\u00f0 fullu, <a name=\"22\"><span class=\"versanumer_2007\">22<\/span><\/a> allt a\u00f0 hundra\u00f0 talentur silfurs, allt a\u00f0 hundra\u00f0 k\u00f3r hveitis, allt a\u00f0 hundra\u00f0 b\u00f6t v\u00edns, allt a\u00f0 hundra\u00f0 b\u00f6t ol\u00edu og \u00f3m\u00e6lt salt. <a name=\"23\"><span class=\"versanumer_2007\">23<\/span><\/a> Allt, sem Gu\u00f0 himinsins krefst, skal af kostg\u00e6fni l\u00e1ti\u00f0 h\u00fasi Gu\u00f0s himinsins \u00ed t\u00e9 svo a\u00f0 rei\u00f0i hans komi ekki yfir r\u00edki konungs og sona hans.<br \/> <a name=\"24\"><span class=\"versanumer_2007\">24<\/span><\/a> Enn fremur tilkynnist ykkur: Ekki er heimilt a\u00f0 leggja skatta, gj\u00f6ld e\u00f0a tolla \u00e1 neinn prest, Lev\u00edta, s\u00f6ngvara, hli\u00f0v\u00f6r\u00f0, musteris\u00fej\u00f3n e\u00f0a a\u00f0ra starfsmenn vi\u00f0 \u00feetta h\u00fas Gu\u00f0s. <a name=\"25\"><span class=\"versanumer_2007\">25<\/span><\/a> En \u00fe\u00fa, Esra, skalt samkv\u00e6mt l\u00f6gm\u00e1li Gu\u00f0s \u00fe\u00edns, sem er \u00ed hendi \u00fe\u00e9r, skipa d\u00f3mara og l\u00f6gfr\u00f3\u00f0a menn til a\u00f0 d\u00e6ma \u00ed m\u00e1lum \u00fej\u00f3\u00f0arinnar allrar \u00ed skattlandinu handan flj\u00f3ts, allra \u00feeirra sem \u00feekkja l\u00f6gm\u00e1l Gu\u00f0s \u00fe\u00edns. En \u00feeim sem ekki \u00feekkja l\u00f6gm\u00e1li\u00f0 eigi\u00f0 \u00fei\u00f0 a\u00f0 kenna \u00fea\u00f0. <a name=\"26\"><span class=\"versanumer_2007\">26<\/span><\/a> En hver sem ekki breytir \u00ed \u00f6llu eftir l\u00f6gm\u00e1li Gu\u00f0s \u00fe\u00edns og l\u00f6gm\u00e1li konungs skal leiddur fyrir r\u00e9tt og d\u00e6mdur til dau\u00f0a, \u00fatleg\u00f0ar, sektar e\u00f0a \u00ed fangelsi.\u201c<br \/> <a name=\"27\"><span class=\"versanumer_2007\">27<\/span><\/a> Lofa\u00f0ur s\u00e9 Drottinn, Gu\u00f0 fe\u00f0ra okkar. Hann bl\u00e9s konungi \u00f6llu \u00feessu \u00ed brj\u00f3st svo a\u00f0 hann g\u00e6ti gert h\u00fas Drottins \u00ed Jer\u00fasalem veglegt. <a name=\"28\"><span class=\"versanumer_2007\">28<\/span><\/a> Hann hefur veitt m\u00e9r hylli konungs og r\u00e1\u00f0gjafa hans og allra hinna voldugu hir\u00f0manna konungs. \u00dear sem h\u00f6nd Drottins, Gu\u00f0s m\u00edns, var yfir m\u00e9r j\u00f3kst m\u00e9r svo \u00e1r\u00e6\u00f0i a\u00f0 \u00e9g safna\u00f0i saman h\u00f6f\u00f0ingjum \u00cdsraels til \u00feess a\u00f0 fara heim me\u00f0 m\u00e9r.<\/p>\n","protected":false},"excerpt":{"rendered":"<p>Heimf\u00f6r Esra 1 Eftir \u00feessa atbur\u00f0i, \u00e1 valdat\u00edma Artaxerxesar Persakonungs, h\u00e9lt Esra af sta\u00f0 heimlei\u00f0is. Esra var sonur Seraja Asarjasonar, Hilk\u00edasonar, 2 Sall\u00famssonar, Sad\u00f3kssonar, Ah\u00edt\u00fabssonar, 3 Amarjasonar, Asarjasonar, Meraj\u00f3tssonar, 4 Serhjasonar, \u00dass\u00edsonar, B\u00fakk\u00edsonar, 5 Ab\u00eds\u00faasonar, P\u00ednehassonar, Eleasarssonar, sonar Arons \u00e6\u00f0sta prests. 6 Esra \u00feessi sneri heim fr\u00e1 Bab\u00fdlon. Hann var ritari, vel a\u00f0 s\u00e9r \u00ed l\u00f6gm\u00e1li M\u00f3se sem Drottinn, Gu\u00f0 \u00cdsraels, haf\u00f0i gefi\u00f0. Konungurinn veitti honum allt sem hann \u00f3ska\u00f0i af \u00fev\u00ed a\u00f0 h\u00f6nd Drottins, Gu\u00f0s hans, var yfir honum. 7 H\u00f3pur \u00cdsraelsmanna, \u00fear \u00e1 me\u00f0al prestar, Lev\u00edtar, s\u00f6ngvarar, hli\u00f0ver\u00f0ir og musteris\u00fej\u00f3nar, f\u00f3r me\u00f0 honum upp til Jer\u00fasalem \u00e1 sj\u00f6unda <a href=\"https:\/\/biblian.is\/biblian\/esrabok-7-kafli\/\"> [&#8230;]<\/a><\/p>\n","protected":false},"author":1,"featured_media":0,"parent":0,"menu_order":0,"comment_status":"open","ping_status":"open","template":"bibliukaflar_NT.php","meta":{"footnotes":""},"class_list":["post-2027","page","type-page","status-publish","hentry"],"_links":{"self":[{"href":"https:\/\/biblian.is\/biblian\/wp-json\/wp\/v2\/pages\/2027","targetHints":{"allow":["GET"]}}],"collection":[{"href":"https:\/\/biblian.is\/biblian\/wp-json\/wp\/v2\/pages"}],"about":[{"href":"https:\/\/biblian.is\/biblian\/wp-json\/wp\/v2\/types\/page"}],"author":[{"embeddable":true,"href":"https:\/\/biblian.is\/biblian\/wp-json\/wp\/v2\/users\/1"}],"replies":[{"embeddable":true,"href":"https:\/\/biblian.is\/biblian\/wp-json\/wp\/v2\/comments?post=2027"}],"version-history":[{"count":0,"href":"https:\/\/biblian.is\/biblian\/wp-json\/wp\/v2\/pages\/2027\/revisions"}],"wp:attachment":[{"href":"https:\/\/biblian.is\/biblian\/wp-json\/wp\/v2\/media?parent=2027"}],"curies":[{"name":"wp","href":"https:\/\/api.w.org\/{rel}","templated":true}]}}