{"id":2025,"date":"2017-12-30T21:01:25","date_gmt":"2017-12-30T21:01:25","guid":{"rendered":"http:\/\/biblian.is\/biblian\/esrab%c2%97k-5-kafli\/"},"modified":"2023-02-25T04:31:15","modified_gmt":"2023-02-25T04:31:15","slug":"esrabok-5-kafli","status":"publish","type":"page","link":"https:\/\/biblian.is\/biblian\/esrabok-5-kafli\/","title":{"rendered":"Esrab\u00f3k 5. kafli"},"content":{"rendered":"<h3 class=\"millifyrirsogn_2007\"> Musterisbygging hafin a\u00f0 n\u00fdju<\/h3>\n<p><a name=\"1\"><span class=\"versanumer_2007\">1<\/span><\/a> Hagga\u00ed sp\u00e1ma\u00f0ur og Sakar\u00eda Idd\u00f3son sp\u00e1ma\u00f0ur fluttu n\u00fa Gy\u00f0ingum \u00ed J\u00fada og Jer\u00fasalem sp\u00e1mannlegan bo\u00f0skap \u00ed nafni Gu\u00f0s \u00cdsraels sem var yfir \u00feeim. <a name=\"2\"><span class=\"versanumer_2007\">2<\/span><\/a> \u00de\u00e1 h\u00f3fu Ser\u00fababel Sealt\u00edelsson og Jes\u00faa J\u00f3sadaksson a\u00f0 n\u00fdju a\u00f0 reisa h\u00fas Gu\u00f0s \u00ed Jer\u00fasalem. Sp\u00e1menn Gu\u00f0s voru me\u00f0 \u00feeim og veittu \u00feeim fulltingi.<br \/> <a name=\"3\"><span class=\"versanumer_2007\">3<\/span><\/a> Um sama leyti komu Tatna\u00ed, landstj\u00f3ri handan flj\u00f3ts, og Setar Bosna\u00ed og f\u00e9lagar \u00feeirra til Gy\u00f0inganna og spur\u00f0u: \u201eHver skipa\u00f0i ykkur a\u00f0 endurreisa \u00feetta h\u00fas og \u00feilja \u00fea\u00f0 innan?\u201c <a name=\"4\"><span class=\"versanumer_2007\">4<\/span><\/a> Enn fremur spur\u00f0u \u00feeir: \u201eHva\u00f0 heita mennirnir sem eru a\u00f0 reisa \u00feessa byggingu?\u201c <a name=\"5\"><span class=\"versanumer_2007\">5<\/span><\/a> En auga Gu\u00f0s \u00feeirra vakti yfir \u00f6ldungum Gy\u00f0inga sem voru \u00fev\u00ed l\u00e1tnir \u00f3\u00e1reittir \u00fear til Dar\u00edusi haf\u00f0i veri\u00f0 send sk\u00fdrsla og skriflegt svar komi\u00f0 vi\u00f0 henni.<br \/> <a name=\"6\"><span class=\"versanumer_2007\">6<\/span><\/a> \u00deetta er afrit af br\u00e9finu sem Tatna\u00ed, landstj\u00f3ri handan flj\u00f3ts, og Setar Bosna\u00ed \u00e1samt f\u00e9l\u00f6gum s\u00ednum, emb\u00e6ttism\u00f6nnum handan flj\u00f3ts, sendu Dar\u00edusi konungi. <a name=\"7\"><span class=\"versanumer_2007\">7<\/span><\/a> \u00deeir sendu honum sk\u00fdrslu sem \u00ed st\u00f3\u00f0:<br \/>\u201eBestu heilla\u00f3skir til Dar\u00edusar konungs. <a name=\"8\"><span class=\"versanumer_2007\">8<\/span><\/a> H\u00e9r me\u00f0 tilkynnist konungi a\u00f0 vi\u00f0 h\u00f6fum fari\u00f0 til J\u00fadah\u00e9ra\u00f0s, til h\u00fass hins mikla Gu\u00f0s. Veri\u00f0 er a\u00f0 byggja \u00fea\u00f0 \u00far st\u00f3rum steinum og bor\u00f0vi\u00f0ur er lag\u00f0ur \u00e1 veggina. Unni\u00f0 er sleitulaust og verki\u00f0 vel af hendi leyst.<br \/> <a name=\"9\"><span class=\"versanumer_2007\">9<\/span><\/a> \u00de\u00e1 spur\u00f0um vi\u00f0 \u00f6ldungana \u00e1 \u00feessa lei\u00f0: Hver hefur skipa\u00f0 ykkur a\u00f0 endurreisa \u00feetta h\u00fas og \u00feilja \u00fea\u00f0 innan? <a name=\"10\"><span class=\"versanumer_2007\">10<\/span><\/a> Vi\u00f0 spur\u00f0um \u00fe\u00e1 einnig a\u00f0 nafni til \u00feess a\u00f0 vi\u00f0 g\u00e6tum tilkynnt \u00fe\u00e9r n\u00f6fn forystumannanna skriflega. <a name=\"11\"><span class=\"versanumer_2007\">11<\/span><\/a> \u00deeir g\u00e1fu \u00feessa sk\u00fdringu: Vi\u00f0 erum \u00fej\u00f3nar Gu\u00f0s himins og jar\u00f0ar og erum a\u00f0 endurreisa \u00fea\u00f0 h\u00fas sem st\u00f3\u00f0 h\u00e9r fullgert \u00ed m\u00f6rg \u00e1r. Mikill konungur \u00ed \u00cdsrael reisti \u00fea\u00f0 og fullger\u00f0i. <a name=\"12\"><span class=\"versanumer_2007\">12<\/span><\/a> En s\u00f6kum \u00feess a\u00f0 forfe\u00f0ur okkar reittu Gu\u00f0 himinsins til rei\u00f0i seldi hann Kaldeanum Neb\u00fakadnesari Bab\u00fdlon\u00edukonungi \u00fe\u00e1 \u00ed hendur. Hann braut ni\u00f0ur \u00feetta h\u00fas og flutti f\u00f3lki\u00f0 \u00ed \u00fatleg\u00f0 til Bab\u00fdlonar. <a name=\"13\"><span class=\"versanumer_2007\">13<\/span><\/a> En \u00e1 fyrsta stj\u00f3rnar\u00e1ri K\u00fdrusar Bab\u00fdlon\u00edukonungs gaf K\u00fdrus konungur fyrirm\u00e6li um a\u00f0 endurreisa \u00feetta h\u00fas Gu\u00f0s.<br \/> <a name=\"14\"><span class=\"versanumer_2007\">14<\/span><\/a> L\u00e9t K\u00fdrus konungur s\u00e6kja gull- og silfur\u00e1h\u00f6ld h\u00fass Gu\u00f0s, musterisins \u00ed Jer\u00fasalem, sem Neb\u00fakadnesar haf\u00f0i teki\u00f0 og flutt \u00ed musteri\u00f0 \u00ed Bab\u00fdlon. K\u00fdrus f\u00e9kk \u00feau manni nokkrum, Sesbasar a\u00f0 nafni, sem hann haf\u00f0i gert a\u00f0 landstj\u00f3ra, <a name=\"15\"><span class=\"versanumer_2007\">15<\/span><\/a> og sag\u00f0i vi\u00f0 hann: Taktu \u00feessi \u00e1h\u00f6ld og far\u00f0u me\u00f0 \u00feau \u00ed musteri\u00f0 \u00ed Jer\u00fasalem \u00fev\u00ed a\u00f0 h\u00fas Gu\u00f0s skal endurreist \u00e1 s\u00ednum fyrri sta\u00f0. <a name=\"16\"><span class=\"versanumer_2007\">16<\/span><\/a> S\u00ed\u00f0an kom Sesbasar \u00feessi og lag\u00f0i grunn a\u00f0 h\u00fasi Gu\u00f0s \u00ed Jer\u00fasalem. \u00dea\u00f0an \u00ed fr\u00e1 og fram \u00e1 \u00feennan dag hefur veri\u00f0 unni\u00f0 a\u00f0 sm\u00ed\u00f0i h\u00fassins og er henni ekki enn loki\u00f0.<br \/> <a name=\"17\"><span class=\"versanumer_2007\">17<\/span><\/a> \u00de\u00f3knist konungi m\u00e1 leita \u00ed hinum konunglegu fj\u00e1rhirslum \u00ed Bab\u00fdlon hvort til er heimild me\u00f0 fyrirm\u00e6lum K\u00fdrusar konungs um a\u00f0 endurreisa \u00feetta h\u00fas Gu\u00f0s \u00ed Jer\u00fasalem. Konungur \u00e6tti s\u00ed\u00f0an a\u00f0 senda greinarger\u00f0 um vilja sinn \u00ed \u00feessu m\u00e1li.\u201c<\/p>\n","protected":false},"excerpt":{"rendered":"<p>Musterisbygging hafin a\u00f0 n\u00fdju 1 Hagga\u00ed sp\u00e1ma\u00f0ur og Sakar\u00eda Idd\u00f3son sp\u00e1ma\u00f0ur fluttu n\u00fa Gy\u00f0ingum \u00ed J\u00fada og Jer\u00fasalem sp\u00e1mannlegan bo\u00f0skap \u00ed nafni Gu\u00f0s \u00cdsraels sem var yfir \u00feeim. 2 \u00de\u00e1 h\u00f3fu Ser\u00fababel Sealt\u00edelsson og Jes\u00faa J\u00f3sadaksson a\u00f0 n\u00fdju a\u00f0 reisa h\u00fas Gu\u00f0s \u00ed Jer\u00fasalem. Sp\u00e1menn Gu\u00f0s voru me\u00f0 \u00feeim og veittu \u00feeim fulltingi. 3 Um sama leyti komu Tatna\u00ed, landstj\u00f3ri handan flj\u00f3ts, og Setar Bosna\u00ed og f\u00e9lagar \u00feeirra til Gy\u00f0inganna og spur\u00f0u: \u201eHver skipa\u00f0i ykkur a\u00f0 endurreisa \u00feetta h\u00fas og \u00feilja \u00fea\u00f0 innan?\u201c 4 Enn fremur spur\u00f0u \u00feeir: \u201eHva\u00f0 heita mennirnir sem eru a\u00f0 reisa \u00feessa byggingu?\u201c 5 En auga <a href=\"https:\/\/biblian.is\/biblian\/esrabok-5-kafli\/\"> [&#8230;]<\/a><\/p>\n","protected":false},"author":1,"featured_media":0,"parent":0,"menu_order":0,"comment_status":"open","ping_status":"open","template":"bibliukaflar_NT.php","meta":{"footnotes":""},"class_list":["post-2025","page","type-page","status-publish","hentry"],"_links":{"self":[{"href":"https:\/\/biblian.is\/biblian\/wp-json\/wp\/v2\/pages\/2025","targetHints":{"allow":["GET"]}}],"collection":[{"href":"https:\/\/biblian.is\/biblian\/wp-json\/wp\/v2\/pages"}],"about":[{"href":"https:\/\/biblian.is\/biblian\/wp-json\/wp\/v2\/types\/page"}],"author":[{"embeddable":true,"href":"https:\/\/biblian.is\/biblian\/wp-json\/wp\/v2\/users\/1"}],"replies":[{"embeddable":true,"href":"https:\/\/biblian.is\/biblian\/wp-json\/wp\/v2\/comments?post=2025"}],"version-history":[{"count":0,"href":"https:\/\/biblian.is\/biblian\/wp-json\/wp\/v2\/pages\/2025\/revisions"}],"wp:attachment":[{"href":"https:\/\/biblian.is\/biblian\/wp-json\/wp\/v2\/media?parent=2025"}],"curies":[{"name":"wp","href":"https:\/\/api.w.org\/{rel}","templated":true}]}}