{"id":2023,"date":"2017-12-30T21:01:25","date_gmt":"2017-12-30T21:01:25","guid":{"rendered":"http:\/\/biblian.is\/biblian\/esrab%c2%97k-3-kafli\/"},"modified":"2023-02-25T04:31:14","modified_gmt":"2023-02-25T04:31:14","slug":"esrabok-3-kafli","status":"publish","type":"page","link":"https:\/\/biblian.is\/biblian\/esrabok-3-kafli\/","title":{"rendered":"Esrab\u00f3k 3. kafli"},"content":{"rendered":"<h3 class=\"millifyrirsogn_2007\"> Endurreisn musterisins<\/h3>\n<p><a name=\"1\"><span class=\"versanumer_2007\">1<\/span><\/a> \u00cd upphafi sj\u00f6unda m\u00e1na\u00f0arins, \u00feegar \u00cdsraelsmenn voru sestir a\u00f0 \u00ed borgum s\u00ednum, safna\u00f0ist \u00f6ll \u00fej\u00f3\u00f0in saman eins og einn ma\u00f0ur \u00ed Jer\u00fasalem. <a name=\"2\"><span class=\"versanumer_2007\">2<\/span><\/a> \u00de\u00e1 h\u00f3fu \u00feeir Jes\u00faa J\u00f3sadaksson og br\u00e6\u00f0ur hans, prestarnir, og Ser\u00fababel Sealt\u00edelsson og br\u00e6\u00f0ur hans a\u00f0 reisa altari \u00cdsraels Gu\u00f0s til \u00feess a\u00f0 geta f\u00e6rt \u00e1 \u00fev\u00ed brennif\u00f3rnir eins og fyrir er m\u00e6lt \u00ed l\u00f6gm\u00e1li gu\u00f0smannsins M\u00f3se. <a name=\"3\"><span class=\"versanumer_2007\">3<\/span><\/a> \u00deeir reistu altari\u00f0 \u00fear sem \u00fea\u00f0 st\u00f3\u00f0 \u00e1\u00f0ur \u00fer\u00e1tt fyrir h\u00f3tanir f\u00f3lksins \u00e1 landsbygg\u00f0inni. S\u00ed\u00f0an f\u00e6r\u00f0u \u00feeir Drottni brennif\u00f3rnir \u00e1 \u00fev\u00ed, b\u00e6\u00f0i kv\u00f6lds og morgna. <a name=\"4\"><span class=\"versanumer_2007\">4<\/span><\/a> \u00de\u00e1 h\u00e9ldu \u00feeir laufsk\u00e1lah\u00e1t\u00ed\u00f0ina eins og fyrir er m\u00e6lt og f\u00e6r\u00f0u \u00e1 hverjum degi jafnmargar f\u00f3rnir og f\u00e6ra ber dag hvern. <a name=\"5\"><span class=\"versanumer_2007\">5<\/span><\/a> Upp fr\u00e1 \u00fev\u00ed f\u00e6r\u00f0u \u00feeir einnig brennif\u00f3rnina sem reglulega er f\u00e6r\u00f0, enn fremur f\u00f3rnir \u00e1 tunglkomud\u00f6gum og \u00e1 \u00f6llum \u00feeim h\u00e1t\u00ed\u00f0um sem helga\u00f0ar eru Drottni, og auk \u00feess \u00fe\u00e6r f\u00f3rnir sem Drottni voru f\u00e6r\u00f0ar af f\u00fasum og frj\u00e1lsum vilja. <a name=\"6\"><span class=\"versanumer_2007\">6<\/span><\/a> \u00deeir t\u00f3ku a\u00f0 f\u00e6ra Drottni brennif\u00f3rnir \u00e1 fyrsta degi sj\u00f6unda m\u00e1na\u00f0arins en grunnur musteris Drottins haf\u00f0i enn ekki veri\u00f0 lag\u00f0ur. <a name=\"7\"><span class=\"versanumer_2007\">7<\/span><\/a> \u00deeir guldu steinsmi\u00f0um og tr\u00e9smi\u00f0um f\u00e9 en greiddu S\u00eddonsm\u00f6nnum og T\u00fdrusm\u00f6nnum me\u00f0 matv\u00e6lum og drykkjarf\u00f6ngum og \u00f3l\u00edfuol\u00edu fyrir a\u00f0 flytja sedrusvi\u00f0arboli sj\u00f3lei\u00f0ina til Jaf\u00f3. \u00dea\u00f0 var gert samkv\u00e6mt heimild sem K\u00fdrus Persakonungur haf\u00f0i veitt \u00feeim.<br \/> <a name=\"8\"><span class=\"versanumer_2007\">8<\/span><\/a> \u00cd \u00f6\u00f0rum m\u00e1nu\u00f0i \u00e1 \u00f6\u00f0ru \u00e1ri eftir komu \u00feeirra til h\u00fass Gu\u00f0s \u00ed Jer\u00fasalem h\u00f3fust Ser\u00fababel Sealt\u00edelsson og Jes\u00faa J\u00f3sadaksson handa \u00e1samt \u00f6\u00f0rum br\u00e6\u00f0rum s\u00ednum, prestunum og Lev\u00edtunum og \u00f6llum sem komnir voru aftur til Jer\u00fasalem \u00far \u00fatleg\u00f0inni. \u00deeir settu n\u00fa Lev\u00edtana, tuttugu \u00e1ra og eldri, til a\u00f0 stj\u00f3rna vinnunni vi\u00f0 h\u00fas Drottins. <a name=\"9\"><span class=\"versanumer_2007\">9<\/span><\/a> Jes\u00faa, synir hans og br\u00e6\u00f0ur, Kadm\u00edel og synir hans, Binnu\u00ed og H\u00f3davja, st\u00f3\u00f0u a\u00f0 \u00fev\u00ed sem einn ma\u00f0ur a\u00f0 stj\u00f3rna \u00feeim sem unnu a\u00f0 byggingu h\u00fass Gu\u00f0s, og auk \u00feeirra synir Henadads og synir \u00feeirra og br\u00e6\u00f0ur sem voru Lev\u00edtar. <a name=\"10\"><span class=\"versanumer_2007\">10<\/span><\/a> \u00deegar smi\u00f0irnir h\u00f6f\u00f0u lagt grunn a\u00f0 musteri Drottins komu skr\u00fdddir prestarnir me\u00f0 l\u00fa\u00f0rana, einnig Lev\u00edtarnir, ni\u00f0jar Asafs, me\u00f0 m\u00e1lmgj\u00f6ll til a\u00f0 lofa Drottin samkv\u00e6mt bo\u00f0i Dav\u00ed\u00f0s, \u00cdsraelskonungs. <a name=\"11\"><span class=\"versanumer_2007\">11<\/span><\/a> \u00deeir t\u00f3ku a\u00f0 lofa Drottin og \u00feakka honum: \u201e\u00dev\u00ed a\u00f0 hann er g\u00f3\u00f0ur og miskunn hans vi\u00f0 \u00cdsrael varir a\u00f0 eil\u00edfu.\u201c Allt f\u00f3lki\u00f0 laust upp miklu fagna\u00f0ar\u00f3pi og lofa\u00f0i Drottin af \u00fev\u00ed a\u00f0 grunnur haf\u00f0i n\u00fa veri\u00f0 lag\u00f0ur a\u00f0 h\u00fasi Drottins. <a name=\"12\"><span class=\"versanumer_2007\">12<\/span><\/a> En margir af prestunum, Lev\u00edtunum og \u00e6ttarh\u00f6f\u00f0ingjunum voru or\u00f0nir gamlir og h\u00f6f\u00f0u s\u00e9\u00f0 hi\u00f0 fyrra h\u00fas. \u00deeir gr\u00e9tu h\u00e1st\u00f6fum \u00feegar grunnur a\u00f0 \u00feessu h\u00fasi haf\u00f0i veri\u00f0 lag\u00f0ur a\u00f0 \u00feeim \u00e1sj\u00e1andi. Margir hr\u00f3pu\u00f0u einnig h\u00e1tt af gle\u00f0i <a name=\"13\"><span class=\"versanumer_2007\">13<\/span><\/a> svo a\u00f0 ekki var unnt a\u00f0 greina a\u00f0 gle\u00f0i\u00f3pin og gr\u00e1thlj\u00f3\u00f0in, \u00fev\u00ed a\u00f0 f\u00f3lki\u00f0 laust upp sl\u00edku fagna\u00f0ar\u00f3pi a\u00f0 heyra m\u00e1tti langt a\u00f0.<\/p>\n","protected":false},"excerpt":{"rendered":"<p>Endurreisn musterisins 1 \u00cd upphafi sj\u00f6unda m\u00e1na\u00f0arins, \u00feegar \u00cdsraelsmenn voru sestir a\u00f0 \u00ed borgum s\u00ednum, safna\u00f0ist \u00f6ll \u00fej\u00f3\u00f0in saman eins og einn ma\u00f0ur \u00ed Jer\u00fasalem. 2 \u00de\u00e1 h\u00f3fu \u00feeir Jes\u00faa J\u00f3sadaksson og br\u00e6\u00f0ur hans, prestarnir, og Ser\u00fababel Sealt\u00edelsson og br\u00e6\u00f0ur hans a\u00f0 reisa altari \u00cdsraels Gu\u00f0s til \u00feess a\u00f0 geta f\u00e6rt \u00e1 \u00fev\u00ed brennif\u00f3rnir eins og fyrir er m\u00e6lt \u00ed l\u00f6gm\u00e1li gu\u00f0smannsins M\u00f3se. 3 \u00deeir reistu altari\u00f0 \u00fear sem \u00fea\u00f0 st\u00f3\u00f0 \u00e1\u00f0ur \u00fer\u00e1tt fyrir h\u00f3tanir f\u00f3lksins \u00e1 landsbygg\u00f0inni. S\u00ed\u00f0an f\u00e6r\u00f0u \u00feeir Drottni brennif\u00f3rnir \u00e1 \u00fev\u00ed, b\u00e6\u00f0i kv\u00f6lds og morgna. 4 \u00de\u00e1 h\u00e9ldu \u00feeir laufsk\u00e1lah\u00e1t\u00ed\u00f0ina eins og fyrir er m\u00e6lt og <a href=\"https:\/\/biblian.is\/biblian\/esrabok-3-kafli\/\"> [&#8230;]<\/a><\/p>\n","protected":false},"author":1,"featured_media":0,"parent":0,"menu_order":0,"comment_status":"open","ping_status":"open","template":"bibliukaflar_NT.php","meta":{"footnotes":""},"class_list":["post-2023","page","type-page","status-publish","hentry"],"_links":{"self":[{"href":"https:\/\/biblian.is\/biblian\/wp-json\/wp\/v2\/pages\/2023","targetHints":{"allow":["GET"]}}],"collection":[{"href":"https:\/\/biblian.is\/biblian\/wp-json\/wp\/v2\/pages"}],"about":[{"href":"https:\/\/biblian.is\/biblian\/wp-json\/wp\/v2\/types\/page"}],"author":[{"embeddable":true,"href":"https:\/\/biblian.is\/biblian\/wp-json\/wp\/v2\/users\/1"}],"replies":[{"embeddable":true,"href":"https:\/\/biblian.is\/biblian\/wp-json\/wp\/v2\/comments?post=2023"}],"version-history":[{"count":0,"href":"https:\/\/biblian.is\/biblian\/wp-json\/wp\/v2\/pages\/2023\/revisions"}],"wp:attachment":[{"href":"https:\/\/biblian.is\/biblian\/wp-json\/wp\/v2\/media?parent=2023"}],"curies":[{"name":"wp","href":"https:\/\/api.w.org\/{rel}","templated":true}]}}