{"id":2022,"date":"2017-12-30T21:01:25","date_gmt":"2017-12-30T21:01:25","guid":{"rendered":"http:\/\/biblian.is\/biblian\/esrab%c2%97k-2-kafli\/"},"modified":"2023-02-25T04:31:14","modified_gmt":"2023-02-25T04:31:14","slug":"esrabok-2-kafli","status":"publish","type":"page","link":"https:\/\/biblian.is\/biblian\/esrabok-2-kafli\/","title":{"rendered":"Esrab\u00f3k 2. kafli"},"content":{"rendered":"<h3 class=\"millifyrirsogn_2007\"> Skr\u00e1 yfir \u00fe\u00e1 sem sneru aftur<\/h3>\n<p><a name=\"1\"><span class=\"versanumer_2007\">1<\/span><\/a> \u00deetta eru \u00feeir \u00edb\u00faar skattlandsins sem sneru heim \u00far \u00fatleg\u00f0 hinna herteknu. Neb\u00fakadnesar, konungur \u00ed Bab\u00fdlon, haf\u00f0i flutt \u00fe\u00e1 \u00ed \u00fatleg\u00f0 til Bab\u00fdlonar. N\u00fa sneru \u00feeir aftur, hver til sinnar borgar. <a name=\"2\"><span class=\"versanumer_2007\">2<\/span><\/a> \u00deeir komu aftur me\u00f0 Ser\u00fababel, Jes\u00faa, Nehem\u00eda, Seraja, Reelja, Mordeka\u00ed, Bilsan, Mispar, Bigva\u00ed, Reh\u00fam og Baana.<br \/>Fj\u00f6ldi karlmanna af \u00fej\u00f3\u00f0 \u00cdsraels var:<br \/> <a name=\"3\"><span class=\"versanumer_2007\">3<\/span><\/a> Ni\u00f0jar Par\u00f3s 2172.<br \/> <a name=\"4\"><span class=\"versanumer_2007\">4<\/span><\/a> Ni\u00f0jar Sefatja 372.<br \/> <a name=\"5\"><span class=\"versanumer_2007\">5<\/span><\/a> Ni\u00f0jar Ara 775.<br \/> <a name=\"6\"><span class=\"versanumer_2007\">6<\/span><\/a> Ni\u00f0jar Pahats M\u00f3abs, \u00fea\u00f0 er ni\u00f0jar Jes\u00faa og J\u00f3abs, 2812.<br \/> <a name=\"7\"><span class=\"versanumer_2007\">7<\/span><\/a> Ni\u00f0jar Elams 1254.<br \/> <a name=\"8\"><span class=\"versanumer_2007\">8<\/span><\/a> Ni\u00f0jar Satt\u00fa 945.<br \/> <a name=\"9\"><span class=\"versanumer_2007\">9<\/span><\/a> Ni\u00f0jar Sakka\u00ed 760.<br \/> <a name=\"10\"><span class=\"versanumer_2007\">10<\/span><\/a> Ni\u00f0jar Ban\u00ed 642.<br \/> <a name=\"11\"><span class=\"versanumer_2007\">11<\/span><\/a> Ni\u00f0jar Beba\u00ed 623.<br \/> <a name=\"12\"><span class=\"versanumer_2007\">12<\/span><\/a> Ni\u00f0jar Asgads 1222.<br \/> <a name=\"13\"><span class=\"versanumer_2007\">13<\/span><\/a> Ni\u00f0jar Ad\u00f3n\u00edkams 666.<br \/> <a name=\"14\"><span class=\"versanumer_2007\">14<\/span><\/a> Ni\u00f0jar Bigva\u00ed 2056.<br \/> <a name=\"15\"><span class=\"versanumer_2007\">15<\/span><\/a> Ni\u00f0jar Ad\u00edns 454.<br \/> <a name=\"16\"><span class=\"versanumer_2007\">16<\/span><\/a> Ni\u00f0jar Aters fr\u00e1 Hisk\u00eda 98.<br \/> <a name=\"17\"><span class=\"versanumer_2007\">17<\/span><\/a> Ni\u00f0jar Besa\u00ed 323.<br \/> <a name=\"18\"><span class=\"versanumer_2007\">18<\/span><\/a> Ni\u00f0jar J\u00f3ra 112.<br \/> <a name=\"19\"><span class=\"versanumer_2007\">19<\/span><\/a> Ni\u00f0jar Has\u00fams 223.<br \/> <a name=\"20\"><span class=\"versanumer_2007\">20<\/span><\/a> Ni\u00f0jar Gibbars 95.<br \/> <a name=\"21\"><span class=\"versanumer_2007\">21<\/span><\/a> \u00c6tta\u00f0ir fr\u00e1 Betlehem 123.<br \/> <a name=\"22\"><span class=\"versanumer_2007\">22<\/span><\/a> Menn fr\u00e1 Net\u00f3fa 56.<br \/> <a name=\"23\"><span class=\"versanumer_2007\">23<\/span><\/a> Menn fr\u00e1 Anat\u00f3t 128.<br \/> <a name=\"24\"><span class=\"versanumer_2007\">24<\/span><\/a> \u00c6tta\u00f0ir fr\u00e1 Asmavet 42.<br \/> <a name=\"25\"><span class=\"versanumer_2007\">25<\/span><\/a> \u00c6tta\u00f0ir fr\u00e1 Kirjat Jear\u00edm, Kef\u00edra og Beer\u00f3t 743.<br \/> <a name=\"26\"><span class=\"versanumer_2007\">26<\/span><\/a> \u00c6tta\u00f0ir fr\u00e1 Rama og Geba 621.<br \/> <a name=\"27\"><span class=\"versanumer_2007\">27<\/span><\/a> Menn fr\u00e1 Mikmas 122.<br \/> <a name=\"28\"><span class=\"versanumer_2007\">28<\/span><\/a> Menn fr\u00e1 Betel og A\u00ed 223.<br \/> <a name=\"29\"><span class=\"versanumer_2007\">29<\/span><\/a> \u00c6tta\u00f0ir fr\u00e1 Neb\u00f3 52.<br \/> <a name=\"30\"><span class=\"versanumer_2007\">30<\/span><\/a> Ni\u00f0jar Magb\u00eds 156.<br \/> <a name=\"31\"><span class=\"versanumer_2007\">31<\/span><\/a> Ni\u00f0jar annars Elams 1254.<br \/> <a name=\"32\"><span class=\"versanumer_2007\">32<\/span><\/a> Ni\u00f0jar Har\u00edms 320.<br \/> <a name=\"33\"><span class=\"versanumer_2007\">33<\/span><\/a> \u00c6tta\u00f0ir fr\u00e1 L\u00f3d, Had\u00edd og \u00d3n\u00f3 725.<br \/> <a name=\"34\"><span class=\"versanumer_2007\">34<\/span><\/a> \u00c6tta\u00f0ir fr\u00e1 Jer\u00edk\u00f3 345.<br \/> <a name=\"35\"><span class=\"versanumer_2007\">35<\/span><\/a> \u00c6tta\u00f0ir fr\u00e1 Senaa 3630.<br \/> <a name=\"36\"><span class=\"versanumer_2007\">36<\/span><\/a> Prestarnir voru: ni\u00f0jar Jedaja, af \u00e6tt Jes\u00faa, 973.<br \/> <a name=\"37\"><span class=\"versanumer_2007\">37<\/span><\/a> Ni\u00f0jar Immers 1052.<br \/> <a name=\"38\"><span class=\"versanumer_2007\">38<\/span><\/a> Ni\u00f0jar Pas\u00fars 1247.<br \/> <a name=\"39\"><span class=\"versanumer_2007\">39<\/span><\/a> Ni\u00f0jar Har\u00edms 1017.<br \/> <a name=\"40\"><span class=\"versanumer_2007\">40<\/span><\/a> Lev\u00edtarnir voru: ni\u00f0jar Jes\u00faa og Kadm\u00edels, af ni\u00f0jum H\u00f3davja, 74.<br \/> <a name=\"41\"><span class=\"versanumer_2007\">41<\/span><\/a> S\u00f6ngvararnir voru: ni\u00f0jar Asafs 128.<br \/> <a name=\"42\"><span class=\"versanumer_2007\">42<\/span><\/a> Ni\u00f0jar hli\u00f0var\u00f0anna voru: ni\u00f0jar Sall\u00fams, ni\u00f0jar Aters, ni\u00f0jar Talm\u00f3ns, ni\u00f0jar Ak\u00fabs, ni\u00f0jar Hat\u00edta, ni\u00f0jar S\u00f3ba\u00ed, alls 139.<br \/> <a name=\"43\"><span class=\"versanumer_2007\">43<\/span><\/a> Musteris\u00fej\u00f3narnir voru: ni\u00f0jar S\u00edha, ni\u00f0jar Has\u00fafa, ni\u00f0jar Tabba\u00f3ts,<br \/> <a name=\"44\"><span class=\"versanumer_2007\">44<\/span><\/a> ni\u00f0jar Ker\u00f3s, ni\u00f0jar S\u00edaha, ni\u00f0jar Pad\u00f3ns,<br \/> <a name=\"45\"><span class=\"versanumer_2007\">45<\/span><\/a> ni\u00f0jar Lebana, ni\u00f0jar Hagaba, ni\u00f0jar Ak\u00fabs,<br \/> <a name=\"46\"><span class=\"versanumer_2007\">46<\/span><\/a> ni\u00f0jar Hagabs, ni\u00f0jar Salma\u00ed, ni\u00f0jar Hanans,<br \/> <a name=\"47\"><span class=\"versanumer_2007\">47<\/span><\/a> ni\u00f0jar Giddels, ni\u00f0jar Gahars, ni\u00f0jar Reaja,<br \/> <a name=\"48\"><span class=\"versanumer_2007\">48<\/span><\/a> ni\u00f0jar Res\u00edns, ni\u00f0jar Nek\u00f3da, ni\u00f0jar Gassams,<br \/> <a name=\"49\"><span class=\"versanumer_2007\">49<\/span><\/a> ni\u00f0jar \u00dassa, ni\u00f0jar Pasea, ni\u00f0jar Besa\u00ed,<br \/> <a name=\"50\"><span class=\"versanumer_2007\">50<\/span><\/a> ni\u00f0jar Asna, ni\u00f0jar Me\u00fan\u00edta, ni\u00f0jar Nef\u00eds\u00edta,<br \/> <a name=\"51\"><span class=\"versanumer_2007\">51<\/span><\/a> ni\u00f0jar Bakb\u00faks, ni\u00f0jar Hak\u00fafa, ni\u00f0jar Harh\u00fars,<br \/> <a name=\"52\"><span class=\"versanumer_2007\">52<\/span><\/a> ni\u00f0jar Basel\u00fats, ni\u00f0jar Meh\u00edda, ni\u00f0jar Harsa,<br \/> <a name=\"53\"><span class=\"versanumer_2007\">53<\/span><\/a> ni\u00f0jar Bark\u00f3s, ni\u00f0jar S\u00edsera, ni\u00f0jar Tema,<br \/> <a name=\"54\"><span class=\"versanumer_2007\">54<\/span><\/a> ni\u00f0jar Nes\u00eda, ni\u00f0jar Hat\u00edfa.<br \/> <a name=\"55\"><span class=\"versanumer_2007\">55<\/span><\/a> Ni\u00f0jar \u00fej\u00f3na Sal\u00f3mons voru: ni\u00f0jar S\u00f3ta\u00ed, ni\u00f0jar S\u00f3ferets, ni\u00f0jar Per\u00fada,<br \/> <a name=\"56\"><span class=\"versanumer_2007\">56<\/span><\/a> ni\u00f0jar Jaala, ni\u00f0jar Dark\u00f3ns, ni\u00f0jar Giddels,<br \/> <a name=\"57\"><span class=\"versanumer_2007\">57<\/span><\/a> ni\u00f0jar Sefatja, ni\u00f0jar Hattils, ni\u00f0jar P\u00f3keret Hasseba\u00edms, ni\u00f0jar Ami.<br \/> <a name=\"58\"><span class=\"versanumer_2007\">58<\/span><\/a> Alls voru musteris\u00fej\u00f3narnir og ni\u00f0jar \u00fej\u00f3na Sal\u00f3mons 392.<br \/> <a name=\"59\"><span class=\"versanumer_2007\">59<\/span><\/a> Eftirtaldir eru \u00feeir sem f\u00f3ru heim fr\u00e1 Tel Mela, Tel Harsa, Ker\u00fab, Addan og Immer enda \u00fe\u00f3tt \u00feeir g\u00e6tu ekki gert grein fyrir \u00e6tt sinni og uppruna og hvort \u00feeir v\u00e6ru komnir af \u00cdsraelsm\u00f6nnum: <a name=\"60\"><span class=\"versanumer_2007\">60<\/span><\/a> ni\u00f0jar Delaja, ni\u00f0jar Tob\u00eda og ni\u00f0jar Nek\u00f3da 652.<br \/> <a name=\"61\"><span class=\"versanumer_2007\">61<\/span><\/a> Af ni\u00f0jum prestanna: ni\u00f0jar Habaja, ni\u00f0jar Hakk\u00f3s, ni\u00f0jar Barsilla\u00ed sem kv\u00e6nst haf\u00f0i einni af d\u00e6trum Barsilla\u00ed fr\u00e1 G\u00edlea\u00f0 og teki\u00f0 s\u00e9r nafn \u00feeirra.<br \/> <a name=\"62\"><span class=\"versanumer_2007\">62<\/span><\/a> \u00deessir menn leitu\u00f0u nafna sinna \u00ed \u00e6ttart\u00f6lunum en \u00feau fundust ekki. \u00deess vegna voru \u00feeir sviptir prestsemb\u00e6tti. <a name=\"63\"><span class=\"versanumer_2007\">63<\/span><\/a> Landstj\u00f3rinn banna\u00f0i \u00feeim a\u00f0 neyta hins h\u00e1heilaga uns prestur k\u00e6mi fram er g\u00e6ti leita\u00f0 \u00farskur\u00f0ar me\u00f0 \u00far\u00edm og t\u00famm\u00edm.<br \/> <a name=\"64\"><span class=\"versanumer_2007\">64<\/span><\/a> S\u00f6fnu\u00f0urinn allur var samtals 42.360 manns <a name=\"65\"><span class=\"versanumer_2007\">65<\/span><\/a> og a\u00f0 auki 7337 \u00fer\u00e6lar \u00feeirra og amb\u00e1ttir. \u00deeir h\u00f6f\u00f0u einnig 200 s\u00f6ngvara og s\u00f6ngkonur. <a name=\"66\"><span class=\"versanumer_2007\">66<\/span><\/a> \u00deeir \u00e1ttu 736 hesta, 245 m\u00fald\u00fdr, <a name=\"67\"><span class=\"versanumer_2007\">67<\/span><\/a> 435 \u00falfalda og 6720 asna.<\/p>\n<h3 class=\"millifyrirsogn_2007\">Gjafir til musterisbyggingarinnar<\/h3>\n<p><a name=\"68\"><span class=\"versanumer_2007\">68<\/span><\/a> \u00deegar \u00feeir komu a\u00f0 h\u00fasi Drottins \u00ed Jer\u00fasalem g\u00e1fu nokkrir af \u00e6ttarh\u00f6f\u00f0ingjunum a\u00f0 eigin frumkv\u00e6\u00f0i gjafir til \u00feess a\u00f0 h\u00fas Gu\u00f0s risi \u00e1 s\u00ednum sta\u00f0. <a name=\"69\"><span class=\"versanumer_2007\">69<\/span><\/a> \u00deeir g\u00e1fu eftir efnum s\u00ednum sext\u00edu og eitt \u00fe\u00fasund dar\u00edka, fimm \u00fe\u00fasund m\u00ednur silfurs og hundra\u00f0 prestaskr\u00fa\u00f0a.<br \/> <a name=\"70\"><span class=\"versanumer_2007\">70<\/span><\/a> Prestarnir, Lev\u00edtarnir, \u00fdmsir almennir borgarar, s\u00f6ngvararnir, hli\u00f0ver\u00f0irnir og musteris\u00fej\u00f3narnir settust a\u00f0 \u00ed borgum s\u00ednum eins og allir a\u00f0rir \u00cdsraelsmenn.<\/p>\n","protected":false},"excerpt":{"rendered":"<p>Skr\u00e1 yfir \u00fe\u00e1 sem sneru aftur 1 \u00deetta eru \u00feeir \u00edb\u00faar skattlandsins sem sneru heim \u00far \u00fatleg\u00f0 hinna herteknu. Neb\u00fakadnesar, konungur \u00ed Bab\u00fdlon, haf\u00f0i flutt \u00fe\u00e1 \u00ed \u00fatleg\u00f0 til Bab\u00fdlonar. N\u00fa sneru \u00feeir aftur, hver til sinnar borgar. 2 \u00deeir komu aftur me\u00f0 Ser\u00fababel, Jes\u00faa, Nehem\u00eda, Seraja, Reelja, Mordeka\u00ed, Bilsan, Mispar, Bigva\u00ed, Reh\u00fam og Baana.Fj\u00f6ldi karlmanna af \u00fej\u00f3\u00f0 \u00cdsraels var: 3 Ni\u00f0jar Par\u00f3s 2172. 4 Ni\u00f0jar Sefatja 372. 5 Ni\u00f0jar Ara 775. 6 Ni\u00f0jar Pahats M\u00f3abs, \u00fea\u00f0 er ni\u00f0jar Jes\u00faa og J\u00f3abs, 2812. 7 Ni\u00f0jar Elams 1254. 8 Ni\u00f0jar Satt\u00fa 945. 9 Ni\u00f0jar Sakka\u00ed 760. 10 Ni\u00f0jar Ban\u00ed 642. 11 <a href=\"https:\/\/biblian.is\/biblian\/esrabok-2-kafli\/\"> [&#8230;]<\/a><\/p>\n","protected":false},"author":1,"featured_media":0,"parent":0,"menu_order":0,"comment_status":"open","ping_status":"open","template":"bibliukaflar_NT.php","meta":{"footnotes":""},"class_list":["post-2022","page","type-page","status-publish","hentry"],"_links":{"self":[{"href":"https:\/\/biblian.is\/biblian\/wp-json\/wp\/v2\/pages\/2022","targetHints":{"allow":["GET"]}}],"collection":[{"href":"https:\/\/biblian.is\/biblian\/wp-json\/wp\/v2\/pages"}],"about":[{"href":"https:\/\/biblian.is\/biblian\/wp-json\/wp\/v2\/types\/page"}],"author":[{"embeddable":true,"href":"https:\/\/biblian.is\/biblian\/wp-json\/wp\/v2\/users\/1"}],"replies":[{"embeddable":true,"href":"https:\/\/biblian.is\/biblian\/wp-json\/wp\/v2\/comments?post=2022"}],"version-history":[{"count":0,"href":"https:\/\/biblian.is\/biblian\/wp-json\/wp\/v2\/pages\/2022\/revisions"}],"wp:attachment":[{"href":"https:\/\/biblian.is\/biblian\/wp-json\/wp\/v2\/media?parent=2022"}],"curies":[{"name":"wp","href":"https:\/\/api.w.org\/{rel}","templated":true}]}}