{"id":2021,"date":"2017-12-30T21:01:25","date_gmt":"2017-12-30T21:01:25","guid":{"rendered":"http:\/\/biblian.is\/biblian\/esrab%c2%97k-1-kafli\/"},"modified":"2023-02-25T04:31:13","modified_gmt":"2023-02-25T04:31:13","slug":"esrabok-1-kafli","status":"publish","type":"page","link":"https:\/\/biblian.is\/biblian\/esrabok-1-kafli\/","title":{"rendered":"Esrab\u00f3k 1. kafli"},"content":{"rendered":"<h3 class=\"millifyrirsogn_2007\"> K\u00fdrus veitir \u00fatl\u00f6gunum heimfararleyfi<\/h3>\n<p><a name=\"1\"><span class=\"versanumer_2007\">1<\/span><\/a> \u00c1 fyrsta stj\u00f3rnar\u00e1ri K\u00fdrusar Persakonungs bl\u00e9s Drottinn honum \u00fev\u00ed \u00ed brj\u00f3st a\u00f0 l\u00e1ta bo\u00f0 \u00fat ganga um allt r\u00edki sitt. \u00dea\u00f0 var til \u00feess a\u00f0 r\u00e6ttist or\u00f0 Drottins fyrir munn Jerem\u00eda. Svohlj\u00f3\u00f0andi fyrirm\u00e6li voru gefin b\u00e6\u00f0i munnlega og \u00ed konungsbr\u00e9fi:<br \/> <a name=\"2\"><span class=\"versanumer_2007\">2<\/span><\/a> \u201eSvo segir K\u00fdrus Persakonungur: Drottinn, Gu\u00f0 himinsins, hefur gefi\u00f0 m\u00e9r \u00f6ll konungsr\u00edki jar\u00f0ar. Hann hefur sj\u00e1lfur fali\u00f0 m\u00e9r a\u00f0 reisa s\u00e9r h\u00fas \u00ed Jer\u00fasalem \u00ed J\u00fada. <a name=\"3\"><span class=\"versanumer_2007\">3<\/span><\/a> S\u00e9rhver ykkar sem h\u00e9r er af \u00f6llum l\u00fd\u00f0 hans skal halda upp til Jer\u00fasalem \u00ed J\u00fada og vinna a\u00f0 byggingu h\u00fass Drottins, Gu\u00f0s \u00cdsraels. Gu\u00f0 hans s\u00e9 me\u00f0 honum. Hann er s\u00e1 Gu\u00f0 sem er \u00ed Jer\u00fasalem. <a name=\"4\"><span class=\"versanumer_2007\">4<\/span><\/a> Og hvarvetna, \u00fear sem einhver er enn a\u00f0komuma\u00f0ur, eiga heimamenn a\u00f0 sj\u00e1 honum fyrir silfri, gulli, lausaf\u00e9 og kvikf\u00e9na\u00f0i og auk \u00feess sj\u00e1lfviljagj\u00f6fum til h\u00fass Gu\u00f0s \u00ed Jer\u00fasalem.\u201c<br \/> <a name=\"5\"><span class=\"versanumer_2007\">5<\/span><\/a> \u00de\u00e1 l\u00f6g\u00f0u \u00e6ttarh\u00f6f\u00f0ingjar fr\u00e1 J\u00fada og Benjam\u00edn af sta\u00f0 \u00e1samt prestunum og Lev\u00edtunum. Allir, sem Gu\u00f0 haf\u00f0i bl\u00e1si\u00f0 \u00fev\u00ed \u00ed brj\u00f3st a\u00f0 reisa h\u00fas Drottins \u00ed Jer\u00fasalem, h\u00e9ldu upp eftir. <a name=\"6\"><span class=\"versanumer_2007\">6<\/span><\/a> Allir n\u00e1grannar \u00feeirra studdu \u00fe\u00e1 me\u00f0 silfurgripum, gulli og \u00f6\u00f0ru lausaf\u00e9, b\u00faf\u00e9na\u00f0i og d\u00fdrgripum auk alls \u00feess sem gefi\u00f0 var af frj\u00e1lsum vilja. <a name=\"7\"><span class=\"versanumer_2007\">7<\/span><\/a> Auk \u00feess l\u00e9t K\u00fdrus konungur af hendi \u00e1h\u00f6ld \u00far h\u00fasi Drottins sem Neb\u00fakadnesar haf\u00f0i flutt fr\u00e1 Jer\u00fasalem og komi\u00f0 fyrir \u00ed h\u00fasi gu\u00f0a sinna. <a name=\"8\"><span class=\"versanumer_2007\">8<\/span><\/a> K\u00fdrus Persakonungur f\u00e9kk \u00feau M\u00edtredat f\u00e9hir\u00f0i \u00ed hendur sem taldi \u00feau frammi fyrir Sesbasar, h\u00f6f\u00f0ingja J\u00fada. <a name=\"9\"><span class=\"versanumer_2007\">9<\/span><\/a> \u00deessi var tala \u00feeirra: \u00ferj\u00e1t\u00edu f\u00f3rnarsk\u00e1lar \u00far gulli, \u00fe\u00fasund silfursk\u00e1lar, tuttugu og n\u00edu reykelsisker, <a name=\"10\"><span class=\"versanumer_2007\">10<\/span><\/a> \u00ferj\u00e1t\u00edu gullbikarar, fj\u00f6gur hundru\u00f0 og t\u00edu silfurbikarar og \u00fe\u00fasund \u00f6nnur \u00e1h\u00f6ld. <a name=\"11\"><span class=\"versanumer_2007\">11<\/span><\/a> Alls voru \u00feetta fimm \u00fe\u00fasund og fj\u00f6gur hundru\u00f0 gull- og silfur\u00e1h\u00f6ld. Sesbasar t\u00f3k \u00feau \u00f6ll me\u00f0 s\u00e9r \u00feegar fari\u00f0 var me\u00f0 \u00fatlagana fr\u00e1 Bab\u00fdlon til Jer\u00fasalem.<\/p>\n","protected":false},"excerpt":{"rendered":"<p>K\u00fdrus veitir \u00fatl\u00f6gunum heimfararleyfi 1 \u00c1 fyrsta stj\u00f3rnar\u00e1ri K\u00fdrusar Persakonungs bl\u00e9s Drottinn honum \u00fev\u00ed \u00ed brj\u00f3st a\u00f0 l\u00e1ta bo\u00f0 \u00fat ganga um allt r\u00edki sitt. \u00dea\u00f0 var til \u00feess a\u00f0 r\u00e6ttist or\u00f0 Drottins fyrir munn Jerem\u00eda. Svohlj\u00f3\u00f0andi fyrirm\u00e6li voru gefin b\u00e6\u00f0i munnlega og \u00ed konungsbr\u00e9fi: 2 \u201eSvo segir K\u00fdrus Persakonungur: Drottinn, Gu\u00f0 himinsins, hefur gefi\u00f0 m\u00e9r \u00f6ll konungsr\u00edki jar\u00f0ar. Hann hefur sj\u00e1lfur fali\u00f0 m\u00e9r a\u00f0 reisa s\u00e9r h\u00fas \u00ed Jer\u00fasalem \u00ed J\u00fada. 3 S\u00e9rhver ykkar sem h\u00e9r er af \u00f6llum l\u00fd\u00f0 hans skal halda upp til Jer\u00fasalem \u00ed J\u00fada og vinna a\u00f0 byggingu h\u00fass Drottins, Gu\u00f0s \u00cdsraels. Gu\u00f0 hans s\u00e9 <a href=\"https:\/\/biblian.is\/biblian\/esrabok-1-kafli\/\"> [&#8230;]<\/a><\/p>\n","protected":false},"author":1,"featured_media":0,"parent":0,"menu_order":0,"comment_status":"open","ping_status":"open","template":"bibliukaflar_NT.php","meta":{"footnotes":""},"class_list":["post-2021","page","type-page","status-publish","hentry"],"_links":{"self":[{"href":"https:\/\/biblian.is\/biblian\/wp-json\/wp\/v2\/pages\/2021","targetHints":{"allow":["GET"]}}],"collection":[{"href":"https:\/\/biblian.is\/biblian\/wp-json\/wp\/v2\/pages"}],"about":[{"href":"https:\/\/biblian.is\/biblian\/wp-json\/wp\/v2\/types\/page"}],"author":[{"embeddable":true,"href":"https:\/\/biblian.is\/biblian\/wp-json\/wp\/v2\/users\/1"}],"replies":[{"embeddable":true,"href":"https:\/\/biblian.is\/biblian\/wp-json\/wp\/v2\/comments?post=2021"}],"version-history":[{"count":0,"href":"https:\/\/biblian.is\/biblian\/wp-json\/wp\/v2\/pages\/2021\/revisions"}],"wp:attachment":[{"href":"https:\/\/biblian.is\/biblian\/wp-json\/wp\/v2\/media?parent=2021"}],"curies":[{"name":"wp","href":"https:\/\/api.w.org\/{rel}","templated":true}]}}