{"id":2017,"date":"2017-12-30T21:01:20","date_gmt":"2017-12-30T21:01:20","guid":{"rendered":"http:\/\/biblian.is\/biblian\/s%c2%92_ari-kron%c2%92kub%c2%97k-33-kafli\/"},"modified":"2024-06-26T23:21:16","modified_gmt":"2024-06-26T23:21:16","slug":"sidari-kronikubok-33-kafli","status":"publish","type":"page","link":"https:\/\/biblian.is\/biblian\/sidari-kronikubok-33-kafli\/","title":{"rendered":"S\u00ed\u00f0ari kron\u00edkub\u00f3k 33. kafli"},"content":{"rendered":"<h3 class=\"millifyrirsogn_2007\"> Manasse konungur J\u00fada<\/h3>\n<p><a name=\"1\"><span class=\"versanumer_2007\">1<\/span><\/a> Manasse var t\u00f3lf \u00e1ra \u00feegar hann var\u00f0 konungur og r\u00edkti \u00ed Jer\u00fasalem fimmt\u00edu og fimm \u00e1r.<br \/> <a name=\"2\"><span class=\"versanumer_2007\">2<\/span><\/a> Hann ger\u00f0i \u00fea\u00f0 sem illt var \u00ed augum Drottins. Hann fylgdi andstyggilegum si\u00f0um \u00feeirra \u00fej\u00f3\u00f0a sem Drottinn haf\u00f0i hraki\u00f0 burt fyrir augum \u00cdsraelsmanna. <a name=\"3\"><span class=\"versanumer_2007\">3<\/span><\/a> Hann endurreisti f\u00f3rnarh\u00e6\u00f0irnar sem Hisk\u00eda, fa\u00f0ir hans, haf\u00f0i rifi\u00f0 ni\u00f0ur og reisti \u00f6lturu handa Ba\u00f6lum, ger\u00f0i As\u00e9rust\u00f3lpa og d\u00fdrka\u00f0i allan himinsins her og \u00fej\u00f3na\u00f0i honum. <a name=\"4\"><span class=\"versanumer_2007\">4<\/span><\/a> Hann reisti einnig \u00f6lturu \u00ed h\u00fasi Drottins sem Drottinn haf\u00f0i sagt um: \u201eNafn mitt skal \u00e6vinlega vera \u00ed Jer\u00fasalem.\u201c <a name=\"5\"><span class=\"versanumer_2007\">5<\/span><\/a> Hann reisti \u00f6lturu handa \u00f6llum himinsins her \u00ed b\u00e1\u00f0um forg\u00f6r\u00f0um h\u00fass Drottins. <a name=\"6\"><span class=\"versanumer_2007\">6<\/span><\/a> Hann l\u00e9t syni s\u00edna ganga gegnum eldinn \u00ed Hinnomssonardal, stunda\u00f0i galdur, sp\u00e1kukl og sei\u00f0 og r\u00e9\u00f0 s\u00e9r mi\u00f0il og sp\u00e1sagnamann. Hann ger\u00f0i margt sem illt var \u00ed augum Drottins og vakti rei\u00f0i hans.<br \/> <a name=\"7\"><span class=\"versanumer_2007\">7<\/span><\/a> \u00cd h\u00fasi Gu\u00f0s kom hann fyrir l\u00edkneski sem hann haf\u00f0i l\u00e1ti\u00f0 gera en um \u00fea\u00f0 haf\u00f0i Gu\u00f0 sagt vi\u00f0 Dav\u00ed\u00f0 og Sal\u00f3mon, son hans: \u201e\u00c9g mun \u00e6vinlega leggja nafn mitt yfir \u00feetta h\u00fas og yfir Jer\u00fasalem sem \u00e9g hef \u00fatvali\u00f0 af \u00f6llum \u00e6ttb\u00e1lkum \u00cdsraels. <a name=\"8\"><span class=\"versanumer_2007\">8<\/span><\/a> \u00c9g mun aldrei framar hrekja \u00cdsrael fr\u00e1 landinu sem \u00e9g l\u00e9t fe\u00f0ur ykkar eignast, svo framarlega sem \u00feeir g\u00e6ta \u00feess a\u00f0 hl\u00fd\u00f0a \u00f6llu sem \u00e9g hef lagt fyrir \u00fe\u00e1 \u00ed \u00f6llu l\u00f6gm\u00e1linu, \u00e1kv\u00e6\u00f0unum og bo\u00f0unum sem opinberu\u00f0 voru af M\u00f3se.\u201c<br \/> <a name=\"9\"><span class=\"versanumer_2007\">9<\/span><\/a> Manasse leiddi J\u00fadamenn og \u00edb\u00faa Jer\u00fasalem afvega svo a\u00f0 \u00feeir unnu verri verk en \u00fej\u00f3\u00f0irnar sem Drottinn haf\u00f0i tort\u00edmt fyrir augum \u00cdsraelsmanna. <a name=\"10\"><span class=\"versanumer_2007\">10<\/span><\/a> \u00deegar Drottinn tala\u00f0i vi\u00f0 Manasse og \u00fej\u00f3\u00f0 hans g\u00e1fu \u00feeir \u00fev\u00ed engan gaum.<\/p>\n<h3 class=\"millifyrirsogn_2007\">Manasse i\u00f0rast<\/h3>\n<p><a name=\"11\"><span class=\"versanumer_2007\">11<\/span><\/a> \u00de\u00e1 sendi Drottinn hersh\u00f6f\u00f0ingja Ass\u00fdr\u00edukonungs gegn \u00feeim. \u00deeir n\u00e1\u00f0u Manasse me\u00f0 kr\u00f3kum, l\u00f6g\u00f0u hann \u00ed eirhlekki og sendu hann til Bab\u00fdlonar. <a name=\"12\"><span class=\"versanumer_2007\">12<\/span><\/a> \u00cd \u00feessum \u00ferengingum \u00e1kalla\u00f0i hann Drottin, Gu\u00f0 sinn. Hann au\u00f0m\u00fdkti sig mj\u00f6g frammi fyrir Gu\u00f0i fe\u00f0ra sinna <a name=\"13\"><span class=\"versanumer_2007\">13<\/span><\/a> og ba\u00f0 til hans. Drottinn hl\u00fdddi \u00e1 hann, b\u00e6nheyr\u00f0i hann og l\u00e9t hann sn\u00faa aftur til Jer\u00fasalem og taka vi\u00f0 konungd\u00f3mi s\u00ednum. \u00deannig komst Manasse a\u00f0 raun um a\u00f0 Drottinn er hinn sanni Gu\u00f0.<br \/> <a name=\"14\"><span class=\"versanumer_2007\">14<\/span><\/a> Eftir \u00feetta l\u00e9t Manasse reisa ytri m\u00far vi\u00f0 borg Dav\u00ed\u00f0s \u00ed dalnum vestan vi\u00f0 G\u00edh\u00f3nlind, sem sneri a\u00f0 Fiskhli\u00f0inu, og umhverfis \u00d3fel. Hann l\u00e9t gera m\u00farinn mj\u00f6g h\u00e1an. Hann setti einnig herforingja yfir allar v\u00edggirtar borgir \u00ed J\u00fada. <a name=\"15\"><span class=\"versanumer_2007\">15<\/span><\/a> \u00de\u00e1 l\u00e9t hann fjarl\u00e6gja hina framandi gu\u00f0i \u00e1samt l\u00edkneskinu \u00far h\u00fasi Drottins. Hann l\u00e9t einnig fjarl\u00e6gja \u00f6ll \u00f6lturun, sem hann haf\u00f0i l\u00e1ti\u00f0 reisa \u00e1 fjallinu sem h\u00fas Drottins st\u00f3\u00f0 \u00e1 og annars sta\u00f0ar \u00ed Jer\u00fasalem, og fleygja \u00feeim \u00fat fyrir borgina. <a name=\"16\"><span class=\"versanumer_2007\">16<\/span><\/a> Hann l\u00e9t lagf\u00e6ra altari Drottins og f\u00e6r\u00f0i \u00e1 \u00fev\u00ed heillaf\u00f3rn og \u00feakkarf\u00f3rn. \u00dev\u00ed n\u00e6st bau\u00f0 hann J\u00fadam\u00f6nnum a\u00f0 \u00fej\u00f3na Drottni, Gu\u00f0i \u00cdsraels. <a name=\"17\"><span class=\"versanumer_2007\">17<\/span><\/a> Eigi a\u00f0 s\u00ed\u00f0ur h\u00e9lt f\u00f3lki\u00f0 \u00e1fram a\u00f0 f\u00e6ra f\u00f3rnir \u00e1 f\u00f3rnarh\u00e6\u00f0unum, \u00fe\u00f3 a\u00f0eins Drottni, Gu\u00f0i s\u00ednum.<\/p>\n<h3 class=\"millifyrirsogn_2007\">Dau\u00f0i Manasse<\/h3>\n<p><a name=\"18\"><span class=\"versanumer_2007\">18<\/span><\/a> \u00dea\u00f0 sem \u00f3sagt er af s\u00f6gu Manasse og b\u00e6n hans til Gu\u00f0s s\u00edns, svo og or\u00f0 sj\u00e1endanna sem t\u00f6lu\u00f0u til hans \u00ed nafni Drottins, Gu\u00f0s \u00cdsraels, er skr\u00e1\u00f0 \u00ed s\u00f6gu \u00cdsraelskonunga. <a name=\"19\"><span class=\"versanumer_2007\">19<\/span><\/a> \u00cd s\u00f6gu sj\u00e1enda hans er b\u00e6n hans og b\u00e6nheyrsla skr\u00e1\u00f0, svo og allar syndir hans og svik hans, sta\u00f0irnir sem hann l\u00e9t reisa f\u00f3rnarh\u00e6\u00f0ir \u00e1 og As\u00e9rust\u00f3lpa og l\u00edkneski sem hann au\u00f0m\u00fdkti sig frammi fyrir. <a name=\"20\"><span class=\"versanumer_2007\">20<\/span><\/a> Manasse var lag\u00f0ur til hv\u00edldar hj\u00e1 fe\u00f0rum s\u00ednum, grafinn \u00ed h\u00fasi s\u00ednu. Am\u00f3n, sonur hans, var\u00f0 konungur eftir hann.<\/p>\n<h3 class=\"millifyrirsogn_2007\">Am\u00f3n konungur J\u00fada<\/h3>\n<p><a name=\"21\"><span class=\"versanumer_2007\">21<\/span><\/a> Am\u00f3n var tuttugu og tveggja \u00e1ra \u00feegar hann var\u00f0 konungur og r\u00edkti tv\u00f6 \u00e1r \u00ed Jer\u00fasalem. <a name=\"22\"><span class=\"versanumer_2007\">22<\/span><\/a> Hann ger\u00f0i \u00fea\u00f0 sem illt var \u00ed augum Drottins eins og Manasse, fa\u00f0ir hans. Am\u00f3n f\u00e6r\u00f0i f\u00f3rnir \u00f6llum skur\u00f0go\u00f0unum sem Manasse, fa\u00f0ir hans, haf\u00f0i l\u00e1ti\u00f0 gera og hann \u00fej\u00f3na\u00f0i \u00feeim. <a name=\"23\"><span class=\"versanumer_2007\">23<\/span><\/a> En hann au\u00f0m\u00fdkti sig ekki fyrir Drottni eins og Manasse, fa\u00f0ir hans, heldur j\u00f3k s\u00f6k s\u00edna. <a name=\"24\"><span class=\"versanumer_2007\">24<\/span><\/a> \u00de\u00e1 ger\u00f0u hir\u00f0menn Am\u00f3ns sams\u00e6ri gegn honum og dr\u00e1pu hann \u00ed h\u00f6ll sinni. <a name=\"25\"><span class=\"versanumer_2007\">25<\/span><\/a> En f\u00f3lki\u00f0 drap alla \u00fe\u00e1 sem gert h\u00f6f\u00f0u sams\u00e6ri gegn Am\u00f3n konungi og t\u00f3k J\u00f3s\u00eda, son hans, til konungs eftir hann.<\/p>\n","protected":false},"excerpt":{"rendered":"<p>Manasse konungur J\u00fada 1 Manasse var t\u00f3lf \u00e1ra \u00feegar hann var\u00f0 konungur og r\u00edkti \u00ed Jer\u00fasalem fimmt\u00edu og fimm \u00e1r. 2 Hann ger\u00f0i \u00fea\u00f0 sem illt var \u00ed augum Drottins. Hann fylgdi andstyggilegum si\u00f0um \u00feeirra \u00fej\u00f3\u00f0a sem Drottinn haf\u00f0i hraki\u00f0 burt fyrir augum \u00cdsraelsmanna. 3 Hann endurreisti f\u00f3rnarh\u00e6\u00f0irnar sem Hisk\u00eda, fa\u00f0ir hans, haf\u00f0i rifi\u00f0 ni\u00f0ur og reisti \u00f6lturu handa Ba\u00f6lum, ger\u00f0i As\u00e9rust\u00f3lpa og d\u00fdrka\u00f0i allan himinsins her og \u00fej\u00f3na\u00f0i honum. 4 Hann reisti einnig \u00f6lturu \u00ed h\u00fasi Drottins sem Drottinn haf\u00f0i sagt um: \u201eNafn mitt skal \u00e6vinlega vera \u00ed Jer\u00fasalem.\u201c 5 Hann reisti \u00f6lturu handa \u00f6llum himinsins her \u00ed b\u00e1\u00f0um <a href=\"https:\/\/biblian.is\/biblian\/sidari-kronikubok-33-kafli\/\"> [&#8230;]<\/a><\/p>\n","protected":false},"author":1,"featured_media":0,"parent":0,"menu_order":0,"comment_status":"open","ping_status":"open","template":"bibliukaflar_NT.php","meta":{"footnotes":""},"class_list":["post-2017","page","type-page","status-publish","hentry"],"_links":{"self":[{"href":"https:\/\/biblian.is\/biblian\/wp-json\/wp\/v2\/pages\/2017","targetHints":{"allow":["GET"]}}],"collection":[{"href":"https:\/\/biblian.is\/biblian\/wp-json\/wp\/v2\/pages"}],"about":[{"href":"https:\/\/biblian.is\/biblian\/wp-json\/wp\/v2\/types\/page"}],"author":[{"embeddable":true,"href":"https:\/\/biblian.is\/biblian\/wp-json\/wp\/v2\/users\/1"}],"replies":[{"embeddable":true,"href":"https:\/\/biblian.is\/biblian\/wp-json\/wp\/v2\/comments?post=2017"}],"version-history":[{"count":0,"href":"https:\/\/biblian.is\/biblian\/wp-json\/wp\/v2\/pages\/2017\/revisions"}],"wp:attachment":[{"href":"https:\/\/biblian.is\/biblian\/wp-json\/wp\/v2\/media?parent=2017"}],"curies":[{"name":"wp","href":"https:\/\/api.w.org\/{rel}","templated":true}]}}