{"id":2016,"date":"2017-12-30T21:01:20","date_gmt":"2017-12-30T21:01:20","guid":{"rendered":"http:\/\/biblian.is\/biblian\/s%c2%92_ari-kron%c2%92kub%c2%97k-32-kafli\/"},"modified":"2024-06-26T23:21:16","modified_gmt":"2024-06-26T23:21:16","slug":"sidari-kronikubok-32-kafli","status":"publish","type":"page","link":"https:\/\/biblian.is\/biblian\/sidari-kronikubok-32-kafli\/","title":{"rendered":"S\u00ed\u00f0ari kron\u00edkub\u00f3k 32. kafli"},"content":{"rendered":"<h3 class=\"millifyrirsogn_2007\"> Innr\u00e1s Sanher\u00edbs \u00ed J\u00fada<\/h3>\n<p><a name=\"1\"><span class=\"versanumer_2007\">1<\/span><\/a> Eftir \u00feessar a\u00f0ger\u00f0ir, sem b\u00e1ru tr\u00fafesti Hisk\u00eda vitni, kom Sanher\u00edb Ass\u00fdr\u00edukonungur og h\u00e9lt inn \u00ed J\u00fada. Hann r\u00e9\u00f0st \u00e1 v\u00edggirtu borgirnar og hug\u00f0ist vinna \u00fe\u00e6r og taka til eignar.<br \/> <a name=\"2\"><span class=\"versanumer_2007\">2<\/span><\/a> Hisk\u00eda var\u00f0 lj\u00f3st a\u00f0 Sanher\u00edb var kominn til \u00feess a\u00f0 r\u00e1\u00f0ast \u00e1 Jer\u00fasalem. <a name=\"3\"><span class=\"versanumer_2007\">3<\/span><\/a> Hann r\u00e1\u00f0ga\u00f0ist \u00fev\u00ed vi\u00f0 herforingja s\u00edna og kappa um \u00fea\u00f0 hvort st\u00edfla \u00e6tti uppspretturnar sem voru utan vi\u00f0 borgina og veittu \u00feeir honum stu\u00f0ning. <a name=\"4\"><span class=\"versanumer_2007\">4<\/span><\/a> Miklum mannfj\u00f6lda var \u00fe\u00e1 safna\u00f0 saman og st\u00edfla\u00f0i hann allar uppspretturnar og l\u00e6kinn sem rennur ne\u00f0anjar\u00f0ar<span class=\"nedan_mal\" title=\" H\u00e9r er \u00e1tt vi\u00f0 S\u00edl\u00f3am-vatnslei\u00f0sluna, sbr. 30. vers.\">[<\/span> \u00fev\u00ed a\u00f0 \u00feeir hugsu\u00f0u me\u00f0 s\u00e9r: \u201eHvers vegna \u00e6ttu konungar Ass\u00fdr\u00edu a\u00f0 finna gn\u00e6g\u00f0 vatns \u00feegar \u00feeir koma?\u201c<br \/> <a name=\"5\"><span class=\"versanumer_2007\">5<\/span><\/a> Hisk\u00eda herti n\u00fa upp hugann, l\u00e9t gera vi\u00f0 borgarm\u00farinn alls sta\u00f0ar \u00fear sem hann var brotinn, h\u00e6kka turnana og reisa annan m\u00far fyrir utan borgarm\u00farinn. Hann l\u00e9t einnig v\u00edggir\u00f0a Mill\u00f3 \u00ed borg Dav\u00ed\u00f0s og sm\u00ed\u00f0a m\u00f6rg kastspj\u00f3t og skildi. <a name=\"6\"><span class=\"versanumer_2007\">6<\/span><\/a> \u00dev\u00ed n\u00e6st skipa\u00f0i hann herforingja yfir f\u00f3lki\u00f0, safna\u00f0i \u00fev\u00ed saman \u00e1 torginu vi\u00f0 borgarhli\u00f0i\u00f0, hvatti \u00fea\u00f0 og sag\u00f0i: <a name=\"7\"><span class=\"versanumer_2007\">7<\/span><\/a> \u201eVeri\u00f0 dj\u00f6rf og hraust. \u00d3ttist ekki og skelfist ekki frammi fyrir konungi Ass\u00fdr\u00edu og \u00feeim mikla her sem kemur me\u00f0 honum. S\u00e1 sem er me\u00f0 okkur er meiri en s\u00e1 sem er me\u00f0 honum. <a name=\"8\"><span class=\"versanumer_2007\">8<\/span><\/a> Me\u00f0 honum er mannlegur m\u00e1ttur<span class=\"nedan_mal\" title=\" Or\u00f0r\u00e9tt: me\u00f0 honum er handleggur \u00far holdi.\">[<\/span> en me\u00f0 okkur er Drottinn, Gu\u00f0 okkar. Hann mun hj\u00e1lpa okkur og berjast me\u00f0 okkur.\u201c F\u00f3lki\u00f0 styrktist vi\u00f0 or\u00f0 Hisk\u00eda J\u00fadakonungs.<br \/> <a name=\"9\"><span class=\"versanumer_2007\">9<\/span><\/a> Eftir \u00feetta sendi Sanher\u00edb Ass\u00fdr\u00edukonungur emb\u00e6ttismenn s\u00edna til Jer\u00fasalem. Sj\u00e1lfur var hann um kyrrt vi\u00f0 Lak\u00eds \u00e1samt \u00f6llum her s\u00ednum en sendi \u00feessa or\u00f0sendingu til Hisk\u00eda J\u00fadakonungs og allra J\u00fadamanna \u00ed Jer\u00fasalem: <a name=\"10\"><span class=\"versanumer_2007\">10<\/span><\/a> \u201eSvo segir Sanher\u00edb Ass\u00fdr\u00edukonungur: \u00c1 hva\u00f0 treysti\u00f0 \u00fei\u00f0 fyrst \u00fei\u00f0 eru\u00f0 um kyrrt \u00ed herkv\u00ednni \u00ed Jer\u00fasalem? <a name=\"11\"><span class=\"versanumer_2007\">11<\/span><\/a> \u00deegar Hisk\u00eda segir: Drottinn, Gu\u00f0 okkar, mun bjarga okkur \u00far hendi Ass\u00fdr\u00edukonungs, er hann \u00fe\u00e1 ekki a\u00f0 blekkja ykkur svo a\u00f0 \u00fei\u00f0 deyi\u00f0 \u00far hungri og \u00feorsta? <a name=\"12\"><span class=\"versanumer_2007\">12<\/span><\/a> Var \u00fea\u00f0 ekki \u00feessi sami Hisk\u00eda sem afnam f\u00f3rnarh\u00e6\u00f0ir hans og \u00f6lturu og skipa\u00f0i J\u00fadam\u00f6nnum og Jer\u00fasalemb\u00faum svo fyrir: \u00dei\u00f0 megi\u00f0 a\u00f0eins falla fram fyrir einu altari og f\u00e6ra reykelsisf\u00f3rnir \u00e1 \u00fev\u00ed. <a name=\"13\"><span class=\"versanumer_2007\">13<\/span><\/a> Viti\u00f0 \u00fei\u00f0 ekki hva\u00f0 \u00e9g og fe\u00f0ur m\u00ednir hafa gert vi\u00f0 allar a\u00f0rar \u00fej\u00f3\u00f0ir? Hafa \u00fej\u00f3\u00f0agu\u00f0ir \u00feessara landa geta\u00f0 bjarga\u00f0 \u00feeim \u00far hendi minni? <a name=\"14\"><span class=\"versanumer_2007\">14<\/span><\/a> Hver af gu\u00f0um allra \u00feessara \u00fej\u00f3\u00f0a, sem fe\u00f0ur m\u00ednir hafa helga\u00f0 banni, hefur geta\u00f0 bjarga\u00f0 \u00fej\u00f3\u00f0 sinni \u00far hendi minni? Hvernig \u00e6tti gu\u00f0 ykkar \u00fe\u00e1 a\u00f0 geta bjarga\u00f0 ykkur \u00far hendi minni? <a name=\"15\"><span class=\"versanumer_2007\">15<\/span><\/a> L\u00e1ti\u00f0 n\u00fa ekki Hisk\u00eda blekkja ykkur og sv\u00edkja \u00e1 \u00feennan h\u00e1tt. Treysti\u00f0 honum ekki. Enginn gu\u00f0 neinnar \u00fej\u00f3\u00f0ar e\u00f0a konungsr\u00edkis hefur geta\u00f0 bjarga\u00f0 \u00fej\u00f3\u00f0 sinni \u00far hendi minni n\u00e9 \u00far hendi fe\u00f0ra minna. Hversu miklu s\u00ed\u00f0ur getur \u00fe\u00e1 gu\u00f0 ykkar bjarga\u00f0 ykkur \u00far hendi minni?\u201c<br \/> <a name=\"16\"><span class=\"versanumer_2007\">16<\/span><\/a> \u00dej\u00f3nar hans t\u00f6lu\u00f0u enn fleira gegn Drottni Gu\u00f0i og Hisk\u00eda, \u00fej\u00f3ni hans. <a name=\"17\"><span class=\"versanumer_2007\">17<\/span><\/a> Sanher\u00edb skrifa\u00f0i einnig svohlj\u00f3\u00f0andi br\u00e9f til a\u00f0 h\u00e6\u00f0a Drottin, Gu\u00f0 \u00cdsraels, og til a\u00f0 tala gegn honum: \u201eGu\u00f0 Hisk\u00eda mun ekki geta bjarga\u00f0 \u00fej\u00f3\u00f0 sinni \u00far hendi minni fremur en gu\u00f0ir hinna \u00fej\u00f3\u00f0anna g\u00e1tu bjarga\u00f0 \u00fej\u00f3\u00f0um s\u00ednum \u00far hendi minni.\u201c<br \/> <a name=\"18\"><span class=\"versanumer_2007\">18<\/span><\/a> \u00deeir hr\u00f3pu\u00f0u einnig h\u00e1rri r\u00f6ddu \u00e1 m\u00e1li J\u00fadamanna til \u00feeirra \u00edb\u00faa Jer\u00fasalem sem voru uppi \u00e1 borgarm\u00farnum til a\u00f0 hr\u00e6\u00f0a \u00fe\u00e1 og skelfa til \u00feess a\u00f0 \u00feeir \u00e6ttu h\u00e6gara me\u00f0 a\u00f0 n\u00e1 borginni. <a name=\"19\"><span class=\"versanumer_2007\">19<\/span><\/a> \u00deeir t\u00f6lu\u00f0u um Gu\u00f0 Jer\u00fasalem \u00e1 sama h\u00e1tt og gu\u00f0i annarra \u00fej\u00f3\u00f0a sem eru ger\u00f0ir af manna h\u00f6ndum.<br \/> <a name=\"20\"><span class=\"versanumer_2007\">20<\/span><\/a> Vegna \u00feessa b\u00e1\u00f0u Hisk\u00eda konungur og Jesaja sp\u00e1ma\u00f0ur Amotsson og hr\u00f3pu\u00f0u til himins. <a name=\"21\"><span class=\"versanumer_2007\">21<\/span><\/a> Drottinn sendi \u00fe\u00e1 engil sem drap alla hermenn, hersh\u00f6f\u00f0ingja og li\u00f0sforingja \u00ed herb\u00fa\u00f0um Ass\u00fdr\u00edukonungs. Hann var\u00f0 \u00fev\u00ed a\u00f0 sn\u00faa aftur heim til lands s\u00edns me\u00f0 sk\u00f6mm. Einhverju sinni, \u00feegar hann kom \u00ed h\u00fas gu\u00f0s s\u00edns, hjuggu synir hans hann me\u00f0 sver\u00f0i. <a name=\"22\"><span class=\"versanumer_2007\">22<\/span><\/a> \u00deannig bjarga\u00f0i Drottinn Hisk\u00eda og \u00edb\u00faum Jer\u00fasalem \u00far hendi Sanher\u00edbs Ass\u00fdr\u00edukonungs og \u00far hendi allra fjandmanna hans. Hann veitti \u00feeim fri\u00f0 allt um kring. <a name=\"23\"><span class=\"versanumer_2007\">23<\/span><\/a> Margir f\u00e6r\u00f0u Drottni gjafir \u00ed Jer\u00fasalem og Hisk\u00eda J\u00fadakonungi gersemar. Eftir \u00feetta var hann mikils metinn af \u00f6llum \u00fej\u00f3\u00f0um.<\/p>\n<h3 class=\"millifyrirsogn_2007\">Hisk\u00eda deyr<\/h3>\n<p><a name=\"24\"><span class=\"versanumer_2007\">24<\/span><\/a> Um \u00feessar mundir veiktist Hisk\u00eda og var a\u00f0 dau\u00f0a kominn. \u00de\u00e1 ba\u00f0 hann til Drottins sem b\u00e6nheyr\u00f0i hann og veitti honum t\u00e1kn \u00feess. <a name=\"25\"><span class=\"versanumer_2007\">25<\/span><\/a> En Hisk\u00eda endurgalt ekki \u00fe\u00e1 velvild, sem honum haf\u00f0i veri\u00f0 s\u00fdnd, heldur ger\u00f0ist hrokafullur. \u00deess vegna hef\u00f0i rei\u00f0i Drottins \u00e1tt a\u00f0 koma yfir hann, J\u00fadamenn og Jer\u00fasalemb\u00faa. <a name=\"26\"><span class=\"versanumer_2007\">26<\/span><\/a> En Hisk\u00eda au\u00f0m\u00fdkti sig og \u00edb\u00faar Jer\u00fasalem me\u00f0 honum. Heift Drottins kom \u00fev\u00ed ekki yfir \u00fe\u00e1 \u00e1 me\u00f0an Hisk\u00eda lif\u00f0i.<br \/> <a name=\"27\"><span class=\"versanumer_2007\">27<\/span><\/a> Hisk\u00eda var mj\u00f6g au\u00f0ugur og mikils metinn. Hann l\u00e9t gera fj\u00e1rhirslur fyrir silfur, gull og d\u00fdrindis steina, einnig fyrir ilmjurtir, skildi og alls kyns d\u00fdrgripi. <a name=\"28\"><span class=\"versanumer_2007\">28<\/span><\/a> Hann l\u00e9t l\u00edka gera skemmur fyrir korn, v\u00ednberjasafa og ol\u00edu og gripah\u00fas fyrir alls konar b\u00faf\u00e9 og fyrir hjar\u00f0irnar. <a name=\"29\"><span class=\"versanumer_2007\">29<\/span><\/a> Hann haf\u00f0i l\u00e1ti\u00f0 reisa borgir handa s\u00e9r og eignast margt sau\u00f0fj\u00e1r og nauta \u00fev\u00ed a\u00f0 Gu\u00f0 gaf honum miklar eignir.<br \/> <a name=\"30\"><span class=\"versanumer_2007\">30<\/span><\/a> \u00dea\u00f0 var Hisk\u00eda sem l\u00e9t st\u00edfla efri uppsprettu G\u00edhonlindar og veita vatninu ni\u00f0ur og vestur til borgar Dav\u00ed\u00f0s. Hisk\u00eda farna\u00f0ist vel \u00ed \u00f6llu sem hann t\u00f3k s\u00e9r fyrir hendur.<br \/> <a name=\"31\"><span class=\"versanumer_2007\">31<\/span><\/a> \u00deegar bab\u00fdlonsku herforingjarnir sendu fulltr\u00faa s\u00edna til hans til a\u00f0 spyrjast fyrir um t\u00e1kni\u00f0 sem haf\u00f0i or\u00f0i\u00f0 \u00ed landinu yfirgaf Gu\u00f0 hann til \u00feess a\u00f0 reyna hann og komast a\u00f0 \u00fev\u00ed hver hugur hans v\u00e6ri \u00ed raun og veru.<br \/> <a name=\"32\"><span class=\"versanumer_2007\">32<\/span><\/a> \u00dea\u00f0 sem \u00f3sagt er af s\u00f6gu Hisk\u00eda og afrekum hans er skr\u00e1\u00f0 \u00ed s\u00fdnum Jesaja sp\u00e1manns Amotssonar og b\u00f3k konunga J\u00fada og \u00cdsraels.<br \/> <a name=\"33\"><span class=\"versanumer_2007\">33<\/span><\/a> Hisk\u00eda var lag\u00f0ur til hv\u00edldar hj\u00e1 fe\u00f0rum s\u00ednum. Hann var grafinn vi\u00f0 veginn a\u00f0 gr\u00f6fum ni\u00f0ja Dav\u00ed\u00f0s. Allir J\u00fadamenn og \u00edb\u00faar Jer\u00fasalem s\u00fdndu honum vir\u00f0ingu vi\u00f0 l\u00e1t hans. Manasse, sonur hans, var\u00f0 konungur eftir hann.<\/p>\n","protected":false},"excerpt":{"rendered":"<p>Innr\u00e1s Sanher\u00edbs \u00ed J\u00fada 1 Eftir \u00feessar a\u00f0ger\u00f0ir, sem b\u00e1ru tr\u00fafesti Hisk\u00eda vitni, kom Sanher\u00edb Ass\u00fdr\u00edukonungur og h\u00e9lt inn \u00ed J\u00fada. Hann r\u00e9\u00f0st \u00e1 v\u00edggirtu borgirnar og hug\u00f0ist vinna \u00fe\u00e6r og taka til eignar. 2 Hisk\u00eda var\u00f0 lj\u00f3st a\u00f0 Sanher\u00edb var kominn til \u00feess a\u00f0 r\u00e1\u00f0ast \u00e1 Jer\u00fasalem. 3 Hann r\u00e1\u00f0ga\u00f0ist \u00fev\u00ed vi\u00f0 herforingja s\u00edna og kappa um \u00fea\u00f0 hvort st\u00edfla \u00e6tti uppspretturnar sem voru utan vi\u00f0 borgina og veittu \u00feeir honum stu\u00f0ning. 4 Miklum mannfj\u00f6lda var \u00fe\u00e1 safna\u00f0 saman og st\u00edfla\u00f0i hann allar uppspretturnar og l\u00e6kinn sem rennur ne\u00f0anjar\u00f0ar[ \u00fev\u00ed a\u00f0 \u00feeir hugsu\u00f0u me\u00f0 s\u00e9r: \u201eHvers vegna \u00e6ttu konungar <a href=\"https:\/\/biblian.is\/biblian\/sidari-kronikubok-32-kafli\/\"> [&#8230;]<\/a><\/p>\n","protected":false},"author":1,"featured_media":0,"parent":0,"menu_order":0,"comment_status":"open","ping_status":"open","template":"bibliukaflar_NT.php","meta":{"footnotes":""},"class_list":["post-2016","page","type-page","status-publish","hentry"],"_links":{"self":[{"href":"https:\/\/biblian.is\/biblian\/wp-json\/wp\/v2\/pages\/2016","targetHints":{"allow":["GET"]}}],"collection":[{"href":"https:\/\/biblian.is\/biblian\/wp-json\/wp\/v2\/pages"}],"about":[{"href":"https:\/\/biblian.is\/biblian\/wp-json\/wp\/v2\/types\/page"}],"author":[{"embeddable":true,"href":"https:\/\/biblian.is\/biblian\/wp-json\/wp\/v2\/users\/1"}],"replies":[{"embeddable":true,"href":"https:\/\/biblian.is\/biblian\/wp-json\/wp\/v2\/comments?post=2016"}],"version-history":[{"count":0,"href":"https:\/\/biblian.is\/biblian\/wp-json\/wp\/v2\/pages\/2016\/revisions"}],"wp:attachment":[{"href":"https:\/\/biblian.is\/biblian\/wp-json\/wp\/v2\/media?parent=2016"}],"curies":[{"name":"wp","href":"https:\/\/api.w.org\/{rel}","templated":true}]}}