{"id":2015,"date":"2017-12-30T21:01:20","date_gmt":"2017-12-30T21:01:20","guid":{"rendered":"http:\/\/biblian.is\/biblian\/s%c2%92_ari-kron%c2%92kub%c2%97k-31-kafli\/"},"modified":"2024-06-26T23:21:16","modified_gmt":"2024-06-26T23:21:16","slug":"sidari-kronikubok-31-kafli","status":"publish","type":"page","link":"https:\/\/biblian.is\/biblian\/sidari-kronikubok-31-kafli\/","title":{"rendered":"S\u00ed\u00f0ari kron\u00edkub\u00f3k 31. kafli"},"content":{"rendered":"<p><a name=\"1\"><span class=\"versanumer_2007\">1<\/span><\/a> \u00deegar \u00f6llu \u00feessu var loki\u00f0 f\u00f3ru allir \u00feeir \u00cdsraelsmenn, sem h\u00f6f\u00f0u veri\u00f0 vi\u00f0staddir, \u00fat \u00ed borgir J\u00fada. \u00deeir brutu sundur merkisteinana, hjuggu ni\u00f0ur As\u00e9rust\u00f3lpana og rifu ni\u00f0ur f\u00f3rnarh\u00e6\u00f0irnar og \u00f6lturun alls sta\u00f0ar \u00ed J\u00fada, Benjam\u00edn, Efra\u00edm og Manasse. \u00dev\u00ed n\u00e6st h\u00e9ldu allir \u00cdsraelsmenn heim til borga sinna, hver um sig til eignar sinnar.<\/p>\n<h3 class=\"millifyrirsogn_2007\">Skipan musteris\u00fej\u00f3nustunnar<\/h3>\n<p><a name=\"2\"><span class=\"versanumer_2007\">2<\/span><\/a> Hisk\u00eda skipulag\u00f0i \u00fej\u00f3nustuflokka presta og Lev\u00edta me\u00f0 sama h\u00e6tti og \u00e1\u00f0ur. Hver og einn af prestunum og Lev\u00edtunum \u00e1tti a\u00f0 gegna tilteknu starfi vi\u00f0 brennif\u00f3rnir, heillaf\u00f3rnir og \u00fej\u00f3nustust\u00f6rf, flutning \u00feakkar- og lofgj\u00f6r\u00f0ars\u00f6ngva og g\u00e6slu hli\u00f0anna \u00e1 herb\u00fa\u00f0um Drottins. <a name=\"3\"><span class=\"versanumer_2007\">3<\/span><\/a> Konungurinn lag\u00f0i fram skerf af s\u00ednum eigin eignum til brennif\u00f3rnanna kv\u00f6lds og morguns og til brennif\u00f3rnanna \u00e1 hv\u00edldardaginn, \u00e1 tunglkomud\u00f6gum og \u00f6\u00f0rum h\u00e1t\u00ed\u00f0um samkv\u00e6mt \u00fev\u00ed sem skr\u00e1\u00f0 er \u00ed l\u00f6gm\u00e1li Drottins.<br \/> <a name=\"4\"><span class=\"versanumer_2007\">4<\/span><\/a> Hisk\u00eda skipa\u00f0i \u00edb\u00faum Jer\u00fasalem a\u00f0 f\u00e1 prestunum og Lev\u00edtunum \u00feann hlut sem \u00feeim bar svo a\u00f0 \u00feeir g\u00e6tu eing\u00f6ngu fengist vi\u00f0 l\u00f6gm\u00e1l Drottins. <a name=\"5\"><span class=\"versanumer_2007\">5<\/span><\/a> Um lei\u00f0 og \u00feessi tilskipun t\u00f3k a\u00f0 brei\u00f0ast \u00fat komu \u00cdsraelsmenn me\u00f0 miki\u00f0 af korni \u00far fyrstu uppskerunni, v\u00ednberjasafa, ol\u00edu og hunang og alls konar \u00e1vexti af \u00f6krunum. \u00deeir komu me\u00f0 t\u00edund af \u00f6llu, r\u00edkulega greidda. <a name=\"6\"><span class=\"versanumer_2007\">6<\/span><\/a> \u00cdsraelsmenn og J\u00fadamenn, sem bjuggu \u00ed borgunum \u00ed J\u00fada, komu me\u00f0 t\u00edund af nautgripum og sau\u00f0f\u00e9 og t\u00edund af \u00feeim gj\u00f6fum sem helga\u00f0ar voru Drottni, Gu\u00f0i \u00feeirra. <a name=\"7\"><span class=\"versanumer_2007\">7<\/span><\/a> \u00deeir h\u00f3fu a\u00f0 leggja undirst\u00f6\u00f0ur \u00ed \u00feri\u00f0ja m\u00e1nu\u00f0inum en luku vi\u00f0 for\u00f0ahla\u00f0ann \u00ed sj\u00f6unda m\u00e1nu\u00f0inum.<br \/> <a name=\"8\"><span class=\"versanumer_2007\">8<\/span><\/a> \u00de\u00e1 komu Hisk\u00eda og h\u00f6f\u00f0ingjarnir og \u00feegar \u00feeir h\u00f6f\u00f0u sko\u00f0a\u00f0 hla\u00f0ana lofu\u00f0u \u00feeir Drottin og l\u00fd\u00f0 hans, \u00cdsrael. <a name=\"9\"><span class=\"versanumer_2007\">9<\/span><\/a> \u00deegar Hisk\u00eda spur\u00f0i prestana og Lev\u00edtana um for\u00f0ann <a name=\"10\"><span class=\"versanumer_2007\">10<\/span><\/a> var\u00f0 Asarja yfirprestur, af \u00e6tt Sad\u00f3ks, fyrir sv\u00f6rum og sag\u00f0i: \u201eS\u00ed\u00f0an fari\u00f0 var a\u00f0 flytja afgj\u00f6ldin til h\u00fass Drottins hefur veri\u00f0 n\u00f3g a\u00f0 eta og mikill afgangur a\u00f0 auki \u00fev\u00ed a\u00f0 Drottinn hefur blessa\u00f0 \u00fej\u00f3\u00f0 s\u00edna. Allar \u00feessar birg\u00f0ir gengu af.\u201c<br \/> <a name=\"11\"><span class=\"versanumer_2007\">11<\/span><\/a> Hisk\u00eda gaf n\u00fa fyrirm\u00e6li um a\u00f0 \u00fatb\u00faa geymslur \u00ed h\u00fasi Drottins. \u00deegar \u00fea\u00f0 haf\u00f0i veri\u00f0 gert <a name=\"12\"><span class=\"versanumer_2007\">12<\/span><\/a> voru afgj\u00f6ldin, t\u00edundirnar og helgigjafirnar fluttar samviskusamlega \u00feanga\u00f0. Lev\u00edtanum Kananja var falin yfirumsj\u00f3n me\u00f0 \u00feeim og S\u00edme\u00ed, br\u00f3\u00f0ir hans, var sta\u00f0gengill hans. <a name=\"13\"><span class=\"versanumer_2007\">13<\/span><\/a> Jeh\u00edel, Asasja, Nakat, Asahel, Jer\u00edm\u00f3t, J\u00f3sabad, El\u00edel, Jismakja, Mahat og Benaja voru eftirlitsmenn undir stj\u00f3rn Kananja og S\u00edme\u00ed, br\u00f3\u00f0ur hans, samkv\u00e6mt skipun Hisk\u00eda konungs og Asarja, h\u00f6f\u00f0ingja h\u00fass Gu\u00f0s.<br \/> <a name=\"14\"><span class=\"versanumer_2007\">14<\/span><\/a> Lev\u00edtinn K\u00f3re Jimnason, hli\u00f0v\u00f6r\u00f0ur vi\u00f0 austurhli\u00f0i\u00f0, var settur yfir sj\u00e1lfviljagjafir til Gu\u00f0s. Honum var fali\u00f0 a\u00f0 sj\u00e1 um a\u00f0 deila \u00fat \u00fev\u00ed sem Drottni var f\u00e6rt og hinum h\u00e1heil\u00f6gu gj\u00f6fum. <a name=\"15\"><span class=\"versanumer_2007\">15<\/span><\/a> Eden, Minjam\u00edn, Jes\u00faa, Semaja, Amarja og Sekanja voru undir stj\u00f3rn hans \u00ed borgum prestanna og greiddu emb\u00e6ttisbr\u00e6\u00f0rum s\u00ednum \u00fea\u00f0 sem \u00feeim bar eftir \u00fej\u00f3nustuflokkum, \u00f3h\u00e1\u00f0 \u00fev\u00ed hvort \u00feeir v\u00e6ru voldugir e\u00f0a valdalausir.<br \/> <a name=\"16\"><span class=\"versanumer_2007\">16<\/span><\/a> Allir, sem komu \u00ed \u00fej\u00f3nustuflokkum \u00ed h\u00fas Drottins til a\u00f0 vinna verk s\u00edn eins og \u00feurfti hvern dag, voru skr\u00e1\u00f0ir. Allir karlmenn \u00feriggja \u00e1ra og eldri voru skr\u00e1\u00f0ir. <a name=\"17\"><span class=\"versanumer_2007\">17<\/span><\/a> Prestarnir voru skr\u00e1\u00f0ir eftir fj\u00f6lskyldum s\u00ednum en Lev\u00edtarnir, tuttugu \u00e1ra og eldri, voru skr\u00e1\u00f0ir eftir st\u00f6rfum \u00ed \u00fej\u00f3nustuflokkum s\u00ednum. <a name=\"18\"><span class=\"versanumer_2007\">18<\/span><\/a> Skr\u00e1ningin n\u00e1\u00f0i til allra barna, kvenna, sona og d\u00e6tra \u00feeirra eftir st\u00e9ttum en \u00feau helgu\u00f0ust vegna \u00fej\u00f3nustu sinnar.<span class=\"nedan_mal\" title=\" Hebreski textinn er \u00f3lj\u00f3s. Hugsanleg \u00fe\u00fd\u00f0ing: helgu\u00f0ust af fe\u00f0rum s\u00ednum.\">[<\/span> <a name=\"19\"><span class=\"versanumer_2007\">19<\/span><\/a> \u00dar h\u00f3pi prestanna, ni\u00f0ja Arons, sem h\u00f6f\u00f0u l\u00edfsvi\u00f0urv\u00e6ri af beitarl\u00f6ndunum umhverfis borgirnar sem \u00feeir bjuggu \u00ed, voru nokkrir valdir me\u00f0 nafnakalli \u00ed hverri borg til \u00feess a\u00f0 f\u00e1 karlm\u00f6nnum af presta\u00e6ttum og \u00f6llum skr\u00e1\u00f0um Lev\u00edtum \u00feann hlut sem \u00feeim bar.<br \/> <a name=\"20\"><span class=\"versanumer_2007\">20<\/span><\/a> \u00deetta ger\u00f0i Hisk\u00eda um allt J\u00fada. Hann ger\u00f0i \u00fea\u00f0 sem gott var og r\u00e9tt og \u00fea\u00f0 sem bar tr\u00fafesti hans vitni frammi fyrir Drottni, Gu\u00f0i hans. <a name=\"21\"><span class=\"versanumer_2007\">21<\/span><\/a> S\u00e9rhvert verk, sem hann h\u00f3f \u00ed \u00fe\u00e1gu h\u00fass Gu\u00f0s e\u00f0a var\u00f0a\u00f0i l\u00f6gm\u00e1li\u00f0 e\u00f0a kr\u00f6funa um a\u00f0 leita Gu\u00f0s s\u00edns, vann hann af heilum hug. \u00deess vegna farna\u00f0ist honum vel.<\/p>\n","protected":false},"excerpt":{"rendered":"<p>1 \u00deegar \u00f6llu \u00feessu var loki\u00f0 f\u00f3ru allir \u00feeir \u00cdsraelsmenn, sem h\u00f6f\u00f0u veri\u00f0 vi\u00f0staddir, \u00fat \u00ed borgir J\u00fada. \u00deeir brutu sundur merkisteinana, hjuggu ni\u00f0ur As\u00e9rust\u00f3lpana og rifu ni\u00f0ur f\u00f3rnarh\u00e6\u00f0irnar og \u00f6lturun alls sta\u00f0ar \u00ed J\u00fada, Benjam\u00edn, Efra\u00edm og Manasse. \u00dev\u00ed n\u00e6st h\u00e9ldu allir \u00cdsraelsmenn heim til borga sinna, hver um sig til eignar sinnar. Skipan musteris\u00fej\u00f3nustunnar 2 Hisk\u00eda skipulag\u00f0i \u00fej\u00f3nustuflokka presta og Lev\u00edta me\u00f0 sama h\u00e6tti og \u00e1\u00f0ur. Hver og einn af prestunum og Lev\u00edtunum \u00e1tti a\u00f0 gegna tilteknu starfi vi\u00f0 brennif\u00f3rnir, heillaf\u00f3rnir og \u00fej\u00f3nustust\u00f6rf, flutning \u00feakkar- og lofgj\u00f6r\u00f0ars\u00f6ngva og g\u00e6slu hli\u00f0anna \u00e1 herb\u00fa\u00f0um Drottins. 3 Konungurinn lag\u00f0i fram skerf <a href=\"https:\/\/biblian.is\/biblian\/sidari-kronikubok-31-kafli\/\"> [&#8230;]<\/a><\/p>\n","protected":false},"author":1,"featured_media":0,"parent":0,"menu_order":0,"comment_status":"open","ping_status":"open","template":"bibliukaflar_NT.php","meta":{"footnotes":""},"class_list":["post-2015","page","type-page","status-publish","hentry"],"_links":{"self":[{"href":"https:\/\/biblian.is\/biblian\/wp-json\/wp\/v2\/pages\/2015","targetHints":{"allow":["GET"]}}],"collection":[{"href":"https:\/\/biblian.is\/biblian\/wp-json\/wp\/v2\/pages"}],"about":[{"href":"https:\/\/biblian.is\/biblian\/wp-json\/wp\/v2\/types\/page"}],"author":[{"embeddable":true,"href":"https:\/\/biblian.is\/biblian\/wp-json\/wp\/v2\/users\/1"}],"replies":[{"embeddable":true,"href":"https:\/\/biblian.is\/biblian\/wp-json\/wp\/v2\/comments?post=2015"}],"version-history":[{"count":0,"href":"https:\/\/biblian.is\/biblian\/wp-json\/wp\/v2\/pages\/2015\/revisions"}],"wp:attachment":[{"href":"https:\/\/biblian.is\/biblian\/wp-json\/wp\/v2\/media?parent=2015"}],"curies":[{"name":"wp","href":"https:\/\/api.w.org\/{rel}","templated":true}]}}