{"id":2013,"date":"2017-12-30T21:01:20","date_gmt":"2017-12-30T21:01:20","guid":{"rendered":"http:\/\/biblian.is\/biblian\/s%c2%92_ari-kron%c2%92kub%c2%97k-29-kafli\/"},"modified":"2024-06-26T23:21:15","modified_gmt":"2024-06-26T23:21:15","slug":"sidari-kronikubok-29-kafli","status":"publish","type":"page","link":"https:\/\/biblian.is\/biblian\/sidari-kronikubok-29-kafli\/","title":{"rendered":"S\u00ed\u00f0ari kron\u00edkub\u00f3k 29. kafli"},"content":{"rendered":"<h3 class=\"millifyrirsogn_2007\"> Hisk\u00eda konungur J\u00fada<\/h3>\n<p><a name=\"1\"><span class=\"versanumer_2007\">1<\/span><\/a> Hisk\u00eda var tuttugu og fimm \u00e1ra \u00feegar hann var\u00f0 konungur og r\u00edkti tuttugu og n\u00edu \u00e1r \u00ed Jer\u00fasalem. M\u00f3\u00f0ir hans h\u00e9t Ab\u00eda og var Sakar\u00edad\u00f3ttir. <a name=\"2\"><span class=\"versanumer_2007\">2<\/span><\/a> Hann ger\u00f0i \u00fea\u00f0 sem r\u00e9tt var \u00ed augum Drottins alveg eins og Dav\u00ed\u00f0, forfa\u00f0ir hans.<\/p>\n<h3 class=\"millifyrirsogn_2007\">Hreinsun musterisins<\/h3>\n<p><a name=\"3\"><span class=\"versanumer_2007\">3<\/span><\/a> \u00dea\u00f0 var hann sem opna\u00f0i hli\u00f0in a\u00f0 h\u00fasi Drottins og lagf\u00e6r\u00f0i \u00feau \u00ed fyrsta m\u00e1nu\u00f0i fyrsta stj\u00f3rnar\u00e1rs s\u00edns. <a name=\"4\"><span class=\"versanumer_2007\">4<\/span><\/a> Hann l\u00e9t s\u00e6kja prestana og Lev\u00edtana, safna\u00f0i \u00feeim saman \u00e1 austurtorginu <a name=\"5\"><span class=\"versanumer_2007\">5<\/span><\/a> og \u00e1varpa\u00f0i \u00fe\u00e1:<br \/>\u201eLev\u00edtar, hl\u00fd\u00f0i\u00f0 \u00e1 mig. Helgi\u00f0 ykkur \u00feegar \u00ed sta\u00f0 og helgi\u00f0 \u00fev\u00ed n\u00e6st h\u00fas Drottins, Gu\u00f0s fe\u00f0ra ykkar. Fjarl\u00e6gi\u00f0 allt \u00f3hreint \u00far helgid\u00f3minum. <a name=\"6\"><span class=\"versanumer_2007\">6<\/span><\/a> Fe\u00f0ur okkar voru svikulir og ger\u00f0u \u00fea\u00f0 sem illt var \u00ed augum Drottins, Gu\u00f0s okkar. \u00deeir brug\u00f0ust honum, sneru s\u00e9r fr\u00e1 b\u00fasta\u00f0 Drottins og sneru vi\u00f0 honum baki. <a name=\"7\"><span class=\"versanumer_2007\">7<\/span><\/a> \u00deeir loku\u00f0u jafnvel hli\u00f0unum a\u00f0 forsalnum, sl\u00f6kktu \u00e1 l\u00f6mpunum og f\u00e6r\u00f0u Gu\u00f0i \u00cdsraels hvorki reykelsisf\u00f3rnir n\u00e9 brennif\u00f3rnir \u00ed helgid\u00f3minum. <a name=\"8\"><span class=\"versanumer_2007\">8<\/span><\/a> \u00deess vegna reiddist Drottinn \u00edb\u00faum J\u00fada og Jer\u00fasalem. \u00dea\u00f0 sem hann ger\u00f0i \u00feeim hefur valdi\u00f0 skelfingu og hrolli og or\u00f0i\u00f0 \u00feeim til h\u00e1\u00f0ungar eins og \u00fei\u00f0 geti\u00f0 s\u00e9\u00f0 me\u00f0 eigin augum. <a name=\"9\"><span class=\"versanumer_2007\">9<\/span><\/a> Fe\u00f0ur okkar f\u00e9llu fyrir sver\u00f0seggjum og synir okkar, d\u00e6tur og konur voru flutt \u00ed \u00fatleg\u00f0. <a name=\"10\"><span class=\"versanumer_2007\">10<\/span><\/a> N\u00fa hyggst \u00e9g gera s\u00e1ttm\u00e1la vi\u00f0 Drottin, Gu\u00f0 \u00cdsraels, svo a\u00f0 brennandi rei\u00f0i hans sn\u00fai fr\u00e1 okkur. <a name=\"11\"><span class=\"versanumer_2007\">11<\/span><\/a> Synir m\u00ednir, veri\u00f0 ekki a\u00f0ger\u00f0alausir \u00fev\u00ed a\u00f0 Drottinn hefur vali\u00f0 ykkur til a\u00f0 \u00fej\u00f3na frammi fyrir augliti s\u00ednu og vera \u00ed \u00fej\u00f3nustu hans og f\u00e6ra honum reykelsisf\u00f3rnir.\u201c<br \/> <a name=\"12\"><span class=\"versanumer_2007\">12<\/span><\/a> \u00de\u00e1 st\u00f3\u00f0u \u00feessir Lev\u00edtar upp: Mahat Amasa\u00edson og J\u00f3el Asarjason, en \u00feeir voru ni\u00f0jar Kahats, K\u00eds Abd\u00edson og Asarja Jehallelelsson, sem voru ni\u00f0jar Merar\u00ed, J\u00f3a Simmason og Eden J\u00f3ason, ni\u00f0jar Gersons, <a name=\"13\"><span class=\"versanumer_2007\">13<\/span><\/a> Simr\u00ed og Jeh\u00edel, ni\u00f0jar El\u00edsafans, Sakar\u00eda og Mattanja, ni\u00f0jar Asafs, <a name=\"14\"><span class=\"versanumer_2007\">14<\/span><\/a> Jeh\u00edel og S\u00edme\u00ed, ni\u00f0jar Hemans, og Semaja og \u00dass\u00edel, ni\u00f0jar Jed\u00fat\u00fans. <a name=\"15\"><span class=\"versanumer_2007\">15<\/span><\/a> \u00deegar \u00feeir h\u00f6f\u00f0u safna\u00f0 saman \u00e6ttbr\u00e6\u00f0rum s\u00ednum helgu\u00f0u \u00feeir sig. \u00dev\u00ed n\u00e6st f\u00f3ru \u00feeir a\u00f0 bo\u00f0i konungs, sem var reist \u00e1 fyrirm\u00e6lum Drottins, til \u00feess a\u00f0 hreinsa h\u00fas Drottins. <a name=\"16\"><span class=\"versanumer_2007\">16<\/span><\/a> Prestarnir gengu inn \u00ed innri herbergi h\u00fass Drottins til \u00feess a\u00f0 hreinsa \u00feau. \u00deeir f\u00f3ru me\u00f0 allt \u00f3hreint, sem \u00feeir fundu \u00ed musteri Drottins, \u00fat \u00ed forgar\u00f0inn. \u00dear t\u00f3ku Lev\u00edtarnir vi\u00f0 \u00fev\u00ed og fluttu \u00fea\u00f0 \u00fat fyrir borgina, \u00ed Kedrondal.<br \/> <a name=\"17\"><span class=\"versanumer_2007\">17<\/span><\/a> \u00deeir h\u00f3fu a\u00f0 helga h\u00fasi\u00f0 \u00e1 fyrsta degi fyrsta m\u00e1na\u00f0arins og \u00e1 \u00e1ttunda degi voru \u00feeir komnir a\u00f0 forsal Drottins. \u00deeir helgu\u00f0u h\u00fas Drottins \u00e1 \u00e1tta d\u00f6gum \u00feannig a\u00f0 \u00feeir luku \u00fev\u00ed \u00e1 sext\u00e1nda degi fyrsta m\u00e1na\u00f0arins. <a name=\"18\"><span class=\"versanumer_2007\">18<\/span><\/a> \u00dev\u00ed n\u00e6st gengu \u00feeir inn til Hisk\u00eda konungs og s\u00f6g\u00f0u: \u201eVi\u00f0 h\u00f6fum hreinsa\u00f0 allt h\u00fas Drottins. Brennif\u00f3rnaraltari\u00f0 \u00e1samt \u00f6llum \u00e1h\u00f6ldum \u00feess, bor\u00f0in fyrir sko\u00f0unarbrau\u00f0in og \u00f6ll \u00e1h\u00f6ld \u00feess <a name=\"19\"><span class=\"versanumer_2007\">19<\/span><\/a> og \u00f6ll \u00feau \u00e1h\u00f6ld, sem Akas konungur vanhelga\u00f0i me\u00f0 sviksemi sinni \u00e1 stj\u00f3rnart\u00edma s\u00ednum, h\u00f6fum vi\u00f0 lagf\u00e6rt og helga\u00f0. \u00deau eru n\u00fa frammi fyrir altari Drottins.\u201c<\/p>\n<h3 class=\"millifyrirsogn_2007\">Endurv\u00edgsla musterisins<\/h3>\n<p><a name=\"20\"><span class=\"versanumer_2007\">20<\/span><\/a> Morguninn eftir safna\u00f0i Hisk\u00eda konungur saman lei\u00f0togum borgarinnar og h\u00e9lt s\u00ed\u00f0an upp til h\u00fass Drottins. <a name=\"21\"><span class=\"versanumer_2007\">21<\/span><\/a> \u00deeir t\u00f3ku me\u00f0 s\u00e9r sj\u00f6 naut, sj\u00f6 hr\u00fata, sj\u00f6 l\u00f6mb og sj\u00f6 geithafra sem syndaf\u00f3rn fyrir konungsfj\u00f6lskylduna, helgid\u00f3minn og J\u00fadamenn. Konungurinn gaf prestunum, ni\u00f0jum Arons, fyrirm\u00e6li um a\u00f0 f\u00f3rna \u00feeim \u00e1 altari Drottins. <a name=\"22\"><span class=\"versanumer_2007\">22<\/span><\/a> Fyrst var nautunum sl\u00e1tra\u00f0 og t\u00f3ku prestarnir bl\u00f3\u00f0i\u00f0 og dreyptu \u00fev\u00ed \u00e1 altari\u00f0. \u00dev\u00ed n\u00e6st var hr\u00fatunum sl\u00e1tra\u00f0 og bl\u00f3\u00f0inu dreypt \u00e1 altari\u00f0, \u00fe\u00e1 l\u00f6mbunum og bl\u00f3\u00f0inu dreypt \u00e1 altari\u00f0. <a name=\"23\"><span class=\"versanumer_2007\">23<\/span><\/a> A\u00f0 lokum voru geithafrarnir, sem \u00e6tla\u00f0ir voru til syndaf\u00f3rnar, leiddir fyrir konunginn og s\u00f6fnu\u00f0inn og l\u00f6g\u00f0u \u00feeir hendur s\u00ednar \u00e1 \u00fe\u00e1.<span class=\"nedan_mal\" title=\" \u00dea\u00f0 a\u00f0 leggja hendur \u00e1 h\u00f6fu\u00f0 geithafursins var hluti af helgisi\u00f0um sem tengdust syndaf\u00f3rninni.\">[<\/span> <a name=\"24\"><span class=\"versanumer_2007\">24<\/span><\/a> \u00dev\u00ed n\u00e6st sl\u00e1tru\u00f0u prestarnir \u00feeim og dreyptu bl\u00f3\u00f0inu sem syndaf\u00f3rn \u00e1 altari\u00f0 til a\u00f0 fri\u00f0\u00fe\u00e6gja fyrir allan \u00cdsrael \u00fev\u00ed a\u00f0 konungurinn haf\u00f0i \u00e1kve\u00f0i\u00f0 a\u00f0 brennif\u00f3rnin og syndaf\u00f3rnin skyldu vera fyrir alla \u00cdsraelsmenn.<br \/> <a name=\"25\"><span class=\"versanumer_2007\">25<\/span><\/a> Konungur fylkti Lev\u00edtunum \u00ed h\u00fasi Drottins me\u00f0 m\u00e1lmgj\u00f6ll, h\u00f6rpur og g\u00edgjur \u00ed h\u00f6ndum, samkv\u00e6mt fyrirm\u00e6lum Dav\u00ed\u00f0s, Ga\u00f0s, hins konunglega sj\u00e1anda, og Natans sp\u00e1manns. \u00deessi fyrirm\u00e6li voru fr\u00e1 Drottni, flutt af sp\u00e1m\u00f6nnum hans. <a name=\"26\"><span class=\"versanumer_2007\">26<\/span><\/a> Lev\u00edtarnir t\u00f3ku s\u00e9r n\u00fa st\u00f6\u00f0u og h\u00e9ldu \u00e1 hlj\u00f3\u00f0f\u00e6rum Dav\u00ed\u00f0s en prestarnir \u00e1 l\u00fa\u00f0runum.<br \/> <a name=\"27\"><span class=\"versanumer_2007\">27<\/span><\/a> \u00de\u00e1 gaf Hisk\u00eda skipun um a\u00f0 f\u00e6ra brennif\u00f3rnina \u00e1 altarinu. Um lei\u00f0 og f\u00f3rnarath\u00f6fnin byrja\u00f0i h\u00f3fst s\u00f6ngur Drottni til d\u00fdr\u00f0ar \u00e1samt l\u00fa\u00f0rabl\u00e6stri me\u00f0 undirleik \u00e1 hlj\u00f3\u00f0f\u00e6ri Dav\u00ed\u00f0s, konungs \u00cdsraels. <a name=\"28\"><span class=\"versanumer_2007\">28<\/span><\/a> Allur s\u00f6fnu\u00f0urinn f\u00e9ll fram \u00e1 auglit sitt \u00e1 me\u00f0an s\u00f6ngurinn var sunginn og l\u00fa\u00f0rarnir voru \u00feeyttir allt til loka f\u00f3rnarathafnarinnar. <a name=\"29\"><span class=\"versanumer_2007\">29<\/span><\/a> \u00deegar f\u00f3rninni var loki\u00f0 beyg\u00f0i konungur og allir, sem me\u00f0 honum voru, kn\u00e9 s\u00edn og f\u00e9llu fram. <a name=\"30\"><span class=\"versanumer_2007\">30<\/span><\/a> \u00de\u00e1 skipa\u00f0i Hisk\u00eda konungur og lei\u00f0togarnir Lev\u00edtunum a\u00f0 lofa Drottin me\u00f0 or\u00f0um Dav\u00ed\u00f0s og Asafs sj\u00e1anda. \u00deeir fluttu lofgj\u00f6r\u00f0ina me\u00f0 gle\u00f0i, beyg\u00f0u kn\u00e9 s\u00edn og f\u00e9llu fram.<br \/> <a name=\"31\"><span class=\"versanumer_2007\">31<\/span><\/a> \u00dev\u00ed n\u00e6st t\u00f3k Hisk\u00eda til m\u00e1ls og sag\u00f0i: \u201eN\u00fa hafi\u00f0 \u00fei\u00f0 \u00feegi\u00f0 v\u00edgslu til \u00fej\u00f3nustu vi\u00f0 Drottin. Gangi\u00f0 fram og komi\u00f0 me\u00f0 sl\u00e1turf\u00f3rnir og \u00feakkarf\u00f3rnir til h\u00fass Drottins.\u201c \u00de\u00e1 kom s\u00f6fnu\u00f0urinn me\u00f0 sl\u00e1turf\u00f3rnir og \u00feakkarf\u00f3rnir og auk \u00feess f\u00e6r\u00f0u sumir brennif\u00f3rnir af f\u00fasum og frj\u00e1lsum vilja.<br \/> <a name=\"32\"><span class=\"versanumer_2007\">32<\/span><\/a> Brennif\u00f3rnirnar, sem s\u00f6fnu\u00f0urinn kom me\u00f0, t\u00f6ldust vera: sj\u00f6t\u00edu naut, hundra\u00f0 hr\u00fatar og tv\u00f6 hundru\u00f0 l\u00f6mb. Allt \u00feetta var f\u00e6rt Drottni \u00ed brennif\u00f3rn. <a name=\"33\"><span class=\"versanumer_2007\">33<\/span><\/a> Helgigjafirnar voru sex hundru\u00f0 nautfj\u00e1r og \u00ferj\u00fa \u00fe\u00fasund sau\u00f0fj\u00e1r. <a name=\"34\"><span class=\"versanumer_2007\">34<\/span><\/a> En prestarnir voru of f\u00e1ir svo a\u00f0 \u00feeir g\u00e1tu ekki flegi\u00f0 \u00f6ll d\u00fdrin sem \u00e6tlu\u00f0 voru til brennif\u00f3rnar. \u00deess vegna hj\u00e1lpu\u00f0u Lev\u00edtarnir, emb\u00e6ttisbr\u00e6\u00f0ur \u00feeirra, \u00feeim vi\u00f0 a\u00f0 lj\u00faka verkinu \u00fear til fleiri prestar h\u00f6f\u00f0u helga\u00f0 sig \u00fev\u00ed a\u00f0 Lev\u00edtarnir voru enn samviskusamari vi\u00f0 helgunina en prestarnir. <a name=\"35\"><span class=\"versanumer_2007\">35<\/span><\/a> Brennif\u00f3rnirnar, sem f\u00e6ra \u00e1tti, voru mj\u00f6g margar, auk feiti heillaf\u00f3rnanna og dreypif\u00f3rnanna sem fylgdu brennif\u00f3rnunum. \u00deannig var gu\u00f0s\u00fej\u00f3nustan \u00ed h\u00fasi Drottins hafin a\u00f0 n\u00fdju. <a name=\"36\"><span class=\"versanumer_2007\">36<\/span><\/a> Hisk\u00eda og allt f\u00f3lki\u00f0 gladdist yfir \u00fev\u00ed sem Gu\u00f0 haf\u00f0i gert fyrir f\u00f3lki\u00f0 og hversu stuttan t\u00edma \u00fea\u00f0 haf\u00f0i teki\u00f0.<\/p>\n","protected":false},"excerpt":{"rendered":"<p>Hisk\u00eda konungur J\u00fada 1 Hisk\u00eda var tuttugu og fimm \u00e1ra \u00feegar hann var\u00f0 konungur og r\u00edkti tuttugu og n\u00edu \u00e1r \u00ed Jer\u00fasalem. M\u00f3\u00f0ir hans h\u00e9t Ab\u00eda og var Sakar\u00edad\u00f3ttir. 2 Hann ger\u00f0i \u00fea\u00f0 sem r\u00e9tt var \u00ed augum Drottins alveg eins og Dav\u00ed\u00f0, forfa\u00f0ir hans. Hreinsun musterisins 3 \u00dea\u00f0 var hann sem opna\u00f0i hli\u00f0in a\u00f0 h\u00fasi Drottins og lagf\u00e6r\u00f0i \u00feau \u00ed fyrsta m\u00e1nu\u00f0i fyrsta stj\u00f3rnar\u00e1rs s\u00edns. 4 Hann l\u00e9t s\u00e6kja prestana og Lev\u00edtana, safna\u00f0i \u00feeim saman \u00e1 austurtorginu 5 og \u00e1varpa\u00f0i \u00fe\u00e1:\u201eLev\u00edtar, hl\u00fd\u00f0i\u00f0 \u00e1 mig. Helgi\u00f0 ykkur \u00feegar \u00ed sta\u00f0 og helgi\u00f0 \u00fev\u00ed n\u00e6st h\u00fas Drottins, Gu\u00f0s fe\u00f0ra ykkar. Fjarl\u00e6gi\u00f0 <a href=\"https:\/\/biblian.is\/biblian\/sidari-kronikubok-29-kafli\/\"> [&#8230;]<\/a><\/p>\n","protected":false},"author":1,"featured_media":0,"parent":0,"menu_order":0,"comment_status":"open","ping_status":"open","template":"bibliukaflar_NT.php","meta":{"footnotes":""},"class_list":["post-2013","page","type-page","status-publish","hentry"],"_links":{"self":[{"href":"https:\/\/biblian.is\/biblian\/wp-json\/wp\/v2\/pages\/2013","targetHints":{"allow":["GET"]}}],"collection":[{"href":"https:\/\/biblian.is\/biblian\/wp-json\/wp\/v2\/pages"}],"about":[{"href":"https:\/\/biblian.is\/biblian\/wp-json\/wp\/v2\/types\/page"}],"author":[{"embeddable":true,"href":"https:\/\/biblian.is\/biblian\/wp-json\/wp\/v2\/users\/1"}],"replies":[{"embeddable":true,"href":"https:\/\/biblian.is\/biblian\/wp-json\/wp\/v2\/comments?post=2013"}],"version-history":[{"count":0,"href":"https:\/\/biblian.is\/biblian\/wp-json\/wp\/v2\/pages\/2013\/revisions"}],"wp:attachment":[{"href":"https:\/\/biblian.is\/biblian\/wp-json\/wp\/v2\/media?parent=2013"}],"curies":[{"name":"wp","href":"https:\/\/api.w.org\/{rel}","templated":true}]}}