{"id":2010,"date":"2017-12-30T21:01:20","date_gmt":"2017-12-30T21:01:20","guid":{"rendered":"http:\/\/biblian.is\/biblian\/s%c2%92_ari-kron%c2%92kub%c2%97k-26-kafli\/"},"modified":"2024-06-26T23:21:14","modified_gmt":"2024-06-26T23:21:14","slug":"sidari-kronikubok-26-kafli","status":"publish","type":"page","link":"https:\/\/biblian.is\/biblian\/sidari-kronikubok-26-kafli\/","title":{"rendered":"S\u00ed\u00f0ari kron\u00edkub\u00f3k 26. kafli"},"content":{"rendered":"<h3 class=\"millifyrirsogn_2007\"> \u00dass\u00eda konungur J\u00fada<\/h3>\n<p><a name=\"1\"><span class=\"versanumer_2007\">1<\/span><\/a> \u00dev\u00ed n\u00e6st s\u00f3ttu allir J\u00fadamenn \u00dass\u00eda \u00feegar hann var sext\u00e1n \u00e1ra og ger\u00f0u hann a\u00f0 konungi eftir Amas\u00eda, f\u00f6\u00f0ur sinn. <a name=\"2\"><span class=\"versanumer_2007\">2<\/span><\/a> Hann v\u00edggirti borgina El\u00f3t sem hann haf\u00f0i lagt aftur undir J\u00fada. \u00de\u00e1 haf\u00f0i konungurinn veri\u00f0 lag\u00f0ur til hv\u00edldar hj\u00e1 fe\u00f0rum s\u00ednum.<br \/> <a name=\"3\"><span class=\"versanumer_2007\">3<\/span><\/a> \u00dass\u00eda var sext\u00e1n \u00e1ra \u00feegar hann var\u00f0 konungur og r\u00edkti fimmt\u00edu og tv\u00f6 \u00e1r \u00ed Jer\u00fasalem. M\u00f3\u00f0ir hans h\u00e9t Jekolja og var fr\u00e1 Jer\u00fasalem. <a name=\"4\"><span class=\"versanumer_2007\">4<\/span><\/a> Hann ger\u00f0i \u00fea\u00f0 sem r\u00e9tt var \u00ed augum Drottins alveg eins og Amas\u00eda fa\u00f0ir hans. <a name=\"5\"><span class=\"versanumer_2007\">5<\/span><\/a> Hann leita\u00f0i Gu\u00f0s \u00e1 me\u00f0an Sakar\u00eda lif\u00f0i, sem sk\u00fdr\u00f0i \u00fea\u00f0 sem Gu\u00f0 opinbera\u00f0i. \u00c1 me\u00f0an hann leita\u00f0i Drottins veitti Gu\u00f0 honum velgengni.<br \/> <a name=\"6\"><span class=\"versanumer_2007\">6<\/span><\/a> \u00dass\u00eda h\u00e9lt \u00ed herna\u00f0 gegn Filisteum, reif ni\u00f0ur m\u00fara borganna Gat, Jabne og Asd\u00f3d og reisti borgir \u00ed grennd vi\u00f0 Asd\u00f3d og \u00ed landi Filistea. <a name=\"7\"><span class=\"versanumer_2007\">7<\/span><\/a> Gu\u00f0 studdi hann gegn Filisteum og Ar\u00f6bunum, sem bjuggu \u00ed G\u00far Baal, og gegn Me\u00fan\u00edtum. <a name=\"8\"><span class=\"versanumer_2007\">8<\/span><\/a> Amm\u00f3n\u00edtar ur\u00f0u a\u00f0 grei\u00f0a \u00dass\u00eda skatt. Fr\u00e6g\u00f0 hans barst allt til Egyptalands \u00fev\u00ed a\u00f0 hann var\u00f0 s\u00edfellt voldugri.<br \/> <a name=\"9\"><span class=\"versanumer_2007\">9<\/span><\/a> \u00dass\u00eda l\u00e9t reisa turna \u00ed Jer\u00fasalem vi\u00f0 hornhli\u00f0i\u00f0, dalshli\u00f0i\u00f0 og hli\u00f0i\u00f0 vi\u00f0 kr\u00f3kinn \u00ed Jer\u00fasalem og v\u00edggirti \u00feau. <a name=\"10\"><span class=\"versanumer_2007\">10<\/span><\/a> Hann l\u00e9t einnig reisa virkisturna \u00ed ey\u00f0im\u00f6rkinni og grafa marga brunna \u00fev\u00ed a\u00f0 hann \u00e1tti mikinn f\u00e9na\u00f0, b\u00e6\u00f0i \u00e1 l\u00e1glendinu og \u00e1 sl\u00e9ttunni. \u00cd fj\u00f6llunum og \u00e1 Karmel haf\u00f0i hann akuryrkjumenn og v\u00ednb\u00e6ndur \u00fev\u00ed a\u00f0 hann haf\u00f0i m\u00e6tur \u00e1 landb\u00fana\u00f0i.<br \/> <a name=\"11\"><span class=\"versanumer_2007\">11<\/span><\/a> \u00dass\u00eda haf\u00f0i her sem b\u00fainn var til orrustu. \u00deegar hann h\u00e9lt \u00ed herna\u00f0 var honum skipt \u00ed flokka. Fj\u00f6ldinn \u00ed hverjum \u00feeirra haf\u00f0i veri\u00f0 \u00e1kve\u00f0inn \u00feegar flokkarnir voru kanna\u00f0ir af Je\u00edel skrifara og Maaseja undir stj\u00f3rn Hananja sem var hir\u00f0ma\u00f0ur konungs. <a name=\"12\"><span class=\"versanumer_2007\">12<\/span><\/a> Alls voru hinir hraustu hermenn, sem voru \u00e6ttarh\u00f6f\u00f0ingjar, tv\u00f6 \u00fe\u00fasund og sex hundru\u00f0 talsins. <a name=\"13\"><span class=\"versanumer_2007\">13<\/span><\/a> Undir stj\u00f3rn \u00feeirra var v\u00edgb\u00fainn her sem taldi \u00ferj\u00fa hundru\u00f0 og sj\u00f6 \u00fe\u00fasund og fimm hundru\u00f0. \u00deeir gegndu her\u00fej\u00f3nustu af hreysti og studdu konunginn gegn fjandm\u00f6nnum. <a name=\"14\"><span class=\"versanumer_2007\">14<\/span><\/a> \u00dass\u00eda s\u00e1 \u00f6llum \u00feessum her fyrir skj\u00f6ldum, spj\u00f3tum, hj\u00e1lmum, p\u00f6nsurum og bogum \u00e1samt sl\u00f6ngvusteinum. <a name=\"15\"><span class=\"versanumer_2007\">15<\/span><\/a> Hann l\u00e9t gera \u00ferauthugsa\u00f0ar v\u00edgv\u00e9lar \u00ed Jer\u00fasalem. Var \u00feeim komi\u00f0 fyrir uppi \u00e1 turnunum og \u00e1 hornum m\u00farsins. Me\u00f0 \u00feeim m\u00e1tti skj\u00f3ta \u00f6rvum og varpa st\u00f3rum steinum. Fr\u00e6g\u00f0 hans barst til fjarl\u00e6gra landa af \u00fev\u00ed a\u00f0 honum var hj\u00e1lpa\u00f0 til valda me\u00f0 undursamlegum h\u00e6tti.<br \/> <a name=\"16\"><span class=\"versanumer_2007\">16<\/span><\/a> \u00deegar \u00dass\u00eda var or\u00f0inn mj\u00f6g voldugur var\u00f0 hann svo hrokafullur a\u00f0 hann vann \u00f3h\u00e6fuverk og braut af s\u00e9r gegn Drottni, Gu\u00f0i s\u00ednum. \u00deegar hann gekk inn \u00ed musteri Drottins og brenndi reykelsi \u00e1 reykelsisaltarinu <a name=\"17\"><span class=\"versanumer_2007\">17<\/span><\/a> kom Asarja prestur \u00e1 eftir honum og me\u00f0 honum \u00e1ttat\u00edu prestar Drottins, kjarkmiklir menn. <a name=\"18\"><span class=\"versanumer_2007\">18<\/span><\/a> \u00deeir t\u00f3ku s\u00e9r st\u00f6\u00f0u gegnt \u00dass\u00eda konungi og s\u00f6g\u00f0u vi\u00f0 hann: \u201e\u00de\u00e9r er ekki \u00e6tla\u00f0, \u00dass\u00eda, a\u00f0 brenna reykelsi fyrir Drottni heldur prestunum, ni\u00f0jum Arons. \u00deeir eru v\u00edg\u00f0ir til \u00feess. Far\u00f0u \u00fat \u00far helgid\u00f3minum \u00fev\u00ed a\u00f0 \u00fe\u00fa hefur broti\u00f0 af \u00fe\u00e9r. \u00deetta ver\u00f0ur \u00fe\u00e9r ekki til s\u00e6mdar fyrir Drottni Gu\u00f0i.\u201c<br \/> <a name=\"19\"><span class=\"versanumer_2007\">19<\/span><\/a> \u00de\u00e1 reiddist \u00dass\u00eda en hann h\u00e9lt \u00e1 reykelsiskeri, rei\u00f0ub\u00fainn a\u00f0 f\u00e6ra reykelsisf\u00f3rn. \u00deegar hann reiddist prestunum braust holdsveiki \u00fat \u00e1 enni hans, frammi fyrir prestunum, vi\u00f0 reykelsisaltari\u00f0 \u00ed h\u00fasi Drottins. <a name=\"20\"><span class=\"versanumer_2007\">20<\/span><\/a> \u00deegar Asarja yfirprestur og hinir prestarnir sneru s\u00e9r a\u00f0 honum s\u00e1u \u00feeir \u00fatbrotin \u00e1 enni hans. \u00deeir r\u00e1ku hann \u00fev\u00ed \u00feegar \u00ed sta\u00f0 \u00fea\u00f0an og hann fl\u00fdtti s\u00e9r \u00fat \u00fev\u00ed a\u00f0 Drottinn haf\u00f0i slegi\u00f0 hann.<\/p>\n<h3 class=\"millifyrirsogn_2007\">\u00dass\u00eda deyr<\/h3>\n<p><a name=\"21\"><span class=\"versanumer_2007\">21<\/span><\/a> \u00dass\u00eda konungur var holdsveikur allt til dau\u00f0adags. Hann bj\u00f3 \u00ed s\u00e9rst\u00f6ku h\u00fasi vegna \u00feess a\u00f0 hann var holdsveikur og \u00fev\u00ed \u00fatiloka\u00f0ur fr\u00e1 h\u00fasi Drottins. J\u00f3tam, sonur hans, var settur yfir hir\u00f0ina og r\u00edkti yfir landsb\u00faum.<br \/> <a name=\"22\"><span class=\"versanumer_2007\">22<\/span><\/a> A\u00f0ra hluta s\u00f6gu \u00dass\u00eda, fr\u00e1 upphafi til enda, hefur Jesaja sp\u00e1ma\u00f0ur Amotsson skr\u00e1\u00f0. <a name=\"23\"><span class=\"versanumer_2007\">23<\/span><\/a> \u00dass\u00eda var lag\u00f0ur til hv\u00edldar hj\u00e1 fe\u00f0rum s\u00ednum og grafinn hj\u00e1 \u00feeim \u00fati \u00e1 sl\u00e9ttunni hj\u00e1 gr\u00f6fum konunganna af \u00fev\u00ed a\u00f0 sagt var: \u201eHann var holdsveikur.\u201c J\u00f3tam, sonur hans, var\u00f0 konungur eftir hann.<\/p>\n","protected":false},"excerpt":{"rendered":"<p>\u00dass\u00eda konungur J\u00fada 1 \u00dev\u00ed n\u00e6st s\u00f3ttu allir J\u00fadamenn \u00dass\u00eda \u00feegar hann var sext\u00e1n \u00e1ra og ger\u00f0u hann a\u00f0 konungi eftir Amas\u00eda, f\u00f6\u00f0ur sinn. 2 Hann v\u00edggirti borgina El\u00f3t sem hann haf\u00f0i lagt aftur undir J\u00fada. \u00de\u00e1 haf\u00f0i konungurinn veri\u00f0 lag\u00f0ur til hv\u00edldar hj\u00e1 fe\u00f0rum s\u00ednum. 3 \u00dass\u00eda var sext\u00e1n \u00e1ra \u00feegar hann var\u00f0 konungur og r\u00edkti fimmt\u00edu og tv\u00f6 \u00e1r \u00ed Jer\u00fasalem. M\u00f3\u00f0ir hans h\u00e9t Jekolja og var fr\u00e1 Jer\u00fasalem. 4 Hann ger\u00f0i \u00fea\u00f0 sem r\u00e9tt var \u00ed augum Drottins alveg eins og Amas\u00eda fa\u00f0ir hans. 5 Hann leita\u00f0i Gu\u00f0s \u00e1 me\u00f0an Sakar\u00eda lif\u00f0i, sem sk\u00fdr\u00f0i \u00fea\u00f0 sem Gu\u00f0 <a href=\"https:\/\/biblian.is\/biblian\/sidari-kronikubok-26-kafli\/\"> [&#8230;]<\/a><\/p>\n","protected":false},"author":1,"featured_media":0,"parent":0,"menu_order":0,"comment_status":"open","ping_status":"open","template":"bibliukaflar_NT.php","meta":{"footnotes":""},"class_list":["post-2010","page","type-page","status-publish","hentry"],"_links":{"self":[{"href":"https:\/\/biblian.is\/biblian\/wp-json\/wp\/v2\/pages\/2010","targetHints":{"allow":["GET"]}}],"collection":[{"href":"https:\/\/biblian.is\/biblian\/wp-json\/wp\/v2\/pages"}],"about":[{"href":"https:\/\/biblian.is\/biblian\/wp-json\/wp\/v2\/types\/page"}],"author":[{"embeddable":true,"href":"https:\/\/biblian.is\/biblian\/wp-json\/wp\/v2\/users\/1"}],"replies":[{"embeddable":true,"href":"https:\/\/biblian.is\/biblian\/wp-json\/wp\/v2\/comments?post=2010"}],"version-history":[{"count":0,"href":"https:\/\/biblian.is\/biblian\/wp-json\/wp\/v2\/pages\/2010\/revisions"}],"wp:attachment":[{"href":"https:\/\/biblian.is\/biblian\/wp-json\/wp\/v2\/media?parent=2010"}],"curies":[{"name":"wp","href":"https:\/\/api.w.org\/{rel}","templated":true}]}}