{"id":2009,"date":"2017-12-30T21:01:20","date_gmt":"2017-12-30T21:01:20","guid":{"rendered":"http:\/\/biblian.is\/biblian\/s%c2%92_ari-kron%c2%92kub%c2%97k-25-kafli\/"},"modified":"2024-06-26T23:21:14","modified_gmt":"2024-06-26T23:21:14","slug":"sidari-kronikubok-25-kafli","status":"publish","type":"page","link":"https:\/\/biblian.is\/biblian\/sidari-kronikubok-25-kafli\/","title":{"rendered":"S\u00ed\u00f0ari kron\u00edkub\u00f3k 25. kafli"},"content":{"rendered":"<h3 class=\"millifyrirsogn_2007\"> Amas\u00eda konungur J\u00fada<\/h3>\n<p><a name=\"1\"><span class=\"versanumer_2007\">1<\/span><\/a> Amas\u00eda var tuttugu og fimm \u00e1ra \u00feegar hann var\u00f0 konungur og r\u00edkti tuttugu og n\u00edu \u00e1r \u00ed Jer\u00fasalem. M\u00f3\u00f0ir hans h\u00e9t J\u00f3add\u00edn og var fr\u00e1 Jer\u00fasalem.<br \/> <a name=\"2\"><span class=\"versanumer_2007\">2<\/span><\/a> Hann ger\u00f0i \u00fea\u00f0 sem r\u00e9tt var \u00ed augum Drottins, \u00fe\u00f3 ekki af heilum hug.<br \/> <a name=\"3\"><span class=\"versanumer_2007\">3<\/span><\/a> \u00deegar Amas\u00eda var or\u00f0inn fastur \u00ed sessi sem konungur l\u00e9t hann taka \u00fe\u00e1 emb\u00e6ttismenn s\u00edna af l\u00edfi sem drepi\u00f0 h\u00f6f\u00f0u f\u00f6\u00f0ur hans, konunginn. <a name=\"4\"><span class=\"versanumer_2007\">4<\/span><\/a> \u00de\u00f3 l\u00e9t hann ekki l\u00edfl\u00e1ta syni \u00feeirra vegna \u00feess sem skrifa\u00f0 stendur \u00ed l\u00f6gm\u00e1lsb\u00f3k M\u00f3se \u00fear sem Drottinn m\u00e6lir svo fyrir \u201eFe\u00f0ur skulu ekki l\u00edfl\u00e1tnir fyrir afbrot sona sinna n\u00e9 synir fyrir afbrot fe\u00f0ra sinna. A\u00f0eins m\u00e1 taka mann af l\u00edfi fyrir eigin afbrot.\u201c<\/p>\n<h3 class=\"millifyrirsogn_2007\">Str\u00ed\u00f0 gegn Ed\u00f3m<\/h3>\n<p><a name=\"5\"><span class=\"versanumer_2007\">5<\/span><\/a> Amas\u00eda stefndi n\u00fa J\u00fadam\u00f6nnum saman. Hann fylkti \u00f6llum J\u00fadam\u00f6nnum og Benjam\u00edn\u00edtum eftir \u00e6ttkv\u00edslum undir stj\u00f3rn foringja \u00fe\u00fasund manna li\u00f0a og hundra\u00f0 manna li\u00f0a. \u00dev\u00ed n\u00e6st kanna\u00f0i hann li\u00f0i\u00f0, alla sem voru tuttugu \u00e1ra og eldri, og reyndust \u00feeir vera \u00ferj\u00fa hundru\u00f0 \u00fe\u00fasund talsins, einvalali\u00f0, b\u00fai\u00f0 til her\u00fej\u00f3nustu, vopna\u00f0 spj\u00f3tum og skj\u00f6ldum. <a name=\"6\"><span class=\"versanumer_2007\">6<\/span><\/a> Auk \u00feess r\u00e9\u00f0 hann hundra\u00f0 \u00fe\u00fasund hrausta hermenn fr\u00e1 \u00cdsrael fyrir hundra\u00f0 talentur silfurs.<br \/> <a name=\"7\"><span class=\"versanumer_2007\">7<\/span><\/a> \u00de\u00e1 kom gu\u00f0sma\u00f0ur nokkur til hans og sag\u00f0i: \u201eKonungur, her \u00cdsraels \u00e6tti ekki a\u00f0 fara me\u00f0 \u00fe\u00e9r af \u00fev\u00ed a\u00f0 Drottinn er ekki me\u00f0 \u00cdsrael n\u00e9 neinum manni fr\u00e1 Efra\u00edm. <a name=\"8\"><span class=\"versanumer_2007\">8<\/span><\/a> \u00de\u00f3tt \u00fe\u00fa farir og berjist hreystilega mun Gu\u00f0 fella \u00feig frammi fyrir fjandm\u00f6nnum \u00fe\u00ednum \u00fev\u00ed a\u00f0 \u00fea\u00f0 er \u00e1 Gu\u00f0s valdi a\u00f0 hj\u00e1lpa og a\u00f0 fella.\u201c<br \/> <a name=\"9\"><span class=\"versanumer_2007\">9<\/span><\/a> Amas\u00eda spur\u00f0i \u00fe\u00e1 gu\u00f0smanninn: \u201eHva\u00f0 \u00e1 \u00e9g \u00fe\u00e1 a\u00f0 gera vi\u00f0 \u00feessa hundra\u00f0 sikla sem \u00e9g hef greitt fyrir m\u00e1lali\u00f0i\u00f0 fr\u00e1 \u00cdsrael?\u201c Gu\u00f0sma\u00f0urinn svara\u00f0i: \u201eDrottinn getur gefi\u00f0 \u00fe\u00e9r meira en \u00fea\u00f0.\u201c<br \/> <a name=\"10\"><span class=\"versanumer_2007\">10<\/span><\/a> \u00de\u00e1 greindi Amas\u00eda m\u00e1lali\u00f0ana, sem h\u00f6f\u00f0u komi\u00f0 til hans fr\u00e1 Efra\u00edm, fr\u00e1 hinum hernum og sendi \u00fe\u00e1 aftur heim. \u00deeir ur\u00f0u mj\u00f6g rei\u00f0ir J\u00fadam\u00f6nnum og sneru gramir aftur. <a name=\"11\"><span class=\"versanumer_2007\">11<\/span><\/a> \u00dev\u00ed n\u00e6st herti Amas\u00eda upp hugann og lag\u00f0i upp me\u00f0 her sinn. Hann f\u00f3r eftir Saltdalnum og vann sigur \u00e1 t\u00edu \u00fe\u00fasund manna herli\u00f0i fr\u00e1 Se\u00edr. <a name=\"12\"><span class=\"versanumer_2007\">12<\/span><\/a> J\u00fadamenn t\u00f3ku einnig t\u00edu \u00fe\u00fasund menn lifandi til fanga, f\u00f3ru me\u00f0 \u00fe\u00e1 efst upp \u00e1 klett nokkurn, hrintu \u00feeim fram af klettasn\u00f6sinni svo a\u00f0 \u00feeir limlestust allir. <a name=\"13\"><span class=\"versanumer_2007\">13<\/span><\/a> En m\u00e1lali\u00f0arnir, sem Amas\u00eda haf\u00f0i sn\u00fai\u00f0 aftur heim og ekki leyft a\u00f0 fara me\u00f0 s\u00e9r \u00ed bardagann, r\u00e9\u00f0ust \u00e1 borgirnar \u00ed J\u00fada, allt fr\u00e1 Samar\u00edu til Bet-H\u00f3ron. \u00deeir dr\u00e1pu \u00ferj\u00fa \u00fe\u00fasund \u00edb\u00faanna og t\u00f3ku miki\u00f0 herfang.<\/p>\n<h3 class=\"millifyrirsogn_2007\">Str\u00ed\u00f0 gegn \u00cdsrael<\/h3>\n<p><a name=\"14\"><span class=\"versanumer_2007\">14<\/span><\/a> \u00deegar Amas\u00eda kom heim eftir sigurinn \u00e1 Ed\u00f3m\u00edtum flutti hann me\u00f0 s\u00e9r gu\u00f0i Se\u00edrmanna. Hann kom \u00feeim fyrir sem gu\u00f0um s\u00ednum, tilba\u00f0 \u00fe\u00e1 og f\u00e6r\u00f0i \u00feeim f\u00f3rnir. <a name=\"15\"><span class=\"versanumer_2007\">15<\/span><\/a> \u00de\u00e1 reiddist Drottinn Amas\u00eda og sendi sp\u00e1mann til hans sem sag\u00f0i: \u201eHvers vegna leitar \u00fe\u00fa til gu\u00f0a framandi \u00fej\u00f3\u00f0ar? \u00deeir g\u00e1tu ekki einu sinni bjarga\u00f0 sinni eigin \u00fej\u00f3\u00f0 \u00far greipum \u00fe\u00e9r?\u201c <a name=\"16\"><span class=\"versanumer_2007\">16<\/span><\/a> \u00c1 me\u00f0an hann var a\u00f0 tala greip Amas\u00eda fram \u00ed fyrir honum og sag\u00f0i: \u201eHefur \u00fe\u00fa veri\u00f0 ger\u00f0ur a\u00f0 r\u00e1\u00f0gjafa konungs? H\u00e6ttu, annars ver\u00f0ur\u00f0u barinn.\u201c Sp\u00e1ma\u00f0urinn \u00feagna\u00f0i en sag\u00f0i fyrst: \u201e\u00c9g veit a\u00f0 Gu\u00f0 hefur \u00e1kve\u00f0i\u00f0 a\u00f0 lei\u00f0a yfir \u00feig \u00f3g\u00e6fu vegna \u00feess a\u00f0 \u00fe\u00fa ger\u00f0ir \u00feetta og f\u00f3rst ekki a\u00f0 r\u00e1\u00f0um m\u00ednum.\u201c<br \/> <a name=\"17\"><span class=\"versanumer_2007\">17<\/span><\/a> Eftir a\u00f0 hafa leita\u00f0 r\u00e1\u00f0a sendi Amas\u00eda til J\u00f3asar J\u00f3ahassonar, Jeh\u00fasonar, \u00cdsraelskonungs, me\u00f0 \u00feessi bo\u00f0: \u201eN\u00fa skulum vi\u00f0 m\u00e6tast \u00ed orrustu.\u201c <a name=\"18\"><span class=\"versanumer_2007\">18<\/span><\/a> \u00de\u00e1 sendi J\u00f3as \u00cdsraelskonungur bo\u00f0 til Amas\u00eda, konungs J\u00fada: \u201e\u00deistillinn \u00ed L\u00edbanon sendi sedrustr\u00e9nu \u00ed L\u00edbanon \u00feessi bo\u00f0: Gef\u00f0u syni m\u00ednum d\u00f3ttur \u00fe\u00edna a\u00f0 konu. En villid\u00fdrin \u00ed L\u00edbanon hlupu \u00fear hj\u00e1 og tr\u00f3\u00f0u \u00feistilinn ni\u00f0ur. <a name=\"19\"><span class=\"versanumer_2007\">19<\/span><\/a> N\u00fa hugsar \u00fe\u00fa me\u00f0 \u00fe\u00e9r: \u00c9g hef sigra\u00f0 Ed\u00f3m. En hjarta \u00feitt hefur ofmetnast. Haltu kyrru fyrir. Hvers vegna \u00e6sir\u00f0u \u00feig upp og b\u00fd\u00f0ur \u00f3g\u00e6funni heim \u00fear sem \u00fe\u00fa munt falla og J\u00fada me\u00f0 \u00fe\u00e9r?\u201c<br \/> <a name=\"20\"><span class=\"versanumer_2007\">20<\/span><\/a> En Amas\u00eda haf\u00f0i \u00feetta r\u00e1\u00f0 a\u00f0 engu. \u00dea\u00f0 var vilji Gu\u00f0s a\u00f0 selja \u00fe\u00e1 \u00ed hendur J\u00f3asi \u00fear sem \u00feeir h\u00f6f\u00f0u leita\u00f0 til gu\u00f0a Ed\u00f3ms. <a name=\"21\"><span class=\"versanumer_2007\">21<\/span><\/a> J\u00f3as, konungur \u00cdsraels, h\u00e9lt \u00fe\u00e1 af sta\u00f0. \u00deeim Amas\u00eda J\u00fadakonungi laust saman vi\u00f0 Bet Semes sem heyrir undir J\u00fada. <a name=\"22\"><span class=\"versanumer_2007\">22<\/span><\/a> J\u00fadamenn bi\u00f0u l\u00e6gri hlut fyrir \u00cdsraelsm\u00f6nnum og fl\u00fd\u00f0u til tjalda sinna.<br \/> <a name=\"23\"><span class=\"versanumer_2007\">23<\/span><\/a> J\u00f3as, konungur \u00cdsraels, t\u00f3k Amas\u00eda, konung J\u00fada, son J\u00f3asar J\u00f3ahassonar, til fanga vi\u00f0 Bet Semes og flutti hann til Jer\u00fasalem. S\u00ed\u00f0an reif hann ni\u00f0ur m\u00fara Jer\u00fasalem fr\u00e1 Efra\u00edmshli\u00f0i a\u00f0 hornhli\u00f0inu, fj\u00f6gur hundru\u00f0 \u00e1lnir. <a name=\"24\"><span class=\"versanumer_2007\">24<\/span><\/a> Hann t\u00f3k me\u00f0 s\u00e9r allt gull og silfur og \u00f6ll \u00e1h\u00f6ld sem fundust \u00ed h\u00fasi Drottins hj\u00e1 \u00d3be\u00f0 Ed\u00f3m og \u00ed fj\u00e1rhirslum konungshallarinnar. Hann t\u00f3k einnig g\u00edsla og sneri aftur til Samar\u00edu.<\/p>\n<h3 class=\"millifyrirsogn_2007\">Amas\u00eda deyr<\/h3>\n<p><a name=\"25\"><span class=\"versanumer_2007\">25<\/span><\/a> Amas\u00eda J\u00f3asson, konungur \u00ed J\u00fada, lif\u00f0i fimmt\u00e1n \u00e1r eftir dau\u00f0a J\u00f3asar J\u00f3ahassonar \u00cdsraelskonungs. <a name=\"26\"><span class=\"versanumer_2007\">26<\/span><\/a> \u00dea\u00f0 sem \u00f3sagt er af s\u00f6gu Amas\u00eda, fr\u00e1 upphafi til enda, er skr\u00e1\u00f0 \u00ed konungab\u00f3k J\u00fada og \u00cdsraels.<br \/> <a name=\"27\"><span class=\"versanumer_2007\">27<\/span><\/a> Um \u00fe\u00e6r mundir, sem Amas\u00eda h\u00e6tti a\u00f0 fylgja Drottni, var gert sams\u00e6ri gegn honum \u00ed Jer\u00fasalem svo a\u00f0 hann fl\u00fd\u00f0i til Lak\u00eds. En menn voru sendir \u00e1 eftir honum til Lak\u00eds og \u00fear dr\u00e1pu \u00feeir hann. <a name=\"28\"><span class=\"versanumer_2007\">28<\/span><\/a> Hann var fluttur \u00e1 hestum til Jer\u00fasalem og grafinn \u00fear hj\u00e1 fe\u00f0rum s\u00ednum \u00ed borg Dav\u00ed\u00f0s.<\/p>\n","protected":false},"excerpt":{"rendered":"<p>Amas\u00eda konungur J\u00fada 1 Amas\u00eda var tuttugu og fimm \u00e1ra \u00feegar hann var\u00f0 konungur og r\u00edkti tuttugu og n\u00edu \u00e1r \u00ed Jer\u00fasalem. M\u00f3\u00f0ir hans h\u00e9t J\u00f3add\u00edn og var fr\u00e1 Jer\u00fasalem. 2 Hann ger\u00f0i \u00fea\u00f0 sem r\u00e9tt var \u00ed augum Drottins, \u00fe\u00f3 ekki af heilum hug. 3 \u00deegar Amas\u00eda var or\u00f0inn fastur \u00ed sessi sem konungur l\u00e9t hann taka \u00fe\u00e1 emb\u00e6ttismenn s\u00edna af l\u00edfi sem drepi\u00f0 h\u00f6f\u00f0u f\u00f6\u00f0ur hans, konunginn. 4 \u00de\u00f3 l\u00e9t hann ekki l\u00edfl\u00e1ta syni \u00feeirra vegna \u00feess sem skrifa\u00f0 stendur \u00ed l\u00f6gm\u00e1lsb\u00f3k M\u00f3se \u00fear sem Drottinn m\u00e6lir svo fyrir \u201eFe\u00f0ur skulu ekki l\u00edfl\u00e1tnir fyrir afbrot sona sinna n\u00e9 <a href=\"https:\/\/biblian.is\/biblian\/sidari-kronikubok-25-kafli\/\"> [&#8230;]<\/a><\/p>\n","protected":false},"author":1,"featured_media":0,"parent":0,"menu_order":0,"comment_status":"open","ping_status":"open","template":"bibliukaflar_NT.php","meta":{"footnotes":""},"class_list":["post-2009","page","type-page","status-publish","hentry"],"_links":{"self":[{"href":"https:\/\/biblian.is\/biblian\/wp-json\/wp\/v2\/pages\/2009","targetHints":{"allow":["GET"]}}],"collection":[{"href":"https:\/\/biblian.is\/biblian\/wp-json\/wp\/v2\/pages"}],"about":[{"href":"https:\/\/biblian.is\/biblian\/wp-json\/wp\/v2\/types\/page"}],"author":[{"embeddable":true,"href":"https:\/\/biblian.is\/biblian\/wp-json\/wp\/v2\/users\/1"}],"replies":[{"embeddable":true,"href":"https:\/\/biblian.is\/biblian\/wp-json\/wp\/v2\/comments?post=2009"}],"version-history":[{"count":0,"href":"https:\/\/biblian.is\/biblian\/wp-json\/wp\/v2\/pages\/2009\/revisions"}],"wp:attachment":[{"href":"https:\/\/biblian.is\/biblian\/wp-json\/wp\/v2\/media?parent=2009"}],"curies":[{"name":"wp","href":"https:\/\/api.w.org\/{rel}","templated":true}]}}