{"id":2007,"date":"2017-12-30T21:01:20","date_gmt":"2017-12-30T21:01:20","guid":{"rendered":"http:\/\/biblian.is\/biblian\/s%c2%92_ari-kron%c2%92kub%c2%97k-23-kafli\/"},"modified":"2024-06-26T23:21:14","modified_gmt":"2024-06-26T23:21:14","slug":"sidari-kronikubok-23-kafli","status":"publish","type":"page","link":"https:\/\/biblian.is\/biblian\/sidari-kronikubok-23-kafli\/","title":{"rendered":"S\u00ed\u00f0ari kron\u00edkub\u00f3k 23. kafli"},"content":{"rendered":"<p><a name=\"1\"><span class=\"versanumer_2007\">1<\/span><\/a> \u00c1 sj\u00f6unda \u00e1rinu herti J\u00f3jada upp hugann og ger\u00f0i bandalag vi\u00f0 foringja hundra\u00f0 manna sveitanna, vi\u00f0 Asar\u00eda Jer\u00f3hamsson, \u00cdsmael J\u00f3hanansson, Asar\u00eda \u00d3be\u00f0sson, Maasja Adajason og El\u00edsafat S\u00edkr\u00edson. <a name=\"2\"><span class=\"versanumer_2007\">2<\/span><\/a> \u00deeir f\u00f3ru \u00fev\u00ed n\u00e6st um J\u00fada og s\u00f6fnu\u00f0u saman Lev\u00edtunum \u00far \u00f6llum borgum J\u00fada og \u00e6ttarh\u00f6f\u00f0ingjum \u00ed \u00cdsrael. \u00deegar \u00feeir komu til Jer\u00fasalem <a name=\"3\"><span class=\"versanumer_2007\">3<\/span><\/a> ger\u00f0i allur \u00feessi s\u00f6fnu\u00f0ur s\u00e1ttm\u00e1la vi\u00f0 konunginn \u00ed h\u00fasi Gu\u00f0s. J\u00f3jada sag\u00f0i vi\u00f0 \u00fe\u00e1: \u201eSj\u00e1i\u00f0 son konungsins. Hann skal r\u00edkja sem konungur eins og Drottinn hefur heiti\u00f0 ni\u00f0jum Dav\u00ed\u00f0s.<span class=\"nedan_mal\" title=\" H\u00e9r er v\u00edsa\u00f0 til lofor\u00f0s sem Drottinn gaf \u00e6tt Dav\u00ed\u00f0s og hir\u00f0sp\u00e1ma\u00f0urinn Natan flutti Dav\u00ed\u00f0, sbr. 2Sam 7.\">[<\/span> <a name=\"4\"><span class=\"versanumer_2007\">4<\/span><\/a> Geri\u00f0 \u00feetta: \u00deri\u00f0jungur ykkar, prestar og Lev\u00edtar og hli\u00f0ver\u00f0ir sem koma til \u00fej\u00f3nustu \u00e1 hv\u00edldardeginum, skal standa vakt vi\u00f0 \u00fer\u00f6skuldana, <a name=\"5\"><span class=\"versanumer_2007\">5<\/span><\/a> \u00feri\u00f0jungur skal halda v\u00f6r\u00f0 vi\u00f0 konungsh\u00f6llina og \u00feri\u00f0jungur vi\u00f0 hli\u00f0i\u00f0 Jes\u00f3d. En allt f\u00f3lki\u00f0 skal vera kyrrt \u00ed forg\u00f6r\u00f0um h\u00fass Drottins. <a name=\"6\"><span class=\"versanumer_2007\">6<\/span><\/a> Enginn m\u00e1 fara inn \u00ed h\u00fas Drottins nema prestarnir og \u00feeir Lev\u00edtar sem eiga a\u00f0 gegna \u00fej\u00f3nustu. \u00deeir mega fara inn \u00ed h\u00fasi\u00f0 \u00fev\u00ed a\u00f0 \u00feeir eru helga\u00f0ir en allir a\u00f0rir skulu vir\u00f0a bann Drottins. <a name=\"7\"><span class=\"versanumer_2007\">7<\/span><\/a> Lev\u00edtarnir skulu fylkja s\u00e9r umhverfis konunginn, hver me\u00f0 vopn sitt \u00ed hendi. Hver sem reynir a\u00f0 ry\u00f0jast inn \u00ed h\u00fasi\u00f0 skal drepinn. \u00dei\u00f0 skulu\u00f0 vera hj\u00e1 konunginum hvert sem hann fer.\u201c<br \/> <a name=\"8\"><span class=\"versanumer_2007\">8<\/span><\/a> Lev\u00edtarnir og allir J\u00fadamenn ger\u00f0u allt sem J\u00f3jada prestur haf\u00f0i skipa\u00f0. \u00deeir s\u00f3ttu menn s\u00edna, b\u00e6\u00f0i \u00fe\u00e1 sem komu til var\u00f0st\u00f6\u00f0u og \u00fe\u00e1 sem voru leystir af \u00e1 hv\u00edldardeginum, \u00fev\u00ed a\u00f0 J\u00f3jada prestur haf\u00f0i ekki sent var\u00f0flokkana burt. <a name=\"9\"><span class=\"versanumer_2007\">9<\/span><\/a> J\u00f3jada prestur afhenti hundra\u00f0sh\u00f6f\u00f0ingjunum spj\u00f3t og skildi sem Dav\u00ed\u00f0 konungur haf\u00f0i \u00e1tt og voru var\u00f0veittir \u00ed h\u00fasi Gu\u00f0s. <a name=\"10\"><span class=\"versanumer_2007\">10<\/span><\/a> \u00deegar hann haf\u00f0i fylkt \u00f6llu li\u00f0inu me\u00f0 vopn \u00ed h\u00f6ndum, fr\u00e1 su\u00f0urhli\u00f0 h\u00fassins a\u00f0 nor\u00f0urhli\u00f0 \u00feess, framan vi\u00f0 altari\u00f0 og h\u00fasi\u00f0, umhverfis konunginn, <a name=\"11\"><span class=\"versanumer_2007\">11<\/span><\/a> leiddu J\u00f3jada og synir hans son konungsins \u00fat. \u00deeir settu \u00e1 hann k\u00f3r\u00f3nuna og fengu honum l\u00f6gin. S\u00ed\u00f0an ger\u00f0u \u00feeir hann a\u00f0 konungi. J\u00f3jada og synir hans smur\u00f0u hann og hr\u00f3pu\u00f0u: \u201eLifi konungurinn!\u201c<br \/> <a name=\"12\"><span class=\"versanumer_2007\">12<\/span><\/a> \u00deegar Atal\u00eda heyr\u00f0i hr\u00f3p mannfj\u00f6ldans, sem \u00feusti a\u00f0 og hyllti konunginn, gekk h\u00fan inn \u00ed mann\u00fer\u00f6ngina \u00ed h\u00fasi Drottins. <a name=\"13\"><span class=\"versanumer_2007\">13<\/span><\/a> \u00de\u00e1 s\u00e1 h\u00fan konunginn standa vi\u00f0 s\u00falu s\u00edna vi\u00f0 innganginn og hir\u00f0mennina og l\u00fa\u00f0ur\u00feeytarana umhverfis hann og allan landsl\u00fd\u00f0inn sem fagna\u00f0i og bl\u00e9s \u00ed l\u00fa\u00f0ra og s\u00f6ngvarana sem st\u00f3\u00f0u me\u00f0 hlj\u00f3\u00f0f\u00e6ri s\u00edn, rei\u00f0ub\u00fanir a\u00f0 gefa merki um a\u00f0 hefja lofs\u00f6nginn. Atal\u00eda reif kl\u00e6\u00f0i s\u00edn og hr\u00f3pa\u00f0i: \u201eSvik. Svik.\u201c<br \/> <a name=\"14\"><span class=\"versanumer_2007\">14<\/span><\/a> J\u00f3jada prestur skipa\u00f0i \u00fe\u00e1 hundra\u00f0sh\u00f6f\u00f0ingjunum, fyrirli\u00f0um hersins, svo fyrir: \u201eLei\u00f0i\u00f0 hana \u00fat \u00e1 milli ra\u00f0anna og drepi\u00f0 hvern \u00feann me\u00f0 sver\u00f0i sem fylgir henni.\u201c En \u00e1\u00f0ur haf\u00f0i presturinn sagt: \u201e\u00dea\u00f0 m\u00e1 ekki drepa hana \u00ed h\u00fasi Drottins.\u201c <a name=\"15\"><span class=\"versanumer_2007\">15<\/span><\/a> \u00deeir l\u00f6g\u00f0u s\u00ed\u00f0an hendur \u00e1 hana. \u00deegar h\u00fan var komin a\u00f0 inngangi hestahli\u00f0sins vi\u00f0 h\u00fas konungs var h\u00fan drepin.<br \/> <a name=\"16\"><span class=\"versanumer_2007\">16<\/span><\/a> J\u00f3jada ger\u00f0i s\u00ed\u00f0an s\u00e1ttm\u00e1la milli s\u00edn, allrar \u00fej\u00f3\u00f0arinnar og konungsins um a\u00f0 h\u00fan skyldi vera l\u00fd\u00f0ur Drottins. <a name=\"17\"><span class=\"versanumer_2007\">17<\/span><\/a> \u00dev\u00ed n\u00e6st f\u00f3r allt f\u00f3lki\u00f0 til h\u00fass Baals, reif ni\u00f0ur \u00f6lturu \u00feess, m\u00f6lbraut l\u00edkneskin og frammi fyrir \u00f6lturunum drap \u00fea\u00f0 Mattan sem var prestur Baals.<br \/> <a name=\"18\"><span class=\"versanumer_2007\">18<\/span><\/a> J\u00f3jada f\u00e9kk prestum og Lev\u00edtum eftirlit me\u00f0 h\u00fasi Drottins. Dav\u00ed\u00f0 haf\u00f0i skipa\u00f0 \u00feeim \u00ed \u00fej\u00f3nustuflokka fyrir h\u00fas Drottins til \u00feess a\u00f0 f\u00e6ra Drottni brennif\u00f3rnir eins og skr\u00e1\u00f0 er \u00ed l\u00f6gm\u00e1li M\u00f3se, me\u00f0 gle\u00f0i og s\u00e1lmas\u00f6ng eftir fyrirm\u00e6lum Dav\u00ed\u00f0s. <a name=\"19\"><span class=\"versanumer_2007\">19<\/span><\/a> Hann setti einnig ver\u00f0i vi\u00f0 hli\u00f0 h\u00fass Drottins til \u00feess a\u00f0 enginn k\u00e6mist inn sem v\u00e6ri \u00e1 einhvern h\u00e1tt \u00f3hreinn.<br \/> <a name=\"20\"><span class=\"versanumer_2007\">20<\/span><\/a> J\u00f3jada safna\u00f0i saman hundra\u00f0sh\u00f6f\u00f0ingjunum og \u00feeim sem voru mikils metnir og lei\u00f0togum \u00fej\u00f3\u00f0arinnar \u00e1samt \u00f6llu f\u00f3lkinu. S\u00ed\u00f0an leiddu \u00feeir konunginn ni\u00f0ur \u00far h\u00fasi Drottins og komu gegnum efra hli\u00f0i\u00f0 til konungshallarinnar. \u00dear settu \u00feeir konunginn \u00ed hi\u00f0 konunglega h\u00e1s\u00e6ti. <a name=\"21\"><span class=\"versanumer_2007\">21<\/span><\/a> Landsl\u00fd\u00f0urinn gladdist og r\u00f3 f\u00e6r\u00f0ist yfir borgina. En Atal\u00eda var drepin me\u00f0 sver\u00f0i.<\/p>\n","protected":false},"excerpt":{"rendered":"<p>1 \u00c1 sj\u00f6unda \u00e1rinu herti J\u00f3jada upp hugann og ger\u00f0i bandalag vi\u00f0 foringja hundra\u00f0 manna sveitanna, vi\u00f0 Asar\u00eda Jer\u00f3hamsson, \u00cdsmael J\u00f3hanansson, Asar\u00eda \u00d3be\u00f0sson, Maasja Adajason og El\u00edsafat S\u00edkr\u00edson. 2 \u00deeir f\u00f3ru \u00fev\u00ed n\u00e6st um J\u00fada og s\u00f6fnu\u00f0u saman Lev\u00edtunum \u00far \u00f6llum borgum J\u00fada og \u00e6ttarh\u00f6f\u00f0ingjum \u00ed \u00cdsrael. \u00deegar \u00feeir komu til Jer\u00fasalem 3 ger\u00f0i allur \u00feessi s\u00f6fnu\u00f0ur s\u00e1ttm\u00e1la vi\u00f0 konunginn \u00ed h\u00fasi Gu\u00f0s. J\u00f3jada sag\u00f0i vi\u00f0 \u00fe\u00e1: \u201eSj\u00e1i\u00f0 son konungsins. Hann skal r\u00edkja sem konungur eins og Drottinn hefur heiti\u00f0 ni\u00f0jum Dav\u00ed\u00f0s.[ 4 Geri\u00f0 \u00feetta: \u00deri\u00f0jungur ykkar, prestar og Lev\u00edtar og hli\u00f0ver\u00f0ir sem koma til \u00fej\u00f3nustu \u00e1 hv\u00edldardeginum, skal standa <a href=\"https:\/\/biblian.is\/biblian\/sidari-kronikubok-23-kafli\/\"> [&#8230;]<\/a><\/p>\n","protected":false},"author":1,"featured_media":0,"parent":0,"menu_order":0,"comment_status":"open","ping_status":"open","template":"bibliukaflar_NT.php","meta":{"footnotes":""},"class_list":["post-2007","page","type-page","status-publish","hentry"],"_links":{"self":[{"href":"https:\/\/biblian.is\/biblian\/wp-json\/wp\/v2\/pages\/2007","targetHints":{"allow":["GET"]}}],"collection":[{"href":"https:\/\/biblian.is\/biblian\/wp-json\/wp\/v2\/pages"}],"about":[{"href":"https:\/\/biblian.is\/biblian\/wp-json\/wp\/v2\/types\/page"}],"author":[{"embeddable":true,"href":"https:\/\/biblian.is\/biblian\/wp-json\/wp\/v2\/users\/1"}],"replies":[{"embeddable":true,"href":"https:\/\/biblian.is\/biblian\/wp-json\/wp\/v2\/comments?post=2007"}],"version-history":[{"count":0,"href":"https:\/\/biblian.is\/biblian\/wp-json\/wp\/v2\/pages\/2007\/revisions"}],"wp:attachment":[{"href":"https:\/\/biblian.is\/biblian\/wp-json\/wp\/v2\/media?parent=2007"}],"curies":[{"name":"wp","href":"https:\/\/api.w.org\/{rel}","templated":true}]}}