{"id":2006,"date":"2017-12-30T21:01:20","date_gmt":"2017-12-30T21:01:20","guid":{"rendered":"http:\/\/biblian.is\/biblian\/s%c2%92_ari-kron%c2%92kub%c2%97k-22-kafli\/"},"modified":"2024-06-26T23:21:14","modified_gmt":"2024-06-26T23:21:14","slug":"sidari-kronikubok-22-kafli","status":"publish","type":"page","link":"https:\/\/biblian.is\/biblian\/sidari-kronikubok-22-kafli\/","title":{"rendered":"S\u00ed\u00f0ari kron\u00edkub\u00f3k 22. kafli"},"content":{"rendered":"<h3 class=\"millifyrirsogn_2007\"> Ahas\u00eda konungur \u00ed J\u00fada<\/h3>\n<p><a name=\"1\"><span class=\"versanumer_2007\">1<\/span><\/a> Jer\u00fasalemb\u00faar ger\u00f0u n\u00fa Ahas\u00eda, yngsta son J\u00f3rams,<span class=\"nedan_mal\" title=\" Ahas\u00eda er s\u00e1 sem nefndur er J\u00f3ahas \u00ed 21.17.\">[<\/span> a\u00f0 konungi \u00ed hans sta\u00f0 \u00fev\u00ed a\u00f0 r\u00e6ningjaflokkurinn, sem haf\u00f0i komi\u00f0 me\u00f0 Ar\u00f6bunum inn \u00ed b\u00fa\u00f0irnar, haf\u00f0i drepi\u00f0 alla eldri br\u00e6\u00f0urna. \u00deannig t\u00f3k Ahas\u00eda r\u00edki, sonur J\u00f3rams J\u00fadakonungs.<br \/> <a name=\"2\"><span class=\"versanumer_2007\">2<\/span><\/a> Ahas\u00eda var tuttugu og tveggja \u00e1ra \u00feegar hann var\u00f0 konungur og r\u00edkti eitt \u00e1r \u00ed Jer\u00fasalem. M\u00f3\u00f0ir hans h\u00e9t Atal\u00eda og var afkomandi Omr\u00ed.<br \/> <a name=\"3\"><span class=\"versanumer_2007\">3<\/span><\/a> Ahas\u00eda breytti eins og \u00e6tt Akabs. M\u00f3\u00f0ir hans var r\u00e1\u00f0gjafi hans svo a\u00f0 hann lif\u00f0i gu\u00f0lausu l\u00edfi. <a name=\"4\"><span class=\"versanumer_2007\">4<\/span><\/a> Hann ger\u00f0i \u00fea\u00f0 sem illt var \u00ed augum Drottins eins og \u00e6ttmenn Akabs \u00fev\u00ed a\u00f0 \u00feeir voru r\u00e1\u00f0gjafar hans eftir fr\u00e1fall f\u00f6\u00f0ur hans og \u00fea\u00f0 var\u00f0 honum til falls.<br \/> <a name=\"5\"><span class=\"versanumer_2007\">5<\/span><\/a> Hann fylgdi r\u00e1\u00f0um \u00feeirra og f\u00f3r me\u00f0 J\u00f3ram Akabssyni \u00cdsraelskonungi \u00ed str\u00ed\u00f0 gegn Hasael Aramskonungi vi\u00f0 Ram\u00f3t \u00ed G\u00edlea\u00f0. En Aramearnir s\u00e6r\u00f0u J\u00f3ram <a name=\"6\"><span class=\"versanumer_2007\">6<\/span><\/a> svo a\u00f0 hann sneri heim til Jesreel. \u00dear \u00e6tla\u00f0i hann a\u00f0 l\u00e1ta gr\u00f3a s\u00e1r s\u00edn sem Aramearnir h\u00f6f\u00f0u veitt honum vi\u00f0 Rama \u00feegar hann bar\u00f0ist gegn Hasael Aramskonungi. En Ahas\u00eda J\u00f3ramsson J\u00fadakonungur f\u00f3r ni\u00f0ur eftir til a\u00f0 heims\u00e6kja J\u00f3ram Akabsson \u00ed Jesreel af \u00fev\u00ed a\u00f0 hann var veikur. <a name=\"7\"><span class=\"versanumer_2007\">7<\/span><\/a> En Gu\u00f0 haf\u00f0i teki\u00f0 \u00fe\u00e1 \u00e1kv\u00f6r\u00f0un a\u00f0 Ahas\u00eda f\u00e6ri til J\u00f3rams. \u00deegar hann var kominn \u00feanga\u00f0 f\u00f3r hann me\u00f0 J\u00f3ram \u00e1 m\u00f3ti Jeh\u00fa Nims\u00edsyni sem Drottinn haf\u00f0i l\u00e1ti\u00f0 smyrja til \u00feess a\u00f0 tort\u00edma \u00e6tt Akabs. <a name=\"8\"><span class=\"versanumer_2007\">8<\/span><\/a> \u00deegar Jeh\u00fa var a\u00f0 framfylgja d\u00f3minum yfir \u00e6tt Akabs rakst hann \u00e1 hir\u00f0menn fr\u00e1 J\u00fada og br\u00e6\u00f0rasyni Ahas\u00eda, sem voru \u00ed \u00fej\u00f3nustu Ahas\u00eda, og drap \u00fe\u00e1. <a name=\"9\"><span class=\"versanumer_2007\">9<\/span><\/a> \u00dev\u00ed n\u00e6st l\u00e9t hann leita a\u00f0 Ahas\u00eda. Hann var gripinn \u00ed Samar\u00edu, \u00fear sem hann haf\u00f0i fali\u00f0 sig, og f\u00e6r\u00f0ur fyrir Jeh\u00fa sem drap hann. Hann var grafinn af \u00fev\u00ed a\u00f0 menn s\u00f6g\u00f0u: \u201eHann var sonur J\u00f3safats sem leita\u00f0i Drottins af \u00f6llu hjarta.\u201c N\u00fa var enginn eftir af \u00e6tt Ahas\u00eda sem var f\u00e6r um a\u00f0 taka vi\u00f0 konungd\u00f3mi.<\/p>\n<h3 class=\"millifyrirsogn_2007\">Atal\u00eda drottning J\u00fada<\/h3>\n<p><a name=\"10\"><span class=\"versanumer_2007\">10<\/span><\/a> \u00deegar Atal\u00eda, m\u00f3\u00f0ir Ahas\u00eda, s\u00e1 a\u00f0 sonur hennar var d\u00e1inn t\u00f3k h\u00fan a\u00f0 tort\u00edma allri konungs\u00e6ttinni \u00ed J\u00fada. <a name=\"11\"><span class=\"versanumer_2007\">11<\/span><\/a> En J\u00f3saba, d\u00f3ttir konungsins, t\u00f3k J\u00f3as Ahas\u00edason \u00far h\u00f3pi sona konungsins sem \u00e1tti a\u00f0 drepa. H\u00fan lauma\u00f0i honum og f\u00f3stru hans inn \u00ed svefnherbergi\u00f0. H\u00fan faldi hann svo a\u00f0 Atal\u00eda gat ekki drepi\u00f0 hann. J\u00f3saba, d\u00f3ttir J\u00f3rams konungs, eiginkona J\u00f3jada prests, var systir Ahas\u00eda. <a name=\"12\"><span class=\"versanumer_2007\">12<\/span><\/a> Hann var falinn hj\u00e1 henni \u00ed h\u00fasi Gu\u00f0s \u00ed sex \u00e1r \u00e1 me\u00f0an Atal\u00eda r\u00edkti yfir landinu.<\/p>\n","protected":false},"excerpt":{"rendered":"<p>Ahas\u00eda konungur \u00ed J\u00fada 1 Jer\u00fasalemb\u00faar ger\u00f0u n\u00fa Ahas\u00eda, yngsta son J\u00f3rams,[ a\u00f0 konungi \u00ed hans sta\u00f0 \u00fev\u00ed a\u00f0 r\u00e6ningjaflokkurinn, sem haf\u00f0i komi\u00f0 me\u00f0 Ar\u00f6bunum inn \u00ed b\u00fa\u00f0irnar, haf\u00f0i drepi\u00f0 alla eldri br\u00e6\u00f0urna. \u00deannig t\u00f3k Ahas\u00eda r\u00edki, sonur J\u00f3rams J\u00fadakonungs. 2 Ahas\u00eda var tuttugu og tveggja \u00e1ra \u00feegar hann var\u00f0 konungur og r\u00edkti eitt \u00e1r \u00ed Jer\u00fasalem. M\u00f3\u00f0ir hans h\u00e9t Atal\u00eda og var afkomandi Omr\u00ed. 3 Ahas\u00eda breytti eins og \u00e6tt Akabs. M\u00f3\u00f0ir hans var r\u00e1\u00f0gjafi hans svo a\u00f0 hann lif\u00f0i gu\u00f0lausu l\u00edfi. 4 Hann ger\u00f0i \u00fea\u00f0 sem illt var \u00ed augum Drottins eins og \u00e6ttmenn Akabs \u00fev\u00ed a\u00f0 \u00feeir <a href=\"https:\/\/biblian.is\/biblian\/sidari-kronikubok-22-kafli\/\"> [&#8230;]<\/a><\/p>\n","protected":false},"author":1,"featured_media":0,"parent":0,"menu_order":0,"comment_status":"open","ping_status":"open","template":"bibliukaflar_NT.php","meta":{"footnotes":""},"class_list":["post-2006","page","type-page","status-publish","hentry"],"_links":{"self":[{"href":"https:\/\/biblian.is\/biblian\/wp-json\/wp\/v2\/pages\/2006","targetHints":{"allow":["GET"]}}],"collection":[{"href":"https:\/\/biblian.is\/biblian\/wp-json\/wp\/v2\/pages"}],"about":[{"href":"https:\/\/biblian.is\/biblian\/wp-json\/wp\/v2\/types\/page"}],"author":[{"embeddable":true,"href":"https:\/\/biblian.is\/biblian\/wp-json\/wp\/v2\/users\/1"}],"replies":[{"embeddable":true,"href":"https:\/\/biblian.is\/biblian\/wp-json\/wp\/v2\/comments?post=2006"}],"version-history":[{"count":0,"href":"https:\/\/biblian.is\/biblian\/wp-json\/wp\/v2\/pages\/2006\/revisions"}],"wp:attachment":[{"href":"https:\/\/biblian.is\/biblian\/wp-json\/wp\/v2\/media?parent=2006"}],"curies":[{"name":"wp","href":"https:\/\/api.w.org\/{rel}","templated":true}]}}