{"id":2005,"date":"2017-12-30T21:01:20","date_gmt":"2017-12-30T21:01:20","guid":{"rendered":"http:\/\/biblian.is\/biblian\/s%c2%92_ari-kron%c2%92kub%c2%97k-21-kafli\/"},"modified":"2024-06-26T23:21:13","modified_gmt":"2024-06-26T23:21:13","slug":"sidari-kronikubok-21-kafli","status":"publish","type":"page","link":"https:\/\/biblian.is\/biblian\/sidari-kronikubok-21-kafli\/","title":{"rendered":"S\u00ed\u00f0ari kron\u00edkub\u00f3k 21. kafli"},"content":{"rendered":"<h3 class=\"millifyrirsogn_2007\"> J\u00f3safat deyr<\/h3>\n<p><a name=\"1\"><span class=\"versanumer_2007\">1<\/span><\/a> J\u00f3safat var lag\u00f0ur til hv\u00edldar hj\u00e1 fe\u00f0rum s\u00ednum og grafinn hj\u00e1 \u00feeim \u00ed borg Dav\u00ed\u00f0s. J\u00f3ram, sonur hans, var\u00f0 konungur eftir hann.<br \/> <a name=\"2\"><span class=\"versanumer_2007\">2<\/span><\/a> Br\u00e6\u00f0ur hans, synir J\u00f3safats, voru: Asarja, Jeh\u00edel, Sakar\u00eda, Asarjah\u00fa, M\u00edkael og Sefatja. Allir voru \u00feeir synir J\u00f3safats J\u00fadakonungs. <a name=\"3\"><span class=\"versanumer_2007\">3<\/span><\/a> Fa\u00f0ir \u00feeirra haf\u00f0i gefi\u00f0 \u00feeim miklar gjafir, silfur, gull og a\u00f0rar gersemar \u00e1samt v\u00edggirtum borgum \u00ed J\u00fada. En konungd\u00f3minn f\u00e9kk hann J\u00f3ram \u00ed hendur af \u00fev\u00ed a\u00f0 hann var frumbur\u00f0urinn.<br \/> <a name=\"4\"><span class=\"versanumer_2007\">4<\/span><\/a> \u00deegar J\u00f3ram haf\u00f0i hafi\u00f0 sig til konungstignar f\u00f6\u00f0ur s\u00edns og fest sig \u00ed sessi drap hann alla br\u00e6\u00f0ur s\u00edna me\u00f0 sver\u00f0i \u00e1samt nokkrum af h\u00f6f\u00f0ingjum \u00cdsraels.<\/p>\n<h3 class=\"millifyrirsogn_2007\">J\u00f3ram konungur J\u00fada<\/h3>\n<p><a name=\"5\"><span class=\"versanumer_2007\">5<\/span><\/a> J\u00f3ram var \u00ferj\u00e1t\u00edu og tveggja \u00e1ra \u00feegar hann var\u00f0 konungur og r\u00edkti \u00e1tta \u00e1r \u00ed Jer\u00fasalem. <a name=\"6\"><span class=\"versanumer_2007\">6<\/span><\/a> Hann feta\u00f0i \u00ed f\u00f3tspor \u00cdsraelskonunga eins og \u00e6tt Akabs haf\u00f0i gert enda var d\u00f3ttir Akabs eiginkona hans. Hann ger\u00f0i \u00fea\u00f0 sem illt var \u00ed augum Drottins. <a name=\"7\"><span class=\"versanumer_2007\">7<\/span><\/a> \u00der\u00e1tt fyrir \u00fea\u00f0 vildi Drottinn ekki ey\u00f0a \u00e6tt Dav\u00ed\u00f0s vegna s\u00e1ttm\u00e1lans sem hann haf\u00f0i gert vi\u00f0 Dav\u00ed\u00f0 og af \u00fev\u00ed a\u00f0 hann haf\u00f0i heiti\u00f0 a\u00f0 gefa honum og sonum hans lampa sem st\u00e6\u00f0i alla t\u00ed\u00f0.<br \/> <a name=\"8\"><span class=\"versanumer_2007\">8<\/span><\/a> Um daga J\u00f3rams brutust Ed\u00f3m\u00edtar undan valdi J\u00fada og t\u00f3ku s\u00e9r sinn eigin konung. <a name=\"9\"><span class=\"versanumer_2007\">9<\/span><\/a> J\u00f3ram h\u00e9lt \u00fe\u00e1 gegn \u00feeim \u00e1samt h\u00f6f\u00f0ingjum s\u00ednum me\u00f0 alla hervagna s\u00edna. Um n\u00f3ttina r\u00e9\u00f0st hann \u00e1 Ed\u00f3m\u00edta sem h\u00f6f\u00f0u umkringt hann og foringja vagnli\u00f0sins. <a name=\"10\"><span class=\"versanumer_2007\">10<\/span><\/a> En Ed\u00f3m braust undan valdi J\u00fada og hefur veri\u00f0 sj\u00e1lfst\u00e6tt til \u00feessa dags. \u00c1 sama t\u00edma braust L\u00edbna einnig undan valdi hans \u00fev\u00ed a\u00f0 J\u00f3ram haf\u00f0i yfirgefi\u00f0 Drottin, Gu\u00f0 fe\u00f0ra sinna. <a name=\"11\"><span class=\"versanumer_2007\">11<\/span><\/a> Hann reisti meira a\u00f0 segja f\u00f3rnarh\u00e6\u00f0ir \u00e1 fj\u00f6llunum \u00ed J\u00fada og afvegaleiddi Jer\u00fasalemb\u00faa og t\u00e6ldi J\u00fadamenn til fr\u00e1falls.<br \/> <a name=\"12\"><span class=\"versanumer_2007\">12<\/span><\/a> \u00de\u00e1 barst honum br\u00e9f fr\u00e1 El\u00eda sp\u00e1manni og \u00fear st\u00f3\u00f0: \u201eSvo segir Drottinn, Gu\u00f0 Dav\u00ed\u00f0s, f\u00f6\u00f0ur \u00fe\u00edns: \u00dear sem \u00fe\u00fa hefur ekki breytt eins og J\u00f3safat, fa\u00f0ir \u00feinn, og Asa J\u00fadakonungur, <a name=\"13\"><span class=\"versanumer_2007\">13<\/span><\/a> heldur eins og \u00cdsraelskonungar og hefur afvegaleitt J\u00fadamenn og Jer\u00fasalemb\u00faa eins og \u00e6tt Akabs hefur gert og \u00fear sem \u00fe\u00fa hefur drepi\u00f0 br\u00e6\u00f0ur \u00fe\u00edna sem voru betri en \u00fe\u00fa, \u00fe\u00edna eigin \u00e6ttmenn, <a name=\"14\"><span class=\"versanumer_2007\">14<\/span><\/a> \u00fe\u00e1 mun Drottinn lj\u00f3sta \u00fej\u00f3\u00f0 \u00fe\u00edna, syni, konur og allt sem \u00fe\u00fa \u00e1tt, \u00feungum h\u00f6ggum. <a name=\"15\"><span class=\"versanumer_2007\">15<\/span><\/a> Sj\u00e1lfur muntu taka \u00feunga s\u00f3tt og l\u00ed\u00f0a langvinnar innvortis kvalir \u00fear til innyflin ganga \u00fat \u00far \u00fe\u00e9r vegna sj\u00fakd\u00f3msins.\u201c<\/p>\n<h3 class=\"millifyrirsogn_2007\">J\u00f3ram deyr<\/h3>\n<p><a name=\"16\"><span class=\"versanumer_2007\">16<\/span><\/a> N\u00fa eggja\u00f0i Drottinn Filistea og \u00fe\u00e1 Araba, sem b\u00faa n\u00e6rri K\u00fass\u00edtum, til fjandskapar gegn J\u00f3ram. <a name=\"17\"><span class=\"versanumer_2007\">17<\/span><\/a> \u00deeir h\u00e9ldu til \u00e1r\u00e1sa \u00e1 J\u00fada, r\u00e9\u00f0ust \u00e1 landi\u00f0 og h\u00f6f\u00f0u \u00e1 brott me\u00f0 s\u00e9r allar eigur konungsfj\u00f6lskyldunnar sem \u00feeir fundu, einnig syni konungs og konur. Af sonum hans var a\u00f0eins J\u00f3ahas, yngsti sonurinn, skilinn eftir. <a name=\"18\"><span class=\"versanumer_2007\">18<\/span><\/a> Eftir allt \u00feetta sl\u00f3 Drottinn hann \u00f3l\u00e6knandi i\u00f0rasj\u00fakd\u00f3mi. <a name=\"19\"><span class=\"versanumer_2007\">19<\/span><\/a> A\u00f0 alll\u00f6ngum t\u00edma li\u00f0num, n\u00e6r tveimur \u00e1rum, gengu i\u00f0rin \u00fat \u00far honum vegna sj\u00fakd\u00f3msins og hann d\u00f3 kvalafullum dau\u00f0a. \u00dej\u00f3\u00f0 hans kveikti ekki b\u00e1l honum til hei\u00f0urs eins og gert haf\u00f0i veri\u00f0 fyrir fe\u00f0ur hans. <a name=\"20\"><span class=\"versanumer_2007\">20<\/span><\/a> Hann var \u00ferj\u00e1t\u00edu og tveggja \u00e1ra \u00feegar hann var\u00f0 konungur og r\u00edkti \u00e1tta \u00e1r \u00ed Jer\u00fasalem. Hann l\u00e9st \u00e1n \u00feess a\u00f0 nokkur syrg\u00f0i hann. Hann var grafinn \u00ed borg Dav\u00ed\u00f0s en \u00fe\u00f3 ekki \u00ed gr\u00f6fum konunganna.<\/p>\n","protected":false},"excerpt":{"rendered":"<p>J\u00f3safat deyr 1 J\u00f3safat var lag\u00f0ur til hv\u00edldar hj\u00e1 fe\u00f0rum s\u00ednum og grafinn hj\u00e1 \u00feeim \u00ed borg Dav\u00ed\u00f0s. J\u00f3ram, sonur hans, var\u00f0 konungur eftir hann. 2 Br\u00e6\u00f0ur hans, synir J\u00f3safats, voru: Asarja, Jeh\u00edel, Sakar\u00eda, Asarjah\u00fa, M\u00edkael og Sefatja. Allir voru \u00feeir synir J\u00f3safats J\u00fadakonungs. 3 Fa\u00f0ir \u00feeirra haf\u00f0i gefi\u00f0 \u00feeim miklar gjafir, silfur, gull og a\u00f0rar gersemar \u00e1samt v\u00edggirtum borgum \u00ed J\u00fada. En konungd\u00f3minn f\u00e9kk hann J\u00f3ram \u00ed hendur af \u00fev\u00ed a\u00f0 hann var frumbur\u00f0urinn. 4 \u00deegar J\u00f3ram haf\u00f0i hafi\u00f0 sig til konungstignar f\u00f6\u00f0ur s\u00edns og fest sig \u00ed sessi drap hann alla br\u00e6\u00f0ur s\u00edna me\u00f0 sver\u00f0i \u00e1samt nokkrum af <a href=\"https:\/\/biblian.is\/biblian\/sidari-kronikubok-21-kafli\/\"> [&#8230;]<\/a><\/p>\n","protected":false},"author":1,"featured_media":0,"parent":0,"menu_order":0,"comment_status":"open","ping_status":"open","template":"bibliukaflar_NT.php","meta":{"footnotes":""},"class_list":["post-2005","page","type-page","status-publish","hentry"],"_links":{"self":[{"href":"https:\/\/biblian.is\/biblian\/wp-json\/wp\/v2\/pages\/2005","targetHints":{"allow":["GET"]}}],"collection":[{"href":"https:\/\/biblian.is\/biblian\/wp-json\/wp\/v2\/pages"}],"about":[{"href":"https:\/\/biblian.is\/biblian\/wp-json\/wp\/v2\/types\/page"}],"author":[{"embeddable":true,"href":"https:\/\/biblian.is\/biblian\/wp-json\/wp\/v2\/users\/1"}],"replies":[{"embeddable":true,"href":"https:\/\/biblian.is\/biblian\/wp-json\/wp\/v2\/comments?post=2005"}],"version-history":[{"count":0,"href":"https:\/\/biblian.is\/biblian\/wp-json\/wp\/v2\/pages\/2005\/revisions"}],"wp:attachment":[{"href":"https:\/\/biblian.is\/biblian\/wp-json\/wp\/v2\/media?parent=2005"}],"curies":[{"name":"wp","href":"https:\/\/api.w.org\/{rel}","templated":true}]}}