{"id":2003,"date":"2017-12-30T21:01:20","date_gmt":"2017-12-30T21:01:20","guid":{"rendered":"http:\/\/biblian.is\/biblian\/s%c2%92_ari-kron%c2%92kub%c2%97k-19-kafli\/"},"modified":"2024-06-26T23:21:13","modified_gmt":"2024-06-26T23:21:13","slug":"sidari-kronikubok-19-kafli","status":"publish","type":"page","link":"https:\/\/biblian.is\/biblian\/sidari-kronikubok-19-kafli\/","title":{"rendered":"S\u00ed\u00f0ari kron\u00edkub\u00f3k 19. kafli"},"content":{"rendered":"<h3 class=\"millifyrirsogn_2007\"> Jeh\u00fa \u00e1v\u00edtar J\u00f3safat konung<\/h3>\n<p><a name=\"1\"><span class=\"versanumer_2007\">1<\/span><\/a> J\u00f3safat, konungur \u00ed J\u00fada, sneri n\u00fa heill \u00e1 h\u00fafi heim til Jer\u00fasalem. <a name=\"2\"><span class=\"versanumer_2007\">2<\/span><\/a> \u00de\u00e1 gekk sj\u00e1andinn Jeh\u00fa Hanan\u00edson \u00e1 m\u00f3ti honum og sag\u00f0i vi\u00f0 J\u00f3safat konung: \u201eBer \u00fe\u00e9r a\u00f0 hj\u00e1lpa hinum gu\u00f0lausa og vingast vi\u00f0 \u00fe\u00e1 sem hata Drottin? Vegna \u00feess hv\u00edlir rei\u00f0i Drottins \u00e1 \u00fe\u00e9r. <a name=\"3\"><span class=\"versanumer_2007\">3<\/span><\/a> Eigi a\u00f0 s\u00ed\u00f0ur hefur \u00fdmislegt gott fundist \u00ed fari \u00fe\u00ednu. \u00deannig hefur \u00fe\u00fa uppr\u00e6tt As\u00e9rust\u00f3lpana \u00far landinu og einbeitt \u00fe\u00e9r a\u00f0 \u00fev\u00ed a\u00f0 leita Gu\u00f0s.\u201c<\/p>\n<h3 class=\"millifyrirsogn_2007\">R\u00e9ttarb\u00f3t J\u00f3safats<\/h3>\n<p><a name=\"4\"><span class=\"versanumer_2007\">4<\/span><\/a> J\u00f3safat bj\u00f3 n\u00fa \u00ed Jer\u00fasalem en f\u00f3r aftur \u00ed lei\u00f0angur \u00e1 me\u00f0al \u00fej\u00f3\u00f0arinnar, fr\u00e1 Beerseba til Efra\u00edmsfjalla, til a\u00f0 sn\u00faa henni aftur til Drottins, Gu\u00f0s fe\u00f0ra hennar. <a name=\"5\"><span class=\"versanumer_2007\">5<\/span><\/a> Hann skipa\u00f0i einnig d\u00f3mara \u00ed landinu, \u00ed s\u00e9rhverri v\u00edggirtri borg \u00ed J\u00fada. <a name=\"6\"><span class=\"versanumer_2007\">6<\/span><\/a> Hann gaf d\u00f3murunum svohlj\u00f3\u00f0andi fyrirm\u00e6li: \u201eHafi\u00f0 g\u00e1t \u00e1 \u00fev\u00ed sem \u00fei\u00f0 geri\u00f0 \u00fev\u00ed a\u00f0 \u00fei\u00f0 haldi\u00f0 ekki d\u00f3m\u00feing \u00ed umbo\u00f0i manna heldur \u00ed umbo\u00f0i Drottins. Hann er me\u00f0 ykkur \u00feegar \u00fei\u00f0 kve\u00f0i\u00f0 upp d\u00f3ma. <a name=\"7\"><span class=\"versanumer_2007\">7<\/span><\/a> L\u00e1ti\u00f0 n\u00fa lotningu fyrir Drottni stj\u00f3rna ger\u00f0um ykkar. G\u00e6ti\u00f0 a\u00f0 \u00fev\u00ed sem \u00fei\u00f0 geri\u00f0 \u00fev\u00ed a\u00f0 hj\u00e1 Drottni, Gu\u00f0i okkar, er hvorki til rangl\u00e6ti, manngreinar\u00e1lit n\u00e9 m\u00fatu\u00fe\u00e6gni.\u201c<br \/> <a name=\"8\"><span class=\"versanumer_2007\">8<\/span><\/a> \u00cd Jer\u00fasalem skipa\u00f0i J\u00f3safat einnig nokkra af Lev\u00edtunum, prestunum og \u00e6ttarh\u00f6f\u00f0ingjum \u00cdsraels \u00ed d\u00f3mst\u00f3l Drottins vegna deilna me\u00f0al \u00edb\u00faanna \u00ed Jer\u00fasalem. <a name=\"9\"><span class=\"versanumer_2007\">9<\/span><\/a> Hann gaf \u00feeim svohlj\u00f3\u00f0andi fyrirm\u00e6li: \u201e\u00deetta skulu\u00f0 \u00fei\u00f0 gera af tr\u00famennsku og heilum hug og lotningu fyrir Drottni: <a name=\"10\"><span class=\"versanumer_2007\">10<\/span><\/a> \u00deegar br\u00e6\u00f0ur ykkar, sem b\u00faa \u00ed heimab\u00e6jum s\u00ednum, skj\u00f3ta til ykkar deilu skulu\u00f0 \u00fei\u00f0 vara \u00fe\u00e1 vi\u00f0 svo a\u00f0 \u00feeir ver\u00f0i ekki sekir fyrir Drottni og rei\u00f0i hans komi yfir ykkur og br\u00e6\u00f0ur ykkar. \u00deetta \u00e1 vi\u00f0, hvort sem um er a\u00f0 r\u00e6\u00f0a mun \u00e1 bl\u00f3\u00f0sektum e\u00f0a mun \u00e1 lei\u00f0s\u00f6gn og fyrirm\u00e6lum e\u00f0a l\u00f6gum og reglum. Framfylgi\u00f0 \u00feessu svo a\u00f0 \u00fei\u00f0 ver\u00f0i\u00f0 ekki sekir. <a name=\"11\"><span class=\"versanumer_2007\">11<\/span><\/a> Amarja yfirprestur er yfir ykkur \u00ed \u00f6llum m\u00e1lefnum Drottins en Sebadja \u00cdsmaelsson, h\u00f6f\u00f0ingi J\u00fada\u00e6ttar, er yfir ykkur \u00ed \u00f6llum m\u00e1lefnum konungs. Lev\u00edtarnir munu ver\u00f0a emb\u00e6ttismenn \u00ed \u00fej\u00f3nustu ykkar. Veri\u00f0 hughraustir. Drottinn s\u00e9 me\u00f0 \u00feeim sem breytir r\u00e9tt.\u201c<\/p>\n","protected":false},"excerpt":{"rendered":"<p>Jeh\u00fa \u00e1v\u00edtar J\u00f3safat konung 1 J\u00f3safat, konungur \u00ed J\u00fada, sneri n\u00fa heill \u00e1 h\u00fafi heim til Jer\u00fasalem. 2 \u00de\u00e1 gekk sj\u00e1andinn Jeh\u00fa Hanan\u00edson \u00e1 m\u00f3ti honum og sag\u00f0i vi\u00f0 J\u00f3safat konung: \u201eBer \u00fe\u00e9r a\u00f0 hj\u00e1lpa hinum gu\u00f0lausa og vingast vi\u00f0 \u00fe\u00e1 sem hata Drottin? Vegna \u00feess hv\u00edlir rei\u00f0i Drottins \u00e1 \u00fe\u00e9r. 3 Eigi a\u00f0 s\u00ed\u00f0ur hefur \u00fdmislegt gott fundist \u00ed fari \u00fe\u00ednu. \u00deannig hefur \u00fe\u00fa uppr\u00e6tt As\u00e9rust\u00f3lpana \u00far landinu og einbeitt \u00fe\u00e9r a\u00f0 \u00fev\u00ed a\u00f0 leita Gu\u00f0s.\u201c R\u00e9ttarb\u00f3t J\u00f3safats 4 J\u00f3safat bj\u00f3 n\u00fa \u00ed Jer\u00fasalem en f\u00f3r aftur \u00ed lei\u00f0angur \u00e1 me\u00f0al \u00fej\u00f3\u00f0arinnar, fr\u00e1 Beerseba til Efra\u00edmsfjalla, til a\u00f0 sn\u00faa <a href=\"https:\/\/biblian.is\/biblian\/sidari-kronikubok-19-kafli\/\"> [&#8230;]<\/a><\/p>\n","protected":false},"author":1,"featured_media":0,"parent":0,"menu_order":0,"comment_status":"open","ping_status":"open","template":"bibliukaflar_NT.php","meta":{"footnotes":""},"class_list":["post-2003","page","type-page","status-publish","hentry"],"_links":{"self":[{"href":"https:\/\/biblian.is\/biblian\/wp-json\/wp\/v2\/pages\/2003","targetHints":{"allow":["GET"]}}],"collection":[{"href":"https:\/\/biblian.is\/biblian\/wp-json\/wp\/v2\/pages"}],"about":[{"href":"https:\/\/biblian.is\/biblian\/wp-json\/wp\/v2\/types\/page"}],"author":[{"embeddable":true,"href":"https:\/\/biblian.is\/biblian\/wp-json\/wp\/v2\/users\/1"}],"replies":[{"embeddable":true,"href":"https:\/\/biblian.is\/biblian\/wp-json\/wp\/v2\/comments?post=2003"}],"version-history":[{"count":0,"href":"https:\/\/biblian.is\/biblian\/wp-json\/wp\/v2\/pages\/2003\/revisions"}],"wp:attachment":[{"href":"https:\/\/biblian.is\/biblian\/wp-json\/wp\/v2\/media?parent=2003"}],"curies":[{"name":"wp","href":"https:\/\/api.w.org\/{rel}","templated":true}]}}