{"id":2002,"date":"2017-12-30T21:01:20","date_gmt":"2017-12-30T21:01:20","guid":{"rendered":"http:\/\/biblian.is\/biblian\/s%c2%92_ari-kron%c2%92kub%c2%97k-18-kafli\/"},"modified":"2024-06-26T23:21:13","modified_gmt":"2024-06-26T23:21:13","slug":"sidari-kronikubok-18-kafli","status":"publish","type":"page","link":"https:\/\/biblian.is\/biblian\/sidari-kronikubok-18-kafli\/","title":{"rendered":"S\u00ed\u00f0ari kron\u00edkub\u00f3k 18. kafli"},"content":{"rendered":"<h3 class=\"millifyrirsogn_2007\"> J\u00f3safat og Akab<\/h3>\n<p><a name=\"1\"><span class=\"versanumer_2007\">1<\/span><\/a> J\u00f3safat hlaut b\u00e6\u00f0i mikinn au\u00f0 og vir\u00f0ingu og m\u00e6g\u00f0ist vi\u00f0 Akab. <a name=\"2\"><span class=\"versanumer_2007\">2<\/span><\/a> Nokkrum \u00e1rum s\u00ed\u00f0ar f\u00f3r hann ni\u00f0ur eftir til Akabs \u00ed Samar\u00edu og l\u00e9t Akab \u00fe\u00e1 sl\u00e1tra fj\u00f6lda fj\u00e1r og nauta handa honum og fylgdarli\u00f0i hans. \u00dev\u00ed n\u00e6st taldi Akab hann \u00e1 a\u00f0 fara me\u00f0 s\u00e9r upp til Ram\u00f3t \u00ed G\u00edlea\u00f0. <a name=\"3\"><span class=\"versanumer_2007\">3<\/span><\/a> Akab \u00cdsraelskonungur sag\u00f0i \u00fe\u00e1 vi\u00f0 J\u00f3safat J\u00fadakonung: \u201eVilt \u00fe\u00fa koma me\u00f0 m\u00e9r til Ram\u00f3t \u00ed G\u00edlea\u00f0?\u201c J\u00f3safat svara\u00f0i: \u201e\u00c9g fer me\u00f0 \u00fe\u00e9r \u00ed str\u00ed\u00f0i\u00f0, m\u00edn \u00fej\u00f3\u00f0 me\u00f0 \u00feinni \u00fej\u00f3\u00f0.\u201c<br \/> <a name=\"4\"><span class=\"versanumer_2007\">4<\/span><\/a> J\u00f3safat sag\u00f0i vi\u00f0 \u00cdsraelskonung: \u201eLeita\u00f0u n\u00fa \u00ed dag svara fr\u00e1 Drottni.\u201c <a name=\"5\"><span class=\"versanumer_2007\">5<\/span><\/a> \u00cdsraelskonungur safna\u00f0i \u00fe\u00e1 saman sp\u00e1m\u00f6nnunum, fj\u00f6gur hundru\u00f0 m\u00f6nnum, og spur\u00f0i: \u201eEigum vi\u00f0 a\u00f0 halda gegn Ram\u00f3t \u00ed G\u00edlea\u00f0 og herja \u00e1 hana e\u00f0a ekki?\u201c \u00deeir sv\u00f6ru\u00f0u: \u201eFar \u00fe\u00fa. Gu\u00f0 mun selja borgina \u00ed hendur konungi.\u201c <a name=\"6\"><span class=\"versanumer_2007\">6<\/span><\/a> En J\u00f3safat spur\u00f0i: \u201eEr enginn annar sp\u00e1ma\u00f0ur Drottins h\u00e9r sem vi\u00f0 getum leita\u00f0 fr\u00e9tta hj\u00e1?\u201c <a name=\"7\"><span class=\"versanumer_2007\">7<\/span><\/a> \u00cdsraelskonungur svara\u00f0i: \u201eJ\u00fa, enn er einn eftir. Hj\u00e1 honum getum vi\u00f0 leita\u00f0 \u00farskur\u00f0ar. En \u00e9g for\u00f0ast hann af \u00fev\u00ed a\u00f0 hann sp\u00e1ir m\u00e9r aldrei g\u00f3\u00f0u heldur illu einu. Hann heitir M\u00edka Jimlason.\u201c \u00de\u00e1 sag\u00f0i J\u00f3safat: \u201e\u00deetta \u00e6tti konungur ekki a\u00f0 segja.\u201c <a name=\"8\"><span class=\"versanumer_2007\">8<\/span><\/a> \u00cdsraelskonungur kalla\u00f0i \u00feessu n\u00e6st \u00e1 hir\u00f0mann og sag\u00f0i: \u201eS\u00e6ktu M\u00edka Jimlason \u00feegar \u00ed sta\u00f0.\u201c<br \/> <a name=\"9\"><span class=\"versanumer_2007\">9<\/span><\/a> Konungur \u00cdsraels og J\u00f3safat, konungur J\u00fada, s\u00e1tu n\u00fa hvor \u00ed s\u00ednu h\u00e1s\u00e6ti, kl\u00e6ddir skikkjum, \u00e1 \u00fereskivelli vi\u00f0 borgarhli\u00f0 Samar\u00edu. Allir sp\u00e1mennirnir fluttu sp\u00e1d\u00f3msor\u00f0 frammi fyrir \u00feeim. <a name=\"10\"><span class=\"versanumer_2007\">10<\/span><\/a> Sedek\u00eda Kenaanason haf\u00f0i gert s\u00e9r horn \u00far j\u00e1rni og sag\u00f0i: \u201eSvo segir Drottinn: Me\u00f0 \u00feessum hornum munt \u00fe\u00fa stanga Aramea \u00fear til \u00fe\u00fa hefur gereytt \u00feeim.\u201c <a name=\"11\"><span class=\"versanumer_2007\">11<\/span><\/a> Allir hinir sp\u00e1mennirnir fluttu s\u00f6mu bo\u00f0: \u201e\u00de\u00fa skalt r\u00e1\u00f0ast \u00e1 Ram\u00f3t \u00ed G\u00edlea\u00f0 og \u00fe\u00fa munt sigra. Drottinn mun selja borgina \u00ed hendur konungi.\u201c<br \/> <a name=\"12\"><span class=\"versanumer_2007\">12<\/span><\/a> Sendibo\u00f0inn, sem haf\u00f0i fari\u00f0 til a\u00f0 s\u00e6kja M\u00edka, sag\u00f0i vi\u00f0 hann: \u201eOr\u00f0 sp\u00e1mannanna eru \u00f6ll sem eitt konungi \u00ed vil. Haf\u00f0u or\u00f0 \u00fe\u00edn samhlj\u00f3\u00f0a or\u00f0um einhvers \u00feeirra og vertu vilhallur konungi. <a name=\"13\"><span class=\"versanumer_2007\">13<\/span><\/a> En M\u00edka svara\u00f0i: \u201eSvo sannarlega sem Drottinn lifir mun \u00e9g einungis flytja konungi \u00fea\u00f0 sem Gu\u00f0 minn b\u00fd\u00f0ur m\u00e9r.\u201c<br \/> <a name=\"14\"><span class=\"versanumer_2007\">14<\/span><\/a> \u00deegar M\u00edka kom til konungs sag\u00f0i konungurinn vi\u00f0 hann: \u201eM\u00edka, eigum vi\u00f0 a\u00f0 r\u00e1\u00f0ast gegn Ram\u00f3t \u00ed G\u00edlea\u00f0 e\u00f0a eigum vi\u00f0 ekki a\u00f0 gera \u00fea\u00f0?\u201c Hann svara\u00f0i: \u201eFar\u00f0u og \u00fe\u00fa munt sigra. Drottinn mun selja borgina \u00ed hendur konungi.\u201c <a name=\"15\"><span class=\"versanumer_2007\">15<\/span><\/a> En konungur svara\u00f0i: \u201eHversu oft \u00fearf \u00e9g a\u00f0 l\u00e1ta \u00feig heita a\u00f0 segja m\u00e9r einungis sannleikann \u00ed nafni Drottins?\u201c <a name=\"16\"><span class=\"versanumer_2007\">16<\/span><\/a> \u00de\u00e1 sag\u00f0i M\u00edka: \u201e\u00c9g s\u00e1 allan \u00cdsrael tv\u00edstra\u00f0an um fj\u00f6llin eins og hj\u00f6r\u00f0 \u00e1n hir\u00f0is, og Drottinn sag\u00f0i: \u00deeir hafa enga lei\u00f0toga lengur. \u00deeir skulu, hver um sig, fara heim til s\u00edn heilir \u00e1 h\u00fafi.\u201c <a name=\"17\"><span class=\"versanumer_2007\">17<\/span><\/a> \u00de\u00e1 sag\u00f0i \u00cdsraelskonungur vi\u00f0 J\u00f3safat: \u201eVar \u00fea\u00f0 ekki sem \u00e9g sag\u00f0i? Hann sp\u00e1ir m\u00e9r aldrei g\u00f3\u00f0u heldur illu einu.\u201c<br \/> <a name=\"18\"><span class=\"versanumer_2007\">18<\/span><\/a> \u00de\u00e1 sag\u00f0i M\u00edka: \u201eHeyri\u00f0 \u00fe\u00e1 or\u00f0 Drottins. \u00c9g s\u00e1 Drottin sitja \u00ed h\u00e1s\u00e6ti s\u00ednu og allan her himinsins standa honum til h\u00e6gri og vinstri handar. <a name=\"19\"><span class=\"versanumer_2007\">19<\/span><\/a> Drottinn spur\u00f0i: Hver vill t\u00e6la Akab \u00cdsraelskonung til a\u00f0 fara upp eftir svo a\u00f0 hann falli vi\u00f0 Ram\u00f3t \u00ed G\u00edlea\u00f0? \u00de\u00e1 stakk einn upp \u00e1 \u00feessu en annar hinu. <a name=\"20\"><span class=\"versanumer_2007\">20<\/span><\/a> A\u00f0 lokum gekk andi nokkur fram, nam sta\u00f0ar frammi fyrir Drottni og sag\u00f0i: \u00c9g skal t\u00e6la hann. Hvernig? spur\u00f0i Drottinn. <a name=\"21\"><span class=\"versanumer_2007\">21<\/span><\/a> Hann svara\u00f0i: \u00c9g fer og gerist lygiandi \u00ed munni allra sp\u00e1manna hans. \u00de\u00e1 sag\u00f0i Drottinn: \u00de\u00fa skalt t\u00e6la hann, \u00fe\u00fa getur gert \u00fea\u00f0. Far\u00f0u og ger\u00f0u \u00feetta. <a name=\"22\"><span class=\"versanumer_2007\">22<\/span><\/a> \u00deannig hefur Drottinn n\u00fa lagt lygianda \u00ed munn \u00f6llum \u00feessum sp\u00e1m\u00f6nnum \u00fe\u00ednum \u00fev\u00ed a\u00f0 hann hefur \u00e1kve\u00f0i\u00f0 a\u00f0 valda \u00fe\u00e9r b\u00f6li.\u201c<br \/> <a name=\"23\"><span class=\"versanumer_2007\">23<\/span><\/a> N\u00fa gekk Sedek\u00eda Kenaanason fram og laust M\u00edka kinnhest og sag\u00f0i: \u201eMe\u00f0 hva\u00f0a h\u00e6tti \u00e1 andi Drottins a\u00f0 hafa yfirgefi\u00f0 mig til \u00feess a\u00f0 tala vi\u00f0 \u00feig?\u201c <a name=\"24\"><span class=\"versanumer_2007\">24<\/span><\/a> M\u00edka svara\u00f0i: \u201e\u00de\u00fa munt komast a\u00f0 raun um \u00fea\u00f0 sama dag og \u00fe\u00fa fl\u00fdr\u00f0 \u00far einu h\u00fasi \u00ed anna\u00f0 til \u00feess a\u00f0 fela \u00feig.\u201c <a name=\"25\"><span class=\"versanumer_2007\">25<\/span><\/a> En konungur \u00cdsraels skipa\u00f0i: \u201eGr\u00edpi\u00f0 M\u00edka og fari\u00f0 me\u00f0 hann til Amons, hersh\u00f6f\u00f0ingja borgarinnar, og J\u00f3asar konungssonar <a name=\"26\"><span class=\"versanumer_2007\">26<\/span><\/a> og segi\u00f0: Svo segir konungurinn: Varpi\u00f0 manni \u00feessum \u00ed fangelsi. Gefi\u00f0 honum ekkert anna\u00f0 en brau\u00f0 og vatn af skornum skammti \u00fear til \u00e9g kem aftur heill \u00e1 h\u00fafi.\u201c <a name=\"27\"><span class=\"versanumer_2007\">27<\/span><\/a> \u00de\u00e1 sag\u00f0i M\u00edka: \u201eKomir \u00fe\u00fa aftur heill \u00e1 h\u00fafi hefur Drottinn ekki tala\u00f0 af munni m\u00ednum.\u201c Hann sag\u00f0i enn fremur: \u201eHeyri\u00f0 \u00fea\u00f0, allir.\u201c<\/p>\n<h3 class=\"millifyrirsogn_2007\">Akab deyr<\/h3>\n<p><a name=\"28\"><span class=\"versanumer_2007\">28<\/span><\/a> \u00cdsraelskonungur og J\u00f3safat, konungur \u00ed J\u00fada, h\u00e9ldu n\u00fa upp til Ram\u00f3t \u00ed G\u00edlea\u00f0. <a name=\"29\"><span class=\"versanumer_2007\">29<\/span><\/a> \u00cdsraelskonungur sag\u00f0i \u00fe\u00e1 vi\u00f0 J\u00f3safat: \u201e\u00c9g \u00e6tla a\u00f0 dulb\u00faast \u00e1\u00f0ur en \u00e9g fer til orrustu en \u00fe\u00fa skalt bera \u00fe\u00edn eigin kl\u00e6\u00f0i.\u201c Konungur \u00cdsraels dulbj\u00f3st s\u00ed\u00f0an og \u00feeir h\u00e9ldu til orrustu.<br \/> <a name=\"30\"><span class=\"versanumer_2007\">30<\/span><\/a> Konungur Arams haf\u00f0i skipa\u00f0 vagnstj\u00f3rum s\u00ednum svo fyrir: \u201eR\u00e1\u00f0ist ekki \u00e1 neinn, hvorki h\u00e1an n\u00e9 l\u00e1gan, nema \u00cdsraelskonung einan.\u201c <a name=\"31\"><span class=\"versanumer_2007\">31<\/span><\/a> \u00deegar vagnstj\u00f3rarnir s\u00e1u J\u00f3safat hugsu\u00f0u \u00feeir me\u00f0 s\u00e9r: \u201e\u00deetta er vafalaust konungur \u00cdsraels.\u201c \u00deeir umkringdu hann \u00fev\u00ed \u00feegar og r\u00e9\u00f0ust \u00e1 hann. \u00deegar J\u00f3safat hr\u00f3pa\u00f0i \u00e1 hj\u00e1lp kom Drottinn honum til hj\u00e1lpar og Gu\u00f0 t\u00e6ldi \u00fe\u00e1 fr\u00e1 honum. <a name=\"32\"><span class=\"versanumer_2007\">32<\/span><\/a> En \u00feegar vagnstj\u00f3rarnir s\u00e1u a\u00f0 hann var ekki konungur \u00cdsraels hurfu \u00feeir fr\u00e1 honum.<br \/> <a name=\"33\"><span class=\"versanumer_2007\">33<\/span><\/a> Ma\u00f0ur nokkur spennti boga, skaut af handah\u00f3fi og hitti \u00cdsraelskonung milli brynbeltis og pansara. Konungur sag\u00f0i \u00fe\u00e1 vi\u00f0 vagnstj\u00f3ra sinn: \u201eSn\u00fa\u00f0u vi\u00f0 og far\u00f0u me\u00f0 mig \u00far bardaganum \u00fev\u00ed a\u00f0 \u00e9g er s\u00e1r.\u201c <a name=\"34\"><span class=\"versanumer_2007\">34<\/span><\/a> \u00de\u00f3 a\u00f0 orrustan magna\u00f0ist \u00feennan dag st\u00f3\u00f0 konungurinn uppr\u00e9ttur \u00ed vagninum allt til kv\u00f6lds. Vi\u00f0 s\u00f3larlag anda\u00f0ist hann.<\/p>\n","protected":false},"excerpt":{"rendered":"<p>J\u00f3safat og Akab 1 J\u00f3safat hlaut b\u00e6\u00f0i mikinn au\u00f0 og vir\u00f0ingu og m\u00e6g\u00f0ist vi\u00f0 Akab. 2 Nokkrum \u00e1rum s\u00ed\u00f0ar f\u00f3r hann ni\u00f0ur eftir til Akabs \u00ed Samar\u00edu og l\u00e9t Akab \u00fe\u00e1 sl\u00e1tra fj\u00f6lda fj\u00e1r og nauta handa honum og fylgdarli\u00f0i hans. \u00dev\u00ed n\u00e6st taldi Akab hann \u00e1 a\u00f0 fara me\u00f0 s\u00e9r upp til Ram\u00f3t \u00ed G\u00edlea\u00f0. 3 Akab \u00cdsraelskonungur sag\u00f0i \u00fe\u00e1 vi\u00f0 J\u00f3safat J\u00fadakonung: \u201eVilt \u00fe\u00fa koma me\u00f0 m\u00e9r til Ram\u00f3t \u00ed G\u00edlea\u00f0?\u201c J\u00f3safat svara\u00f0i: \u201e\u00c9g fer me\u00f0 \u00fe\u00e9r \u00ed str\u00ed\u00f0i\u00f0, m\u00edn \u00fej\u00f3\u00f0 me\u00f0 \u00feinni \u00fej\u00f3\u00f0.\u201c 4 J\u00f3safat sag\u00f0i vi\u00f0 \u00cdsraelskonung: \u201eLeita\u00f0u n\u00fa \u00ed dag svara fr\u00e1 Drottni.\u201c 5 \u00cdsraelskonungur <a href=\"https:\/\/biblian.is\/biblian\/sidari-kronikubok-18-kafli\/\"> [&#8230;]<\/a><\/p>\n","protected":false},"author":1,"featured_media":0,"parent":0,"menu_order":0,"comment_status":"open","ping_status":"open","template":"bibliukaflar_NT.php","meta":{"footnotes":""},"class_list":["post-2002","page","type-page","status-publish","hentry"],"_links":{"self":[{"href":"https:\/\/biblian.is\/biblian\/wp-json\/wp\/v2\/pages\/2002","targetHints":{"allow":["GET"]}}],"collection":[{"href":"https:\/\/biblian.is\/biblian\/wp-json\/wp\/v2\/pages"}],"about":[{"href":"https:\/\/biblian.is\/biblian\/wp-json\/wp\/v2\/types\/page"}],"author":[{"embeddable":true,"href":"https:\/\/biblian.is\/biblian\/wp-json\/wp\/v2\/users\/1"}],"replies":[{"embeddable":true,"href":"https:\/\/biblian.is\/biblian\/wp-json\/wp\/v2\/comments?post=2002"}],"version-history":[{"count":0,"href":"https:\/\/biblian.is\/biblian\/wp-json\/wp\/v2\/pages\/2002\/revisions"}],"wp:attachment":[{"href":"https:\/\/biblian.is\/biblian\/wp-json\/wp\/v2\/media?parent=2002"}],"curies":[{"name":"wp","href":"https:\/\/api.w.org\/{rel}","templated":true}]}}