{"id":2001,"date":"2017-12-30T21:01:20","date_gmt":"2017-12-30T21:01:20","guid":{"rendered":"http:\/\/biblian.is\/biblian\/s%c2%92_ari-kron%c2%92kub%c2%97k-17-kafli\/"},"modified":"2024-06-26T23:21:12","modified_gmt":"2024-06-26T23:21:12","slug":"sidari-kronikubok-17-kafli","status":"publish","type":"page","link":"https:\/\/biblian.is\/biblian\/sidari-kronikubok-17-kafli\/","title":{"rendered":"S\u00ed\u00f0ari kron\u00edkub\u00f3k 17. kafli"},"content":{"rendered":"<h3 class=\"millifyrirsogn_2007\"> J\u00f3safat konungur J\u00fada<\/h3>\n<p><a name=\"1\"><span class=\"versanumer_2007\">1<\/span><\/a> J\u00f3safat, sonur Asa, var\u00f0 konungur eftir hann og ger\u00f0ist voldugur \u00ed \u00cdsrael. <a name=\"2\"><span class=\"versanumer_2007\">2<\/span><\/a> Hann flutti herli\u00f0 til allra v\u00edggirtra borga \u00ed J\u00fada og kom fyrir setuli\u00f0i \u00ed J\u00fada og borgum Efra\u00edms sem Asa, fa\u00f0ir hans, haf\u00f0i teki\u00f0.<br \/> <a name=\"3\"><span class=\"versanumer_2007\">3<\/span><\/a> Drottinn var me\u00f0 J\u00f3safat af \u00fev\u00ed a\u00f0 hann fylgdi ford\u00e6mi Dav\u00ed\u00f0s, forf\u00f6\u00f0ur s\u00edns. Hann leita\u00f0i ekki til Baalanna <a name=\"4\"><span class=\"versanumer_2007\">4<\/span><\/a> heldur til Gu\u00f0s, f\u00f6\u00f0ur s\u00edns. Hann fylgdi bo\u00f0um hans og heg\u00f0a\u00f0i s\u00e9r ekki eins og \u00cdsraelsmenn. <a name=\"5\"><span class=\"versanumer_2007\">5<\/span><\/a> \u00deess vegna efldi Drottinn konungd\u00f3minn \u00ed hendi hans. Allir J\u00fadamenn f\u00e6r\u00f0u J\u00f3safat gjafir svo a\u00f0 hann hlaut mikil au\u00f0\u00e6fi og mikla vegsemd. <a name=\"6\"><span class=\"versanumer_2007\">6<\/span><\/a> Hann var kappsamur \u00ed \u00fej\u00f3nustu sinni vi\u00f0 Drottin og fjarl\u00e6g\u00f0i einnig f\u00f3rnarh\u00e6\u00f0irnar og As\u00e9rust\u00f3lpana fr\u00e1 J\u00fada.<br \/> <a name=\"7\"><span class=\"versanumer_2007\">7<\/span><\/a> \u00c1 \u00feri\u00f0ja stj\u00f3rnar\u00e1ri s\u00ednu sendi hann Benha\u00edl, \u00d3bad\u00eda, Sakar\u00eda, Netaneel og M\u00edkaja, emb\u00e6ttismenn s\u00edna, til a\u00f0 kenna \u00ed borgum J\u00fada. <a name=\"8\"><span class=\"versanumer_2007\">8<\/span><\/a> Me\u00f0 \u00feeim sendi hann Lev\u00edtana Semaja, Netanja, Sebadja, Asahel, Sem\u00edram\u00f3t, J\u00f3natan, Ad\u00f3n\u00eda, Tob\u00eda og Tob Ad\u00f3n\u00eda \u00e1samt prestunum El\u00edsama og J\u00f3ram. <a name=\"9\"><span class=\"versanumer_2007\">9<\/span><\/a> \u00deegar \u00feeir kenndu \u00ed J\u00fada h\u00f6f\u00f0u \u00feeir me\u00f0 s\u00e9r l\u00f6gm\u00e1lsb\u00f3k Drottins og f\u00f3ru um allar borgir J\u00fada og kenndu f\u00f3lkinu.<br \/> <a name=\"10\"><span class=\"versanumer_2007\">10<\/span><\/a> Drottinn l\u00e9t skelfingu koma yfir \u00f6ll konungsr\u00edkin umhverfis J\u00fada svo a\u00f0 \u00feau \u00feor\u00f0u ekki a\u00f0 r\u00e1\u00f0ast \u00e1 J\u00f3safat. <a name=\"11\"><span class=\"versanumer_2007\">11<\/span><\/a> Filistear f\u00e6r\u00f0u J\u00f3safat miki\u00f0 silfur \u00ed skatt. Arabar f\u00e6r\u00f0u honum einnig f\u00e9na\u00f0, sj\u00f6 \u00fe\u00fasund og sj\u00f6 hundru\u00f0 hr\u00fata og sj\u00f6 \u00fe\u00fasund og sj\u00f6 hundru\u00f0 geithafra.<br \/> <a name=\"12\"><span class=\"versanumer_2007\">12<\/span><\/a> \u00deannig var\u00f0 J\u00f3safat \u00e6 voldugri. Hann reisti virki og vistaborgir \u00ed J\u00fada <a name=\"13\"><span class=\"versanumer_2007\">13<\/span><\/a> og \u00e1tti miklar vistir \u00fear.<br \/>J\u00f3safat haf\u00f0i hrausta hermenn \u00ed Jer\u00fasalem <a name=\"14\"><span class=\"versanumer_2007\">14<\/span><\/a> og gegndu \u00feeir \u00fej\u00f3nustu eftir \u00e6tterni. Adna yfirforingi stj\u00f3rna\u00f0i foringjum \u00fe\u00fasund manna li\u00f0a fr\u00e1 J\u00fada. Undir stj\u00f3rn hans voru \u00ferj\u00fa hundru\u00f0 \u00fe\u00fasund hraustir hermenn. <a name=\"15\"><span class=\"versanumer_2007\">15<\/span><\/a> N\u00e6stur honum var foringinn J\u00f3hanan. Undir stj\u00f3rn hans voru tv\u00f6 hundru\u00f0 og \u00e1ttat\u00edu \u00fe\u00fasund hermenn. <a name=\"16\"><span class=\"versanumer_2007\">16<\/span><\/a> N\u00e6stur honum var Amasja S\u00edkr\u00edson sem haf\u00f0i gengi\u00f0 til li\u00f0s vi\u00f0 Drottin a\u00f0 eigin frumkv\u00e6\u00f0i. Undir hans stj\u00f3rn voru tv\u00f6 hundru\u00f0 \u00fe\u00fasund hraustir hermenn. <a name=\"17\"><span class=\"versanumer_2007\">17<\/span><\/a> Fr\u00e1 Benjam\u00edn kom Eljada, hraustur herma\u00f0ur. Undir stj\u00f3rn hans voru tv\u00f6 hundru\u00f0 \u00fe\u00fasund hermenn, vopna\u00f0ir bogum og skj\u00f6ldum. <a name=\"18\"><span class=\"versanumer_2007\">18<\/span><\/a> N\u00e6stur honum var J\u00f3sabad. Undir stj\u00f3rn hans voru hundra\u00f0 og \u00e1ttat\u00edu \u00fe\u00fasund menn, b\u00fanir til her\u00fej\u00f3nustu.<br \/> <a name=\"19\"><span class=\"versanumer_2007\">19<\/span><\/a> \u00deetta voru \u00feeir sem \u00fej\u00f3nu\u00f0u konungi auk \u00feeirra sem hann haf\u00f0i komi\u00f0 fyrir \u00ed v\u00edggirtu borgunum hvarvetna \u00ed J\u00fada.<\/p>\n","protected":false},"excerpt":{"rendered":"<p>J\u00f3safat konungur J\u00fada 1 J\u00f3safat, sonur Asa, var\u00f0 konungur eftir hann og ger\u00f0ist voldugur \u00ed \u00cdsrael. 2 Hann flutti herli\u00f0 til allra v\u00edggirtra borga \u00ed J\u00fada og kom fyrir setuli\u00f0i \u00ed J\u00fada og borgum Efra\u00edms sem Asa, fa\u00f0ir hans, haf\u00f0i teki\u00f0. 3 Drottinn var me\u00f0 J\u00f3safat af \u00fev\u00ed a\u00f0 hann fylgdi ford\u00e6mi Dav\u00ed\u00f0s, forf\u00f6\u00f0ur s\u00edns. Hann leita\u00f0i ekki til Baalanna 4 heldur til Gu\u00f0s, f\u00f6\u00f0ur s\u00edns. Hann fylgdi bo\u00f0um hans og heg\u00f0a\u00f0i s\u00e9r ekki eins og \u00cdsraelsmenn. 5 \u00deess vegna efldi Drottinn konungd\u00f3minn \u00ed hendi hans. Allir J\u00fadamenn f\u00e6r\u00f0u J\u00f3safat gjafir svo a\u00f0 hann hlaut mikil au\u00f0\u00e6fi og mikla vegsemd. <a href=\"https:\/\/biblian.is\/biblian\/sidari-kronikubok-17-kafli\/\"> [&#8230;]<\/a><\/p>\n","protected":false},"author":1,"featured_media":0,"parent":0,"menu_order":0,"comment_status":"open","ping_status":"open","template":"bibliukaflar_NT.php","meta":{"footnotes":""},"class_list":["post-2001","page","type-page","status-publish","hentry"],"_links":{"self":[{"href":"https:\/\/biblian.is\/biblian\/wp-json\/wp\/v2\/pages\/2001","targetHints":{"allow":["GET"]}}],"collection":[{"href":"https:\/\/biblian.is\/biblian\/wp-json\/wp\/v2\/pages"}],"about":[{"href":"https:\/\/biblian.is\/biblian\/wp-json\/wp\/v2\/types\/page"}],"author":[{"embeddable":true,"href":"https:\/\/biblian.is\/biblian\/wp-json\/wp\/v2\/users\/1"}],"replies":[{"embeddable":true,"href":"https:\/\/biblian.is\/biblian\/wp-json\/wp\/v2\/comments?post=2001"}],"version-history":[{"count":0,"href":"https:\/\/biblian.is\/biblian\/wp-json\/wp\/v2\/pages\/2001\/revisions"}],"wp:attachment":[{"href":"https:\/\/biblian.is\/biblian\/wp-json\/wp\/v2\/media?parent=2001"}],"curies":[{"name":"wp","href":"https:\/\/api.w.org\/{rel}","templated":true}]}}