{"id":1999,"date":"2017-12-30T21:01:20","date_gmt":"2017-12-30T21:01:20","guid":{"rendered":"http:\/\/biblian.is\/biblian\/s%c2%92_ari-kron%c2%92kub%c2%97k-15-kafli\/"},"modified":"2024-06-26T23:21:12","modified_gmt":"2024-06-26T23:21:12","slug":"sidari-kronikubok-15-kafli","status":"publish","type":"page","link":"https:\/\/biblian.is\/biblian\/sidari-kronikubok-15-kafli\/","title":{"rendered":"S\u00ed\u00f0ari kron\u00edkub\u00f3k 15. kafli"},"content":{"rendered":"<h3 class=\"millifyrirsogn_2007\"> Si\u00f0b\u00f3t Asa<\/h3>\n<p><a name=\"1\"><span class=\"versanumer_2007\">1<\/span><\/a> Andi Gu\u00f0s kom yfir Asarja \u00d3de\u00f0sson. <a name=\"2\"><span class=\"versanumer_2007\">2<\/span><\/a> Hann gekk \u00fe\u00e1 fyrir Asa og sag\u00f0i: \u201eHlusti\u00f0 \u00e1 mig, Asa og allir \u00edb\u00faar \u00ed J\u00fada og Benjam\u00edn. Drottinn er me\u00f0 ykkur \u00e1 me\u00f0an \u00fei\u00f0 eru\u00f0 me\u00f0 honum. Ef \u00fei\u00f0 leiti\u00f0 til hans l\u00e6tur hann ykkur finna sig en ef \u00fei\u00f0 yfirgefi\u00f0 hann yfirgefur hann ykkur. <a name=\"3\"><span class=\"versanumer_2007\">3<\/span><\/a> \u00cdsraelsmenn voru lengi \u00e1n hins sanna Gu\u00f0s, \u00e1n presta sem kenndu og \u00e1n l\u00f6gm\u00e1ls. <a name=\"4\"><span class=\"versanumer_2007\">4<\/span><\/a> \u00cd ney\u00f0 sinni sneru \u00feeir s\u00e9r til Drottins, Gu\u00f0s \u00cdsraels. \u00deeir leitu\u00f0u hans og hann l\u00e9t \u00fe\u00e1 finna sig. <a name=\"5\"><span class=\"versanumer_2007\">5<\/span><\/a> Um \u00fe\u00e6r mundir gat enginn, sem f\u00f3r e\u00f0a kom, veri\u00f0 \u00f6ruggur af \u00fev\u00ed a\u00f0 \u00f3\u00f6ld r\u00edkti me\u00f0al \u00edb\u00faa landanna. <a name=\"6\"><span class=\"versanumer_2007\">6<\/span><\/a> \u00dej\u00f3\u00f0 r\u00e9\u00f0st \u00e1 \u00fej\u00f3\u00f0 og borg \u00e1 borg af \u00fev\u00ed a\u00f0 Gu\u00f0 olli uppn\u00e1mi me\u00f0al \u00feeirra me\u00f0 hvers konar nau\u00f0um. <a name=\"7\"><span class=\"versanumer_2007\">7<\/span><\/a> En veri\u00f0 hughraustir. L\u00e1ti\u00f0 ykkur ekki fallast hendur \u00fev\u00ed a\u00f0 ykkur ver\u00f0ur umbuna\u00f0 fyrir verk ykkar.\u201c<br \/> <a name=\"8\"><span class=\"versanumer_2007\">8<\/span><\/a> \u00deegar Asa haf\u00f0i hl\u00fdtt \u00e1 \u00feessi or\u00f0 og bo\u00f0skap Asarja sp\u00e1manns \u00d3de\u00f0ssonar herti hann upp hugann og fjarl\u00e6g\u00f0i \u00f6ll skur\u00f0go\u00f0 \u00far landi J\u00fada og Benjam\u00edns og borgunum sem hann haf\u00f0i teki\u00f0 \u00e1 Efra\u00edmsfj\u00f6llum. Hann endurn\u00fdja\u00f0i einnig altari\u00f0 sem st\u00f3\u00f0 fyrir framan forsal Drottins. <a name=\"9\"><span class=\"versanumer_2007\">9<\/span><\/a> \u00dev\u00ed n\u00e6st stefndi hann saman \u00f6llum \u00e6ttb\u00e1lkum J\u00fada og Benjam\u00edns og \u00feeim af \u00e6ttb\u00e1lkum Efra\u00edms, Manasse og S\u00edmeons sem h\u00f6f\u00f0u leita\u00f0 h\u00e6lis hj\u00e1 \u00feeim. En margir fr\u00e1 \u00cdsrael h\u00f6f\u00f0u flust til hans \u00feegar \u00feeim var\u00f0 lj\u00f3st a\u00f0 Drottinn, Gu\u00f0 hans, var me\u00f0 honum.<br \/> <a name=\"10\"><span class=\"versanumer_2007\">10<\/span><\/a> \u00deeir s\u00f6fnu\u00f0ust saman \u00ed Jer\u00fasalem \u00ed \u00feri\u00f0ja m\u00e1nu\u00f0i fimmt\u00e1nda \u00e1rs konungd\u00f3ms Asa. <a name=\"11\"><span class=\"versanumer_2007\">11<\/span><\/a> \u00c1 \u00feeim degi f\u00f3rnu\u00f0u \u00feeir Drottni sj\u00f6 hundru\u00f0 nautum og sj\u00f6 \u00fe\u00fasund sau\u00f0um. \u00deeir f\u00e6r\u00f0u \u00feessar f\u00f3rnir af herfanginu. <a name=\"12\"><span class=\"versanumer_2007\">12<\/span><\/a> \u00de\u00e1 skuldbundu \u00feeir sig til a\u00f0 leita Drottins, Gu\u00f0s fe\u00f0ra sinna, af \u00f6llu hjarta og allri s\u00e1lu sinni. <a name=\"13\"><span class=\"versanumer_2007\">13<\/span><\/a> En hver s\u00e1 sem ekki leita\u00f0i Drottins, Gu\u00f0s \u00cdsraels, skyldi tekinn af l\u00edfi, hvort heldur hann var st\u00f3r e\u00f0a l\u00edtill, karl e\u00f0a kona. <a name=\"14\"><span class=\"versanumer_2007\">14<\/span><\/a> \u00deetta s\u00f3ru \u00feeir Drottni h\u00e1rri r\u00f6ddu og me\u00f0 fagna\u00f0ar\u00f3pi og bl\u00e6stri \u00ed l\u00fa\u00f0ra og hafurshorn. <a name=\"15\"><span class=\"versanumer_2007\">15<\/span><\/a> Allir J\u00fadamenn gl\u00f6ddust vegna \u00feessa ei\u00f0s af \u00fev\u00ed a\u00f0 \u00feeir h\u00f6f\u00f0u svari\u00f0 af \u00f6llu hjarta. \u00deeir leitu\u00f0u Drottins heils hugar og hann l\u00e9t \u00fe\u00e1 finna sig. Drottinn veitti \u00feeim fri\u00f0 allt um kring.<br \/> <a name=\"16\"><span class=\"versanumer_2007\">16<\/span><\/a> Asa svipti jafnvel Ma\u00f6ku, m\u00f3\u00f0ur s\u00edna, tign sinni sem konungsm\u00f3\u00f0ur af \u00fev\u00ed a\u00f0 h\u00fan haf\u00f0i l\u00e1ti\u00f0 gera vi\u00f0urstyggilega mynd af As\u00e9ru. Asa hj\u00f3 mynd hennar \u00ed sundur, muldi hana ni\u00f0ur og brenndi \u00ed Kedrondal. <a name=\"17\"><span class=\"versanumer_2007\">17<\/span><\/a> A\u00f0 v\u00edsu hurfu f\u00f3rnarh\u00e6\u00f0irnar ekki \u00far \u00cdsrael en samt var Asa heils hugar \u00ed afst\u00f6\u00f0u sinni alla \u00e6vi. <a name=\"18\"><span class=\"versanumer_2007\">18<\/span><\/a> Hann flutti einnig helgigjafir f\u00f6\u00f0ur s\u00edns og eigin helgigjafir \u00ed h\u00fas Gu\u00f0s, b\u00e6\u00f0i silfur og gull og \u00fdmis \u00e1h\u00f6ld.<br \/> <a name=\"19\"><span class=\"versanumer_2007\">19<\/span><\/a> Ekkert str\u00ed\u00f0 var\u00f0 allt til \u00fer\u00edtugasta og fimmta stj\u00f3rnar\u00e1rs Asa.<\/p>\n","protected":false},"excerpt":{"rendered":"<p>Si\u00f0b\u00f3t Asa 1 Andi Gu\u00f0s kom yfir Asarja \u00d3de\u00f0sson. 2 Hann gekk \u00fe\u00e1 fyrir Asa og sag\u00f0i: \u201eHlusti\u00f0 \u00e1 mig, Asa og allir \u00edb\u00faar \u00ed J\u00fada og Benjam\u00edn. Drottinn er me\u00f0 ykkur \u00e1 me\u00f0an \u00fei\u00f0 eru\u00f0 me\u00f0 honum. Ef \u00fei\u00f0 leiti\u00f0 til hans l\u00e6tur hann ykkur finna sig en ef \u00fei\u00f0 yfirgefi\u00f0 hann yfirgefur hann ykkur. 3 \u00cdsraelsmenn voru lengi \u00e1n hins sanna Gu\u00f0s, \u00e1n presta sem kenndu og \u00e1n l\u00f6gm\u00e1ls. 4 \u00cd ney\u00f0 sinni sneru \u00feeir s\u00e9r til Drottins, Gu\u00f0s \u00cdsraels. \u00deeir leitu\u00f0u hans og hann l\u00e9t \u00fe\u00e1 finna sig. 5 Um \u00fe\u00e6r mundir gat enginn, sem f\u00f3r e\u00f0a <a href=\"https:\/\/biblian.is\/biblian\/sidari-kronikubok-15-kafli\/\"> [&#8230;]<\/a><\/p>\n","protected":false},"author":1,"featured_media":0,"parent":0,"menu_order":0,"comment_status":"open","ping_status":"open","template":"bibliukaflar_NT.php","meta":{"footnotes":""},"class_list":["post-1999","page","type-page","status-publish","hentry"],"_links":{"self":[{"href":"https:\/\/biblian.is\/biblian\/wp-json\/wp\/v2\/pages\/1999","targetHints":{"allow":["GET"]}}],"collection":[{"href":"https:\/\/biblian.is\/biblian\/wp-json\/wp\/v2\/pages"}],"about":[{"href":"https:\/\/biblian.is\/biblian\/wp-json\/wp\/v2\/types\/page"}],"author":[{"embeddable":true,"href":"https:\/\/biblian.is\/biblian\/wp-json\/wp\/v2\/users\/1"}],"replies":[{"embeddable":true,"href":"https:\/\/biblian.is\/biblian\/wp-json\/wp\/v2\/comments?post=1999"}],"version-history":[{"count":0,"href":"https:\/\/biblian.is\/biblian\/wp-json\/wp\/v2\/pages\/1999\/revisions"}],"wp:attachment":[{"href":"https:\/\/biblian.is\/biblian\/wp-json\/wp\/v2\/media?parent=1999"}],"curies":[{"name":"wp","href":"https:\/\/api.w.org\/{rel}","templated":true}]}}