{"id":1998,"date":"2017-12-30T21:01:20","date_gmt":"2017-12-30T21:01:20","guid":{"rendered":"http:\/\/biblian.is\/biblian\/s%c2%92_ari-kron%c2%92kub%c2%97k-14-kafli\/"},"modified":"2024-06-26T23:21:12","modified_gmt":"2024-06-26T23:21:12","slug":"sidari-kronikubok-14-kafli","status":"publish","type":"page","link":"https:\/\/biblian.is\/biblian\/sidari-kronikubok-14-kafli\/","title":{"rendered":"S\u00ed\u00f0ari kron\u00edkub\u00f3k 14. kafli"},"content":{"rendered":"<h3 class=\"millifyrirsogn_2007\"> Asa konungur J\u00fada<\/h3>\n<p><a name=\"1\"><span class=\"versanumer_2007\">1<\/span><\/a> Asa ger\u00f0i \u00fea\u00f0 sem gott var og r\u00e9tt \u00ed augum Drottins, Gu\u00f0s s\u00edns. <a name=\"2\"><span class=\"versanumer_2007\">2<\/span><\/a> Hann l\u00e9t fjarl\u00e6gja \u00fatlend \u00f6lturu og f\u00f3rnarh\u00e6\u00f0irnar, braut merkisteinana og hj\u00f3 ni\u00f0ur As\u00e9rust\u00f3lpana. <a name=\"3\"><span class=\"versanumer_2007\">3<\/span><\/a> Hann skipa\u00f0i J\u00fadam\u00f6nnum a\u00f0 leita Drottins, Gu\u00f0s fe\u00f0ra sinna, og framfylgja l\u00f6gm\u00e1linu og bo\u00f0or\u00f0unum. <a name=\"4\"><span class=\"versanumer_2007\">4<\/span><\/a> \u00dear sem hann fjarl\u00e6g\u00f0i f\u00f3rnarh\u00e6\u00f0irnar og reykelsis\u00f6lturun \u00far \u00f6llum borgum J\u00fada naut r\u00edki\u00f0 fri\u00f0ar undir hans stj\u00f3rn.<br \/> <a name=\"5\"><span class=\"versanumer_2007\">5<\/span><\/a> Fri\u00f0ur var \u00ed landinu og enginn f\u00f3r me\u00f0 str\u00ed\u00f0 \u00e1 hendur Asa \u00e1 \u00feessum \u00e1rum og \u00fev\u00ed gat hann reist v\u00edggirtar borgir \u00ed J\u00fada. \u00dear sem Drottinn haf\u00f0i veitt honum fri\u00f0 <a name=\"6\"><span class=\"versanumer_2007\">6<\/span><\/a> sag\u00f0i hann vi\u00f0 J\u00fadamenn: \u201eVi\u00f0 skulum v\u00edggir\u00f0a \u00feessar borgir me\u00f0 \u00fev\u00ed a\u00f0 reisa umhverfis \u00fe\u00e6r m\u00fara, turna og hli\u00f0<span class=\"nedan_mal\" title=\" Hli\u00f0 voru s\u00e9rstakar byggingar.\">[<\/span> me\u00f0 slagbr\u00f6ndum \u00e1 me\u00f0an vi\u00f0 h\u00f6fum landi\u00f0 enn \u00e1 valdi okkar. Af \u00fev\u00ed a\u00f0 vi\u00f0 h\u00f6fum leita\u00f0 Drottins, Gu\u00f0s okkar, heils hugar veitti hann okkur fri\u00f0 \u00e1 alla vegu.\u201c \u00deeir t\u00f3ku \u00fev\u00ed a\u00f0 reisa og var\u00f0 vel \u00e1gengt.<br \/> <a name=\"7\"><span class=\"versanumer_2007\">7<\/span><\/a> Asa haf\u00f0i \u00ferj\u00fa hundru\u00f0 \u00fe\u00fasund manna herli\u00f0 fr\u00e1 J\u00fada, vopna\u00f0 skj\u00f6ldum og lensum, og tv\u00f6 hundru\u00f0 og \u00e1ttat\u00edu \u00fe\u00fasund manna herli\u00f0 fr\u00e1 Benjam\u00edn, vopna\u00f0 l\u00e9ttum skj\u00f6ldum og bogum. Allt voru \u00feetta hraustir hermenn.<br \/> <a name=\"8\"><span class=\"versanumer_2007\">8<\/span><\/a> Serak fr\u00e1 K\u00fas<span class=\"nedan_mal\" title=\" K\u00fas er \u00ed Gamla testamentinu oftast haft um E\u00fe\u00ed\u00f3p\u00edu.\">[<\/span> h\u00e9lt gegn \u00feeim me\u00f0 millj\u00f3n manna her og \u00ferj\u00fa hundru\u00f0 str\u00ed\u00f0svagna.<br \/>\u00deegar hann var kominn til Maresa <a name=\"9\"><span class=\"versanumer_2007\">9<\/span><\/a> h\u00e9lt Asa \u00e1 m\u00f3ti honum. \u00deeir fylktu til orrustu \u00ed dalnum nor\u00f0an vi\u00f0 Maresa. <a name=\"10\"><span class=\"versanumer_2007\">10<\/span><\/a> \u00de\u00e1 ba\u00f0 Asa til Drottins, Gu\u00f0s s\u00edns, og sag\u00f0i: \u201eDrottinn, enginn getur hj\u00e1lpa\u00f0 veikum gegn sterkum eins og \u00fe\u00fa. Hj\u00e1lpa \u00fe\u00fa okkur, Drottinn, Gu\u00f0 okkar, \u00fev\u00ed a\u00f0 vi\u00f0 sty\u00f0jumst vi\u00f0 \u00feig. \u00cd \u00fe\u00ednu nafni h\u00f6ldum vi\u00f0 gegn \u00feessum fj\u00f6lmenna her. Drottinn, \u00fe\u00fa ert Gu\u00f0 okkar, enginn ma\u00f0ur getur hindra\u00f0 \u00feig.\u201c<br \/> <a name=\"11\"><span class=\"versanumer_2007\">11<\/span><\/a> \u00de\u00e1 sigra\u00f0i Drottinn K\u00fass\u00edtana frammi fyrir Asa og J\u00fadam\u00f6nnum og K\u00fass\u00edtarnir l\u00f6g\u00f0u \u00e1 fl\u00f3tta. <a name=\"12\"><span class=\"versanumer_2007\">12<\/span><\/a> Asa og hermenn hans r\u00e1ku fl\u00f3ttann allt til Gerar. K\u00fass\u00edtar voru gersigra\u00f0ir og bi\u00f0u \u00feess ekki b\u00e6tur. \u00deeir guldu afhro\u00f0 fyrir Drottni og her hans. J\u00fadamenn t\u00f3ku g\u00edfurlegt herfang. <a name=\"13\"><span class=\"versanumer_2007\">13<\/span><\/a> \u00deeir r\u00e9\u00f0ust \u00e1 allar borgirnar umhverfis Gerar \u00fev\u00ed a\u00f0 Drottinn haf\u00f0i fyllt \u00fe\u00e6r \u00f3tta. J\u00fadamenn r\u00e6ndu allar borgirnar \u00fev\u00ed a\u00f0 \u00fear var mikinn r\u00e1nsfeng a\u00f0 hafa. <a name=\"14\"><span class=\"versanumer_2007\">14<\/span><\/a> \u00deeir r\u00e9\u00f0ust einnig \u00e1 \u00fe\u00e1 sem \u00e1ttu nautgripi og t\u00f3ku me\u00f0 s\u00e9r fj\u00f6lda sau\u00f0fj\u00e1r og \u00falfalda. \u00dev\u00ed n\u00e6st sneru \u00feeir aftur heim til Jer\u00fasalem.<\/p>\n","protected":false},"excerpt":{"rendered":"<p>Asa konungur J\u00fada 1 Asa ger\u00f0i \u00fea\u00f0 sem gott var og r\u00e9tt \u00ed augum Drottins, Gu\u00f0s s\u00edns. 2 Hann l\u00e9t fjarl\u00e6gja \u00fatlend \u00f6lturu og f\u00f3rnarh\u00e6\u00f0irnar, braut merkisteinana og hj\u00f3 ni\u00f0ur As\u00e9rust\u00f3lpana. 3 Hann skipa\u00f0i J\u00fadam\u00f6nnum a\u00f0 leita Drottins, Gu\u00f0s fe\u00f0ra sinna, og framfylgja l\u00f6gm\u00e1linu og bo\u00f0or\u00f0unum. 4 \u00dear sem hann fjarl\u00e6g\u00f0i f\u00f3rnarh\u00e6\u00f0irnar og reykelsis\u00f6lturun \u00far \u00f6llum borgum J\u00fada naut r\u00edki\u00f0 fri\u00f0ar undir hans stj\u00f3rn. 5 Fri\u00f0ur var \u00ed landinu og enginn f\u00f3r me\u00f0 str\u00ed\u00f0 \u00e1 hendur Asa \u00e1 \u00feessum \u00e1rum og \u00fev\u00ed gat hann reist v\u00edggirtar borgir \u00ed J\u00fada. \u00dear sem Drottinn haf\u00f0i veitt honum fri\u00f0 6 sag\u00f0i hann vi\u00f0 <a href=\"https:\/\/biblian.is\/biblian\/sidari-kronikubok-14-kafli\/\"> [&#8230;]<\/a><\/p>\n","protected":false},"author":1,"featured_media":0,"parent":0,"menu_order":0,"comment_status":"open","ping_status":"open","template":"bibliukaflar_NT.php","meta":{"footnotes":""},"class_list":["post-1998","page","type-page","status-publish","hentry"],"_links":{"self":[{"href":"https:\/\/biblian.is\/biblian\/wp-json\/wp\/v2\/pages\/1998","targetHints":{"allow":["GET"]}}],"collection":[{"href":"https:\/\/biblian.is\/biblian\/wp-json\/wp\/v2\/pages"}],"about":[{"href":"https:\/\/biblian.is\/biblian\/wp-json\/wp\/v2\/types\/page"}],"author":[{"embeddable":true,"href":"https:\/\/biblian.is\/biblian\/wp-json\/wp\/v2\/users\/1"}],"replies":[{"embeddable":true,"href":"https:\/\/biblian.is\/biblian\/wp-json\/wp\/v2\/comments?post=1998"}],"version-history":[{"count":0,"href":"https:\/\/biblian.is\/biblian\/wp-json\/wp\/v2\/pages\/1998\/revisions"}],"wp:attachment":[{"href":"https:\/\/biblian.is\/biblian\/wp-json\/wp\/v2\/media?parent=1998"}],"curies":[{"name":"wp","href":"https:\/\/api.w.org\/{rel}","templated":true}]}}