{"id":1997,"date":"2017-12-30T21:01:15","date_gmt":"2017-12-30T21:01:15","guid":{"rendered":"http:\/\/biblian.is\/biblian\/s%c2%92_ari-kron%c2%92kub%c2%97k-13-kafli\/"},"modified":"2024-06-26T23:21:12","modified_gmt":"2024-06-26T23:21:12","slug":"sidari-kronikubok-13-kafli","status":"publish","type":"page","link":"https:\/\/biblian.is\/biblian\/sidari-kronikubok-13-kafli\/","title":{"rendered":"S\u00ed\u00f0ari kron\u00edkub\u00f3k 13. kafli"},"content":{"rendered":"<h3 class=\"millifyrirsogn_2007\"> Ab\u00eda konungur J\u00fada<\/h3>\n<p><a name=\"1\"><span class=\"versanumer_2007\">1<\/span><\/a> \u00c1 \u00e1tj\u00e1nda stj\u00f3rnar\u00e1ri Jer\u00f3b\u00f3ams konungs var\u00f0 Ab\u00eda konungur \u00ed J\u00fada. <a name=\"2\"><span class=\"versanumer_2007\">2<\/span><\/a> Hann r\u00edkti \u00ferj\u00fa \u00e1r \u00ed Jer\u00fasalem. M\u00f3\u00f0ir hans h\u00e9t M\u00edkaja \u00dar\u00edelsd\u00f3ttir fr\u00e1 G\u00edbeu.<br \/>Til \u00f3fri\u00f0ar kom milli Ab\u00eda og Jer\u00f3b\u00f3ams. <a name=\"3\"><span class=\"versanumer_2007\">3<\/span><\/a> Ab\u00eda h\u00f3f str\u00ed\u00f0i\u00f0 me\u00f0 her \u00fej\u00e1lfa\u00f0ra str\u00ed\u00f0smanna, fj\u00f6gur hundru\u00f0 \u00fe\u00fasund manna einvalali\u00f0i. Jer\u00f3b\u00f3am fylkti gegn honum \u00e1tta hundru\u00f0 \u00fe\u00fasund manna \u00farvalsli\u00f0i, \u00fej\u00e1lfu\u00f0um str\u00ed\u00f0sm\u00f6nnum.<br \/> <a name=\"4\"><span class=\"versanumer_2007\">4<\/span><\/a> \u00de\u00e1 t\u00f3k Ab\u00eda s\u00e9r st\u00f6\u00f0u \u00e1 tindi Semara\u00edmfjalls, sem er \u00ed Efra\u00edmsfj\u00f6llum, og hr\u00f3pa\u00f0i: \u201eJer\u00f3b\u00f3am og allur \u00cdsrael, hl\u00fd\u00f0i\u00f0 \u00e1 mig. <a name=\"5\"><span class=\"versanumer_2007\">5<\/span><\/a> Viti\u00f0 \u00fei\u00f0 ekki a\u00f0 Drottinn, Gu\u00f0 \u00cdsraels, hefur veitt Dav\u00ed\u00f0 og ni\u00f0jum hans konungd\u00f3m yfir \u00cdsrael um alla framt\u00ed\u00f0 me\u00f0 salts\u00e1ttm\u00e1la?<span class=\"nedan_mal\" title=\" Stofna\u00f0 var til \u00f3rj\u00fafanlegs s\u00e1ttm\u00e1la me\u00f0 \u00fev\u00ed a\u00f0 neyta sama salts.\">[<\/span> <br \/> <a name=\"6\"><span class=\"versanumer_2007\">6<\/span><\/a> Jer\u00f3b\u00f3am Nebatsson, \u00fej\u00f3nn Sal\u00f3mons, sonar Dav\u00ed\u00f0s, reis samt upp og ger\u00f0i uppreisn gegn herra s\u00ednum. <a name=\"7\"><span class=\"versanumer_2007\">7<\/span><\/a> Lausingjar og hrakmenni s\u00f6fnu\u00f0ust a\u00f0 honum og \u00feeir ur\u00f0u Rehabeam, syni Sal\u00f3mons, \u00f6flugri. Rehabeam var ungur og \u00f3har\u00f0na\u00f0ur og gat ekki veitt \u00feeim vi\u00f0n\u00e1m. <a name=\"8\"><span class=\"versanumer_2007\">8<\/span><\/a> En n\u00fa \u00e6tli\u00f0 \u00fei\u00f0 a\u00f0 r\u00e1\u00f0ast gegn konungd\u00f3mi Drottins, sem er \u00ed hendi ni\u00f0ja Dav\u00ed\u00f0s, af \u00fev\u00ed a\u00f0 \u00fei\u00f0 eru\u00f0 fj\u00f6lmennir og gullk\u00e1lfarnir, sem Jer\u00f3b\u00f3am ger\u00f0i a\u00f0 gu\u00f0um ykkar, eru hj\u00e1 ykkur. <a name=\"9\"><span class=\"versanumer_2007\">9<\/span><\/a> Hafi\u00f0 \u00fei\u00f0 ekki reki\u00f0 burt presta Drottins, ni\u00f0ja Arons, og Lev\u00edtana og skipa\u00f0 ykkur presta sj\u00e1lfir eins og \u00fej\u00f3\u00f0ir \u00ed \u00f6\u00f0rum l\u00f6ndum? S\u00e9rhver, sem kom me\u00f0 ungt naut og sj\u00f6 geithafra til \u00feess a\u00f0 l\u00e1ta setja sig \u00ed prestsemb\u00e6tti, var\u00f0 prestur falsgu\u00f0anna. <a name=\"10\"><span class=\"versanumer_2007\">10<\/span><\/a> En Drottinn er Gu\u00f0 okkar og vi\u00f0 h\u00f6fum ekki yfirgefi\u00f0 hann. \u00deeir prestar, sem \u00fej\u00f3na Drottni, eru ni\u00f0jar Arons og Lev\u00edtarnir eru \u00ed \u00fej\u00f3nustu hans. <a name=\"11\"><span class=\"versanumer_2007\">11<\/span><\/a> Morgun eftir morgun og kv\u00f6ld eftir kv\u00f6ld f\u00e6ra \u00feeir Drottni brennif\u00f3rnir og ilmandi reykelsi og ra\u00f0a brau\u00f0um \u00e1 hi\u00f0 hreina bor\u00f0. \u00deeir kveikja \u00e1 l\u00f6mpum gulllj\u00f3sastikunnar kv\u00f6ld eftir kv\u00f6ld. \u00dev\u00ed a\u00f0 vi\u00f0 fylgjum fyrirm\u00e6lum Drottins, Gu\u00f0s okkar, en \u00fei\u00f0 hafi\u00f0 sn\u00fai\u00f0 baki vi\u00f0 honum. <a name=\"12\"><span class=\"versanumer_2007\">12<\/span><\/a> Taki\u00f0 eftir: Hinn sanni Gu\u00f0 er me\u00f0 okkur \u00ed broddi fylkingar. Prestar hans eru h\u00e9r me\u00f0 l\u00fa\u00f0rana, rei\u00f0ub\u00fanir a\u00f0 bl\u00e1sa til atl\u00f6gu. \u00cdsraelsmenn, berjist ekki gegn Drottni, Gu\u00f0i fe\u00f0ra ykkar, \u00fev\u00ed a\u00f0 ykkur mun ekkert ver\u00f0a \u00e1gengt.\u201c<br \/> <a name=\"13\"><span class=\"versanumer_2007\">13<\/span><\/a> Jer\u00f3b\u00f3am haf\u00f0i l\u00e1ti\u00f0 hluta li\u00f0s s\u00edns fara umhverfis J\u00fadamenn og koma aftan a\u00f0 \u00feeim. Meginherinn st\u00f3\u00f0 \u00fev\u00ed frammi fyrir J\u00fadam\u00f6nnum en launs\u00e1tursli\u00f0i\u00f0 a\u00f0 baki \u00feeim. <a name=\"14\"><span class=\"versanumer_2007\">14<\/span><\/a> \u00deegar J\u00fadamenn sneru s\u00e9r vi\u00f0 s\u00e1u \u00feeir a\u00f0 \u00feeim var bardagi b\u00fainn b\u00e6\u00f0i a\u00f0 baki og a\u00f0 framan. \u00de\u00e1 \u00e1k\u00f6llu\u00f0u \u00feeir Drottin og prestarnir bl\u00e9su \u00ed l\u00fa\u00f0rana. <a name=\"15\"><span class=\"versanumer_2007\">15<\/span><\/a> \u00dev\u00ed n\u00e6st lustu J\u00fadamenn upp her\u00f3pi. \u00c1 me\u00f0an J\u00fadamenn hr\u00f3pu\u00f0u sigra\u00f0i Drottinn Jer\u00f3b\u00f3am og allan \u00cdsrael frammi fyrir Ab\u00eda og J\u00fadam\u00f6nnum. <a name=\"16\"><span class=\"versanumer_2007\">16<\/span><\/a> \u00cdsraelsmenn l\u00f6g\u00f0u \u00e1 fl\u00f3tta undan J\u00fadam\u00f6nnum en Gu\u00f0 seldi \u00fe\u00e1 \u00ed hendur \u00feeim <a name=\"17\"><span class=\"versanumer_2007\">17<\/span><\/a> og Ab\u00eda og her hans vann \u00feeim miki\u00f0 tj\u00f3n. Af \u00cdsraelsm\u00f6nnum f\u00e9llu fimm hundru\u00f0 \u00fe\u00fasund \u00farvals hermenn. <a name=\"18\"><span class=\"versanumer_2007\">18<\/span><\/a> \u00deannig voru \u00cdsraelsmenn ni\u00f0url\u00e6g\u00f0ir \u00feessu sinni en J\u00fadamenn reyndust yfirsterkari af \u00fev\u00ed a\u00f0 \u00feeir studdust vi\u00f0 Drottin, Gu\u00f0 fe\u00f0ra sinna.<br \/> <a name=\"19\"><span class=\"versanumer_2007\">19<\/span><\/a> Ab\u00eda rak fl\u00f3tta Jer\u00f3b\u00f3ams og vann af honum nokkrar borgir: Betel, Jesana og Efron, \u00e1samt \u00feorpum \u00feeirra borga. <a name=\"20\"><span class=\"versanumer_2007\">20<\/span><\/a> Jer\u00f3b\u00f3am endurheimti ekki v\u00f6ld s\u00edn me\u00f0an Ab\u00eda lif\u00f0i. Loks laust Drottinn hann til bana. <a name=\"21\"><span class=\"versanumer_2007\">21<\/span><\/a> En Ab\u00eda var\u00f0 voldugur, t\u00f3k s\u00e9r fj\u00f3rt\u00e1n eiginkonur og eigna\u00f0ist tuttugu og tvo syni og sext\u00e1n d\u00e6tur.<\/p>\n<h3 class=\"millifyrirsogn_2007\">Dau\u00f0i Ab\u00eda<\/h3>\n<p><a name=\"22\"><span class=\"versanumer_2007\">22<\/span><\/a> \u00dea\u00f0 sem \u00f3sagt er af s\u00f6gu Ab\u00eda, b\u00e6\u00f0i af verkum hans og or\u00f0um, er skr\u00e1\u00f0 \u00ed sk\u00fdringariti Idd\u00f3 sp\u00e1manns. <a name=\"23\"><span class=\"versanumer_2007\">23<\/span><\/a> Ab\u00eda var lag\u00f0ur til hv\u00edldar hj\u00e1 fe\u00f0rum s\u00ednum. Hann var grafinn \u00ed borg Dav\u00ed\u00f0s. Asa, sonur hans, var\u00f0 konungur eftir hann. Fri\u00f0ur r\u00edkti \u00ed landinu t\u00edu \u00e1r \u00e1 stj\u00f3rnart\u00edma hans.<\/p>\n","protected":false},"excerpt":{"rendered":"<p>Ab\u00eda konungur J\u00fada 1 \u00c1 \u00e1tj\u00e1nda stj\u00f3rnar\u00e1ri Jer\u00f3b\u00f3ams konungs var\u00f0 Ab\u00eda konungur \u00ed J\u00fada. 2 Hann r\u00edkti \u00ferj\u00fa \u00e1r \u00ed Jer\u00fasalem. M\u00f3\u00f0ir hans h\u00e9t M\u00edkaja \u00dar\u00edelsd\u00f3ttir fr\u00e1 G\u00edbeu.Til \u00f3fri\u00f0ar kom milli Ab\u00eda og Jer\u00f3b\u00f3ams. 3 Ab\u00eda h\u00f3f str\u00ed\u00f0i\u00f0 me\u00f0 her \u00fej\u00e1lfa\u00f0ra str\u00ed\u00f0smanna, fj\u00f6gur hundru\u00f0 \u00fe\u00fasund manna einvalali\u00f0i. Jer\u00f3b\u00f3am fylkti gegn honum \u00e1tta hundru\u00f0 \u00fe\u00fasund manna \u00farvalsli\u00f0i, \u00fej\u00e1lfu\u00f0um str\u00ed\u00f0sm\u00f6nnum. 4 \u00de\u00e1 t\u00f3k Ab\u00eda s\u00e9r st\u00f6\u00f0u \u00e1 tindi Semara\u00edmfjalls, sem er \u00ed Efra\u00edmsfj\u00f6llum, og hr\u00f3pa\u00f0i: \u201eJer\u00f3b\u00f3am og allur \u00cdsrael, hl\u00fd\u00f0i\u00f0 \u00e1 mig. 5 Viti\u00f0 \u00fei\u00f0 ekki a\u00f0 Drottinn, Gu\u00f0 \u00cdsraels, hefur veitt Dav\u00ed\u00f0 og ni\u00f0jum hans konungd\u00f3m yfir \u00cdsrael um alla framt\u00ed\u00f0 <a href=\"https:\/\/biblian.is\/biblian\/sidari-kronikubok-13-kafli\/\"> [&#8230;]<\/a><\/p>\n","protected":false},"author":1,"featured_media":0,"parent":0,"menu_order":0,"comment_status":"open","ping_status":"open","template":"bibliukaflar_NT.php","meta":{"footnotes":""},"class_list":["post-1997","page","type-page","status-publish","hentry"],"_links":{"self":[{"href":"https:\/\/biblian.is\/biblian\/wp-json\/wp\/v2\/pages\/1997","targetHints":{"allow":["GET"]}}],"collection":[{"href":"https:\/\/biblian.is\/biblian\/wp-json\/wp\/v2\/pages"}],"about":[{"href":"https:\/\/biblian.is\/biblian\/wp-json\/wp\/v2\/types\/page"}],"author":[{"embeddable":true,"href":"https:\/\/biblian.is\/biblian\/wp-json\/wp\/v2\/users\/1"}],"replies":[{"embeddable":true,"href":"https:\/\/biblian.is\/biblian\/wp-json\/wp\/v2\/comments?post=1997"}],"version-history":[{"count":0,"href":"https:\/\/biblian.is\/biblian\/wp-json\/wp\/v2\/pages\/1997\/revisions"}],"wp:attachment":[{"href":"https:\/\/biblian.is\/biblian\/wp-json\/wp\/v2\/media?parent=1997"}],"curies":[{"name":"wp","href":"https:\/\/api.w.org\/{rel}","templated":true}]}}