{"id":1996,"date":"2017-12-30T21:01:15","date_gmt":"2017-12-30T21:01:15","guid":{"rendered":"http:\/\/biblian.is\/biblian\/s%c2%92_ari-kron%c2%92kub%c2%97k-12-kafli\/"},"modified":"2024-06-26T23:21:12","modified_gmt":"2024-06-26T23:21:12","slug":"sidari-kronikubok-12-kafli","status":"publish","type":"page","link":"https:\/\/biblian.is\/biblian\/sidari-kronikubok-12-kafli\/","title":{"rendered":"S\u00ed\u00f0ari kron\u00edkub\u00f3k 12. kafli"},"content":{"rendered":"<p><a name=\"1\"><span class=\"versanumer_2007\">1<\/span><\/a> \u00deegar Rehabeam haf\u00f0i tryggt veldi sitt og var or\u00f0inn fastur \u00ed sessi hvarf hann fr\u00e1 l\u00f6gm\u00e1li Drottins \u00e1samt \u00f6llum \u00cdsrael. <a name=\"2\"><span class=\"versanumer_2007\">2<\/span><\/a> \u00c1 fimmta r\u00edkisstj\u00f3rnar\u00e1ri Rehabeams konungs h\u00e9lt S\u00edsak, konungur Egypta, \u00ed herf\u00f6r gegn Jer\u00fasalem af \u00fev\u00ed a\u00f0 \u00edb\u00faarnir h\u00f6f\u00f0u sviki\u00f0 Drottin. <a name=\"3\"><span class=\"versanumer_2007\">3<\/span><\/a> Hann kom me\u00f0 t\u00f3lf hundru\u00f0 str\u00ed\u00f0svagna og sext\u00edu \u00fe\u00fasund vagnli\u00f0a. Fleiri hermenn en t\u00f6lu var\u00f0 \u00e1 komi\u00f0 fylgdu honum fr\u00e1 Egyptalandi: L\u00edb\u00edumenn, S\u00fak\u00edtar og K\u00fass\u00edtar. <a name=\"4\"><span class=\"versanumer_2007\">4<\/span><\/a> Hann t\u00f3k virkisborgirnar \u00ed J\u00fada og komst allt til Jer\u00fasalem.<br \/> <a name=\"5\"><span class=\"versanumer_2007\">5<\/span><\/a> Semaja sp\u00e1ma\u00f0ur kom til Rehabeams og h\u00f6f\u00f0ingja J\u00fada sem h\u00f6f\u00f0u h\u00f6rfa\u00f0 undan S\u00edsak til Jer\u00fasalem. Hann sag\u00f0i vi\u00f0 \u00fe\u00e1: \u201eSvo segir Drottinn: \u00dei\u00f0 hafi\u00f0 yfirgefi\u00f0 mig. \u00deess vegna yfirgef \u00e9g ykkur og framsel ykkur \u00ed hendur S\u00edsaks.\u201c <a name=\"6\"><span class=\"versanumer_2007\">6<\/span><\/a> H\u00f6f\u00f0ingjar \u00cdsraels og konungurinn au\u00f0m\u00fdktu sig og s\u00f6g\u00f0u: \u201eDrottinn er r\u00e9ttl\u00e1tur.\u201c<br \/> <a name=\"7\"><span class=\"versanumer_2007\">7<\/span><\/a> \u00deegar Drottinn s\u00e1 a\u00f0 h\u00f6f\u00f0ingjar \u00cdsraels og konungurinn h\u00f6f\u00f0u au\u00f0m\u00fdkt sig kom or\u00f0 Drottins til Semaja: \u201e\u00dear sem \u00feeir hafa au\u00f0m\u00fdkt sig \u00e6tla \u00e9g ekki a\u00f0 tort\u00edma \u00feeim. Innan skamms mun \u00e9g senda \u00feeim hj\u00e1lp. Rei\u00f0i m\u00edn mun ekki hellast yfir Jer\u00fasalem fyrir tilstilli S\u00edsaks. <a name=\"8\"><span class=\"versanumer_2007\">8<\/span><\/a> En \u00feeir skulu samt ver\u00f0a honum l\u00fd\u00f0skyldir svo a\u00f0 \u00feeir skilji hver munur er \u00e1 a\u00f0 \u00fej\u00f3na m\u00e9r og jar\u00f0neskum konungum.\u201c<br \/> <a name=\"9\"><span class=\"versanumer_2007\">9<\/span><\/a> S\u00edsak, konungur Egypta, h\u00e9lt \u00fev\u00ed n\u00e6st gegn Jer\u00fasalem. Hann r\u00e6ndi fj\u00e1rsj\u00f3\u00f0um \u00far h\u00fasi Drottins og h\u00f6ll konungs. Hann l\u00e9t greipar s\u00f3pa og r\u00e6ndi einnig \u00f6llum gullskj\u00f6ldunum sem Sal\u00f3mon haf\u00f0i l\u00e1ti\u00f0 gera. <a name=\"10\"><span class=\"versanumer_2007\">10<\/span><\/a> Rehabeam konungur l\u00e9t gera skildi \u00far eir \u00ed \u00feeirra sta\u00f0 og f\u00f3l \u00fe\u00e1 foringjum l\u00edfvar\u00f0arins til var\u00f0veislu en \u00feeir g\u00e6ttu dyranna \u00ed h\u00fasi konungs. <a name=\"11\"><span class=\"versanumer_2007\">11<\/span><\/a> \u00cd hvert sinn sem konungur gekk \u00ed h\u00fas Drottins b\u00e1ru ver\u00f0irnir skildina en s\u00ed\u00f0an komu \u00feeir \u00feeim aftur fyrir \u00ed herbergi l\u00edfvar\u00f0arins. <a name=\"12\"><span class=\"versanumer_2007\">12<\/span><\/a> Rei\u00f0i Drottins v\u00e9k fr\u00e1 Rehabeam, af \u00fev\u00ed a\u00f0 hann haf\u00f0i au\u00f0m\u00fdkt sig, og hann tort\u00edmdi \u00fej\u00f3\u00f0inni ekki me\u00f0 \u00f6llu \u00fev\u00ed a\u00f0 enn m\u00e1tti finna sitthva\u00f0 gott \u00ed J\u00fada. <a name=\"13\"><span class=\"versanumer_2007\">13<\/span><\/a> Rehabeam konungur efldist n\u00fa a\u00f0 v\u00f6ldum \u00ed Jer\u00fasalem og r\u00edkti \u00e1fram sem konungur.<br \/>Rehabeam var fj\u00f6rut\u00edu og eins \u00e1rs \u00feegar hann var\u00f0 konungur. Hann var konungur \u00ed Jer\u00fasalem sautj\u00e1n \u00e1r, borginni sem Drottinn haf\u00f0i vali\u00f0 \u00far \u00f6llum \u00e6ttb\u00e1lkum \u00cdsraels til \u00feess a\u00f0 l\u00e1ta nafn sitt b\u00faa \u00fear. M\u00f3\u00f0ir hans h\u00e9t Naama og var fr\u00e1 Amm\u00f3n. <a name=\"14\"><span class=\"versanumer_2007\">14<\/span><\/a> Hann ger\u00f0i \u00fea\u00f0 sem illt var \u00fev\u00ed a\u00f0 hann kappkosta\u00f0i ekki a\u00f0 leita Drottins.<br \/> <a name=\"15\"><span class=\"versanumer_2007\">15<\/span><\/a> \u00dea\u00f0 sem \u00f3sagt er af s\u00f6gu Rehabeams, fr\u00e1 upphafi til enda, er skr\u00e1\u00f0 \u00ed s\u00f6gu Semaja sp\u00e1manns og Idd\u00f3s sj\u00e1anda, \u00ed \u00e6ttart\u00f6lunum. Rehabeam og Jer\u00f3b\u00f3am \u00e1ttu s\u00edfellt \u00ed \u00f3fri\u00f0i. <a name=\"16\"><span class=\"versanumer_2007\">16<\/span><\/a> Rehabeam var lag\u00f0ur til hv\u00edldar hj\u00e1 fe\u00f0rum s\u00ednum og grafinn hj\u00e1 \u00feeim \u00ed borg Dav\u00ed\u00f0s. Ab\u00eda, sonur hans, var\u00f0 konungur eftir hann.<\/p>\n","protected":false},"excerpt":{"rendered":"<p>1 \u00deegar Rehabeam haf\u00f0i tryggt veldi sitt og var or\u00f0inn fastur \u00ed sessi hvarf hann fr\u00e1 l\u00f6gm\u00e1li Drottins \u00e1samt \u00f6llum \u00cdsrael. 2 \u00c1 fimmta r\u00edkisstj\u00f3rnar\u00e1ri Rehabeams konungs h\u00e9lt S\u00edsak, konungur Egypta, \u00ed herf\u00f6r gegn Jer\u00fasalem af \u00fev\u00ed a\u00f0 \u00edb\u00faarnir h\u00f6f\u00f0u sviki\u00f0 Drottin. 3 Hann kom me\u00f0 t\u00f3lf hundru\u00f0 str\u00ed\u00f0svagna og sext\u00edu \u00fe\u00fasund vagnli\u00f0a. Fleiri hermenn en t\u00f6lu var\u00f0 \u00e1 komi\u00f0 fylgdu honum fr\u00e1 Egyptalandi: L\u00edb\u00edumenn, S\u00fak\u00edtar og K\u00fass\u00edtar. 4 Hann t\u00f3k virkisborgirnar \u00ed J\u00fada og komst allt til Jer\u00fasalem. 5 Semaja sp\u00e1ma\u00f0ur kom til Rehabeams og h\u00f6f\u00f0ingja J\u00fada sem h\u00f6f\u00f0u h\u00f6rfa\u00f0 undan S\u00edsak til Jer\u00fasalem. Hann sag\u00f0i vi\u00f0 \u00fe\u00e1: \u201eSvo <a href=\"https:\/\/biblian.is\/biblian\/sidari-kronikubok-12-kafli\/\"> [&#8230;]<\/a><\/p>\n","protected":false},"author":1,"featured_media":0,"parent":0,"menu_order":0,"comment_status":"open","ping_status":"open","template":"bibliukaflar_NT.php","meta":{"footnotes":""},"class_list":["post-1996","page","type-page","status-publish","hentry"],"_links":{"self":[{"href":"https:\/\/biblian.is\/biblian\/wp-json\/wp\/v2\/pages\/1996","targetHints":{"allow":["GET"]}}],"collection":[{"href":"https:\/\/biblian.is\/biblian\/wp-json\/wp\/v2\/pages"}],"about":[{"href":"https:\/\/biblian.is\/biblian\/wp-json\/wp\/v2\/types\/page"}],"author":[{"embeddable":true,"href":"https:\/\/biblian.is\/biblian\/wp-json\/wp\/v2\/users\/1"}],"replies":[{"embeddable":true,"href":"https:\/\/biblian.is\/biblian\/wp-json\/wp\/v2\/comments?post=1996"}],"version-history":[{"count":0,"href":"https:\/\/biblian.is\/biblian\/wp-json\/wp\/v2\/pages\/1996\/revisions"}],"wp:attachment":[{"href":"https:\/\/biblian.is\/biblian\/wp-json\/wp\/v2\/media?parent=1996"}],"curies":[{"name":"wp","href":"https:\/\/api.w.org\/{rel}","templated":true}]}}