{"id":1995,"date":"2017-12-30T21:01:15","date_gmt":"2017-12-30T21:01:15","guid":{"rendered":"http:\/\/biblian.is\/biblian\/s%c2%92_ari-kron%c2%92kub%c2%97k-11-kafli\/"},"modified":"2024-06-26T23:21:11","modified_gmt":"2024-06-26T23:21:11","slug":"sidari-kronikubok-11-kafli","status":"publish","type":"page","link":"https:\/\/biblian.is\/biblian\/sidari-kronikubok-11-kafli\/","title":{"rendered":"S\u00ed\u00f0ari kron\u00edkub\u00f3k 11. kafli"},"content":{"rendered":"<p><a name=\"1\"><span class=\"versanumer_2007\">1<\/span><\/a> \u00deegar Rehabeam kom til Jer\u00fasalem safna\u00f0i hann saman \u00f6llum \u00e6ttb\u00e1lki J\u00fada og Benjam\u00edns, hundra\u00f0 og \u00e1ttat\u00edu \u00fe\u00fasund manna einvalali\u00f0i, til a\u00f0 hefja str\u00ed\u00f0 og berjast gegn \u00cdsrael og vinna konungd\u00e6mi\u00f0 aftur handa Rehabeam. <a name=\"2\"><span class=\"versanumer_2007\">2<\/span><\/a> \u00de\u00e1 kom or\u00f0 Drottins til gu\u00f0smannsins Semaja: <a name=\"3\"><span class=\"versanumer_2007\">3<\/span><\/a> \u201eSeg\u00f0u Rehabeam J\u00fadakonungi, syni Sal\u00f3mons, og \u00f6llum \u00cdsraelsm\u00f6nnum \u00ed J\u00fada og Benjam\u00edn: <a name=\"4\"><span class=\"versanumer_2007\">4<\/span><\/a> Svo segir Drottinn: Fari\u00f0 ekki upp eftir til a\u00f0 berjast vi\u00f0 br\u00e6\u00f0ur ykkar. Hver og einn ykkar skal halda til s\u00edns heima \u00fear sem \u00e9g er valdur a\u00f0 \u00fev\u00ed sem gerst hefur.\u201c \u00deeir hl\u00fdddu bo\u00f0skap Drottins og sneru vi\u00f0 \u00ed sta\u00f0 \u00feess a\u00f0 halda gegn Jer\u00f3b\u00f3am.<\/p>\n<h3 class=\"millifyrirsogn_2007\">Rehabeam konungur J\u00fada<\/h3>\n<p><a name=\"5\"><span class=\"versanumer_2007\">5<\/span><\/a> Rehabeam settist a\u00f0 \u00ed Jer\u00fasalem. Hann v\u00edggirti \u00fdmsar borgir \u00ed J\u00fada og ger\u00f0i \u00fe\u00e6r a\u00f0 virkjum. <a name=\"6\"><span class=\"versanumer_2007\">6<\/span><\/a> Hann v\u00edggirti Betlehem, Etam, Tek\u00f3a, <a name=\"7\"><span class=\"versanumer_2007\">7<\/span><\/a> Bet S\u00far, S\u00f3k\u00f3, Ad\u00fallam, <a name=\"8\"><span class=\"versanumer_2007\">8<\/span><\/a> Gat, Maresa, S\u00edf, <a name=\"9\"><span class=\"versanumer_2007\">9<\/span><\/a> Ad\u00f3ra\u00edm, Lak\u00eds, Aseka, <a name=\"10\"><span class=\"versanumer_2007\">10<\/span><\/a> Sorea, Ajalon og Hebron. \u00deetta voru virkisborgir \u00ed J\u00fada og Benjam\u00edn. <a name=\"11\"><span class=\"versanumer_2007\">11<\/span><\/a> Hann styrkti virkin og setti foringja yfir \u00feau og kom \u00fear fyrir birg\u00f0um af mat, ol\u00edu og v\u00edni. <a name=\"12\"><span class=\"versanumer_2007\">12<\/span><\/a> Hann kom einnig fyrir skj\u00f6ldum og lensum \u00ed hverri borg og efldi \u00fe\u00e6r mj\u00f6g. Rehabeam r\u00edkti yfir J\u00fada og Benjam\u00edn.<br \/> <a name=\"13\"><span class=\"versanumer_2007\">13<\/span><\/a> Prestarnir og Lev\u00edtarnir, sem bjuggu dreif\u00f0ir um allan \u00cdsrael, komu fr\u00e1 landsv\u00e6\u00f0um s\u00ednum og gengu honum \u00e1 h\u00f6nd. <a name=\"14\"><span class=\"versanumer_2007\">14<\/span><\/a> Lev\u00edtarnir yfirg\u00e1fu beitil\u00f6nd s\u00edn og eignir og h\u00e9ldu til J\u00fada og Jer\u00fasalem \u00fev\u00ed a\u00f0 Jer\u00f3b\u00f3am og synir hans hindru\u00f0u \u00fe\u00e1 \u00ed a\u00f0 \u00fej\u00f3na Drottni sem prestar og <a name=\"15\"><span class=\"versanumer_2007\">15<\/span><\/a> settu presta s\u00edna til \u00fej\u00f3nustu \u00e1 f\u00f3rnarh\u00e6\u00f0unum og fyrir geithafrana og nautk\u00e1lfana sem hann haf\u00f0i l\u00e1ti\u00f0 gera. <a name=\"16\"><span class=\"versanumer_2007\">16<\/span><\/a> \u00deeim fylgdu \u00feeir \u00far \u00f6llum \u00e6ttb\u00e1lkum \u00cdsraels sem af einl\u00e6gni leitu\u00f0u Drottins, Gu\u00f0s \u00cdsraels. \u00deeir komu til Jer\u00fasalem til a\u00f0 f\u00e6ra Drottni, Gu\u00f0i fe\u00f0ra sinna, f\u00f3rnir. <a name=\"17\"><span class=\"versanumer_2007\">17<\/span><\/a> \u00deeir efldu J\u00fadar\u00edki og styrktu Rehabeam, son Sal\u00f3mons, \u00ed \u00ferj\u00fa \u00e1r \u00fev\u00ed a\u00f0 \u00feeir fylgdu stefnu Dav\u00ed\u00f0s og Sal\u00f3mons \u00ed \u00ferj\u00fa \u00e1r.<br \/> <a name=\"18\"><span class=\"versanumer_2007\">18<\/span><\/a> Rehabeam t\u00f3k Makalat s\u00e9r fyrir konu. H\u00fan var d\u00f3ttir Jer\u00edm\u00f3ts, Dav\u00ed\u00f0ssonar og Ab\u00edha\u00edlar, d\u00f3ttur El\u00edabs \u00cdsa\u00edsonar. <a name=\"19\"><span class=\"versanumer_2007\">19<\/span><\/a> H\u00fan f\u00e6ddi honum synina Je\u00fas, Semarja og Saham. <a name=\"20\"><span class=\"versanumer_2007\">20<\/span><\/a> \u00c1 eftir henni t\u00f3k hann Ma\u00f6ku, d\u00f3ttur Absalons, s\u00e9r fyrir konu. H\u00fan f\u00e6ddi honum Ab\u00eda, Atta\u00ed, S\u00edsa og Sel\u00f3m\u00edt. <a name=\"21\"><span class=\"versanumer_2007\">21<\/span><\/a> Rehabeam elska\u00f0i Ma\u00f6ku Absalonsd\u00f3ttur meira en allar a\u00f0rar konur s\u00ednar og hj\u00e1konur en hann haf\u00f0i teki\u00f0 s\u00e9r \u00e1tj\u00e1n eiginkonur og sext\u00edu hj\u00e1konur og eignast tuttugu og \u00e1tta syni og sext\u00edu d\u00e6tur. <a name=\"22\"><span class=\"versanumer_2007\">22<\/span><\/a> Rehabeam ger\u00f0i Ab\u00eda, son Ma\u00f6ku, a\u00f0 lei\u00f0toga og h\u00f6f\u00f0ingja me\u00f0al br\u00e6\u00f0ra sinna \u00fev\u00ed a\u00f0 hann \u00e6tla\u00f0i a\u00f0 gera hann a\u00f0 konungi. <a name=\"23\"><span class=\"versanumer_2007\">23<\/span><\/a> Hann f\u00f3r hyggilega a\u00f0 r\u00e1\u00f0i s\u00ednu og dreif\u00f0i sonum s\u00ednum \u00ed \u00f6ll h\u00e9ru\u00f0 J\u00fada og Benjam\u00edns og \u00ed virkisborgirnar. Hann f\u00e9kk \u00feeim gn\u00e6g\u00f0 vista og t\u00f3k \u00feeim fj\u00f6lda kvenna.<\/p>\n","protected":false},"excerpt":{"rendered":"<p>1 \u00deegar Rehabeam kom til Jer\u00fasalem safna\u00f0i hann saman \u00f6llum \u00e6ttb\u00e1lki J\u00fada og Benjam\u00edns, hundra\u00f0 og \u00e1ttat\u00edu \u00fe\u00fasund manna einvalali\u00f0i, til a\u00f0 hefja str\u00ed\u00f0 og berjast gegn \u00cdsrael og vinna konungd\u00e6mi\u00f0 aftur handa Rehabeam. 2 \u00de\u00e1 kom or\u00f0 Drottins til gu\u00f0smannsins Semaja: 3 \u201eSeg\u00f0u Rehabeam J\u00fadakonungi, syni Sal\u00f3mons, og \u00f6llum \u00cdsraelsm\u00f6nnum \u00ed J\u00fada og Benjam\u00edn: 4 Svo segir Drottinn: Fari\u00f0 ekki upp eftir til a\u00f0 berjast vi\u00f0 br\u00e6\u00f0ur ykkar. Hver og einn ykkar skal halda til s\u00edns heima \u00fear sem \u00e9g er valdur a\u00f0 \u00fev\u00ed sem gerst hefur.\u201c \u00deeir hl\u00fdddu bo\u00f0skap Drottins og sneru vi\u00f0 \u00ed sta\u00f0 \u00feess a\u00f0 halda <a href=\"https:\/\/biblian.is\/biblian\/sidari-kronikubok-11-kafli\/\"> [&#8230;]<\/a><\/p>\n","protected":false},"author":1,"featured_media":0,"parent":0,"menu_order":0,"comment_status":"open","ping_status":"open","template":"bibliukaflar_NT.php","meta":{"footnotes":""},"class_list":["post-1995","page","type-page","status-publish","hentry"],"_links":{"self":[{"href":"https:\/\/biblian.is\/biblian\/wp-json\/wp\/v2\/pages\/1995","targetHints":{"allow":["GET"]}}],"collection":[{"href":"https:\/\/biblian.is\/biblian\/wp-json\/wp\/v2\/pages"}],"about":[{"href":"https:\/\/biblian.is\/biblian\/wp-json\/wp\/v2\/types\/page"}],"author":[{"embeddable":true,"href":"https:\/\/biblian.is\/biblian\/wp-json\/wp\/v2\/users\/1"}],"replies":[{"embeddable":true,"href":"https:\/\/biblian.is\/biblian\/wp-json\/wp\/v2\/comments?post=1995"}],"version-history":[{"count":0,"href":"https:\/\/biblian.is\/biblian\/wp-json\/wp\/v2\/pages\/1995\/revisions"}],"wp:attachment":[{"href":"https:\/\/biblian.is\/biblian\/wp-json\/wp\/v2\/media?parent=1995"}],"curies":[{"name":"wp","href":"https:\/\/api.w.org\/{rel}","templated":true}]}}