{"id":1994,"date":"2017-12-30T21:01:15","date_gmt":"2017-12-30T21:01:15","guid":{"rendered":"http:\/\/biblian.is\/biblian\/s%c2%92_ari-kron%c2%92kub%c2%97k-10-kafli\/"},"modified":"2024-06-26T23:21:11","modified_gmt":"2024-06-26T23:21:11","slug":"sidari-kronikubok-10-kafli","status":"publish","type":"page","link":"https:\/\/biblian.is\/biblian\/sidari-kronikubok-10-kafli\/","title":{"rendered":"S\u00ed\u00f0ari kron\u00edkub\u00f3k 10. kafli"},"content":{"rendered":"<h2 class=\"millifyrirsogn_2007\">Ann\u00e1ll J\u00fada <\/h2>\n<h3 class=\"millifyrirsogn_2007\">Klofningur r\u00edkis Sal\u00f3mons: \u00deingi\u00f0 \u00ed S\u00edkem<\/h3>\n<p><a name=\"1\"><span class=\"versanumer_2007\">1<\/span><\/a> Rehabeam f\u00f3r til S\u00edkem \u00fev\u00ed a\u00f0 \u00feanga\u00f0 var allur \u00cdsrael kominn til \u00feess a\u00f0 taka hann til konungs. <a name=\"2\"><span class=\"versanumer_2007\">2<\/span><\/a> Jer\u00f3b\u00f3am Nebatsson fr\u00e9tti \u00feetta \u00e1 me\u00f0an hann var enn \u00ed Egyptalandi en \u00feanga\u00f0 haf\u00f0i hann fl\u00fai\u00f0 undan Sal\u00f3mon konungi. Jer\u00f3b\u00f3am sneri n\u00fa aftur fr\u00e1 Egyptalandi. <a name=\"3\"><span class=\"versanumer_2007\">3<\/span><\/a> Sent var eftir honum og hann kalla\u00f0ur heim. \u00deegar Jer\u00f3b\u00f3am og allur \u00cdsrael var kominn til S\u00edkem s\u00f6g\u00f0u \u00feeir vi\u00f0 Rehabeam: <a name=\"4\"><span class=\"versanumer_2007\">4<\/span><\/a> \u201eFa\u00f0ir \u00feinn lag\u00f0i \u00e1 okkur \u00feungt ok. Ef \u00fe\u00fa l\u00e9ttir hinn har\u00f0a \u00fer\u00e6ld\u00f3m f\u00f6\u00f0ur \u00fe\u00edns og hi\u00f0 \u00feunga ok, sem hann lag\u00f0i \u00e1 okkur, skulum vi\u00f0 \u00fej\u00f3na \u00fe\u00e9r.\u201c <a name=\"5\"><span class=\"versanumer_2007\">5<\/span><\/a> En hann svara\u00f0i \u00feeim: \u201eFari\u00f0 og komi\u00f0 aftur til m\u00edn a\u00f0 \u00feremur d\u00f6gum li\u00f0num.\u201c<br \/>F\u00f3lki\u00f0 f\u00f3r lei\u00f0ar sinnar <a name=\"6\"><span class=\"versanumer_2007\">6<\/span><\/a> en Rehabeam konungur r\u00e1\u00f0ga\u00f0ist vi\u00f0 g\u00f6mlu mennina sem h\u00f6f\u00f0u veri\u00f0 \u00ed \u00fej\u00f3nustu Sal\u00f3mons, f\u00f6\u00f0ur hans, me\u00f0an hann lif\u00f0i. \u201eHva\u00f0 r\u00e1\u00f0leggi\u00f0 \u00fei\u00f0 m\u00e9r?\u201c spur\u00f0i hann. \u201eHverju \u00e1 \u00e9g a\u00f0 svara \u00feessu f\u00f3lki?\u201c <a name=\"7\"><span class=\"versanumer_2007\">7<\/span><\/a> \u00deeir sv\u00f6ru\u00f0u honum og s\u00f6g\u00f0u: \u201eEf \u00fe\u00fa ver\u00f0ur vingjarnlegur og l\u00e6tur a\u00f0 vilja \u00feess og talar vinsamlega vi\u00f0 \u00fea\u00f0, \u00fe\u00e1 mun \u00feetta f\u00f3lk \u00fej\u00f3na \u00fe\u00e9r h\u00e9\u00f0an \u00ed fr\u00e1.\u201c<br \/> <a name=\"8\"><span class=\"versanumer_2007\">8<\/span><\/a> Rehabeam f\u00f3r ekki a\u00f0 r\u00e1\u00f0um g\u00f6mlu mannanna en leita\u00f0i \u00ed sta\u00f0inn r\u00e1\u00f0a hj\u00e1 ungu m\u00f6nnunum sem h\u00f6f\u00f0u alist upp me\u00f0 honum og voru n\u00fa \u00ed \u00fej\u00f3nustu hans. <a name=\"9\"><span class=\"versanumer_2007\">9<\/span><\/a> Hann spur\u00f0i \u00fe\u00e1: \u201eHva\u00f0 r\u00e1\u00f0leggi\u00f0 \u00fei\u00f0 m\u00e9r? Hverju \u00e1 \u00e9g a\u00f0 svara \u00feessu f\u00f3lki sem segir vi\u00f0 mig: L\u00e9ttu oki\u00f0 sem fa\u00f0ir \u00feinn lag\u00f0i \u00e1 okkur?\u201c <a name=\"10\"><span class=\"versanumer_2007\">10<\/span><\/a> Ungu mennirnir, sem h\u00f6f\u00f0u alist upp me\u00f0 honum, sv\u00f6ru\u00f0u: \u201e\u00deannig skaltu svara \u00feessu f\u00f3lki sem hefur sagt vi\u00f0 \u00feig: L\u00e9ttu hi\u00f0 \u00feunga ok sem fa\u00f0ir \u00feinn lag\u00f0i \u00e1 okkur, \u00feannig skaltu svara \u00fev\u00ed: Litli fingur minn er gildari en lendar f\u00f6\u00f0ur m\u00edns. <a name=\"11\"><span class=\"versanumer_2007\">11<\/span><\/a> Fa\u00f0ir minn lag\u00f0i \u00e1 ykkur \u00feungt ok en \u00e9g mun \u00feyngja \u00fea\u00f0 enn. Fa\u00f0ir minn aga\u00f0i ykkur me\u00f0 hn\u00fatasvipu en \u00e9g mun aga ykkur me\u00f0 gaddasvipu.\u201c<span class=\"nedan_mal\" title=\" Or\u00f0r\u00e9tt: me\u00f0 spor\u00f0drekum.\">[<\/span> <br \/> <a name=\"12\"><span class=\"versanumer_2007\">12<\/span><\/a> Jer\u00f3b\u00f3am og allt f\u00f3lki\u00f0 kom til Rehabeams \u00e1 \u00feri\u00f0ja degi eins og konungurinn haf\u00f0i skipa\u00f0 \u00feegar hann sag\u00f0i: \u201eKomi\u00f0 aftur til m\u00edn a\u00f0 \u00feremur d\u00f6gum li\u00f0num.\u201c <a name=\"13\"><span class=\"versanumer_2007\">13<\/span><\/a> Konungur svara\u00f0i f\u00f3lkinu hranalega, haf\u00f0i r\u00e1\u00f0 g\u00f6mlu mannanna a\u00f0 engu <a name=\"14\"><span class=\"versanumer_2007\">14<\/span><\/a> en svara\u00f0i \u00fev\u00ed a\u00f0 r\u00e1\u00f0i ungu mannanna og sag\u00f0i: \u201eFa\u00f0ir minn lag\u00f0i \u00e1 ykkur \u00feungt ok en \u00e9g mun \u00feyngja \u00fea\u00f0 enn. Fa\u00f0ir minn aga\u00f0i ykkur me\u00f0 hn\u00fatasvipu en \u00e9g mun aga ykkur me\u00f0 gaddasvipu.\u201c<br \/> <a name=\"15\"><span class=\"versanumer_2007\">15<\/span><\/a> Konungur hlusta\u00f0i ekki \u00e1 f\u00f3lki\u00f0 af \u00fev\u00ed a\u00f0 Drottinn haf\u00f0i sn\u00fai\u00f0 atbur\u00f0unum \u00e1 \u00feennan veg til \u00feess a\u00f0 \u00fea\u00f0 r\u00e6ttist sem hann haf\u00f0i sagt vi\u00f0 Jer\u00f3b\u00f3am Nebatsson af munni Ah\u00eda fr\u00e1 S\u00edl\u00f3. <a name=\"16\"><span class=\"versanumer_2007\">16<\/span><\/a> \u00deegar \u00cdsraelsm\u00f6nnum var\u00f0 lj\u00f3st a\u00f0 konungurinn vildi ekki hlusta \u00e1 \u00fe\u00e1 sv\u00f6ru\u00f0u \u00feeir honum og s\u00f6g\u00f0u:<br \/> <span class=\"ljodatexti\"> Hva\u00f0a hlutdeild eigum vi\u00f0 \u00ed Dav\u00ed\u00f0?<br \/>Vi\u00f0 eigum engan erf\u00f0ahlut \u00ed syni \u00cdsa\u00ed.<br \/> \u00cdsrael, far\u00f0u til tjalda \u00feinna,<br \/>Dav\u00ed\u00f0, g\u00e6ttu a\u00f0 \u00feinni eigin \u00e6tt. <\/span> <br \/>\u00dev\u00ed n\u00e6st h\u00e9lt allur \u00cdsrael til tjalda sinna <a name=\"17\"><span class=\"versanumer_2007\">17<\/span><\/a> en Rehabeam var\u00f0 konungur yfir \u00feeim \u00cdsraelsm\u00f6nnum sem bjuggu \u00ed borgum J\u00fada. <a name=\"18\"><span class=\"versanumer_2007\">18<\/span><\/a> \u00deegar Rehabeam konungur sendi Had\u00f3ram, yfirmann kva\u00f0avinnunnar, til \u00cdsraels gr\u00fdtti allur \u00cdsrael hann til bana. En Rehabeam konungi t\u00f3kst a\u00f0 komast upp \u00ed vagn sinn og fl\u00fdja til Jer\u00fasalem. <a name=\"19\"><span class=\"versanumer_2007\">19<\/span><\/a> \u00deannig ger\u00f0u \u00cdsraelsmenn uppreisn gegn \u00e6tt Dav\u00ed\u00f0s og hafa veri\u00f0 skildir fr\u00e1 henni allt til \u00feessa dags.<\/p>\n","protected":false},"excerpt":{"rendered":"<p>Ann\u00e1ll J\u00fada Klofningur r\u00edkis Sal\u00f3mons: \u00deingi\u00f0 \u00ed S\u00edkem 1 Rehabeam f\u00f3r til S\u00edkem \u00fev\u00ed a\u00f0 \u00feanga\u00f0 var allur \u00cdsrael kominn til \u00feess a\u00f0 taka hann til konungs. 2 Jer\u00f3b\u00f3am Nebatsson fr\u00e9tti \u00feetta \u00e1 me\u00f0an hann var enn \u00ed Egyptalandi en \u00feanga\u00f0 haf\u00f0i hann fl\u00fai\u00f0 undan Sal\u00f3mon konungi. Jer\u00f3b\u00f3am sneri n\u00fa aftur fr\u00e1 Egyptalandi. 3 Sent var eftir honum og hann kalla\u00f0ur heim. \u00deegar Jer\u00f3b\u00f3am og allur \u00cdsrael var kominn til S\u00edkem s\u00f6g\u00f0u \u00feeir vi\u00f0 Rehabeam: 4 \u201eFa\u00f0ir \u00feinn lag\u00f0i \u00e1 okkur \u00feungt ok. Ef \u00fe\u00fa l\u00e9ttir hinn har\u00f0a \u00fer\u00e6ld\u00f3m f\u00f6\u00f0ur \u00fe\u00edns og hi\u00f0 \u00feunga ok, sem hann lag\u00f0i \u00e1 okkur, <a href=\"https:\/\/biblian.is\/biblian\/sidari-kronikubok-10-kafli\/\"> [&#8230;]<\/a><\/p>\n","protected":false},"author":1,"featured_media":0,"parent":0,"menu_order":0,"comment_status":"open","ping_status":"open","template":"bibliukaflar_NT.php","meta":{"footnotes":""},"class_list":["post-1994","page","type-page","status-publish","hentry"],"_links":{"self":[{"href":"https:\/\/biblian.is\/biblian\/wp-json\/wp\/v2\/pages\/1994","targetHints":{"allow":["GET"]}}],"collection":[{"href":"https:\/\/biblian.is\/biblian\/wp-json\/wp\/v2\/pages"}],"about":[{"href":"https:\/\/biblian.is\/biblian\/wp-json\/wp\/v2\/types\/page"}],"author":[{"embeddable":true,"href":"https:\/\/biblian.is\/biblian\/wp-json\/wp\/v2\/users\/1"}],"replies":[{"embeddable":true,"href":"https:\/\/biblian.is\/biblian\/wp-json\/wp\/v2\/comments?post=1994"}],"version-history":[{"count":0,"href":"https:\/\/biblian.is\/biblian\/wp-json\/wp\/v2\/pages\/1994\/revisions"}],"wp:attachment":[{"href":"https:\/\/biblian.is\/biblian\/wp-json\/wp\/v2\/media?parent=1994"}],"curies":[{"name":"wp","href":"https:\/\/api.w.org\/{rel}","templated":true}]}}