{"id":1993,"date":"2017-12-30T21:01:15","date_gmt":"2017-12-30T21:01:15","guid":{"rendered":"http:\/\/biblian.is\/biblian\/s%c2%92_ari-kron%c2%92kub%c2%97k-9-kafli\/"},"modified":"2024-06-26T23:21:18","modified_gmt":"2024-06-26T23:21:18","slug":"sidari-kronikubok-9-kafli","status":"publish","type":"page","link":"https:\/\/biblian.is\/biblian\/sidari-kronikubok-9-kafli\/","title":{"rendered":"S\u00ed\u00f0ari kron\u00edkub\u00f3k 9. kafli"},"content":{"rendered":"<h3 class=\"millifyrirsogn_2007\"> Drottningin af Saba<\/h3>\n<p><a name=\"1\"><span class=\"versanumer_2007\">1<\/span><\/a> Drottningin af Saba heyr\u00f0i \u00fea\u00f0 or\u00f0 sem f\u00f3r af Sal\u00f3mon og kom til \u00feess a\u00f0 reyna hann me\u00f0 g\u00e1tum \u00ed Jer\u00fasalem. H\u00fan kom \u00e1samt mj\u00f6g miklu fylgdarli\u00f0i og haf\u00f0i \u00falfalda klyfja\u00f0a balsami, afar miklu gulli og d\u00fdrindis steinum. H\u00fan gekk fyrir Sal\u00f3mon og lag\u00f0i fyrir hann allt sem henni l\u00e1 \u00e1 hjarta. <a name=\"2\"><span class=\"versanumer_2007\">2<\/span><\/a> Sal\u00f3mon svara\u00f0i \u00f6llum spurningum hennar, ekkert var Sal\u00f3mon huli\u00f0 svo a\u00f0 hann g\u00e6ti ekki svara\u00f0 henni. <a name=\"3\"><span class=\"versanumer_2007\">3<\/span><\/a> \u00deegar drottningin af Saba haf\u00f0i kynnst speki Sal\u00f3mons, s\u00e9\u00f0 h\u00fasi\u00f0 sem hann haf\u00f0i l\u00e1ti\u00f0 reisa, <a name=\"4\"><span class=\"versanumer_2007\">4<\/span><\/a> matinn \u00e1 bor\u00f0i hans, s\u00e6taskipun hir\u00f0manna og \u00fej\u00f3nustu skutilsveina hans og kl\u00e6\u00f0na\u00f0, byrlara hans og kl\u00e6\u00f0na\u00f0 \u00feeirra og brennif\u00f3rnir sem hann f\u00e6r\u00f0i \u00ed h\u00fasi Drottins, var\u00f0 h\u00fan agndofa. <a name=\"5\"><span class=\"versanumer_2007\">5<\/span><\/a> H\u00fan sag\u00f0i vi\u00f0 konunginn: \u201e\u00dea\u00f0 sem \u00e9g haf\u00f0i heyrt \u00ed landi m\u00ednu um or\u00f0snilld \u00fe\u00edna og visku hefur reynst r\u00e9tt. <a name=\"6\"><span class=\"versanumer_2007\">6<\/span><\/a> En ekki tr\u00fa\u00f0i \u00e9g \u00fev\u00ed sem sagt var fyrr en \u00e9g kom og kynntist \u00fev\u00ed af eigin raun. \u00de\u00f3 haf\u00f0i m\u00e9r ekki veri\u00f0 sag\u00f0ur helmingurinn af \u00fev\u00ed sem segja m\u00e1 um \u00fe\u00edna miklu visku. \u00de\u00fa ert meiri en or\u00f0r\u00f3murinn sem \u00e9g haf\u00f0i heyrt. <a name=\"7\"><span class=\"versanumer_2007\">7<\/span><\/a> S\u00e6lar eru konur \u00fe\u00ednar,<span class=\"nedan_mal\" title=\" E\u00f0a: s\u00e6lir eru menn \u00fe\u00ednir.\">[<\/span> s\u00e6lir hir\u00f0menn \u00fe\u00ednir sem s\u00edfellt eru hj\u00e1 \u00fe\u00e9r og hl\u00fd\u00f0a \u00e1 speki \u00fe\u00edna. <a name=\"8\"><span class=\"versanumer_2007\">8<\/span><\/a> Lofa\u00f0ur s\u00e9 Drottinn, Gu\u00f0 \u00feinn, sem haf\u00f0i vel\u00fe\u00f3knun \u00e1 \u00fe\u00e9r svo a\u00f0 hann setti \u00feig \u00ed h\u00e1s\u00e6ti sitt og ger\u00f0i \u00feig a\u00f0 konungi Drottins, Gu\u00f0s \u00fe\u00edns. Af \u00fev\u00ed a\u00f0 Gu\u00f0 \u00feinn elskar \u00cdsrael og \u00e6tlar \u00e6vinlega a\u00f0 sty\u00f0ja hann hefur hann gert \u00feig a\u00f0 konungi til \u00feess a\u00f0 \u00e1stunda r\u00e9tt og r\u00e9ttl\u00e6ti.\u201c<br \/> <a name=\"9\"><span class=\"versanumer_2007\">9<\/span><\/a> H\u00fan gaf konungi hundra\u00f0 og tuttugu talentur gulls og gn\u00e6g\u00f0 balsams og d\u00fdrindis steina. Anna\u00f0 eins balsam og \u00fea\u00f0 sem drottningin af Saba gaf Sal\u00f3mon konungi hefur aldrei s\u00e9st.<br \/> <a name=\"10\"><span class=\"versanumer_2007\">10<\/span><\/a> Menn H\u00farams og Sal\u00f3mons, sem fluttu gull fr\u00e1 \u00d3f\u00edr, komu einnig me\u00f0 alg\u00famm\u00edmvi\u00f0 og d\u00fdrindis steina. <a name=\"11\"><span class=\"versanumer_2007\">11<\/span><\/a> Konungurinn l\u00e9t gera handri\u00f0 \u00ed h\u00fas Drottins og konungsh\u00f6llina \u00far alg\u00famm\u00edmvi\u00f0num, einnig g\u00edgjur og h\u00f6rpur handa s\u00f6ngvurunum. Anna\u00f0 eins haf\u00f0i ekki s\u00e9st fyrr \u00ed J\u00fadalandi.<br \/> <a name=\"12\"><span class=\"versanumer_2007\">12<\/span><\/a> Sal\u00f3mon konungur veitti drottningunni af Saba allt sem h\u00fan girntist og ba\u00f0 um, auk \u00feess sem hann haf\u00f0i gefi\u00f0 henni \u00ed sta\u00f0 \u00feess sem h\u00fan haf\u00f0i f\u00e6rt honum. S\u00ed\u00f0an sneri h\u00fan aftur og h\u00e9lt til lands s\u00edns \u00e1samt fylgdarm\u00f6nnum s\u00ednum.<\/p>\n<h3 class=\"millifyrirsogn_2007\">Au\u00f0\u00e6fi Sal\u00f3mons<\/h3>\n<p><a name=\"13\"><span class=\"versanumer_2007\">13<\/span><\/a> Gulli\u00f0, sem Sal\u00f3mon var f\u00e6rt \u00e1rlega, var sex hundru\u00f0 sext\u00edu og sex talentur a\u00f0 \u00feyngd. <a name=\"14\"><span class=\"versanumer_2007\">14<\/span><\/a> Auk \u00feess b\u00e1rust honum tollar fr\u00e1 kaupm\u00f6nnum, sem f\u00f3ru um landi\u00f0, og skattar fr\u00e1 verslunarm\u00f6nnum. Allir konungar Arab\u00edu og h\u00e9ra\u00f0sstj\u00f3rarnir \u00ed landinu f\u00e6r\u00f0u Sal\u00f3mon einnig gull og silfur.<br \/> <a name=\"15\"><span class=\"versanumer_2007\">15<\/span><\/a> Sal\u00f3mon konungur l\u00e9t gera tv\u00f6 hundru\u00f0 st\u00f3ra skildi \u00far slegnu gulli. Sex hundru\u00f0 sikla af gulli \u00feurfti \u00ed hvern skj\u00f6ld. <a name=\"16\"><span class=\"versanumer_2007\">16<\/span><\/a> Hann l\u00e9t einnig gera \u00ferj\u00fa hundru\u00f0 minni skildi \u00far slegnu gulli. F\u00f3ru \u00ferj\u00fa hundru\u00f0 m\u00ednur af gulli \u00ed hvern skj\u00f6ld. Konungurinn kom skj\u00f6ldunum fyrir \u00ed L\u00edbanonssk\u00f3garh\u00fasinu. <a name=\"17\"><span class=\"versanumer_2007\">17<\/span><\/a> Konungur l\u00e9t enn fremur gera st\u00f3rt h\u00e1s\u00e6ti \u00far f\u00edlabeini og leggja \u00fea\u00f0 sk\u00edragulli. <a name=\"18\"><span class=\"versanumer_2007\">18<\/span><\/a> Sex \u00ferep voru upp a\u00f0 h\u00e1s\u00e6tinu og f\u00f3taskemill \u00far gulli var festur vi\u00f0 \u00fea\u00f0. Br\u00edkur voru b\u00e1\u00f0um megin vi\u00f0 s\u00e6ti\u00f0 og st\u00f3\u00f0 lj\u00f3n vi\u00f0 hvora br\u00edk. <a name=\"19\"><span class=\"versanumer_2007\">19<\/span><\/a> T\u00f3lf lj\u00f3n st\u00f3\u00f0u \u00e1 \u00ferepunum, sex hvorum megin. Anna\u00f0 eins hefur ekki veri\u00f0 gert \u00ed neinu \u00f6\u00f0ru konungsr\u00edki.<br \/> <a name=\"20\"><span class=\"versanumer_2007\">20<\/span><\/a> \u00d6ll drykkjarker Sal\u00f3mons konungs voru \u00far gulli og \u00f6ll \u00e1h\u00f6ld \u00ed L\u00edbanonssk\u00f3garh\u00fasinu \u00far sk\u00edragulli. Silfur var einskis meti\u00f0 \u00e1 d\u00f6gum Sal\u00f3mons <a name=\"21\"><span class=\"versanumer_2007\">21<\/span><\/a> \u00fev\u00ed a\u00f0 skip konungsins sigldu til Tarsis me\u00f0 m\u00f6nnum H\u00farams. Tarsisskipin komu \u00feri\u00f0ja hvert \u00e1r me\u00f0 gull og silfur, f\u00edlabein, apa og bav\u00edana.<br \/> <a name=\"22\"><span class=\"versanumer_2007\">22<\/span><\/a> Sal\u00f3mon konungur var au\u00f0ugri og vitrari en allir konungar heims. <a name=\"23\"><span class=\"versanumer_2007\">23<\/span><\/a> Allir konungar heims leitu\u00f0u til Sal\u00f3mons til a\u00f0 hl\u00fd\u00f0a \u00e1 visku \u00fe\u00e1 sem Gu\u00f0 haf\u00f0i lagt \u00ed hjarta hans. <a name=\"24\"><span class=\"versanumer_2007\">24<\/span><\/a> \u00c1r eftir \u00e1r h\u00f6f\u00f0u \u00feeir me\u00f0 s\u00e9r gjafir s\u00ednar, gripi \u00far silfri og gulli, kl\u00e6\u00f0i, vopn, balsam, hesta og m\u00fald\u00fdr.<br \/> <a name=\"25\"><span class=\"versanumer_2007\">25<\/span><\/a> Hesth\u00fas Sal\u00f3mons r\u00famu\u00f0u fj\u00f6gur \u00fe\u00fasund hesta \u00e1samt v\u00f6gnum. Hann haf\u00f0i t\u00f3lf \u00fe\u00fasund vagnli\u00f0a og kom \u00feeim fyrir \u00ed vagnli\u00f0sborgum og \u00ed Jer\u00fasalem hj\u00e1 konungi. <a name=\"26\"><span class=\"versanumer_2007\">26<\/span><\/a> Hann r\u00edkti yfir \u00f6llum konungum fr\u00e1 Efrat til Filistealands og a\u00f0 landam\u00e6rum Egyptalands. <a name=\"27\"><span class=\"versanumer_2007\">27<\/span><\/a> Konungur nota\u00f0i silfur eins og grj\u00f3t \u00ed Jer\u00fasalem og sedrusvi\u00f0 eins og m\u00f3rberjaf\u00edkjuvi\u00f0 sem miki\u00f0 vex af \u00e1 l\u00e1glendinu. <a name=\"28\"><span class=\"versanumer_2007\">28<\/span><\/a> Hestar voru fluttir inn fr\u00e1 Egyptalandi og hva\u00f0an\u00e6va handa Sal\u00f3mon.<\/p>\n<h3 class=\"millifyrirsogn_2007\">Sal\u00f3mon deyr<\/h3>\n<p><a name=\"29\"><span class=\"versanumer_2007\">29<\/span><\/a> \u00dea\u00f0 sem \u00f3sagt er af s\u00f6gu Sal\u00f3mons, hinni fyrri og hinni s\u00ed\u00f0ari, er skr\u00e1\u00f0 \u00ed s\u00f6gu Natans sp\u00e1manns, \u00ed bo\u00f0skap Ah\u00eda fr\u00e1 S\u00edl\u00f3 og s\u00fdn sj\u00e1andans Idd\u00f3 um Jer\u00f3b\u00f3am Nabatsson. <a name=\"30\"><span class=\"versanumer_2007\">30<\/span><\/a> Sal\u00f3mon var konungur \u00ed Jer\u00fasalem yfir \u00f6llum \u00cdsrael \u00ed fj\u00f6rut\u00edu \u00e1r. <a name=\"31\"><span class=\"versanumer_2007\">31<\/span><\/a> S\u00ed\u00f0an var hann lag\u00f0ur til hv\u00edldar hj\u00e1 fe\u00f0rum s\u00ednum og grafinn \u00ed borg Dav\u00ed\u00f0s, f\u00f6\u00f0ur s\u00edns. Rehabeam, sonur hans, var\u00f0 konungur eftir hann.<\/p>\n","protected":false},"excerpt":{"rendered":"<p>Drottningin af Saba 1 Drottningin af Saba heyr\u00f0i \u00fea\u00f0 or\u00f0 sem f\u00f3r af Sal\u00f3mon og kom til \u00feess a\u00f0 reyna hann me\u00f0 g\u00e1tum \u00ed Jer\u00fasalem. H\u00fan kom \u00e1samt mj\u00f6g miklu fylgdarli\u00f0i og haf\u00f0i \u00falfalda klyfja\u00f0a balsami, afar miklu gulli og d\u00fdrindis steinum. H\u00fan gekk fyrir Sal\u00f3mon og lag\u00f0i fyrir hann allt sem henni l\u00e1 \u00e1 hjarta. 2 Sal\u00f3mon svara\u00f0i \u00f6llum spurningum hennar, ekkert var Sal\u00f3mon huli\u00f0 svo a\u00f0 hann g\u00e6ti ekki svara\u00f0 henni. 3 \u00deegar drottningin af Saba haf\u00f0i kynnst speki Sal\u00f3mons, s\u00e9\u00f0 h\u00fasi\u00f0 sem hann haf\u00f0i l\u00e1ti\u00f0 reisa, 4 matinn \u00e1 bor\u00f0i hans, s\u00e6taskipun hir\u00f0manna og \u00fej\u00f3nustu skutilsveina hans <a href=\"https:\/\/biblian.is\/biblian\/sidari-kronikubok-9-kafli\/\"> [&#8230;]<\/a><\/p>\n","protected":false},"author":1,"featured_media":0,"parent":0,"menu_order":0,"comment_status":"closed","ping_status":"closed","template":"bibliukaflar_NT.php","meta":{"footnotes":""},"class_list":["post-1993","page","type-page","status-publish","hentry"],"_links":{"self":[{"href":"https:\/\/biblian.is\/biblian\/wp-json\/wp\/v2\/pages\/1993","targetHints":{"allow":["GET"]}}],"collection":[{"href":"https:\/\/biblian.is\/biblian\/wp-json\/wp\/v2\/pages"}],"about":[{"href":"https:\/\/biblian.is\/biblian\/wp-json\/wp\/v2\/types\/page"}],"author":[{"embeddable":true,"href":"https:\/\/biblian.is\/biblian\/wp-json\/wp\/v2\/users\/1"}],"replies":[{"embeddable":true,"href":"https:\/\/biblian.is\/biblian\/wp-json\/wp\/v2\/comments?post=1993"}],"version-history":[{"count":0,"href":"https:\/\/biblian.is\/biblian\/wp-json\/wp\/v2\/pages\/1993\/revisions"}],"wp:attachment":[{"href":"https:\/\/biblian.is\/biblian\/wp-json\/wp\/v2\/media?parent=1993"}],"curies":[{"name":"wp","href":"https:\/\/api.w.org\/{rel}","templated":true}]}}