{"id":1991,"date":"2017-12-30T21:01:15","date_gmt":"2017-12-30T21:01:15","guid":{"rendered":"http:\/\/biblian.is\/biblian\/s%c2%92_ari-kron%c2%92kub%c2%97k-7-kafli\/"},"modified":"2024-06-26T23:21:17","modified_gmt":"2024-06-26T23:21:17","slug":"sidari-kronikubok-7-kafli","status":"publish","type":"page","link":"https:\/\/biblian.is\/biblian\/sidari-kronikubok-7-kafli\/","title":{"rendered":"S\u00ed\u00f0ari kron\u00edkub\u00f3k 7. kafli"},"content":{"rendered":"<h3 class=\"millifyrirsogn_2007\"> V\u00edgsla musterisins: F\u00f3rnir og lok athafnarinnar<\/h3>\n<p><a name=\"1\"><span class=\"versanumer_2007\">1<\/span><\/a> \u00deegar Sal\u00f3mon haf\u00f0i loki\u00f0 b\u00e6n sinni kom eldur af himni ofan, eyddi brennif\u00f3rninni og sl\u00e1turf\u00f3rnunum og d\u00fdr\u00f0 Drottins fyllti h\u00fasi\u00f0. <a name=\"2\"><span class=\"versanumer_2007\">2<\/span><\/a> Prestarnir g\u00e1tu ekki gengi\u00f0 inn \u00ed h\u00fas Drottins \u00fev\u00ed a\u00f0 d\u00fdr\u00f0 Drottins fyllti h\u00fas Drottins. <a name=\"3\"><span class=\"versanumer_2007\">3<\/span><\/a> \u00deegar allir \u00cdsraelsmenn s\u00e1u eldinn koma ofan og d\u00fdr\u00f0 Drottins yfir h\u00fasinu v\u00f6rpu\u00f0u \u00feeir s\u00e9r \u00e1 steinst\u00e9ttina og hneig\u00f0u \u00e1sj\u00f3nu s\u00edna til jar\u00f0ar, s\u00fdndu Drottni lotningu og lofu\u00f0u hann: \u201e\u00dev\u00ed a\u00f0 hann er g\u00f3\u00f0ur, miskunn hans varir a\u00f0 eil\u00edfu.\u201c<br \/> <a name=\"4\"><span class=\"versanumer_2007\">4<\/span><\/a> S\u00ed\u00f0an f\u00e6r\u00f0i konungurinn og allt f\u00f3lki\u00f0 sl\u00e1turf\u00f3rnir fyrir augliti Drottins. <a name=\"5\"><span class=\"versanumer_2007\">5<\/span><\/a> Sal\u00f3mon konungur f\u00e6r\u00f0i tuttugu og tv\u00f6 \u00fe\u00fasund naut og hundra\u00f0 og tuttugu \u00fe\u00fasund sau\u00f0i \u00ed sl\u00e1turf\u00f3rn. \u00deannig v\u00edg\u00f0i konungurinn og allt f\u00f3lki\u00f0 h\u00fas Gu\u00f0s.<br \/> <a name=\"6\"><span class=\"versanumer_2007\">6<\/span><\/a> Prestarnir st\u00f3\u00f0u \u00e1 s\u00ednum sta\u00f0 og einnig Lev\u00edtarnir sem l\u00e9ku \u00e1 hlj\u00f3\u00f0f\u00e6ri Drottins. Dav\u00ed\u00f0 konungur haf\u00f0i l\u00e1ti\u00f0 gera \u00feessi hlj\u00f3\u00f0f\u00e6ri til \u00feess a\u00f0 lofa Drottin me\u00f0 or\u00f0unum: \u201e\u00dev\u00ed a\u00f0 miskunn hans varir a\u00f0 eil\u00edfu.\u201c \u00deegar Lev\u00edtarnir fluttu lofgj\u00f6r\u00f0 Dav\u00ed\u00f0s me\u00f0 \u00feeim st\u00f3\u00f0u prestarnir andsp\u00e6nis \u00feeim og \u00feeyttu l\u00fa\u00f0ra en allur \u00cdsrael st\u00f3\u00f0 \u00e1 me\u00f0an.<br \/> <a name=\"7\"><span class=\"versanumer_2007\">7<\/span><\/a> Sal\u00f3mon helga\u00f0i mi\u00f0hluta forgar\u00f0sins fyrir framan h\u00fas Drottins. Hann f\u00f3rna\u00f0i \u00fear brennif\u00f3rnunum og feiti heillaf\u00f3rnarinnar \u00fev\u00ed a\u00f0 eiraltari\u00f0, sem Sal\u00f3mon haf\u00f0i l\u00e1ti\u00f0 gera, r\u00fama\u00f0i ekki brennif\u00f3rnina, kornf\u00f3rnina og feiti heillaf\u00f3rnarinnar.<br \/> <a name=\"8\"><span class=\"versanumer_2007\">8<\/span><\/a> A\u00f0 \u00feessu sinni h\u00e9lt Sal\u00f3mon h\u00e1t\u00ed\u00f0ina \u00ed sj\u00f6 daga \u00e1samt \u00f6llum \u00cdsrael sem var mj\u00f6g mikill s\u00f6fnu\u00f0ur fr\u00e1 sv\u00e6\u00f0inu fr\u00e1 Leb\u00f3 Hamat a\u00f0 landam\u00e6ral\u00e6k Egyptalands. <a name=\"9\"><span class=\"versanumer_2007\">9<\/span><\/a> \u00c1 \u00e1ttunda degi h\u00e9ldu \u00feeir lokah\u00e1t\u00ed\u00f0 \u00fev\u00ed a\u00f0 \u00feeir h\u00f6f\u00f0u haldi\u00f0 v\u00edgsluh\u00e1t\u00ed\u00f0 altarisins \u00ed sj\u00f6 daga og h\u00e1t\u00ed\u00f0ina \u00ed sj\u00f6 daga. <a name=\"10\"><span class=\"versanumer_2007\">10<\/span><\/a> \u00c1 tuttugasta og \u00feri\u00f0ja degi sj\u00f6unda m\u00e1na\u00f0arins sendi konungur f\u00f3lki\u00f0 til tjalda sinna glatt og \u00e1n\u00e6gt vegna allra velgj\u00f6r\u00f0a Drottins vi\u00f0 Dav\u00ed\u00f0 og Sal\u00f3mon og eignarl\u00fd\u00f0 sinn, \u00cdsrael.<\/p>\n<h3 class=\"millifyrirsogn_2007\">\u00d6nnur opinberun Drottins<\/h3>\n<p><a name=\"11\"><span class=\"versanumer_2007\">11<\/span><\/a> \u00deegar Sal\u00f3mon haf\u00f0i reist h\u00fas Drottins og h\u00fas konungs og komi\u00f0 \u00ed verk \u00f6llum \u00e1\u00e6tlunum s\u00ednum um h\u00fas Drottins og h\u00fas sitt, <a name=\"12\"><span class=\"versanumer_2007\">12<\/span><\/a> birtist Drottinn Sal\u00f3mon n\u00f3tt eina og sag\u00f0i vi\u00f0 hann: \u201e\u00c9g hef heyrt b\u00e6n \u00fe\u00edna og vali\u00f0 \u00feennan sta\u00f0 sem f\u00f3rnarsta\u00f0 minn. <a name=\"13\"><span class=\"versanumer_2007\">13<\/span><\/a> Byrgi \u00e9g himininn svo a\u00f0 ekki rigni e\u00f0a skipi engisprettum a\u00f0 r\u00f3tnaga landi\u00f0 e\u00f0a sendi dreps\u00f3tt til \u00fej\u00f3\u00f0ar minnar <a name=\"14\"><span class=\"versanumer_2007\">14<\/span><\/a> og \u00fej\u00f3\u00f0 m\u00edn, sem nafn mitt hefur veri\u00f0 hr\u00f3pa\u00f0 yfir,<span class=\"nedan_mal\" title=\" A\u00f0 hr\u00f3pa nafn einhvers yfir einhverju var yfirl\u00fdsing um eignarhald \u00feess sem nafni\u00f0 bar \u00e1 \u00fev\u00ed sem nafni\u00f0 var hr\u00f3pa\u00f0 yfir.\">[<\/span> au\u00f0m\u00fdkir sig, bi\u00f0ur, leitar auglits m\u00edns og l\u00e6tur af illri breytni sinni, mun \u00e9g heyra \u00e1 himninum, fyrirgefa synd hennar og gr\u00e6\u00f0a upp land hennar. <a name=\"15\"><span class=\"versanumer_2007\">15<\/span><\/a> H\u00e9\u00f0an \u00ed fr\u00e1 munu augu m\u00edn vera opin og eyru m\u00edn munu hlusta \u00e1 b\u00e6nir \u00e1 \u00feessum sta\u00f0. <a name=\"16\"><span class=\"versanumer_2007\">16<\/span><\/a> H\u00e9r me\u00f0 hef \u00e9g vali\u00f0 \u00feetta h\u00fas og helga\u00f0 \u00fea\u00f0 til \u00feess a\u00f0 nafn mitt b\u00fai \u00fear \u00e6vinlega. Augu m\u00edn og hjarta munu \u00e6t\u00ed\u00f0 dvelja \u00fear. <a name=\"17\"><span class=\"versanumer_2007\">17<\/span><\/a> Ef \u00fe\u00fa gengur frammi fyrir augliti m\u00ednu eins og Dav\u00ed\u00f0, fa\u00f0ir \u00feinn, og ef \u00fe\u00fa gerir allt sem \u00e9g hef bo\u00f0i\u00f0 \u00fe\u00e9r, heldur \u00e1kv\u00e6\u00f0i m\u00edn og l\u00f6g, <a name=\"18\"><span class=\"versanumer_2007\">18<\/span><\/a> mun \u00e9g sty\u00f0ja h\u00e1s\u00e6ti konungd\u00f3ms \u00fe\u00edns eins og \u00e9g hef heiti\u00f0 Dav\u00ed\u00f0, f\u00f6\u00f0ur \u00fe\u00ednum, me\u00f0 s\u00e1ttm\u00e1la: Ni\u00f0jar \u00fe\u00ednir munu \u00e6t\u00ed\u00f0 sitja \u00ed h\u00e1s\u00e6ti \u00cdsraels. <a name=\"19\"><span class=\"versanumer_2007\">19<\/span><\/a> En ef \u00fei\u00f0 sn\u00fai\u00f0 ykkur fr\u00e1 m\u00e9r og haldi\u00f0 ekki l\u00f6g \u00feau og reglur sem \u00e9g hef sett ykkur en fari\u00f0 og \u00fej\u00f3ni\u00f0 \u00f6\u00f0rum gu\u00f0um og s\u00fdni\u00f0 \u00feeim lotningu, <a name=\"20\"><span class=\"versanumer_2007\">20<\/span><\/a> mun \u00e9g uppr\u00e6ta ykkur \u00far landinu sem \u00e9g hef gefi\u00f0 ykkur. H\u00fasi\u00f0, sem \u00e9g hef helga\u00f0 nafni m\u00ednu, mun \u00e9g fjarl\u00e6gja fr\u00e1 augliti m\u00ednu og \u00e9g mun l\u00e1ta \u00fea\u00f0 ver\u00f0a a\u00f0 h\u00e1\u00f0i og spotti me\u00f0al allra \u00fej\u00f3\u00f0a. <a name=\"21\"><span class=\"versanumer_2007\">21<\/span><\/a> Hverjum \u00feeim sem gengur fram hj\u00e1 \u00feessu h\u00e1reista h\u00fasi mun bl\u00f6skra og hann mun spyrja: Hvers vegna hefur Drottinn fari\u00f0 svona me\u00f0 \u00feetta land og \u00feetta h\u00fas? <a name=\"22\"><span class=\"versanumer_2007\">22<\/span><\/a> Og svari\u00f0 ver\u00f0ur: Af \u00fev\u00ed a\u00f0 \u00edb\u00faarnir yfirg\u00e1fu Drottin, Gu\u00f0 fe\u00f0ra sinna, sem leiddi \u00fe\u00e1 \u00fat \u00far Egyptalandi. \u00deeir bundust \u00f6\u00f0rum gu\u00f0um, s\u00fdndu \u00feeim lotningu og \u00fej\u00f3nu\u00f0u \u00feeim. \u00deess vegna hefur hann sent allt \u00feetta b\u00f6l yfir \u00fe\u00e1.\u201c<\/p>\n","protected":false},"excerpt":{"rendered":"<p>V\u00edgsla musterisins: F\u00f3rnir og lok athafnarinnar 1 \u00deegar Sal\u00f3mon haf\u00f0i loki\u00f0 b\u00e6n sinni kom eldur af himni ofan, eyddi brennif\u00f3rninni og sl\u00e1turf\u00f3rnunum og d\u00fdr\u00f0 Drottins fyllti h\u00fasi\u00f0. 2 Prestarnir g\u00e1tu ekki gengi\u00f0 inn \u00ed h\u00fas Drottins \u00fev\u00ed a\u00f0 d\u00fdr\u00f0 Drottins fyllti h\u00fas Drottins. 3 \u00deegar allir \u00cdsraelsmenn s\u00e1u eldinn koma ofan og d\u00fdr\u00f0 Drottins yfir h\u00fasinu v\u00f6rpu\u00f0u \u00feeir s\u00e9r \u00e1 steinst\u00e9ttina og hneig\u00f0u \u00e1sj\u00f3nu s\u00edna til jar\u00f0ar, s\u00fdndu Drottni lotningu og lofu\u00f0u hann: \u201e\u00dev\u00ed a\u00f0 hann er g\u00f3\u00f0ur, miskunn hans varir a\u00f0 eil\u00edfu.\u201c 4 S\u00ed\u00f0an f\u00e6r\u00f0i konungurinn og allt f\u00f3lki\u00f0 sl\u00e1turf\u00f3rnir fyrir augliti Drottins. 5 Sal\u00f3mon konungur f\u00e6r\u00f0i tuttugu og <a href=\"https:\/\/biblian.is\/biblian\/sidari-kronikubok-7-kafli\/\"> [&#8230;]<\/a><\/p>\n","protected":false},"author":1,"featured_media":0,"parent":0,"menu_order":0,"comment_status":"open","ping_status":"open","template":"bibliukaflar_NT.php","meta":{"footnotes":""},"class_list":["post-1991","page","type-page","status-publish","hentry"],"_links":{"self":[{"href":"https:\/\/biblian.is\/biblian\/wp-json\/wp\/v2\/pages\/1991","targetHints":{"allow":["GET"]}}],"collection":[{"href":"https:\/\/biblian.is\/biblian\/wp-json\/wp\/v2\/pages"}],"about":[{"href":"https:\/\/biblian.is\/biblian\/wp-json\/wp\/v2\/types\/page"}],"author":[{"embeddable":true,"href":"https:\/\/biblian.is\/biblian\/wp-json\/wp\/v2\/users\/1"}],"replies":[{"embeddable":true,"href":"https:\/\/biblian.is\/biblian\/wp-json\/wp\/v2\/comments?post=1991"}],"version-history":[{"count":0,"href":"https:\/\/biblian.is\/biblian\/wp-json\/wp\/v2\/pages\/1991\/revisions"}],"wp:attachment":[{"href":"https:\/\/biblian.is\/biblian\/wp-json\/wp\/v2\/media?parent=1991"}],"curies":[{"name":"wp","href":"https:\/\/api.w.org\/{rel}","templated":true}]}}