{"id":1990,"date":"2017-12-30T21:01:15","date_gmt":"2017-12-30T21:01:15","guid":{"rendered":"http:\/\/biblian.is\/biblian\/s%c2%92_ari-kron%c2%92kub%c2%97k-6-kafli\/"},"modified":"2024-06-26T23:21:17","modified_gmt":"2024-06-26T23:21:17","slug":"sidari-kronikubok-6-kafli","status":"publish","type":"page","link":"https:\/\/biblian.is\/biblian\/sidari-kronikubok-6-kafli\/","title":{"rendered":"S\u00ed\u00f0ari kron\u00edkub\u00f3k 6. kafli"},"content":{"rendered":"<p><a name=\"1\"><span class=\"versanumer_2007\">1<\/span><\/a> \u00de\u00e1 sag\u00f0i Sal\u00f3mon: \u201eDrottinn hefur sagt a\u00f0 hann vilji b\u00faa \u00ed myrkri. <a name=\"2\"><span class=\"versanumer_2007\">2<\/span><\/a> N\u00fa hef \u00e9g reist \u00fe\u00e9r veglega h\u00f6ll \u00fear sem \u00fe\u00fa munt \u00e6vinlega b\u00faa.\u201c<\/p>\n<h3 class=\"millifyrirsogn_2007\">V\u00edgsla musterisins: \u00c1varp konungs<\/h3>\n<p><a name=\"3\"><span class=\"versanumer_2007\">3<\/span><\/a> \u00de\u00e1 sneri konungur s\u00e9r vi\u00f0 og blessa\u00f0i allan s\u00f6fnu\u00f0 \u00cdsraels en allur s\u00f6fnu\u00f0ur \u00cdsraels st\u00f3\u00f0. <a name=\"4\"><span class=\"versanumer_2007\">4<\/span><\/a> Hann sag\u00f0i: \u201eLofa\u00f0ur s\u00e9 Drottinn, Gu\u00f0 \u00cdsraels. Hann hefur efnt me\u00f0 hendi sinni \u00fea\u00f0 sem hann h\u00e9t Dav\u00ed\u00f0, f\u00f6\u00f0ur m\u00ednum, me\u00f0 munni s\u00ednum \u00feegar hann sag\u00f0i: <a name=\"5\"><span class=\"versanumer_2007\">5<\/span><\/a> Fr\u00e1 \u00feeim degi, er \u00e9g leiddi l\u00fd\u00f0 minn, \u00cdsrael, \u00fat \u00far Egyptalandi, hef \u00e9g ekki vali\u00f0 borg nokkurs af \u00e6ttb\u00e1lkum \u00cdsraels til \u00feess a\u00f0 reisa h\u00fas \u00fear sem nafn mitt g\u00e6ti b\u00fai\u00f0. \u00c9g hef ekki heldur vali\u00f0 nokkurn mann til a\u00f0 vera h\u00f6f\u00f0ingi yfir eignarl\u00fd\u00f0 m\u00ednum, \u00cdsrael. <a name=\"6\"><span class=\"versanumer_2007\">6<\/span><\/a> Aftur \u00e1 m\u00f3ti hef \u00e9g vali\u00f0 Jer\u00fasalem til \u00feess a\u00f0 nafn mitt b\u00fai \u00fear og Dav\u00ed\u00f0 til a\u00f0 r\u00edkja yfir l\u00fd\u00f0 m\u00ednum, \u00cdsrael. <a name=\"7\"><span class=\"versanumer_2007\">7<\/span><\/a> Dav\u00ed\u00f0, fa\u00f0ir minn, \u00e6tla\u00f0i a\u00f0 reisa nafni Drottins, Gu\u00f0s \u00cdsraels, h\u00fas <a name=\"8\"><span class=\"versanumer_2007\">8<\/span><\/a> en Drottinn sag\u00f0i vi\u00f0 Dav\u00ed\u00f0, f\u00f6\u00f0ur minn: \u00c1kv\u00f6r\u00f0un \u00fe\u00edn, a\u00f0 reisa nafni m\u00ednu h\u00fas, er g\u00f3\u00f0 <a name=\"9\"><span class=\"versanumer_2007\">9<\/span><\/a> en \u00fe\u00fa \u00e1tt ekki a\u00f0 reisa \u00feetta h\u00fas heldur skal sonur \u00feinn, sem er af \u00fe\u00ednu holdi, reisa nafni m\u00ednu h\u00fas. <a name=\"10\"><span class=\"versanumer_2007\">10<\/span><\/a> N\u00fa hefur Drottinn efnt \u00fea\u00f0 heit sem hann gaf. \u00c9g er kominn \u00ed sta\u00f0 Dav\u00ed\u00f0s, f\u00f6\u00f0ur m\u00edns, og er sestur \u00ed h\u00e1s\u00e6ti \u00cdsraels eins og Drottinn h\u00e9t. N\u00fa hef \u00e9g reist nafni Drottins, Gu\u00f0s \u00cdsraels, h\u00fas <a name=\"11\"><span class=\"versanumer_2007\">11<\/span><\/a> og b\u00fai\u00f0 \u00f6rkinni \u00fear sta\u00f0. \u00cd henni er s\u00e1ttm\u00e1linn sem Drottinn ger\u00f0i vi\u00f0 \u00cdsraelsmenn.\u201c<\/p>\n<h3 class=\"millifyrirsogn_2007\">V\u00edgsla musterisins: Fyrirb\u00e6n konungs<\/h3>\n<p><a name=\"12\"><span class=\"versanumer_2007\">12<\/span><\/a> \u00deessu n\u00e6st gekk konungur fyrir altari Drottins \u00ed vi\u00f0urvist alls safna\u00f0ar \u00cdsraels og breiddi \u00fat hendur s\u00ednar. <a name=\"13\"><span class=\"versanumer_2007\">13<\/span><\/a> Sal\u00f3mon haf\u00f0i l\u00e1ti\u00f0 gera pall \u00far eir og koma honum fyrir \u00ed mi\u00f0jum forgar\u00f0inum. Hann var fimm \u00e1lnir \u00e1 lengd, fimm \u00e1lnir \u00e1 breidd og \u00ferj\u00e1r \u00e1lnir \u00e1 h\u00e6\u00f0. Hann steig n\u00fa upp \u00e1 pallinn, kraup \u00e1 kn\u00e9 \u00ed vi\u00f0urvist alls safna\u00f0ar \u00cdsraels, breiddi \u00fat hendur s\u00ednar <a name=\"14\"><span class=\"versanumer_2007\">14<\/span><\/a> og ba\u00f0: \u201eDrottinn, Gu\u00f0 \u00cdsraels, enginn gu\u00f0 er sem \u00fe\u00fa, hvorki \u00e1 himni n\u00e9 \u00e1 j\u00f6r\u00f0u, gu\u00f0 sem heldur s\u00e1ttm\u00e1la og s\u00fdnir tr\u00fafesti \u00feeim \u00fej\u00f3num \u00fe\u00ednum sem lifa heils hugar frammi fyrir \u00fe\u00e9r. <a name=\"15\"><span class=\"versanumer_2007\">15<\/span><\/a> \u00de\u00fa hefur haldi\u00f0 \u00fea\u00f0 sem \u00fe\u00fa lofa\u00f0ir \u00fej\u00f3ni \u00fe\u00ednum, Dav\u00ed\u00f0, f\u00f6\u00f0ur m\u00ednum. \u00dea\u00f0 sem \u00fe\u00fa lofa\u00f0ir me\u00f0 munni \u00fe\u00ednum hefur \u00fe\u00fa \u00ed dag efnt me\u00f0 hendi \u00feinni. <a name=\"16\"><span class=\"versanumer_2007\">16<\/span><\/a> Drottinn, Gu\u00f0 \u00cdsraels, efndu n\u00fa einnig heiti\u00f0 sem \u00fe\u00fa gafst \u00fej\u00f3ni \u00fe\u00ednum, Dav\u00ed\u00f0, f\u00f6\u00f0ur m\u00ednum, \u00feegar \u00fe\u00fa sag\u00f0ir: Ni\u00f0jar \u00fe\u00ednir munu \u00e6t\u00ed\u00f0 sitja frammi fyrir m\u00e9r \u00ed h\u00e1s\u00e6ti \u00cdsraels svo framarlega sem \u00feeir vanda framfer\u00f0i sitt og breyta frammi fyrir m\u00e9r eins og \u00fe\u00fa hefur gert. <a name=\"17\"><span class=\"versanumer_2007\">17<\/span><\/a> Drottinn, Gu\u00f0 \u00cdsraels, stattu n\u00fa vi\u00f0 heiti\u00f0 sem \u00fe\u00fa gafst \u00fej\u00f3ni \u00fe\u00ednum, Dav\u00ed\u00f0.<br \/> <a name=\"18\"><span class=\"versanumer_2007\">18<\/span><\/a> B\u00fdr \u00fe\u00e1 Gu\u00f0 hj\u00e1 m\u00f6nnunum \u00e1 j\u00f6r\u00f0inni? Nei, jafnvel himinninn og himnanna himnar r\u00fama \u00feig ekki, hva\u00f0 \u00fe\u00e1 \u00feetta h\u00fas sem \u00e9g hef reist. <a name=\"19\"><span class=\"versanumer_2007\">19<\/span><\/a> Gef\u00f0u gaum a\u00f0 \u00e1kalli \u00fej\u00f3ns \u00fe\u00edns og b\u00e6n hans, Drottinn, Gu\u00f0 minn. Heyr \u00e1kalli\u00f0 og b\u00e6nina sem \u00e9g, \u00fej\u00f3nn \u00feinn, ber fram fyrir \u00feig \u00ed dag. <a name=\"20\"><span class=\"versanumer_2007\">20<\/span><\/a> L\u00e1t augu \u00fe\u00edn vaka yfir \u00feessu h\u00fasi dag og n\u00f3tt \u00e1 \u00feeim sta\u00f0 sem \u00fe\u00fa hefur um sagt a\u00f0 \u00fear skuli nafn \u00feitt b\u00faa. Heyr b\u00e6nina sem \u00fej\u00f3nn \u00feinn bi\u00f0ur er hann sn\u00fdr s\u00e9r til \u00feessa sta\u00f0ar. <a name=\"21\"><span class=\"versanumer_2007\">21<\/span><\/a> Heyr b\u00e6n \u00fej\u00f3ns \u00fe\u00edns og eignarl\u00fd\u00f0s \u00fe\u00edns, \u00cdsraels, sem hann bi\u00f0ur er hann sn\u00fdr s\u00e9r \u00ed \u00e1tt til \u00feessa sta\u00f0ar, heyr hana \u00e1 himnum \u00fear sem \u00fe\u00fa b\u00fdr\u00f0. Heyr hana og fyrirgef.<br \/> <a name=\"22\"><span class=\"versanumer_2007\">22<\/span><\/a> Ef einhver, sem br\u00fdtur gegn n\u00e1unga s\u00ednum er krafinn ei\u00f0s og l\u00e1tinn sverja, kemur og vinnur ei\u00f0inn frammi fyrir altari \u00fe\u00ednu \u00ed \u00feessu h\u00fasi, <a name=\"23\"><span class=\"versanumer_2007\">23<\/span><\/a> heyr \u00fe\u00e1 \u00e1 himnum og veit honum \u00fea\u00f0 sem hann ver\u00f0skuldar svo a\u00f0 \u00fej\u00f3nar \u00fe\u00ednir n\u00e1i r\u00e9tti s\u00ednum. Launa\u00f0u hinum seka svo a\u00f0 verk hans komi honum sj\u00e1lfum \u00ed koll. S\u00fdkna hinn saklausa og l\u00e1t hann nj\u00f3ta r\u00e9ttl\u00e6tis s\u00edns. <a name=\"24\"><span class=\"versanumer_2007\">24<\/span><\/a> Ef l\u00fd\u00f0ur \u00feinn, \u00cdsrael, b\u00ed\u00f0ur \u00f3sigur fyrir fjandmanni af \u00fev\u00ed a\u00f0 hann hefur broti\u00f0 gegn \u00fe\u00e9r og sn\u00fdr s\u00e9r s\u00ed\u00f0an aftur til \u00fe\u00edn, lofar nafn \u00feitt, \u00e1kallar \u00feig og bi\u00f0ur til \u00fe\u00edn \u00ed \u00feessu h\u00fasi, <a name=\"25\"><span class=\"versanumer_2007\">25<\/span><\/a> heyr \u00fe\u00e1 \u00e1 himnum. Fyrirgef \u00fe\u00e1 l\u00fd\u00f0 \u00fe\u00ednum, \u00cdsrael, synd hans og lei\u00f0 hann aftur til \u00feess lands sem \u00fe\u00fa gafst honum og fe\u00f0rum hans.<br \/> <a name=\"26\"><span class=\"versanumer_2007\">26<\/span><\/a> \u00deegar himinninn er byrg\u00f0ur og ekki rignir af \u00fev\u00ed a\u00f0 \u00cdsraelsmenn hafa syndga\u00f0 gegn \u00fe\u00e9r og \u00feeir bi\u00f0ja og sn\u00faa \u00ed \u00e1tt til \u00feessa sta\u00f0ar og lofa nafn \u00feitt og hverfa jafnframt fr\u00e1 syndum s\u00ednum af \u00fev\u00ed a\u00f0 \u00fe\u00fa hefur au\u00f0m\u00fdkt \u00fe\u00e1, <a name=\"27\"><span class=\"versanumer_2007\">27<\/span><\/a> heyr \u00fe\u00e1 \u00e1 himnum. Fyrirgef synd \u00fej\u00f3na \u00feinna og l\u00fd\u00f0s \u00fe\u00edns, \u00cdsraels, af \u00fev\u00ed a\u00f0 \u00fe\u00fa hefur v\u00edsa\u00f0 \u00feeim hinn g\u00f3\u00f0a veg sem \u00feeir eiga a\u00f0 ganga. L\u00e1ttu rigna \u00e1 land \u00feitt sem \u00fe\u00fa hefur fengi\u00f0 eignarl\u00fd\u00f0 \u00fe\u00ednum a\u00f0 erf\u00f0ahlut.<br \/> <a name=\"28\"><span class=\"versanumer_2007\">28<\/span><\/a> \u00deegar hungursney\u00f0 ver\u00f0ur \u00ed landinu, \u00feegar dreps\u00f3tt kemur, korndrep og kornbruni, \u00feegar engisprettur og annar jar\u00f0vargur herjar \u00e1 landi\u00f0, \u00feegar fjandmenn \u00ferengja a\u00f0 f\u00f3lkinu \u00ed landinu utan \u00feess eigin borgarhli\u00f0a, \u00feegar pl\u00e1ga e\u00f0a sj\u00fakd\u00f3msfaraldur \u00fej\u00e1ir \u00fea\u00f0, <a name=\"29\"><span class=\"versanumer_2007\">29<\/span><\/a> heyr \u00fe\u00e1 hvert \u00e1kall hvers og eins, hverja b\u00e6n l\u00fd\u00f0s \u00fe\u00edns, \u00cdsraels. S\u00e9rhver \u00feeirra \u00feekkir kv\u00f6l hjarta s\u00edns og ney\u00f0, \u00feess vegna brei\u00f0ir hann \u00fat hendur s\u00ednar \u00ed \u00e1tt til \u00feessa h\u00fass. <a name=\"30\"><span class=\"versanumer_2007\">30<\/span><\/a> Heyr \u00fe\u00e1 b\u00e6n \u00feeirra \u00e1 himnum \u00fear sem \u00fe\u00fa b\u00fdr\u00f0 og fyrirgef \u00feeim. Launa\u00f0u hverjum eftir breytni hans \u00fev\u00ed a\u00f0 \u00fe\u00fa \u00feekkir innstu hugsanir hans, \u00fe\u00fa einn \u00feekkir innstu hugsanir mannanna. <a name=\"31\"><span class=\"versanumer_2007\">31<\/span><\/a> \u00deess vegna munu \u00feeir s\u00fdna \u00fe\u00e9r lotningu me\u00f0 \u00fev\u00ed a\u00f0 ganga \u00e1 \u00fe\u00ednum vegum alla daga sem \u00feeir lifa \u00ed \u00fev\u00ed landi er \u00fe\u00fa gafst fe\u00f0rum vorum.<br \/> <a name=\"32\"><span class=\"versanumer_2007\">32<\/span><\/a> Ef \u00fatlendingur, sem ekki er af l\u00fd\u00f0 \u00fe\u00ednum, \u00cdsrael, kemur fr\u00e1 fjarl\u00e6gu landi vegna \u00fe\u00edns mikla nafns og sterku handar og \u00fatr\u00e9tts arms \u00fe\u00edns, ef hann kemur og bi\u00f0ur og sn\u00fdr s\u00e9r \u00ed \u00e1tt til \u00feessa h\u00fass, <a name=\"33\"><span class=\"versanumer_2007\">33<\/span><\/a> heyr \u00fe\u00e1 \u00e1 himnum \u00fear sem \u00fe\u00fa b\u00fdr\u00f0. Ger\u00f0u allt sem \u00fatlendingurinn \u00e1kallar \u00feig um til \u00feess a\u00f0 allar \u00fej\u00f3\u00f0ir jar\u00f0ar j\u00e1ti nafn \u00feitt. \u00de\u00e1 munu \u00fe\u00e6r s\u00fdna \u00fe\u00e9r lotningu, eins og l\u00fd\u00f0ur \u00feinn, \u00cdsrael, og skilja a\u00f0 nafn \u00feitt hefur veri\u00f0 hr\u00f3pa\u00f0 yfir \u00feessu h\u00fasi sem \u00e9g hef reist.<br \/> <a name=\"34\"><span class=\"versanumer_2007\">34<\/span><\/a> \u00deegar l\u00fd\u00f0ur \u00feinn heldur \u00ed str\u00ed\u00f0 gegn fjandm\u00f6nnum s\u00ednum og fer \u00fe\u00e1 lei\u00f0 sem \u00fe\u00fa hefur sent hann og \u00cdsraelsmenn bi\u00f0ja til \u00fe\u00edn og sn\u00faa s\u00e9r til \u00feessarar borgar sem \u00fe\u00fa hefur vali\u00f0 \u00fe\u00e9r og h\u00fassins sem \u00e9g hef reist nafni \u00fe\u00ednu, <a name=\"35\"><span class=\"versanumer_2007\">35<\/span><\/a> heyr \u00fe\u00e1 \u00e1 himnum \u00e1kall \u00feeirra og b\u00e6n og veit \u00feeim \u00fea\u00f0 sem \u00feeir ver\u00f0skulda.<br \/> <a name=\"36\"><span class=\"versanumer_2007\">36<\/span><\/a> \u00deegar \u00feeir syndga gegn \u00fe\u00e9r, \u00fev\u00ed a\u00f0 enginn ma\u00f0ur er til sem ekki syndgar, og \u00fe\u00fa rei\u00f0ist \u00feeim og gefur \u00fe\u00e1 \u00e1 vald fjandmanna sinna sem flytja \u00fe\u00e1 sem fanga til einhvers lands, fj\u00e6r e\u00f0a n\u00e6r, <a name=\"37\"><span class=\"versanumer_2007\">37<\/span><\/a> \u00fe\u00e1 munu \u00feeir koma aftur til sj\u00e1lfra s\u00edn \u00ed landinu sem \u00feeir voru fluttir til, i\u00f0rast og \u00e1kalla \u00feig, \u00ed landinu \u00fear sem \u00feeim er haldi\u00f0 nau\u00f0ugum, og segja: V\u00e9r h\u00f6fum syndga\u00f0 og breytt ranglega og \u00f3gu\u00f0lega. <a name=\"38\"><span class=\"versanumer_2007\">38<\/span><\/a> \u00deeir munu sn\u00faa s\u00e9r aftur til \u00fe\u00edn af \u00f6llu hjarta og allri s\u00e1lu, \u00ed landinu \u00fear sem \u00feeir eru \u00ed \u00fatleg\u00f0, bi\u00f0ja til \u00fe\u00edn og horfa \u00ed \u00e1tt til landsins sem \u00fe\u00fa gafst fe\u00f0rum \u00feeirra, \u00ed \u00e1tt til \u00feessarar borgar sem \u00fe\u00fa valdir \u00fe\u00e9r og \u00ed \u00e1tt til h\u00fassins sem \u00e9g reisti nafni \u00fe\u00ednu. <a name=\"39\"><span class=\"versanumer_2007\">39<\/span><\/a> Heyr \u00fe\u00e1 \u00e1 himnum, \u00fear sem \u00fe\u00fa b\u00fdr\u00f0, \u00e1kall \u00feeirra og b\u00e6n og veittu \u00feeim \u00fea\u00f0 sem \u00feeir ver\u00f0skulda. Fyrirgef l\u00fd\u00f0 \u00fe\u00ednum sem hefur syndga\u00f0 gegn \u00fe\u00e9r.<br \/> <a name=\"40\"><span class=\"versanumer_2007\">40<\/span><\/a> Gu\u00f0 minn, lj\u00fak upp augum \u00fe\u00ednum og eyru \u00fe\u00edn hl\u00fd\u00f0i me\u00f0 athygli \u00e1 \u00fe\u00e1 b\u00e6n sem borin er fram \u00e1 \u00feessum sta\u00f0.<br \/> <span class=\"ljodatexti\"> <a name=\"41\"><span class=\"versanumer_ljod\">41<\/span><\/a> Drottinn Gu\u00f0, r\u00eds n\u00fa upp og kom til hv\u00edldar \u00feinnar,<br \/>\u00fe\u00fa og hin m\u00e1ttuga \u00f6rk \u00fe\u00edn.<br \/>Prestar \u00fe\u00ednir, Drottinn Gu\u00f0,<br \/>skulu kl\u00e6\u00f0ast hj\u00e1lpr\u00e6\u00f0i<br \/>og \u00feeir sem tr\u00faa \u00e1 \u00feig gle\u00f0jast<br \/>yfir velgj\u00f6r\u00f0um \u00fe\u00ednum.<br \/> <\/span> <span class=\"ljodatexti\"> <a name=\"42\"><span class=\"versanumer_ljod\">42<\/span><\/a> Drottinn Gu\u00f0, v\u00edsa\u00f0u ekki \u00fe\u00ednum smur\u00f0a fr\u00e1 \u00fe\u00e9r.<br \/>Minnstu velgj\u00f6r\u00f0anna<br \/>vi\u00f0 Dav\u00ed\u00f0, \u00fej\u00f3n \u00feinn.\u201c <\/span> <\/p>\n","protected":false},"excerpt":{"rendered":"<p>1 \u00de\u00e1 sag\u00f0i Sal\u00f3mon: \u201eDrottinn hefur sagt a\u00f0 hann vilji b\u00faa \u00ed myrkri. 2 N\u00fa hef \u00e9g reist \u00fe\u00e9r veglega h\u00f6ll \u00fear sem \u00fe\u00fa munt \u00e6vinlega b\u00faa.\u201c V\u00edgsla musterisins: \u00c1varp konungs 3 \u00de\u00e1 sneri konungur s\u00e9r vi\u00f0 og blessa\u00f0i allan s\u00f6fnu\u00f0 \u00cdsraels en allur s\u00f6fnu\u00f0ur \u00cdsraels st\u00f3\u00f0. 4 Hann sag\u00f0i: \u201eLofa\u00f0ur s\u00e9 Drottinn, Gu\u00f0 \u00cdsraels. Hann hefur efnt me\u00f0 hendi sinni \u00fea\u00f0 sem hann h\u00e9t Dav\u00ed\u00f0, f\u00f6\u00f0ur m\u00ednum, me\u00f0 munni s\u00ednum \u00feegar hann sag\u00f0i: 5 Fr\u00e1 \u00feeim degi, er \u00e9g leiddi l\u00fd\u00f0 minn, \u00cdsrael, \u00fat \u00far Egyptalandi, hef \u00e9g ekki vali\u00f0 borg nokkurs af \u00e6ttb\u00e1lkum \u00cdsraels til \u00feess a\u00f0 reisa <a href=\"https:\/\/biblian.is\/biblian\/sidari-kronikubok-6-kafli\/\"> [&#8230;]<\/a><\/p>\n","protected":false},"author":1,"featured_media":0,"parent":0,"menu_order":0,"comment_status":"open","ping_status":"open","template":"bibliukaflar_NT.php","meta":{"footnotes":""},"class_list":["post-1990","page","type-page","status-publish","hentry"],"_links":{"self":[{"href":"https:\/\/biblian.is\/biblian\/wp-json\/wp\/v2\/pages\/1990","targetHints":{"allow":["GET"]}}],"collection":[{"href":"https:\/\/biblian.is\/biblian\/wp-json\/wp\/v2\/pages"}],"about":[{"href":"https:\/\/biblian.is\/biblian\/wp-json\/wp\/v2\/types\/page"}],"author":[{"embeddable":true,"href":"https:\/\/biblian.is\/biblian\/wp-json\/wp\/v2\/users\/1"}],"replies":[{"embeddable":true,"href":"https:\/\/biblian.is\/biblian\/wp-json\/wp\/v2\/comments?post=1990"}],"version-history":[{"count":0,"href":"https:\/\/biblian.is\/biblian\/wp-json\/wp\/v2\/pages\/1990\/revisions"}],"wp:attachment":[{"href":"https:\/\/biblian.is\/biblian\/wp-json\/wp\/v2\/media?parent=1990"}],"curies":[{"name":"wp","href":"https:\/\/api.w.org\/{rel}","templated":true}]}}