{"id":1989,"date":"2017-12-30T21:01:15","date_gmt":"2017-12-30T21:01:15","guid":{"rendered":"http:\/\/biblian.is\/biblian\/s%c2%92_ari-kron%c2%92kub%c2%97k-5-kafli\/"},"modified":"2024-06-26T23:21:17","modified_gmt":"2024-06-26T23:21:17","slug":"sidari-kronikubok-5-kafli","status":"publish","type":"page","link":"https:\/\/biblian.is\/biblian\/sidari-kronikubok-5-kafli\/","title":{"rendered":"S\u00ed\u00f0ari kron\u00edkub\u00f3k 5. kafli"},"content":{"rendered":"<p><a name=\"1\"><span class=\"versanumer_2007\">1<\/span><\/a> \u00deegar \u00f6llu verki Sal\u00f3mons vi\u00f0 h\u00fas Drottins var loki\u00f0 flutti hann helgigjafir Dav\u00ed\u00f0s, f\u00f6\u00f0ur s\u00edns, \u00feanga\u00f0 og setti silfri\u00f0, gulli\u00f0 og \u00f6ll \u00e1h\u00f6ldin \u00ed fj\u00e1rhirslu h\u00fass Gu\u00f0s.<\/p>\n<h3 class=\"millifyrirsogn_2007\">\u00d6rkin flutt \u00ed musteri\u00f0<\/h3>\n<p><a name=\"2\"><span class=\"versanumer_2007\">2<\/span><\/a> \u00de\u00e1 safna\u00f0i Sal\u00f3mon til s\u00edn \u00ed Jer\u00fasalem \u00f6ldungum \u00cdsraels, \u00f6llum \u00e6ttb\u00e1lkah\u00f6f\u00f0ingjum og \u00e6ttarh\u00f6f\u00f0ingjum \u00cdsraels, til \u00feess a\u00f0 flytja s\u00e1ttm\u00e1ls\u00f6rk Drottins fr\u00e1 borg Dav\u00ed\u00f0s, \u00fea\u00f0 er S\u00edon. <a name=\"3\"><span class=\"versanumer_2007\">3<\/span><\/a> Allir \u00cdsraelsmenn komu saman hj\u00e1 konunginum \u00e1 h\u00e1t\u00ed\u00f0inni \u00ed sj\u00f6unda m\u00e1nu\u00f0inum. <a name=\"4\"><span class=\"versanumer_2007\">4<\/span><\/a> Allir \u00f6ldungar \u00cdsraels komu og Lev\u00edtarnir t\u00f3ku \u00f6rkina <a name=\"5\"><span class=\"versanumer_2007\">5<\/span><\/a> og fluttu upp eftir \u00e1samt opinberunartjaldinu og \u00f6llum hinum heil\u00f6gu \u00e1h\u00f6ldum sem voru \u00ed tjaldinu. Prestarnir, \u00fea\u00f0 er Lev\u00edtarnir, s\u00e1u um flutninginn. <a name=\"6\"><span class=\"versanumer_2007\">6<\/span><\/a> Sal\u00f3mon konungur og allur \u00cdsraelss\u00f6fnu\u00f0ur, sem hj\u00e1 honum var, st\u00f3\u00f0 frammi fyrir \u00f6rkinni, f\u00e6r\u00f0u \u00fear sau\u00f0i og naut a\u00f0 sl\u00e1turf\u00f3rn, sl\u00edkan fj\u00f6lda a\u00f0 hvorki var\u00f0 talinn n\u00e9 t\u00f6lu \u00e1 komi\u00f0. <a name=\"7\"><span class=\"versanumer_2007\">7<\/span><\/a> \u00dev\u00ed n\u00e6st fluttu prestarnir s\u00e1ttm\u00e1ls\u00f6rk Drottins \u00e1 sinn sta\u00f0 \u00ed innsta herbergi h\u00fassins, \u00ed hi\u00f0 allra helgasta, undir v\u00e6ngi ker\u00fabanna <a name=\"8\"><span class=\"versanumer_2007\">8<\/span><\/a> \u00fev\u00ed a\u00f0 \u00feeir \u00fe\u00f6ndu \u00fat v\u00e6ngina yfir sta\u00f0num \u00fear sem \u00f6rkin st\u00f3\u00f0. Ker\u00fabarnir huldu \u00f6rkina og bur\u00f0arstangir hennar ofan fr\u00e1. <a name=\"9\"><span class=\"versanumer_2007\">9<\/span><\/a> Bur\u00f0arstangirnar n\u00e1\u00f0u svo langt fr\u00e1 \u00f6rkinni a\u00f0 enda \u00feeirra m\u00e1tti sj\u00e1 framan vi\u00f0 innsta herbergi\u00f0, en ekki utar, og \u00fear hafa \u00fe\u00e6r veri\u00f0 allt til \u00feessa dags. <a name=\"10\"><span class=\"versanumer_2007\">10<\/span><\/a> Ekkert var \u00ed \u00f6rkinni anna\u00f0 en t\u00f6flurnar tv\u00e6r sem M\u00f3se haf\u00f0i sett \u00ed hana vi\u00f0 H\u00f3reb \u00feegar Drottinn haf\u00f0i gert s\u00e1ttm\u00e1la vi\u00f0 \u00cdsraelsmenn eftir brottf\u00f6r \u00feeirra fr\u00e1 Egyptalandi.<br \/> <a name=\"11\"><span class=\"versanumer_2007\">11<\/span><\/a> \u00dev\u00ed n\u00e6st gengu prestarnir \u00fat \u00far helgid\u00f3minum. Allir prestarnir, sem voru vi\u00f0staddir, h\u00f6f\u00f0u helga\u00f0 sig \u00e1n tillits til \u00fej\u00f3nustuflokka. <a name=\"12\"><span class=\"versanumer_2007\">12<\/span><\/a> Lev\u00edtas\u00f6ngvararnir Asaf, Heman, Jed\u00fat\u00fan, synir \u00feeirra og br\u00e6\u00f0ur, st\u00f3\u00f0u \u00ed l\u00ednkl\u00e6\u00f0um austan vi\u00f0 altari\u00f0 me\u00f0 m\u00e1lmgj\u00f6ll, h\u00f6rpur og s\u00edtara. Hj\u00e1 \u00feeim st\u00f3\u00f0u hundra\u00f0 og tuttugu prestar sem \u00feeyttu l\u00fa\u00f0ra. <a name=\"13\"><span class=\"versanumer_2007\">13<\/span><\/a> L\u00fa\u00f0ur\u00feeytararnir og s\u00f6ngvararnir hlj\u00f3mu\u00f0u eins og ein r\u00f6dd \u00feegar \u00feeir fluttu Drottni lofgj\u00f6r\u00f0 og \u00fe\u00f6kk. \u00deegar \u00feeir h\u00f3fu a\u00f0 lofa Drottin me\u00f0 l\u00fa\u00f0rabl\u00e6stri, m\u00e1lmgj\u00f6llum og hlj\u00f3\u00f0f\u00e6raleik og s\u00f6g\u00f0u: \u201eHann er g\u00f3\u00f0ur og miskunn hans varir a\u00f0 eil\u00edfu,\u201c fyllti sk\u00fd h\u00fasi\u00f0, h\u00fas Drottins. <a name=\"14\"><span class=\"versanumer_2007\">14<\/span><\/a> G\u00e1tu prestarnir ekki gegnt \u00fej\u00f3nustu sinni fyrir sk\u00fdinu \u00fev\u00ed a\u00f0 d\u00fdr\u00f0 Drottins fyllti h\u00fas Gu\u00f0s.<\/p>\n","protected":false},"excerpt":{"rendered":"<p>1 \u00deegar \u00f6llu verki Sal\u00f3mons vi\u00f0 h\u00fas Drottins var loki\u00f0 flutti hann helgigjafir Dav\u00ed\u00f0s, f\u00f6\u00f0ur s\u00edns, \u00feanga\u00f0 og setti silfri\u00f0, gulli\u00f0 og \u00f6ll \u00e1h\u00f6ldin \u00ed fj\u00e1rhirslu h\u00fass Gu\u00f0s. \u00d6rkin flutt \u00ed musteri\u00f0 2 \u00de\u00e1 safna\u00f0i Sal\u00f3mon til s\u00edn \u00ed Jer\u00fasalem \u00f6ldungum \u00cdsraels, \u00f6llum \u00e6ttb\u00e1lkah\u00f6f\u00f0ingjum og \u00e6ttarh\u00f6f\u00f0ingjum \u00cdsraels, til \u00feess a\u00f0 flytja s\u00e1ttm\u00e1ls\u00f6rk Drottins fr\u00e1 borg Dav\u00ed\u00f0s, \u00fea\u00f0 er S\u00edon. 3 Allir \u00cdsraelsmenn komu saman hj\u00e1 konunginum \u00e1 h\u00e1t\u00ed\u00f0inni \u00ed sj\u00f6unda m\u00e1nu\u00f0inum. 4 Allir \u00f6ldungar \u00cdsraels komu og Lev\u00edtarnir t\u00f3ku \u00f6rkina 5 og fluttu upp eftir \u00e1samt opinberunartjaldinu og \u00f6llum hinum heil\u00f6gu \u00e1h\u00f6ldum sem voru \u00ed tjaldinu. Prestarnir, \u00fea\u00f0 er Lev\u00edtarnir, <a href=\"https:\/\/biblian.is\/biblian\/sidari-kronikubok-5-kafli\/\"> [&#8230;]<\/a><\/p>\n","protected":false},"author":1,"featured_media":0,"parent":0,"menu_order":0,"comment_status":"open","ping_status":"open","template":"bibliukaflar_NT.php","meta":{"footnotes":""},"class_list":["post-1989","page","type-page","status-publish","hentry"],"_links":{"self":[{"href":"https:\/\/biblian.is\/biblian\/wp-json\/wp\/v2\/pages\/1989","targetHints":{"allow":["GET"]}}],"collection":[{"href":"https:\/\/biblian.is\/biblian\/wp-json\/wp\/v2\/pages"}],"about":[{"href":"https:\/\/biblian.is\/biblian\/wp-json\/wp\/v2\/types\/page"}],"author":[{"embeddable":true,"href":"https:\/\/biblian.is\/biblian\/wp-json\/wp\/v2\/users\/1"}],"replies":[{"embeddable":true,"href":"https:\/\/biblian.is\/biblian\/wp-json\/wp\/v2\/comments?post=1989"}],"version-history":[{"count":0,"href":"https:\/\/biblian.is\/biblian\/wp-json\/wp\/v2\/pages\/1989\/revisions"}],"wp:attachment":[{"href":"https:\/\/biblian.is\/biblian\/wp-json\/wp\/v2\/media?parent=1989"}],"curies":[{"name":"wp","href":"https:\/\/api.w.org\/{rel}","templated":true}]}}