{"id":1988,"date":"2017-12-30T21:01:15","date_gmt":"2017-12-30T21:01:15","guid":{"rendered":"http:\/\/biblian.is\/biblian\/s%c2%92_ari-kron%c2%92kub%c2%97k-4-kafli\/"},"modified":"2024-06-26T23:21:17","modified_gmt":"2024-06-26T23:21:17","slug":"sidari-kronikubok-4-kafli","status":"publish","type":"page","link":"https:\/\/biblian.is\/biblian\/sidari-kronikubok-4-kafli\/","title":{"rendered":"S\u00ed\u00f0ari kron\u00edkub\u00f3k 4. kafli"},"content":{"rendered":"<h3 class=\"millifyrirsogn_2007\"> B\u00fana\u00f0ur musterisins<\/h3>\n<p><a name=\"1\"><span class=\"versanumer_2007\">1<\/span><\/a> Hann ger\u00f0i eiraltari, tuttugu \u00e1lnir \u00e1 lengd, tuttugu \u00e1lnir \u00e1 breidd og t\u00edu \u00e1 h\u00e6\u00f0.<br \/> <a name=\"2\"><span class=\"versanumer_2007\">2<\/span><\/a> Hann steypti einnig hafi\u00f0. T\u00edu \u00e1lnir voru milli barma. \u00dea\u00f0 var hringlaga, fimm \u00e1lnir \u00e1 d\u00fdpt og \u00ferj\u00e1t\u00edu \u00e1lnir a\u00f0 umm\u00e1li. <a name=\"3\"><span class=\"versanumer_2007\">3<\/span><\/a> Ne\u00f0an vi\u00f0 barm \u00feess voru myndir af nautum allan hringinn, t\u00edu \u00e1 hverri alin. Allt umhverfis hafi\u00f0 voru tv\u00e6r ra\u00f0ir af nautum og voru \u00feau samsteypt hafinu. <a name=\"4\"><span class=\"versanumer_2007\">4<\/span><\/a> Hafi\u00f0 st\u00f3\u00f0 \u00e1 t\u00f3lf nautum. Sneru \u00ferj\u00fa \u00ed nor\u00f0ur, \u00ferj\u00fa \u00ed vestur, \u00ferj\u00fa \u00ed su\u00f0ur og \u00ferj\u00fa \u00ed austur. Hafi\u00f0 hv\u00edldi ofan \u00e1 \u00feeim og sneru bakhlutar \u00feeirra inn. <a name=\"5\"><span class=\"versanumer_2007\">5<\/span><\/a> Hafi\u00f0 var \u00feverh\u00f6nd \u00e1 \u00feykkt og barmur \u00feess m\u00f3ta\u00f0ur eins og barmur bikars, eins og \u00fatsprungi\u00f0 l\u00f3tusbl\u00f3m. \u00dea\u00f0 t\u00f3k \u00ferj\u00fa \u00fe\u00fasund b\u00f6t.<br \/> <a name=\"6\"><span class=\"versanumer_2007\">6<\/span><\/a> Hann ger\u00f0i einnig t\u00edu ker, \u00e6tlu\u00f0 til \u00fevotta, og kom fimm \u00feeirra fyrir sunnan megin og fimm nor\u00f0an megin. \u00cd \u00feeim skyldi skola \u00fea\u00f0 sem tilreitt var til brennif\u00f3rnar en hafi\u00f0 var til \u00fevotta fyrir prestana.<br \/> <a name=\"7\"><span class=\"versanumer_2007\">7<\/span><\/a> Hann ger\u00f0i t\u00edu gulllj\u00f3sastikur samkv\u00e6mt fyrirm\u00e6lum um \u00fe\u00e6r og l\u00e9t koma fyrir \u00ed musterissalnum, fimm h\u00e6gra megin og fimm vinstra megin.<br \/> <a name=\"8\"><span class=\"versanumer_2007\">8<\/span><\/a> Hann ger\u00f0i einnig t\u00edu bor\u00f0 og kom \u00feeim fyrir \u00ed musterissalnum, fimm h\u00e6gra megin og fimm vinstra megin.<br \/>Enn fremur ger\u00f0i hann hundra\u00f0 sk\u00e1lar \u00far gulli.<br \/> <a name=\"9\"><span class=\"versanumer_2007\">9<\/span><\/a> Hann ger\u00f0i einnig forgar\u00f0 prestanna og st\u00f3ra forgar\u00f0inn og hur\u00f0irnar fyrir forgar\u00f0inn. Hur\u00f0irnar \u00feakti hann eir.<br \/> <a name=\"10\"><span class=\"versanumer_2007\">10<\/span><\/a> Hann kom hafinu fyrir vi\u00f0 su\u00f0urhli\u00f0 h\u00fassins gegnt su\u00f0austri.<br \/> <a name=\"11\"><span class=\"versanumer_2007\">11<\/span><\/a> H\u00faram ger\u00f0i pottana, sk\u00f3flurnar og sk\u00e1larnar. \u00dear me\u00f0 lauk H\u00faram \u00fev\u00ed verki sem hann vann fyrir Sal\u00f3mon konung vi\u00f0 h\u00fas Gu\u00f0s:<br \/> <a name=\"12\"><span class=\"versanumer_2007\">12<\/span><\/a> Tv\u00e6r s\u00falur, tv\u00f6 hvelfd s\u00falnah\u00f6fu\u00f0 ofan \u00e1 s\u00falunum, b\u00e6\u00f0i netin til a\u00f0 hylja hvelfdu s\u00falnah\u00f6fu\u00f0in, <a name=\"13\"><span class=\"versanumer_2007\">13<\/span><\/a> fj\u00f6gur hundru\u00f0 granatepli \u00e1 b\u00e1\u00f0um netunum, \u00ed tveimur r\u00f6\u00f0um \u00e1 hvoru neti, sem huldu b\u00e6\u00f0i hvelfdu s\u00falnah\u00f6fu\u00f0in, <a name=\"14\"><span class=\"versanumer_2007\">14<\/span><\/a> vagngrindurnar t\u00edu og kerin t\u00edu sem voru \u00e1 vagngrindunum, <a name=\"15\"><span class=\"versanumer_2007\">15<\/span><\/a> hafi\u00f0 og nautin t\u00f3lf undir \u00fev\u00ed, <a name=\"16\"><span class=\"versanumer_2007\">16<\/span><\/a> pottana, sk\u00f3flurnar og gafflana. <a name=\"17\"><span class=\"versanumer_2007\">17<\/span><\/a> Konungur l\u00e9t steypa \u00feau \u00ed leirm\u00f3tum \u00ed J\u00f3rdanardalnum \u00e1 milli S\u00fakk\u00f3t og Sareda. <a name=\"18\"><span class=\"versanumer_2007\">18<\/span><\/a> Sal\u00f3mon l\u00e9t gera svo miki\u00f0 af \u00f6llum \u00feessum \u00e1h\u00f6ldum a\u00f0 ekki var h\u00e6gt a\u00f0 \u00e1\u00e6tla \u00feyngd eirsins \u00ed \u00feeim.<br \/> <a name=\"19\"><span class=\"versanumer_2007\">19<\/span><\/a> Sal\u00f3mon ger\u00f0i \u00f6ll \u00e1h\u00f6ldin \u00ed h\u00fasi Gu\u00f0s: gullaltari\u00f0 og bor\u00f0in sem sko\u00f0unarbrau\u00f0in l\u00e1gu \u00e1, <a name=\"20\"><span class=\"versanumer_2007\">20<\/span><\/a> lj\u00f3sastikurnar \u00far sk\u00edragulli, svo og lampana sem fylgdu \u00feeim og kveikja skal \u00e1 fyrir framan bakh\u00fasi\u00f0 samkv\u00e6mt l\u00f6gm\u00e1ls\u00e1kv\u00e6\u00f0unum, <a name=\"21\"><span class=\"versanumer_2007\">21<\/span><\/a> auk \u00feess bl\u00f3min, lampana og skarb\u00edtana \u00far gulli og \u00fea\u00f0 besta gulli, <a name=\"22\"><span class=\"versanumer_2007\">22<\/span><\/a> enn fremur hn\u00edfana, sk\u00e1larnar, bollana og eldf\u00f6tin \u00far sk\u00edragulli. Innri v\u00e6ngjahur\u00f0irnar a\u00f0 hinu allra helgasta og v\u00e6ngjahur\u00f0ir musterissalarins voru \u00far gulli.<\/p>\n","protected":false},"excerpt":{"rendered":"<p>B\u00fana\u00f0ur musterisins 1 Hann ger\u00f0i eiraltari, tuttugu \u00e1lnir \u00e1 lengd, tuttugu \u00e1lnir \u00e1 breidd og t\u00edu \u00e1 h\u00e6\u00f0. 2 Hann steypti einnig hafi\u00f0. T\u00edu \u00e1lnir voru milli barma. \u00dea\u00f0 var hringlaga, fimm \u00e1lnir \u00e1 d\u00fdpt og \u00ferj\u00e1t\u00edu \u00e1lnir a\u00f0 umm\u00e1li. 3 Ne\u00f0an vi\u00f0 barm \u00feess voru myndir af nautum allan hringinn, t\u00edu \u00e1 hverri alin. Allt umhverfis hafi\u00f0 voru tv\u00e6r ra\u00f0ir af nautum og voru \u00feau samsteypt hafinu. 4 Hafi\u00f0 st\u00f3\u00f0 \u00e1 t\u00f3lf nautum. Sneru \u00ferj\u00fa \u00ed nor\u00f0ur, \u00ferj\u00fa \u00ed vestur, \u00ferj\u00fa \u00ed su\u00f0ur og \u00ferj\u00fa \u00ed austur. Hafi\u00f0 hv\u00edldi ofan \u00e1 \u00feeim og sneru bakhlutar \u00feeirra inn. 5 Hafi\u00f0 <a href=\"https:\/\/biblian.is\/biblian\/sidari-kronikubok-4-kafli\/\"> [&#8230;]<\/a><\/p>\n","protected":false},"author":1,"featured_media":0,"parent":0,"menu_order":0,"comment_status":"open","ping_status":"open","template":"bibliukaflar_NT.php","meta":{"footnotes":""},"class_list":["post-1988","page","type-page","status-publish","hentry"],"_links":{"self":[{"href":"https:\/\/biblian.is\/biblian\/wp-json\/wp\/v2\/pages\/1988","targetHints":{"allow":["GET"]}}],"collection":[{"href":"https:\/\/biblian.is\/biblian\/wp-json\/wp\/v2\/pages"}],"about":[{"href":"https:\/\/biblian.is\/biblian\/wp-json\/wp\/v2\/types\/page"}],"author":[{"embeddable":true,"href":"https:\/\/biblian.is\/biblian\/wp-json\/wp\/v2\/users\/1"}],"replies":[{"embeddable":true,"href":"https:\/\/biblian.is\/biblian\/wp-json\/wp\/v2\/comments?post=1988"}],"version-history":[{"count":0,"href":"https:\/\/biblian.is\/biblian\/wp-json\/wp\/v2\/pages\/1988\/revisions"}],"wp:attachment":[{"href":"https:\/\/biblian.is\/biblian\/wp-json\/wp\/v2\/media?parent=1988"}],"curies":[{"name":"wp","href":"https:\/\/api.w.org\/{rel}","templated":true}]}}