{"id":1987,"date":"2017-12-30T21:01:15","date_gmt":"2017-12-30T21:01:15","guid":{"rendered":"http:\/\/biblian.is\/biblian\/s%c2%92_ari-kron%c2%92kub%c2%97k-3-kafli\/"},"modified":"2024-06-26T23:21:15","modified_gmt":"2024-06-26T23:21:15","slug":"sidari-kronikubok-3-kafli","status":"publish","type":"page","link":"https:\/\/biblian.is\/biblian\/sidari-kronikubok-3-kafli\/","title":{"rendered":"S\u00ed\u00f0ari kron\u00edkub\u00f3k 3. kafli"},"content":{"rendered":"<h3 class=\"millifyrirsogn_2007\"> Bygging musterisins<\/h3>\n<p><a name=\"1\"><span class=\"versanumer_2007\">1<\/span><\/a> Sal\u00f3mon h\u00f3f a\u00f0 reisa h\u00fas Drottins \u00ed Jer\u00fasalem \u00e1 M\u00f3r\u00edafjalli \u00fear sem Drottinn haf\u00f0i birst Dav\u00ed\u00f0, f\u00f6\u00f0ur hans, \u00e1 sta\u00f0num sem Dav\u00ed\u00f0 haf\u00f0i \u00e1kve\u00f0i\u00f0, \u00e1 \u00fereskivelli Ornans Jeb\u00fas\u00edta. <a name=\"2\"><span class=\"versanumer_2007\">2<\/span><\/a> Hann h\u00f3f bygginguna \u00ed \u00f6\u00f0rum m\u00e1nu\u00f0inum \u00e1 fj\u00f3r\u00f0a stj\u00f3rnar\u00e1ri s\u00ednu.<br \/> <a name=\"3\"><span class=\"versanumer_2007\">3<\/span><\/a> Grunnfl\u00f6tur h\u00fassins, sem Sal\u00f3mon \u00e1kva\u00f0 a\u00f0 reisa, var sext\u00edu \u00e1lnir \u00e1 lengd og tuttugu \u00e1 breidd; var alinin mi\u00f0u\u00f0 vi\u00f0 eldra m\u00e1l. <a name=\"4\"><span class=\"versanumer_2007\">4<\/span><\/a> Forsalurinn fyrir framan musterissalinn var tuttugu \u00e1lnir \u00e1 lengd, jafnbrei\u00f0ur h\u00fasinu, og tuttugu \u00e1lnir \u00e1 h\u00e6\u00f0. Hann lag\u00f0i h\u00fasi\u00f0 sk\u00edragulli a\u00f0 innan. <a name=\"5\"><span class=\"versanumer_2007\">5<\/span><\/a> Hann \u00feilja\u00f0i st\u00f3ra salinn me\u00f0 k\u00fdprusvi\u00f0i og \u00feakti sk\u00edragulli og skreytti me\u00f0 p\u00e1lmum og bl\u00f3mafestum. <a name=\"6\"><span class=\"versanumer_2007\">6<\/span><\/a> Hann greypti einnig d\u00fdra steina \u00ed h\u00fasi\u00f0 og gulli\u00f0 var Parva\u00edmgull. <a name=\"7\"><span class=\"versanumer_2007\">7<\/span><\/a> \u00deannig \u00feakti hann h\u00fasi\u00f0, bj\u00e1lka, \u00fer\u00f6skulda, veggi og hur\u00f0ir gulli og greypti ker\u00faba \u00ed veggina.<br \/> <a name=\"8\"><span class=\"versanumer_2007\">8<\/span><\/a> Hann ger\u00f0i st\u00faku hins allra helgasta. H\u00fan var tuttugu \u00e1lnir \u00e1 lengd, eins og h\u00fasi\u00f0 var \u00e1 breiddina, og tuttugu \u00e1lnir \u00e1 breidd. Hann \u00feakti hana sk\u00edragulli sem v\u00f3 sex hundru\u00f0 talentur. <a name=\"9\"><span class=\"versanumer_2007\">9<\/span><\/a> Gulli\u00f0, sem f\u00f3r \u00ed naglana, v\u00f3 fimmt\u00edu sikla. Hann \u00feakti einnig efri herbergin gulli.<br \/> <a name=\"10\"><span class=\"versanumer_2007\">10<\/span><\/a> Hann ger\u00f0i l\u00edkneski af tveimur ker\u00fabum \u00ed st\u00faku hins allra helgasta og voru \u00feeir \u00feaktir gulli. <a name=\"11\"><span class=\"versanumer_2007\">11<\/span><\/a> V\u00e6ngir ker\u00fabanna voru tuttugu \u00e1lnir \u00e1 lengd. V\u00e6ngur annars ker\u00fabsins var fimm \u00e1lnir \u00e1 lengd og snerti vegg h\u00fassins. Hinn v\u00e6ngurinn var jafnlangur og snerti v\u00e6ng hins ker\u00fabsins. <a name=\"12\"><span class=\"versanumer_2007\">12<\/span><\/a> V\u00e6ngur hins ker\u00fabsins var einnig fimm \u00e1lnir \u00e1 lengd og nam vi\u00f0 vegg h\u00fassins, hinn v\u00e6ngurinn var jafnlangur og snerti v\u00e6ng fyrrnefnda ker\u00fabsins. <a name=\"13\"><span class=\"versanumer_2007\">13<\/span><\/a> V\u00e6nghaf ker\u00fabanna var tuttugu \u00e1lnir. \u00deeir st\u00f3\u00f0u uppr\u00e9ttir og andlit \u00feeirra sneru a\u00f0 musterissalnum.<span class=\"nedan_mal\" title=\" L\u00fdsing ker\u00fabanna samsvarar l\u00fdsingu \u00feeirra \u00ed 1Kon 6.23\u20136.28. \u00de\u00f3 er s\u00e1 munur \u00e1 a\u00f0 \u00ed 1Kon 6.23 er sagt a\u00f0 \u00feeir hafi veri\u00f0 ger\u00f0ir \u00far \u00f3l\u00edfuvi\u00f0i og veri\u00f0 t\u00edu \u00e1lnir \u00e1 h\u00e6\u00f0.\">[<\/span> <br \/> <a name=\"14\"><span class=\"versanumer_2007\">14<\/span><\/a> Hann ger\u00f0i fortjaldi\u00f0 \u00far bl\u00e1um og rau\u00f0um purpura, skarlati og l\u00edni og skreytti \u00fea\u00f0 ker\u00fabum.<br \/> <a name=\"15\"><span class=\"versanumer_2007\">15<\/span><\/a> Framan vi\u00f0 h\u00fasi\u00f0 ger\u00f0i hann tv\u00e6r s\u00falur, \u00ferj\u00e1t\u00edu og fimm \u00e1lnir \u00e1 h\u00e6\u00f0. H\u00f6fu\u00f0 hvorrar um sig var fimm \u00e1lnir. <a name=\"16\"><span class=\"versanumer_2007\">16<\/span><\/a> Hann ger\u00f0i einnig ke\u00f0jur eins og h\u00e1lsfestar og kom \u00feeim fyrir efst \u00e1 s\u00falunum, s\u00f6mulei\u00f0is hundra\u00f0 granatepli og festi \u00feau \u00e1 ke\u00f0jurnar. <a name=\"17\"><span class=\"versanumer_2007\">17<\/span><\/a> Hann reisti s\u00falurnar framan vi\u00f0 musterissalinn, a\u00f0ra h\u00e6gra megin og hina vinstra megin. Hann nefndi \u00fe\u00e1 sem var h\u00e6gra megin Jak\u00edn og \u00fe\u00e1 til vinstri B\u00f3as.<\/p>\n","protected":false},"excerpt":{"rendered":"<p>Bygging musterisins 1 Sal\u00f3mon h\u00f3f a\u00f0 reisa h\u00fas Drottins \u00ed Jer\u00fasalem \u00e1 M\u00f3r\u00edafjalli \u00fear sem Drottinn haf\u00f0i birst Dav\u00ed\u00f0, f\u00f6\u00f0ur hans, \u00e1 sta\u00f0num sem Dav\u00ed\u00f0 haf\u00f0i \u00e1kve\u00f0i\u00f0, \u00e1 \u00fereskivelli Ornans Jeb\u00fas\u00edta. 2 Hann h\u00f3f bygginguna \u00ed \u00f6\u00f0rum m\u00e1nu\u00f0inum \u00e1 fj\u00f3r\u00f0a stj\u00f3rnar\u00e1ri s\u00ednu. 3 Grunnfl\u00f6tur h\u00fassins, sem Sal\u00f3mon \u00e1kva\u00f0 a\u00f0 reisa, var sext\u00edu \u00e1lnir \u00e1 lengd og tuttugu \u00e1 breidd; var alinin mi\u00f0u\u00f0 vi\u00f0 eldra m\u00e1l. 4 Forsalurinn fyrir framan musterissalinn var tuttugu \u00e1lnir \u00e1 lengd, jafnbrei\u00f0ur h\u00fasinu, og tuttugu \u00e1lnir \u00e1 h\u00e6\u00f0. Hann lag\u00f0i h\u00fasi\u00f0 sk\u00edragulli a\u00f0 innan. 5 Hann \u00feilja\u00f0i st\u00f3ra salinn me\u00f0 k\u00fdprusvi\u00f0i og \u00feakti sk\u00edragulli og skreytti <a href=\"https:\/\/biblian.is\/biblian\/sidari-kronikubok-3-kafli\/\"> [&#8230;]<\/a><\/p>\n","protected":false},"author":1,"featured_media":0,"parent":0,"menu_order":0,"comment_status":"open","ping_status":"open","template":"bibliukaflar_NT.php","meta":{"footnotes":""},"class_list":["post-1987","page","type-page","status-publish","hentry"],"_links":{"self":[{"href":"https:\/\/biblian.is\/biblian\/wp-json\/wp\/v2\/pages\/1987","targetHints":{"allow":["GET"]}}],"collection":[{"href":"https:\/\/biblian.is\/biblian\/wp-json\/wp\/v2\/pages"}],"about":[{"href":"https:\/\/biblian.is\/biblian\/wp-json\/wp\/v2\/types\/page"}],"author":[{"embeddable":true,"href":"https:\/\/biblian.is\/biblian\/wp-json\/wp\/v2\/users\/1"}],"replies":[{"embeddable":true,"href":"https:\/\/biblian.is\/biblian\/wp-json\/wp\/v2\/comments?post=1987"}],"version-history":[{"count":0,"href":"https:\/\/biblian.is\/biblian\/wp-json\/wp\/v2\/pages\/1987\/revisions"}],"wp:attachment":[{"href":"https:\/\/biblian.is\/biblian\/wp-json\/wp\/v2\/media?parent=1987"}],"curies":[{"name":"wp","href":"https:\/\/api.w.org\/{rel}","templated":true}]}}