{"id":1986,"date":"2017-12-30T21:01:15","date_gmt":"2017-12-30T21:01:15","guid":{"rendered":"http:\/\/biblian.is\/biblian\/s%c2%92_ari-kron%c2%92kub%c2%97k-2-kafli\/"},"modified":"2024-06-26T23:21:13","modified_gmt":"2024-06-26T23:21:13","slug":"sidari-kronikubok-2-kafli","status":"publish","type":"page","link":"https:\/\/biblian.is\/biblian\/sidari-kronikubok-2-kafli\/","title":{"rendered":"S\u00ed\u00f0ari kron\u00edkub\u00f3k 2. kafli"},"content":{"rendered":"<h3 class=\"millifyrirsogn_2007\"> Musterisbyggingin undirb\u00fain<\/h3>\n<p><a name=\"1\"><span class=\"versanumer_2007\">1<\/span><\/a> Sal\u00f3mon \u00e1kva\u00f0 a\u00f0 reisa nafni Drottins h\u00fas og sj\u00e1lfum s\u00e9r konungsh\u00f6ll.<span class=\"nedan_mal\" title=\" 1.18 \u00ed hebreska textanum.\">[<\/span> Hann l\u00e9t velja sj\u00f6t\u00edu \u00fe\u00fasund bur\u00f0armenn og \u00e1ttat\u00edu \u00fe\u00fasund steinsmi\u00f0i \u00ed fj\u00f6llunum og setti \u00ferj\u00fa \u00fe\u00fasund og sex hundru\u00f0 verkstj\u00f3ra yfir \u00fe\u00e1. <a name=\"2\"><span class=\"versanumer_2007\">2<\/span><\/a> \u00dev\u00ed n\u00e6st sendi Sal\u00f3mon bo\u00f0 til H\u00farams, konungs \u00ed T\u00fdrus: \u201e\u00de\u00fa hj\u00e1lpa\u00f0ir Dav\u00ed\u00f0, f\u00f6\u00f0ur m\u00ednum, og sendir honum sedrusvi\u00f0 svo a\u00f0 hann g\u00e6ti reist s\u00e9r h\u00f6ll. <a name=\"3\"><span class=\"versanumer_2007\">3<\/span><\/a> En n\u00fa \u00e6tla \u00e9g a\u00f0 reisa nafni Drottins, Gu\u00f0s m\u00edns, h\u00fas og v\u00edgja \u00fea\u00f0 honum. Frammi fyrir honum \u00e1 a\u00f0 brenna ilmandi reykelsi og jafnan a\u00f0 ra\u00f0a sko\u00f0unarbrau\u00f0um. Honum skulu f\u00e6r\u00f0ar brennif\u00f3rnir kv\u00f6lds og morgna, \u00e1 hv\u00edldard\u00f6gum, tunglkomud\u00f6gum og h\u00e1t\u00ed\u00f0um Drottins, Gu\u00f0s okkar. \u00cdsrael hefur veri\u00f0 bo\u00f0i\u00f0 a\u00f0 gera \u00feetta um aldur og \u00e6vi.<br \/> <a name=\"4\"><span class=\"versanumer_2007\">4<\/span><\/a> H\u00fasi\u00f0, sem \u00e9g \u00e6tla a\u00f0 reisa, ver\u00f0ur miki\u00f0 \u00fev\u00ed a\u00f0 Gu\u00f0 okkar er \u00f6llum \u00f6\u00f0rum gu\u00f0um meiri. <a name=\"5\"><span class=\"versanumer_2007\">5<\/span><\/a> En hver er f\u00e6r um a\u00f0 reisa honum h\u00fas? Himinninn og himnar himnanna r\u00fama hann ekki. Hver er \u00e9g a\u00f0 \u00e9g reisi honum h\u00fas nema \u00fe\u00e1 til \u00feess a\u00f0 brenna reykelsi frammi fyrir honum? <a name=\"6\"><span class=\"versanumer_2007\">6<\/span><\/a> Sendu m\u00e9r n\u00fa mann sem er hagur \u00e1 gull, silfur, eir og j\u00e1rn og kann a\u00f0 vinna \u00far rau\u00f0um purpura, skarlati og bl\u00e1um purpura. Hann \u00fearf einnig a\u00f0 kunna a\u00f0 grafa \u00ed m\u00e1lm. Hann \u00e1 a\u00f0 vinna me\u00f0 hagleiksm\u00f6nnunum sem eru hj\u00e1 m\u00e9r \u00ed J\u00fada og Jer\u00fasalem og Dav\u00ed\u00f0, fa\u00f0ir minn, \u00fatvega\u00f0i. <a name=\"7\"><span class=\"versanumer_2007\">7<\/span><\/a> Sendu m\u00e9r einnig sedrusvi\u00f0, k\u00fdprusvi\u00f0 og alg\u00famm\u00edmvi\u00f0 fr\u00e1 L\u00edbanon. \u00c9g veit a\u00f0 verkamenn \u00fe\u00ednir kunna a\u00f0 fella tr\u00e9 \u00fear og m\u00ednir verkamenn eiga a\u00f0 hj\u00e1lpa \u00fe\u00ednum. <a name=\"8\"><span class=\"versanumer_2007\">8<\/span><\/a> \u00c9g \u00fearf \u00e1 miklum vi\u00f0i a\u00f0 halda \u00fev\u00ed a\u00f0 h\u00fasi\u00f0, sem \u00e9g \u00e6tla a\u00f0 reisa, \u00e1 a\u00f0 ver\u00f0a st\u00f3rt og mikilfenglegt. <a name=\"9\"><span class=\"versanumer_2007\">9<\/span><\/a> Sk\u00f3garh\u00f6ggsm\u00f6nnum f\u00e6ri \u00e9g tuttugu \u00fe\u00fasund k\u00f3r af hveiti og f\u00ednmuldu hveiti, tuttugu \u00fe\u00fasund k\u00f3r af byggi, tuttugu \u00fe\u00fasund b\u00f6t af v\u00edni og tuttugu \u00fe\u00fasund b\u00f6t af ol\u00edu.\u201c<br \/> <a name=\"10\"><span class=\"versanumer_2007\">10<\/span><\/a> H\u00faram, konungur \u00ed T\u00fdrus, svara\u00f0i me\u00f0 br\u00e9fi sem hann sendi til Sal\u00f3mons: \u201eDrottinn hefur gert \u00feig a\u00f0 konungi yfir \u00fej\u00f3\u00f0 sinni af \u00fev\u00ed a\u00f0 hann elskar hana.\u201c <a name=\"11\"><span class=\"versanumer_2007\">11<\/span><\/a> H\u00faram skrifa\u00f0i enn fremur: \u201eLofa\u00f0ur s\u00e9 Drottinn, Gu\u00f0 \u00cdsraels, sem skapa\u00f0 hefur himin og j\u00f6r\u00f0 \u00fev\u00ed a\u00f0 hann hefur gefi\u00f0 Dav\u00ed\u00f0 konungi vitran son. Hann hefur visku og hyggindi til \u00feess a\u00f0 reisa Drottni h\u00fas og sj\u00e1lfum s\u00e9r konungsh\u00f6ll. <a name=\"12\"><span class=\"versanumer_2007\">12<\/span><\/a> \u00c9g sendi \u00fe\u00e9r h\u00e9r me\u00f0 H\u00faram Ab\u00ed, f\u00e6ran handverksmann sem er vel a\u00f0 s\u00e9r. <a name=\"13\"><span class=\"versanumer_2007\">13<\/span><\/a> Hann er sonur konu af \u00e6ttb\u00e1lki Dans. Fa\u00f0ir hans er fr\u00e1 T\u00fdrus. Hann er hagur \u00e1 gull, silfur, eir, j\u00e1rn, stein og tr\u00e9 og kann a\u00f0 vinna \u00far rau\u00f0um purpura, bl\u00e1um purpura, ba\u00f0mull og skarlati og a\u00f0 grafa \u00ed allan m\u00e1lm og hann getur gert hva\u00f0 eina sem honum er fali\u00f0 a\u00f0 gera. Hann mun geta unni\u00f0 me\u00f0 hagleiksm\u00f6nnum \u00fe\u00ednum og herra m\u00edns, Dav\u00ed\u00f0s, f\u00f6\u00f0ur \u00fe\u00edns. <a name=\"14\"><span class=\"versanumer_2007\">14<\/span><\/a> Herra minn sendi n\u00fa verkam\u00f6nnum s\u00ednum hveiti\u00f0, byggi\u00f0, ol\u00eduna og v\u00edni\u00f0 sem hann hefur heiti\u00f0. <a name=\"15\"><span class=\"versanumer_2007\">15<\/span><\/a> Vi\u00f0 munum fella tr\u00e9 \u00ed L\u00edbanon eins og \u00fe\u00fa \u00fearft og fleyta \u00feeim \u00ed flekum sj\u00f3lei\u00f0ina til Jaf\u00f3 en sj\u00e1lfur ver\u00f0ur \u00fe\u00fa a\u00f0 flytja \u00feau upp til Jer\u00fasalem.\u201c<br \/> <a name=\"16\"><span class=\"versanumer_2007\">16<\/span><\/a> N\u00fa l\u00e9t Sal\u00f3mon telja alla a\u00f0komumenn, sem voru \u00ed \u00cdsrael, eftir manntali \u00fev\u00ed sem Dav\u00ed\u00f0, fa\u00f0ir hans, haf\u00f0i l\u00e1ti\u00f0 gera. \u00deeir voru hundra\u00f0 fimmt\u00edu og \u00ferj\u00fa \u00fe\u00fasund og sex hundru\u00f0. <a name=\"17\"><span class=\"versanumer_2007\">17<\/span><\/a> Hann ger\u00f0i sj\u00f6t\u00edu \u00fe\u00fasund \u00feeirra a\u00f0 bur\u00f0arm\u00f6nnum, \u00e1ttat\u00edu \u00fe\u00fasund a\u00f0 steinsmi\u00f0um \u00ed fjalllendinu og \u00ferj\u00fa \u00fe\u00fasund og sex hundru\u00f0 a\u00f0 verkstj\u00f3rum sem \u00e1ttu a\u00f0 halda verkam\u00f6nnunum a\u00f0 verki.<\/p>\n","protected":false},"excerpt":{"rendered":"<p>Musterisbyggingin undirb\u00fain 1 Sal\u00f3mon \u00e1kva\u00f0 a\u00f0 reisa nafni Drottins h\u00fas og sj\u00e1lfum s\u00e9r konungsh\u00f6ll.[ Hann l\u00e9t velja sj\u00f6t\u00edu \u00fe\u00fasund bur\u00f0armenn og \u00e1ttat\u00edu \u00fe\u00fasund steinsmi\u00f0i \u00ed fj\u00f6llunum og setti \u00ferj\u00fa \u00fe\u00fasund og sex hundru\u00f0 verkstj\u00f3ra yfir \u00fe\u00e1. 2 \u00dev\u00ed n\u00e6st sendi Sal\u00f3mon bo\u00f0 til H\u00farams, konungs \u00ed T\u00fdrus: \u201e\u00de\u00fa hj\u00e1lpa\u00f0ir Dav\u00ed\u00f0, f\u00f6\u00f0ur m\u00ednum, og sendir honum sedrusvi\u00f0 svo a\u00f0 hann g\u00e6ti reist s\u00e9r h\u00f6ll. 3 En n\u00fa \u00e6tla \u00e9g a\u00f0 reisa nafni Drottins, Gu\u00f0s m\u00edns, h\u00fas og v\u00edgja \u00fea\u00f0 honum. Frammi fyrir honum \u00e1 a\u00f0 brenna ilmandi reykelsi og jafnan a\u00f0 ra\u00f0a sko\u00f0unarbrau\u00f0um. Honum skulu f\u00e6r\u00f0ar brennif\u00f3rnir kv\u00f6lds og morgna, \u00e1 <a href=\"https:\/\/biblian.is\/biblian\/sidari-kronikubok-2-kafli\/\"> [&#8230;]<\/a><\/p>\n","protected":false},"author":1,"featured_media":0,"parent":0,"menu_order":0,"comment_status":"open","ping_status":"open","template":"bibliukaflar_NT.php","meta":{"footnotes":""},"class_list":["post-1986","page","type-page","status-publish","hentry"],"_links":{"self":[{"href":"https:\/\/biblian.is\/biblian\/wp-json\/wp\/v2\/pages\/1986","targetHints":{"allow":["GET"]}}],"collection":[{"href":"https:\/\/biblian.is\/biblian\/wp-json\/wp\/v2\/pages"}],"about":[{"href":"https:\/\/biblian.is\/biblian\/wp-json\/wp\/v2\/types\/page"}],"author":[{"embeddable":true,"href":"https:\/\/biblian.is\/biblian\/wp-json\/wp\/v2\/users\/1"}],"replies":[{"embeddable":true,"href":"https:\/\/biblian.is\/biblian\/wp-json\/wp\/v2\/comments?post=1986"}],"version-history":[{"count":0,"href":"https:\/\/biblian.is\/biblian\/wp-json\/wp\/v2\/pages\/1986\/revisions"}],"wp:attachment":[{"href":"https:\/\/biblian.is\/biblian\/wp-json\/wp\/v2\/media?parent=1986"}],"curies":[{"name":"wp","href":"https:\/\/api.w.org\/{rel}","templated":true}]}}