{"id":1985,"date":"2017-12-30T21:01:15","date_gmt":"2017-12-30T21:01:15","guid":{"rendered":"http:\/\/biblian.is\/biblian\/s%c2%92_ari-kron%c2%92kub%c2%97k-1-kafli\/"},"modified":"2024-06-26T23:21:11","modified_gmt":"2024-06-26T23:21:11","slug":"sidari-kronikubok-1-kafli","status":"publish","type":"page","link":"https:\/\/biblian.is\/biblian\/sidari-kronikubok-1-kafli\/","title":{"rendered":"S\u00ed\u00f0ari kron\u00edkub\u00f3k 1. kafli"},"content":{"rendered":"<h2 class=\"millifyrirsogn_2007\">Saga Sal\u00f3mons konungs <\/h2>\n<h3 class=\"millifyrirsogn_2007\">Draumur Sal\u00f3mons<\/h3>\n<p><a name=\"1\"><span class=\"versanumer_2007\">1<\/span><\/a> Sal\u00f3mon, sonur Dav\u00ed\u00f0s, reyndist m\u00e1ttugur \u00ed konungd\u00f3mi s\u00ednum. Drottinn, Gu\u00f0 hans, var me\u00f0 honum og ger\u00f0i hann mj\u00f6g voldugan. <a name=\"2\"><span class=\"versanumer_2007\">2<\/span><\/a> Sal\u00f3mon gaf \u00f6llum \u00cdsrael fyrirm\u00e6li, foringjum \u00fe\u00fasund og hundra\u00f0 manna li\u00f0a og h\u00f6f\u00f0ingjum alls \u00cdsraels og h\u00f6f\u00f0ingjum \u00e6ttanna. <a name=\"3\"><span class=\"versanumer_2007\">3<\/span><\/a> \u00dev\u00ed n\u00e6st h\u00e9lt Sal\u00f3mon og allur s\u00f6fnu\u00f0urinn me\u00f0 honum til f\u00f3rnarh\u00e6\u00f0arinnar \u00ed G\u00edbeon \u00fev\u00ed a\u00f0 \u00fear var opinberunartjald Gu\u00f0s sem M\u00f3se, \u00fej\u00f3nn Drottins, haf\u00f0i gert \u00ed ey\u00f0im\u00f6rkinni. <a name=\"4\"><span class=\"versanumer_2007\">4<\/span><\/a> Dav\u00ed\u00f0 haf\u00f0i flutt \u00f6rk Gu\u00f0s fr\u00e1 Kirjat Jear\u00edm \u00e1 \u00feann sta\u00f0 sem hann haf\u00f0i b\u00fai\u00f0 henni. Hann haf\u00f0i l\u00e1ti\u00f0 reisa tjald fyrir hana \u00ed Jer\u00fasalem. <a name=\"5\"><span class=\"versanumer_2007\">5<\/span><\/a> Eiraltari\u00f0, sem Besaleel \u00dar\u00edson, H\u00farssonar, haf\u00f0i gert, st\u00f3\u00f0 \u00fear frammi fyrir b\u00fasta\u00f0 Drottins og Sal\u00f3mon og s\u00f6fnu\u00f0urinn leitu\u00f0u \u00fear \u00farskur\u00f0ar Drottins. <a name=\"6\"><span class=\"versanumer_2007\">6<\/span><\/a> Sal\u00f3mon steig upp a\u00f0 eiraltarinu sem var frammi fyrir Drottni vi\u00f0 opinberunartjaldi\u00f0 og f\u00e6r\u00f0i \u00e1 \u00fev\u00ed \u00fe\u00fasund brennif\u00f3rnir.<br \/> <a name=\"7\"><span class=\"versanumer_2007\">7<\/span><\/a> \u00deessa n\u00f3tt birtist Drottinn Sal\u00f3mon og sag\u00f0i: \u201eSeg\u00f0u hva\u00f0 \u00fe\u00fa vilt a\u00f0 \u00e9g gefi \u00fe\u00e9r.\u201c <a name=\"8\"><span class=\"versanumer_2007\">8<\/span><\/a> Sal\u00f3mon svara\u00f0i Gu\u00f0i: \u201e\u00de\u00fa hefur s\u00fdnt Dav\u00ed\u00f0, f\u00f6\u00f0ur m\u00ednum, mikla n\u00e1\u00f0 og gert mig a\u00f0 konungi \u00ed hans sta\u00f0. <a name=\"9\"><span class=\"versanumer_2007\">9<\/span><\/a> Drottinn Gu\u00f0, uppfylltu n\u00fa heiti\u00f0 sem \u00fe\u00fa gafst Dav\u00ed\u00f0, f\u00f6\u00f0ur m\u00ednum, \u00fear sem \u00fe\u00fa hefur gert mig a\u00f0 konungi yfir \u00fej\u00f3\u00f0 sem er jafnfj\u00f6lmenn og rykkorn jar\u00f0ar eru m\u00f6rg. <a name=\"10\"><span class=\"versanumer_2007\">10<\/span><\/a> Gef m\u00e9r n\u00fa visku og \u00feekkingu svo a\u00f0 \u00e9g viti hvernig \u00e9g \u00e1 a\u00f0 koma fram vi\u00f0 \u00feessa \u00fej\u00f3\u00f0. \u00dev\u00ed a\u00f0 hver g\u00e6ti annars stj\u00f3rna\u00f0 \u00feessari voldugu \u00fej\u00f3\u00f0 \u00feinni?\u201c<br \/> <a name=\"11\"><span class=\"versanumer_2007\">11<\/span><\/a> Gu\u00f0 svara\u00f0i Sal\u00f3mon: \u201eVegna \u00feess a\u00f0 \u00feetta er \u00fe\u00e9r efst \u00ed huga og \u00fe\u00fa ba\u00f0st ekki um au\u00f0, eignir, vegsemd e\u00f0a dau\u00f0a fjandmanna \u00feinna heldur um visku og \u00feekkingu til \u00feess a\u00f0 geta stj\u00f3rna\u00f0 \u00fej\u00f3\u00f0 minni, sem \u00e9g hef gert \u00feig a\u00f0 konungi yfir, <a name=\"12\"><span class=\"versanumer_2007\">12<\/span><\/a> ver\u00f0ur \u00fe\u00e9r gefin viska og \u00feekking. En \u00e9g gef \u00fe\u00e9r einnig au\u00f0, eignir og vegsemd, meiri en nokkur konungur hefur \u00e1tt \u00e1 undan \u00fe\u00e9r e\u00f0a nokkur mun eignast \u00e1 eftir \u00fe\u00e9r.\u201c<br \/> <a name=\"13\"><span class=\"versanumer_2007\">13<\/span><\/a> \u00dev\u00ed n\u00e6st h\u00e9lt Sal\u00f3mon fr\u00e1 f\u00f3rnarh\u00e6\u00f0inni \u00ed G\u00edbeon, fr\u00e1 opinberunartjaldinu og til Jer\u00fasalem og settist a\u00f0 v\u00f6ldum \u00ed \u00cdsrael.<\/p>\n<h3 class=\"millifyrirsogn_2007\">Au\u00f0\u00e6fi Sal\u00f3mons<\/h3>\n<p><a name=\"14\"><span class=\"versanumer_2007\">14<\/span><\/a> Sal\u00f3mon kom s\u00e9r upp herv\u00f6gnum og manna\u00f0i \u00fe\u00e1. Haf\u00f0i hann fj\u00f3rt\u00e1n hundru\u00f0 vagna og t\u00f3lf \u00fe\u00fasund vagnli\u00f0a. Hann kom \u00feeim fyrir \u00ed vagnli\u00f0sborgum og \u00ed Jer\u00fasalem hj\u00e1 konungi. <a name=\"15\"><span class=\"versanumer_2007\">15<\/span><\/a> Konungur nota\u00f0i silfur og gull eins og grj\u00f3t \u00ed Jer\u00fasalem og sedrusvi\u00f0 eins og m\u00f3rberjaf\u00edkjuvi\u00f0inn sem vex \u00e1 l\u00e1glendinu. <a name=\"16\"><span class=\"versanumer_2007\">16<\/span><\/a> Hestar Sal\u00f3mons voru fr\u00e1 Egyptalandi og K\u00f3e. Kaupmenn konungs keyptu \u00fe\u00e1 \u00ed K\u00f3e. <a name=\"17\"><span class=\"versanumer_2007\">17<\/span><\/a> Vagn, sem fluttur var inn fr\u00e1 Egyptalandi, kosta\u00f0i sex hundru\u00f0 sikla silfurs og hver hestur hundra\u00f0 og fimmt\u00edu sikla. S\u00ed\u00f0an voru \u00feeir seldir \u00e1fram til allra konunga Het\u00edta og konunga Arams.<\/p>\n","protected":false},"excerpt":{"rendered":"<p>Saga Sal\u00f3mons konungs Draumur Sal\u00f3mons 1 Sal\u00f3mon, sonur Dav\u00ed\u00f0s, reyndist m\u00e1ttugur \u00ed konungd\u00f3mi s\u00ednum. Drottinn, Gu\u00f0 hans, var me\u00f0 honum og ger\u00f0i hann mj\u00f6g voldugan. 2 Sal\u00f3mon gaf \u00f6llum \u00cdsrael fyrirm\u00e6li, foringjum \u00fe\u00fasund og hundra\u00f0 manna li\u00f0a og h\u00f6f\u00f0ingjum alls \u00cdsraels og h\u00f6f\u00f0ingjum \u00e6ttanna. 3 \u00dev\u00ed n\u00e6st h\u00e9lt Sal\u00f3mon og allur s\u00f6fnu\u00f0urinn me\u00f0 honum til f\u00f3rnarh\u00e6\u00f0arinnar \u00ed G\u00edbeon \u00fev\u00ed a\u00f0 \u00fear var opinberunartjald Gu\u00f0s sem M\u00f3se, \u00fej\u00f3nn Drottins, haf\u00f0i gert \u00ed ey\u00f0im\u00f6rkinni. 4 Dav\u00ed\u00f0 haf\u00f0i flutt \u00f6rk Gu\u00f0s fr\u00e1 Kirjat Jear\u00edm \u00e1 \u00feann sta\u00f0 sem hann haf\u00f0i b\u00fai\u00f0 henni. Hann haf\u00f0i l\u00e1ti\u00f0 reisa tjald fyrir hana \u00ed Jer\u00fasalem. 5 Eiraltari\u00f0, <a href=\"https:\/\/biblian.is\/biblian\/sidari-kronikubok-1-kafli\/\"> [&#8230;]<\/a><\/p>\n","protected":false},"author":1,"featured_media":0,"parent":0,"menu_order":0,"comment_status":"open","ping_status":"open","template":"bibliukaflar_NT.php","meta":{"footnotes":""},"class_list":["post-1985","page","type-page","status-publish","hentry"],"_links":{"self":[{"href":"https:\/\/biblian.is\/biblian\/wp-json\/wp\/v2\/pages\/1985","targetHints":{"allow":["GET"]}}],"collection":[{"href":"https:\/\/biblian.is\/biblian\/wp-json\/wp\/v2\/pages"}],"about":[{"href":"https:\/\/biblian.is\/biblian\/wp-json\/wp\/v2\/types\/page"}],"author":[{"embeddable":true,"href":"https:\/\/biblian.is\/biblian\/wp-json\/wp\/v2\/users\/1"}],"replies":[{"embeddable":true,"href":"https:\/\/biblian.is\/biblian\/wp-json\/wp\/v2\/comments?post=1985"}],"version-history":[{"count":0,"href":"https:\/\/biblian.is\/biblian\/wp-json\/wp\/v2\/pages\/1985\/revisions"}],"wp:attachment":[{"href":"https:\/\/biblian.is\/biblian\/wp-json\/wp\/v2\/media?parent=1985"}],"curies":[{"name":"wp","href":"https:\/\/api.w.org\/{rel}","templated":true}]}}