{"id":1981,"date":"2017-12-30T21:01:15","date_gmt":"2017-12-30T21:01:15","guid":{"rendered":"http:\/\/biblian.is\/biblian\/fyrri-kron%c2%92kub%c2%97k-26-kafli\/"},"modified":"2024-06-26T23:20:39","modified_gmt":"2024-06-26T23:20:39","slug":"fyrri-kronikubok-26-kafli","status":"publish","type":"page","link":"https:\/\/biblian.is\/biblian\/fyrri-kronikubok-26-kafli\/","title":{"rendered":"Fyrri kron\u00edkub\u00f3k 26. kafli"},"content":{"rendered":"<h3 class=\"millifyrirsogn_2007\"> Hli\u00f0ver\u00f0irnir<\/h3>\n<p><a name=\"1\"><span class=\"versanumer_2007\">1<\/span><\/a> Um flokka hli\u00f0var\u00f0anna er \u00feetta a\u00f0 segja: Einn af K\u00f3ra\u00edtum, Meselemja K\u00f3reson af Asafs\u00e6tt, var einn \u00feeirra. <a name=\"2\"><span class=\"versanumer_2007\">2<\/span><\/a> Synir Meselemja voru frumbur\u00f0urinn Sakar\u00eda, Jed\u00edael var annar, Sebadja var s\u00e1 \u00feri\u00f0ji, Jatn\u00edel s\u00e1 fj\u00f3r\u00f0i, <a name=\"3\"><span class=\"versanumer_2007\">3<\/span><\/a> Elam s\u00e1 fimmti, J\u00f3hanan s\u00e1 sj\u00f6tti og El\u00ed\u00f3ena\u00ed s\u00e1 sj\u00f6undi. <a name=\"4\"><span class=\"versanumer_2007\">4<\/span><\/a> \u00d3be\u00f0 Ed\u00f3m \u00e1tti einnig syni og voru \u00feeir frumbur\u00f0urinn Semaja, J\u00f3sabad var annar, J\u00f3a var s\u00e1 \u00feri\u00f0ji, Sakar fj\u00f3r\u00f0i, Netaneel fimmti, <a name=\"5\"><span class=\"versanumer_2007\">5<\/span><\/a> Amm\u00edel sj\u00f6tti, \u00cdssakar sj\u00f6undi, Peg\u00falleta\u00ed \u00e1ttundi \u00fev\u00ed a\u00f0 Gu\u00f0 haf\u00f0i blessa\u00f0 hann. <a name=\"6\"><span class=\"versanumer_2007\">6<\/span><\/a> Semaja, syni hans, f\u00e6ddust einnig synir. \u00deeir ur\u00f0u lei\u00f0togar \u00e6tta sinna \u00fev\u00ed a\u00f0 \u00feeir voru dugandi menn. <a name=\"7\"><span class=\"versanumer_2007\">7<\/span><\/a> Synir Semaja voru Otn\u00ed, Refael, \u00d3be\u00f0 og Elsabat. Br\u00e6\u00f0ur Elsabats voru El\u00edh\u00fa og Semakja sem einnig voru dugandi menn. <a name=\"8\"><span class=\"versanumer_2007\">8<\/span><\/a> Allir \u00feessir menn voru ni\u00f0jar \u00d3be\u00f0s Ed\u00f3ms og dugandi menn, eins og synir \u00feeirra og br\u00e6\u00f0ur, og h\u00e6fir til \u00fej\u00f3nustunnar, alls sext\u00edu og tveir ni\u00f0jar \u00d3be\u00f0s Ed\u00f3ms.<br \/> <a name=\"9\"><span class=\"versanumer_2007\">9<\/span><\/a> Meselemja \u00e1tti einnig dugandi syni og br\u00e6\u00f0ur, alls \u00e1tj\u00e1n.<br \/> <a name=\"10\"><span class=\"versanumer_2007\">10<\/span><\/a> H\u00f3sa, sem var afkomandi Merar\u00ed, f\u00e6ddust einnig synir. Simr\u00ed var \u00feeirra fremstur en fa\u00f0ir hans haf\u00f0i gert hann a\u00f0 h\u00f6f\u00f0ingja \u00fe\u00f3tt hann v\u00e6ri ekki frumbur\u00f0ur. <a name=\"11\"><span class=\"versanumer_2007\">11<\/span><\/a> Hilk\u00eda var annar, Tebalja var s\u00e1 \u00feri\u00f0ji og Sakar\u00eda fj\u00f3r\u00f0i. H\u00f3sa \u00e1tti alls \u00ferett\u00e1n syni og br\u00e6\u00f0ur.<br \/> <a name=\"12\"><span class=\"versanumer_2007\">12<\/span><\/a> \u00deessir flokkar hli\u00f0var\u00f0a gegndu \u00fej\u00f3nustu undir stj\u00f3rn h\u00f6f\u00f0ingja sinna. \u00deeir \u00fej\u00f3nu\u00f0u \u00ed h\u00fasi Drottins \u00e1samt br\u00e6\u00f0rum s\u00ednum <a name=\"13\"><span class=\"versanumer_2007\">13<\/span><\/a> og v\u00f6rpu\u00f0u hlutkesti um hvert hli\u00f0 fyrir sig, hvort heldur fj\u00f6lskylda \u00feeirra var l\u00edtil e\u00f0a st\u00f3r. <a name=\"14\"><span class=\"versanumer_2007\">14<\/span><\/a> Hluturinn fyrir austurhli\u00f0i\u00f0 f\u00e9ll \u00e1 Selemja. \u00deeir v\u00f6rpu\u00f0u einnig hlutkesti fyrir Sakar\u00eda, son hans, sem var skynsamur r\u00e1\u00f0gjafi, og kom nor\u00f0urhli\u00f0i\u00f0 \u00ed hlut hans <a name=\"15\"><span class=\"versanumer_2007\">15<\/span><\/a> en su\u00f0urhli\u00f0i\u00f0 \u00ed hlut \u00d3be\u00f0s Ed\u00f3ms og geymsluh\u00fasi\u00f0 \u00ed hlut sona hans. <a name=\"16\"><span class=\"versanumer_2007\">16<\/span><\/a> Vesturhli\u00f0i\u00f0 kom \u00ed hlut H\u00f3sa og Sallekhli\u00f0i\u00f0 vi\u00f0 g\u00f6tuna upp eftir. Allar var\u00f0st\u00f6\u00f0ur voru eins:<br \/> <a name=\"17\"><span class=\"versanumer_2007\">17<\/span><\/a> Daglega st\u00f3\u00f0u sex menn v\u00f6r\u00f0 gegnt austri, fj\u00f3rir gegnt nor\u00f0ri, fj\u00f3rir gegnt su\u00f0ri og tveir vi\u00f0 hvort geymsluh\u00fasanna. <a name=\"18\"><span class=\"versanumer_2007\">18<\/span><\/a> Vi\u00f0 Parbar gegnt vestri st\u00f3\u00f0u fj\u00f3rir v\u00f6r\u00f0 vi\u00f0 g\u00f6tuna en tveir vi\u00f0 Parbar.<br \/> <a name=\"19\"><span class=\"versanumer_2007\">19<\/span><\/a> \u00deetta voru flokkar hli\u00f0var\u00f0anna, ni\u00f0jar K\u00f3ra og Merar\u00ed.<\/p>\n<h3 class=\"millifyrirsogn_2007\">\u00d6nnur st\u00f6rf \u00ed musterinu<\/h3>\n<p><a name=\"20\"><span class=\"versanumer_2007\">20<\/span><\/a> Lev\u00edtarnir, \u00e6ttbr\u00e6\u00f0ur \u00feeirra, sem g\u00e6ttu fj\u00e1rsj\u00f3\u00f0a h\u00fass Gu\u00f0s og helgigjafanna, <a name=\"21\"><span class=\"versanumer_2007\">21<\/span><\/a> voru synir Laedans, afkomanda Gersons. \u00c6ttarh\u00f6f\u00f0ingjar Laedans, afkomanda Gersons, Jeh\u00edel og synir hans <a name=\"22\"><span class=\"versanumer_2007\">22<\/span><\/a> \u00e1samt Setam og J\u00f3el, br\u00f3\u00f0ur hans, g\u00e6ttu fj\u00e1rsj\u00f3\u00f0a h\u00fass Gu\u00f0s. <a name=\"23\"><span class=\"versanumer_2007\">23<\/span><\/a> Af ni\u00f0jum Amrams, J\u00edsehars, Hebrons og \u00dass\u00edels <a name=\"24\"><span class=\"versanumer_2007\">24<\/span><\/a> var Seb\u00fael Gers\u00f3msson M\u00f3sesonar yfirv\u00f6r\u00f0ur fj\u00e1rsj\u00f3\u00f0anna. <a name=\"25\"><span class=\"versanumer_2007\">25<\/span><\/a> \u00c6ttbr\u00e6\u00f0ur hans, ni\u00f0jar El\u00edesers, voru Rehabja, sonur hans, Jesaja, sonur hans, J\u00f3ram, sonur hans, Sikr\u00ed, sonur hans, og Sel\u00f3m\u00edt, sonur hans. <a name=\"26\"><span class=\"versanumer_2007\">26<\/span><\/a> Sel\u00f3m\u00edt \u00feessi og br\u00e6\u00f0ur hans g\u00e6ttu allra fj\u00e1rsj\u00f3\u00f0a helgigjafanna sem Dav\u00ed\u00f0 konungur haf\u00f0i helga\u00f0 \u00e1samt h\u00f6f\u00f0ingjum \u00e6ttanna, foringjum \u00fe\u00fasund manna li\u00f0a, foringjum hundra\u00f0 manna li\u00f0a og foringjum hersins. <a name=\"27\"><span class=\"versanumer_2007\">27<\/span><\/a> \u00deeir h\u00f6f\u00f0u teki\u00f0 nokku\u00f0 af herfangi og helga\u00f0 \u00fea\u00f0 til \u00feess a\u00f0 \u00fea\u00f0 k\u00e6mi a\u00f0 notum \u00ed h\u00fasi Drottins. <a name=\"28\"><span class=\"versanumer_2007\">28<\/span><\/a> \u00deeir g\u00e6ttu einnig alls \u00feess sem sj\u00e1andinn Sam\u00fael, S\u00e1l K\u00edsson, Abner Nersson og J\u00f3ab Ser\u00fajuson h\u00f6f\u00f0u helga\u00f0. Allt sem helga\u00f0 haf\u00f0i veri\u00f0 var fengi\u00f0 Sel\u00f3m\u00edt og br\u00e6\u00f0rum hans til var\u00f0veislu. <\/p>\n<h3 class=\"millifyrirsogn_2007\">Emb\u00e6ttismenn Dav\u00ed\u00f0s<\/h3>\n<p><a name=\"29\"><span class=\"versanumer_2007\">29<\/span><\/a> Kenanja og synir hans voru r\u00e1\u00f0nir til a\u00f0 sinna st\u00f6rfum utan helgid\u00f3msins sem emb\u00e6ttismenn og d\u00f3marar. <a name=\"30\"><span class=\"versanumer_2007\">30<\/span><\/a> Hasabja og br\u00e6\u00f0rum hans, sem voru ni\u00f0jar Hebrons, sautj\u00e1n hundru\u00f0 dugandi m\u00f6nnum, var falin umsj\u00f3n me\u00f0 m\u00e1lefnum Drottins og \u00fej\u00f3nustu vi\u00f0 konunginn \u00ed \u00cdsrael, vestan vi\u00f0 J\u00f3rdan. <a name=\"31\"><span class=\"versanumer_2007\">31<\/span><\/a> Jer\u00eda var h\u00f6f\u00f0ingi ni\u00f0ja Hebrons. \u00c1 fertugasta stj\u00f3rnar\u00e1ri Dav\u00ed\u00f0s voru skr\u00e1r yfir fj\u00f6lskyldur ni\u00f0ja Hebrons kanna\u00f0ar og fundust \u00fe\u00e1 dugandi menn \u00ed Jas\u00edr og G\u00edlea\u00f0. <a name=\"32\"><span class=\"versanumer_2007\">32<\/span><\/a> Br\u00e6\u00f0ur Jer\u00eda voru dugandi menn, h\u00f6f\u00f0ingjar tv\u00f6 \u00fe\u00fasund og sj\u00f6 hundru\u00f0 \u00e6tta. \u00cd \u00f6llum \u00feeim m\u00e1lum, sem snertu Gu\u00f0 og konunginn, setti Dav\u00ed\u00f0 konungur \u00fe\u00e1 yfir ni\u00f0ja R\u00fabens, Ga\u00f0s og h\u00e1lfan \u00e6ttb\u00e1lk Manasse.<\/p>\n","protected":false},"excerpt":{"rendered":"<p>Hli\u00f0ver\u00f0irnir 1 Um flokka hli\u00f0var\u00f0anna er \u00feetta a\u00f0 segja: Einn af K\u00f3ra\u00edtum, Meselemja K\u00f3reson af Asafs\u00e6tt, var einn \u00feeirra. 2 Synir Meselemja voru frumbur\u00f0urinn Sakar\u00eda, Jed\u00edael var annar, Sebadja var s\u00e1 \u00feri\u00f0ji, Jatn\u00edel s\u00e1 fj\u00f3r\u00f0i, 3 Elam s\u00e1 fimmti, J\u00f3hanan s\u00e1 sj\u00f6tti og El\u00ed\u00f3ena\u00ed s\u00e1 sj\u00f6undi. 4 \u00d3be\u00f0 Ed\u00f3m \u00e1tti einnig syni og voru \u00feeir frumbur\u00f0urinn Semaja, J\u00f3sabad var annar, J\u00f3a var s\u00e1 \u00feri\u00f0ji, Sakar fj\u00f3r\u00f0i, Netaneel fimmti, 5 Amm\u00edel sj\u00f6tti, \u00cdssakar sj\u00f6undi, Peg\u00falleta\u00ed \u00e1ttundi \u00fev\u00ed a\u00f0 Gu\u00f0 haf\u00f0i blessa\u00f0 hann. 6 Semaja, syni hans, f\u00e6ddust einnig synir. \u00deeir ur\u00f0u lei\u00f0togar \u00e6tta sinna \u00fev\u00ed a\u00f0 \u00feeir voru dugandi menn. 7 <a href=\"https:\/\/biblian.is\/biblian\/fyrri-kronikubok-26-kafli\/\"> [&#8230;]<\/a><\/p>\n","protected":false},"author":1,"featured_media":0,"parent":0,"menu_order":0,"comment_status":"open","ping_status":"open","template":"bibliukaflar_NT.php","meta":{"footnotes":""},"class_list":["post-1981","page","type-page","status-publish","hentry"],"_links":{"self":[{"href":"https:\/\/biblian.is\/biblian\/wp-json\/wp\/v2\/pages\/1981","targetHints":{"allow":["GET"]}}],"collection":[{"href":"https:\/\/biblian.is\/biblian\/wp-json\/wp\/v2\/pages"}],"about":[{"href":"https:\/\/biblian.is\/biblian\/wp-json\/wp\/v2\/types\/page"}],"author":[{"embeddable":true,"href":"https:\/\/biblian.is\/biblian\/wp-json\/wp\/v2\/users\/1"}],"replies":[{"embeddable":true,"href":"https:\/\/biblian.is\/biblian\/wp-json\/wp\/v2\/comments?post=1981"}],"version-history":[{"count":0,"href":"https:\/\/biblian.is\/biblian\/wp-json\/wp\/v2\/pages\/1981\/revisions"}],"wp:attachment":[{"href":"https:\/\/biblian.is\/biblian\/wp-json\/wp\/v2\/media?parent=1981"}],"curies":[{"name":"wp","href":"https:\/\/api.w.org\/{rel}","templated":true}]}}