{"id":1980,"date":"2017-12-30T21:01:15","date_gmt":"2017-12-30T21:01:15","guid":{"rendered":"http:\/\/biblian.is\/biblian\/fyrri-kron%c2%92kub%c2%97k-25-kafli\/"},"modified":"2024-06-26T23:20:39","modified_gmt":"2024-06-26T23:20:39","slug":"fyrri-kronikubok-25-kafli","status":"publish","type":"page","link":"https:\/\/biblian.is\/biblian\/fyrri-kronikubok-25-kafli\/","title":{"rendered":"Fyrri kron\u00edkub\u00f3k 25. kafli"},"content":{"rendered":"<h3 class=\"millifyrirsogn_2007\"> S\u00f6ngvarar musterisins<\/h3>\n<p><a name=\"1\"><span class=\"versanumer_2007\">1<\/span><\/a> Dav\u00ed\u00f0 og herforingjarnir v\u00f6ldu ni\u00f0ja Asafs, Hemans og Jed\u00fat\u00fans til a\u00f0 annast lofgj\u00f6r\u00f0 a\u00f0 h\u00e6tti sp\u00e1manna og leika \u00e1 g\u00edgjur, h\u00f6rpur og m\u00e1lmgj\u00f6ll. H\u00e9r \u00e1 eftir fer skr\u00e1 yfir \u00fe\u00e1 menn sem \u00f6nnu\u00f0ust \u00feessa \u00fej\u00f3nustu:<br \/> <a name=\"2\"><span class=\"versanumer_2007\">2<\/span><\/a> Af ni\u00f0jum Asafs: Sakk\u00far, J\u00f3sef, Netanja og Asarela. Synir Asafs voru undir stj\u00f3rn Asafs sem l\u00e9k a\u00f0 h\u00e6tti sp\u00e1manna undir stj\u00f3rn konungs.<br \/> <a name=\"3\"><span class=\"versanumer_2007\">3<\/span><\/a> Af Jed\u00fat\u00fan: synir Jed\u00fat\u00fans, \u00feeir Gedalja, Ser\u00ed, Jesaja, S\u00edme\u00ed, Hasabja og Mattitja, alls sex. \u00deeir voru undir stj\u00f3rn Jed\u00fat\u00fans, f\u00f6\u00f0ur s\u00edns, sem l\u00e9k Drottni \u00fe\u00f6kk og lof \u00e1 g\u00edgju a\u00f0 h\u00e6tti sp\u00e1manna. <br \/> <a name=\"4\"><span class=\"versanumer_2007\">4<\/span><\/a> Af Heman: synir Hemans, \u00feeir B\u00fakk\u00eda, Mattanja, \u00dass\u00edel, Seb\u00fael, Jer\u00edm\u00f3t, Hananja, Hanan\u00ed, El\u00edata, Giddalt\u00ed, R\u00f3mamt\u00ed Eser, Josbekasa, Mall\u00f3t\u00ed, H\u00f3t\u00edr og Mahas\u00ed\u00f3t. <a name=\"5\"><span class=\"versanumer_2007\">5<\/span><\/a> \u00deeir voru allir synir Hemans, sj\u00e1anda konungs, samkv\u00e6mt fyrirheiti Gu\u00f0s um a\u00f0 efla vald hans. Gu\u00f0 gaf Heman fj\u00f3rt\u00e1n syni og \u00ferj\u00e1r d\u00e6tur.<br \/> <a name=\"6\"><span class=\"versanumer_2007\">6<\/span><\/a> Allir \u00feessir menn voru undir stj\u00f3rn fe\u00f0ra sinna vi\u00f0 s\u00f6nginn \u00ed h\u00fasi Drottins. \u00deeir l\u00e9ku \u00e1 m\u00e1lmgj\u00f6ll, h\u00f6rpur og g\u00edgjur vi\u00f0 \u00fej\u00f3nustuna \u00ed h\u00fasi Gu\u00f0s a\u00f0 fyrirm\u00e6lum konungs. <a name=\"7\"><span class=\"versanumer_2007\">7<\/span><\/a> \u00deeir voru tv\u00f6 hundru\u00f0 \u00e1ttat\u00edu og \u00e1tta talsins \u00e1samt emb\u00e6ttisbr\u00e6\u00f0rum s\u00ednum sem haf\u00f0i veri\u00f0 kennt a\u00f0 syngja Drottni s\u00f6ngva. Allt voru \u00feetta \u00fej\u00e1lfa\u00f0ir menn. <a name=\"8\"><span class=\"versanumer_2007\">8<\/span><\/a> \u00deeir k\u00f6stu\u00f0u hlutkesti um skipan \u00fej\u00f3nustunnar, jafnt fyrir unga sem aldna, \u00fe\u00e1 sem voru fullnuma og hina sem voru nemar.<br \/> <a name=\"9\"><span class=\"versanumer_2007\">9<\/span><\/a> Fyrsti hluturinn f\u00e9ll \u00e1 J\u00f3sef, annar \u00e1 Gedalja, br\u00e6\u00f0ur hans og syni, t\u00f3lf alls, <a name=\"10\"><span class=\"versanumer_2007\">10<\/span><\/a> \u00feri\u00f0ji \u00e1 Sakk\u00far, syni hans og br\u00e6\u00f0ur, t\u00f3lf alls, <a name=\"11\"><span class=\"versanumer_2007\">11<\/span><\/a> fj\u00f3r\u00f0i \u00e1 Ser\u00ed, syni hans og br\u00e6\u00f0ur, t\u00f3lf alls, <a name=\"12\"><span class=\"versanumer_2007\">12<\/span><\/a> fimmti \u00e1 Netanja, syni hans og br\u00e6\u00f0ur, t\u00f3lf alls, <a name=\"13\"><span class=\"versanumer_2007\">13<\/span><\/a> sj\u00f6tti \u00e1 B\u00fakk\u00eda, syni hans og br\u00e6\u00f0ur, t\u00f3lf alls, <a name=\"14\"><span class=\"versanumer_2007\">14<\/span><\/a> sj\u00f6undi \u00e1 Jesarela, syni hans og br\u00e6\u00f0ur, t\u00f3lf alls, <a name=\"15\"><span class=\"versanumer_2007\">15<\/span><\/a> \u00e1ttundi \u00e1 Jesaja, syni hans og br\u00e6\u00f0ur, t\u00f3lf alls, <a name=\"16\"><span class=\"versanumer_2007\">16<\/span><\/a> n\u00edundi \u00e1 Mattanja, syni hans og br\u00e6\u00f0ur, t\u00f3lf alls, <a name=\"17\"><span class=\"versanumer_2007\">17<\/span><\/a> t\u00edundi \u00e1 S\u00edme\u00ed, syni hans og br\u00e6\u00f0ur, t\u00f3lf alls, <a name=\"18\"><span class=\"versanumer_2007\">18<\/span><\/a> ellefti \u00e1 Asareel, syni hans og br\u00e6\u00f0ur, t\u00f3lf alls, <a name=\"19\"><span class=\"versanumer_2007\">19<\/span><\/a> t\u00f3lfti \u00e1 Hasabja, syni hans og br\u00e6\u00f0ur, t\u00f3lf alls, <a name=\"20\"><span class=\"versanumer_2007\">20<\/span><\/a> \u00ferett\u00e1ndi \u00e1 S\u00fabael, syni hans og br\u00e6\u00f0ur, t\u00f3lf alls, <a name=\"21\"><span class=\"versanumer_2007\">21<\/span><\/a> fj\u00f3rt\u00e1ndi \u00e1 Mattitja, syni hans og br\u00e6\u00f0ur, t\u00f3lf alls, <a name=\"22\"><span class=\"versanumer_2007\">22<\/span><\/a> fimmt\u00e1ndi \u00e1 Jer\u00edm\u00f3t, syni hans og br\u00e6\u00f0ur, t\u00f3lf alls, <a name=\"23\"><span class=\"versanumer_2007\">23<\/span><\/a> sext\u00e1ndi \u00e1 Hananja, syni hans og br\u00e6\u00f0ur, t\u00f3lf alls, <a name=\"24\"><span class=\"versanumer_2007\">24<\/span><\/a> sautj\u00e1ndi \u00e1 Josbekasa, syni hans og br\u00e6\u00f0ur, t\u00f3lf alls, <a name=\"25\"><span class=\"versanumer_2007\">25<\/span><\/a> \u00e1tj\u00e1ndi \u00e1 Hanan\u00ed, syni hans og br\u00e6\u00f0ur, t\u00f3lf alls, <a name=\"26\"><span class=\"versanumer_2007\">26<\/span><\/a> n\u00edtj\u00e1ndi \u00e1 Mall\u00f3t\u00ed, syni hans og br\u00e6\u00f0ur, t\u00f3lf alls, <a name=\"27\"><span class=\"versanumer_2007\">27<\/span><\/a> tuttugasti \u00e1 El\u00edjata, syni hans og br\u00e6\u00f0ur, t\u00f3lf alls, <a name=\"28\"><span class=\"versanumer_2007\">28<\/span><\/a> tuttugasti og fyrsti \u00e1 H\u00f3t\u00edr, syni hans og br\u00e6\u00f0ur, t\u00f3lf alls, <a name=\"29\"><span class=\"versanumer_2007\">29<\/span><\/a> tuttugasti og annar \u00e1 Giddalt\u00ed, syni hans og br\u00e6\u00f0ur, t\u00f3lf alls, <a name=\"30\"><span class=\"versanumer_2007\">30<\/span><\/a> tuttugasti og \u00feri\u00f0ji \u00e1 Mahas\u00ed\u00f3t, syni hans og br\u00e6\u00f0ur, t\u00f3lf alls, <a name=\"31\"><span class=\"versanumer_2007\">31<\/span><\/a> tuttugasti og fj\u00f3r\u00f0i \u00e1 R\u00f3mamti Eser, syni hans og br\u00e6\u00f0ur, t\u00f3lf alls.<\/p>\n","protected":false},"excerpt":{"rendered":"<p>S\u00f6ngvarar musterisins 1 Dav\u00ed\u00f0 og herforingjarnir v\u00f6ldu ni\u00f0ja Asafs, Hemans og Jed\u00fat\u00fans til a\u00f0 annast lofgj\u00f6r\u00f0 a\u00f0 h\u00e6tti sp\u00e1manna og leika \u00e1 g\u00edgjur, h\u00f6rpur og m\u00e1lmgj\u00f6ll. H\u00e9r \u00e1 eftir fer skr\u00e1 yfir \u00fe\u00e1 menn sem \u00f6nnu\u00f0ust \u00feessa \u00fej\u00f3nustu: 2 Af ni\u00f0jum Asafs: Sakk\u00far, J\u00f3sef, Netanja og Asarela. Synir Asafs voru undir stj\u00f3rn Asafs sem l\u00e9k a\u00f0 h\u00e6tti sp\u00e1manna undir stj\u00f3rn konungs. 3 Af Jed\u00fat\u00fan: synir Jed\u00fat\u00fans, \u00feeir Gedalja, Ser\u00ed, Jesaja, S\u00edme\u00ed, Hasabja og Mattitja, alls sex. \u00deeir voru undir stj\u00f3rn Jed\u00fat\u00fans, f\u00f6\u00f0ur s\u00edns, sem l\u00e9k Drottni \u00fe\u00f6kk og lof \u00e1 g\u00edgju a\u00f0 h\u00e6tti sp\u00e1manna. 4 Af Heman: synir Hemans, \u00feeir <a href=\"https:\/\/biblian.is\/biblian\/fyrri-kronikubok-25-kafli\/\"> [&#8230;]<\/a><\/p>\n","protected":false},"author":1,"featured_media":0,"parent":0,"menu_order":0,"comment_status":"open","ping_status":"open","template":"bibliukaflar_NT.php","meta":{"footnotes":""},"class_list":["post-1980","page","type-page","status-publish","hentry"],"_links":{"self":[{"href":"https:\/\/biblian.is\/biblian\/wp-json\/wp\/v2\/pages\/1980","targetHints":{"allow":["GET"]}}],"collection":[{"href":"https:\/\/biblian.is\/biblian\/wp-json\/wp\/v2\/pages"}],"about":[{"href":"https:\/\/biblian.is\/biblian\/wp-json\/wp\/v2\/types\/page"}],"author":[{"embeddable":true,"href":"https:\/\/biblian.is\/biblian\/wp-json\/wp\/v2\/users\/1"}],"replies":[{"embeddable":true,"href":"https:\/\/biblian.is\/biblian\/wp-json\/wp\/v2\/comments?post=1980"}],"version-history":[{"count":0,"href":"https:\/\/biblian.is\/biblian\/wp-json\/wp\/v2\/pages\/1980\/revisions"}],"wp:attachment":[{"href":"https:\/\/biblian.is\/biblian\/wp-json\/wp\/v2\/media?parent=1980"}],"curies":[{"name":"wp","href":"https:\/\/api.w.org\/{rel}","templated":true}]}}