{"id":1979,"date":"2017-12-30T21:01:15","date_gmt":"2017-12-30T21:01:15","guid":{"rendered":"http:\/\/biblian.is\/biblian\/fyrri-kron%c2%92kub%c2%97k-24-kafli\/"},"modified":"2024-06-26T23:20:38","modified_gmt":"2024-06-26T23:20:38","slug":"fyrri-kronikubok-24-kafli","status":"publish","type":"page","link":"https:\/\/biblian.is\/biblian\/fyrri-kronikubok-24-kafli\/","title":{"rendered":"Fyrri kron\u00edkub\u00f3k 24. kafli"},"content":{"rendered":"<h3 class=\"millifyrirsogn_2007\"> Flokkar prestanna<\/h3>\n<p><a name=\"1\"><span class=\"versanumer_2007\">1<\/span><\/a> Sonum Arons var einnig skipa\u00f0 \u00ed flokka. Synir Arons voru Nadab, Ab\u00edh\u00fa, Eleasar og \u00cdtamar. <a name=\"2\"><span class=\"versanumer_2007\">2<\/span><\/a> Nadab og Ab\u00edh\u00fa d\u00f3u \u00e1 undan f\u00f6\u00f0ur s\u00ednum. \u00dear sem \u00feeir \u00e1ttu enga syni t\u00f3ku Eleasar og \u00cdtamar vi\u00f0 prestsemb\u00e6ttinu. <a name=\"3\"><span class=\"versanumer_2007\">3<\/span><\/a> Dav\u00ed\u00f0 skipa\u00f0i \u00feeim \u00ed \u00fej\u00f3nustuflokka \u00e1samt Sad\u00f3k, sem var afkomandi Eleasars, og Ah\u00edmelek sem var af \u00cdtamar kominn. <a name=\"4\"><span class=\"versanumer_2007\">4<\/span><\/a> \u00dear sem fleiri h\u00f6f\u00f0ingjar reyndust vera me\u00f0al ni\u00f0ja Eleasars en me\u00f0al ni\u00f0ja \u00cdtamars var sext\u00e1n \u00e6ttarh\u00f6f\u00f0ingjum \u00fathluta\u00f0 til ni\u00f0ja Eleasars en a\u00f0eins \u00e1tta til ni\u00f0ja \u00cdtamars. <a name=\"5\"><span class=\"versanumer_2007\">5<\/span><\/a> Allir flokkarnir voru valdir me\u00f0 hlutkesti \u00fev\u00ed a\u00f0 hinir heil\u00f6gu h\u00f6f\u00f0ingjar og h\u00f6f\u00f0ingjar Gu\u00f0s voru b\u00e6\u00f0i ni\u00f0jar Eleasars og \u00cdtamars. <a name=\"6\"><span class=\"versanumer_2007\">6<\/span><\/a> Semaja Netaneelsson, skrifari af \u00e6tt Lev\u00ed, skrifa\u00f0i \u00fe\u00e1 upp \u00ed vi\u00f0urvist konungs, h\u00f6f\u00f0ingjanna, Sad\u00f3ks prests, Abjatars Ah\u00edmelekssonar og \u00e6ttarh\u00f6f\u00f0ingja prestanna og ni\u00f0ja Lev\u00ed. Voru tv\u00e6r fj\u00f6lskyldur valdar hverju sinni af \u00e6tt Eleasars en ein af \u00e6tt \u00cdtamars.<br \/> <a name=\"7\"><span class=\"versanumer_2007\">7<\/span><\/a> Fyrsta hlutkesti\u00f0 f\u00e9ll \u00e1 J\u00f3jar\u00edb, anna\u00f0 \u00e1 Jejdaja, <a name=\"8\"><span class=\"versanumer_2007\">8<\/span><\/a> \u00feri\u00f0ja \u00e1 Har\u00edm, fj\u00f3r\u00f0a \u00e1 Se\u00f3r\u00edm, <a name=\"9\"><span class=\"versanumer_2007\">9<\/span><\/a> fimmta \u00e1 Malk\u00eda, sj\u00f6tta \u00e1 Mijam\u00edn, <a name=\"10\"><span class=\"versanumer_2007\">10<\/span><\/a> sj\u00f6unda \u00e1 Hakkos, \u00e1ttunda \u00e1 Ab\u00eda, <a name=\"11\"><span class=\"versanumer_2007\">11<\/span><\/a> n\u00edunda \u00e1 Jes\u00faa, t\u00edunda \u00e1 Sekanja, <a name=\"12\"><span class=\"versanumer_2007\">12<\/span><\/a> ellefta \u00e1 Eljas\u00edb, t\u00f3lfta \u00e1 Jak\u00edm, <a name=\"13\"><span class=\"versanumer_2007\">13<\/span><\/a> \u00ferett\u00e1nda \u00e1 H\u00fappa, fj\u00f3rt\u00e1nda \u00e1 Jesebeab, <a name=\"14\"><span class=\"versanumer_2007\">14<\/span><\/a> fimmt\u00e1nda \u00e1 Bilga, sext\u00e1nda \u00e1 Immer, <a name=\"15\"><span class=\"versanumer_2007\">15<\/span><\/a> sautj\u00e1nda \u00e1 Hes\u00edr, \u00e1tj\u00e1nda \u00e1 Happ\u00edsses, <a name=\"16\"><span class=\"versanumer_2007\">16<\/span><\/a> n\u00edtj\u00e1nda \u00e1 Pelashja, tuttugasta \u00e1 Jeheskel, <a name=\"17\"><span class=\"versanumer_2007\">17<\/span><\/a> tuttugasta og fyrsta \u00e1 Jak\u00edn, tuttugasta og anna\u00f0 \u00e1 Gam\u00fal, <a name=\"18\"><span class=\"versanumer_2007\">18<\/span><\/a> tuttugasta og \u00feri\u00f0ja \u00e1 Delaja, tuttugasta og fj\u00f3r\u00f0a \u00e1 Maasja.<br \/> <a name=\"19\"><span class=\"versanumer_2007\">19<\/span><\/a> \u00deetta var skipting \u00fej\u00f3nustu \u00feeirra. Eftir henni \u00e1ttu \u00feeir a\u00f0 koma til h\u00fass Drottins samkv\u00e6mt bo\u00f0i \u00fev\u00ed sem \u00feeir h\u00f6f\u00f0u fengi\u00f0 fr\u00e1 Aron, f\u00f6\u00f0ur s\u00ednum, og Drottinn, Gu\u00f0 \u00cdsraels, haf\u00f0i lagt fyrir hann. <\/p>\n<h3 class=\"millifyrirsogn_2007\">\u00d6nnur skr\u00e1 yfir Lev\u00edta<\/h3>\n<p><a name=\"20\"><span class=\"versanumer_2007\">20<\/span><\/a> Var\u00f0andi a\u00f0ra ni\u00f0ja Lev\u00ed, \u00fe\u00e1 var S\u00fabael einn sona Amrams. Jehdeja var einn af sonum S\u00fabaels. <a name=\"21\"><span class=\"versanumer_2007\">21<\/span><\/a> Jiss\u00eda var elstur af sonum Rehabja. <a name=\"22\"><span class=\"versanumer_2007\">22<\/span><\/a> Sel\u00f3m\u00f3t var einn af ni\u00f0jum J\u00edsehars. Jahat var einn af sonum Sel\u00f3m\u00f3ts. <a name=\"23\"><span class=\"versanumer_2007\">23<\/span><\/a> Amarja var einn af sonum Jer\u00eda, annar var Jehas\u00edel, \u00feri\u00f0ji Jekameam. <a name=\"24\"><span class=\"versanumer_2007\">24<\/span><\/a> M\u00edka var sonur \u00dass\u00edels, Sam\u00edr var einn af sonum M\u00edka. <a name=\"25\"><span class=\"versanumer_2007\">25<\/span><\/a> Jiss\u00eda var br\u00f3\u00f0ir M\u00edka. Sakar\u00eda var einn af sonum Jiss\u00eda. <a name=\"26\"><span class=\"versanumer_2007\">26<\/span><\/a> Mahl\u00ed og M\u00fas\u00ed voru synir Merar\u00ed. Sonur Jaas\u00eda var Ban\u00ed. <a name=\"27\"><span class=\"versanumer_2007\">27<\/span><\/a> Ni\u00f0jar Merar\u00ed, komnir af Jaas\u00eda, voru Ban\u00ed, S\u00f3ham, Sakk\u00far og \u00cdbr\u00ed. <a name=\"28\"><span class=\"versanumer_2007\">28<\/span><\/a> Eleasar, sem var barnlaus, var af Makl\u00ed kominn. <a name=\"29\"><span class=\"versanumer_2007\">29<\/span><\/a> Af K\u00eds var Jerahmeel, sonur K\u00edss. <a name=\"30\"><span class=\"versanumer_2007\">30<\/span><\/a> Synir M\u00fas\u00ed voru Mahl\u00ed, Eder og Jer\u00edm\u00f3t.<br \/>\u00deetta voru ni\u00f0jar Lev\u00ed, flokka\u00f0ir eftir fj\u00f6lskyldum s\u00ednum. <a name=\"31\"><span class=\"versanumer_2007\">31<\/span><\/a> \u00deeir v\u00f6rpu\u00f0u einnig hlutkesti eins og br\u00e6\u00f0ur \u00feeirra, synir Arons, \u00ed vi\u00f0urvist Dav\u00ed\u00f0s konungs, Sad\u00f3ks og Ah\u00edmeleks og \u00e6ttarh\u00f6f\u00f0ingja prestanna og Lev\u00edtanna, b\u00e6\u00f0i fj\u00f6lskyldna hins fremsta \u00feeirra og yngsta br\u00f3\u00f0urins.<\/p>\n","protected":false},"excerpt":{"rendered":"<p>Flokkar prestanna 1 Sonum Arons var einnig skipa\u00f0 \u00ed flokka. Synir Arons voru Nadab, Ab\u00edh\u00fa, Eleasar og \u00cdtamar. 2 Nadab og Ab\u00edh\u00fa d\u00f3u \u00e1 undan f\u00f6\u00f0ur s\u00ednum. \u00dear sem \u00feeir \u00e1ttu enga syni t\u00f3ku Eleasar og \u00cdtamar vi\u00f0 prestsemb\u00e6ttinu. 3 Dav\u00ed\u00f0 skipa\u00f0i \u00feeim \u00ed \u00fej\u00f3nustuflokka \u00e1samt Sad\u00f3k, sem var afkomandi Eleasars, og Ah\u00edmelek sem var af \u00cdtamar kominn. 4 \u00dear sem fleiri h\u00f6f\u00f0ingjar reyndust vera me\u00f0al ni\u00f0ja Eleasars en me\u00f0al ni\u00f0ja \u00cdtamars var sext\u00e1n \u00e6ttarh\u00f6f\u00f0ingjum \u00fathluta\u00f0 til ni\u00f0ja Eleasars en a\u00f0eins \u00e1tta til ni\u00f0ja \u00cdtamars. 5 Allir flokkarnir voru valdir me\u00f0 hlutkesti \u00fev\u00ed a\u00f0 hinir heil\u00f6gu h\u00f6f\u00f0ingjar og h\u00f6f\u00f0ingjar Gu\u00f0s <a href=\"https:\/\/biblian.is\/biblian\/fyrri-kronikubok-24-kafli\/\"> [&#8230;]<\/a><\/p>\n","protected":false},"author":1,"featured_media":0,"parent":0,"menu_order":0,"comment_status":"open","ping_status":"open","template":"bibliukaflar_NT.php","meta":{"footnotes":""},"class_list":["post-1979","page","type-page","status-publish","hentry"],"_links":{"self":[{"href":"https:\/\/biblian.is\/biblian\/wp-json\/wp\/v2\/pages\/1979","targetHints":{"allow":["GET"]}}],"collection":[{"href":"https:\/\/biblian.is\/biblian\/wp-json\/wp\/v2\/pages"}],"about":[{"href":"https:\/\/biblian.is\/biblian\/wp-json\/wp\/v2\/types\/page"}],"author":[{"embeddable":true,"href":"https:\/\/biblian.is\/biblian\/wp-json\/wp\/v2\/users\/1"}],"replies":[{"embeddable":true,"href":"https:\/\/biblian.is\/biblian\/wp-json\/wp\/v2\/comments?post=1979"}],"version-history":[{"count":0,"href":"https:\/\/biblian.is\/biblian\/wp-json\/wp\/v2\/pages\/1979\/revisions"}],"wp:attachment":[{"href":"https:\/\/biblian.is\/biblian\/wp-json\/wp\/v2\/media?parent=1979"}],"curies":[{"name":"wp","href":"https:\/\/api.w.org\/{rel}","templated":true}]}}