{"id":1978,"date":"2017-12-30T21:01:15","date_gmt":"2017-12-30T21:01:15","guid":{"rendered":"http:\/\/biblian.is\/biblian\/fyrri-kron%c2%92kub%c2%97k-23-kafli\/"},"modified":"2024-06-26T23:20:38","modified_gmt":"2024-06-26T23:20:38","slug":"fyrri-kronikubok-23-kafli","status":"publish","type":"page","link":"https:\/\/biblian.is\/biblian\/fyrri-kronikubok-23-kafli\/","title":{"rendered":"Fyrri kron\u00edkub\u00f3k 23. kafli"},"content":{"rendered":"<h3 class=\"millifyrirsogn_2007\"> Lev\u00edtar og st\u00f6rf \u00feeirra<\/h3>\n<p><a name=\"1\"><span class=\"versanumer_2007\">1<\/span><\/a> \u00deegar Dav\u00ed\u00f0 var or\u00f0inn gamall og saddur l\u00edfdaga ger\u00f0i hann Sal\u00f3mon, son sinn, a\u00f0 konungi yfir \u00cdsrael. <a name=\"2\"><span class=\"versanumer_2007\">2<\/span><\/a> Hann safna\u00f0i \u00fev\u00ed saman \u00f6llum lei\u00f0togum \u00cdsraels, prestum og Lev\u00edtum.<br \/> <a name=\"3\"><span class=\"versanumer_2007\">3<\/span><\/a> Lev\u00edtarnir, \u00fer\u00edtugir og eldri, h\u00f6f\u00f0u veri\u00f0 taldir. Var fj\u00f6ldi \u00feeirra \u00ferj\u00e1t\u00edu og \u00e1tta \u00fe\u00fasund. <a name=\"4\"><span class=\"versanumer_2007\">4<\/span><\/a> Tuttugu og fj\u00f6gur \u00fe\u00fasund \u00feeirra \u00e1ttu a\u00f0 stj\u00f3rna vinnunni \u00ed h\u00fasi Drottins, sex \u00fe\u00fasund \u00e1ttu a\u00f0 vera emb\u00e6ttismenn og d\u00f3marar, <a name=\"5\"><span class=\"versanumer_2007\">5<\/span><\/a> fj\u00f6gur \u00fe\u00fasund hli\u00f0ver\u00f0ir og fj\u00f6gur \u00fe\u00fasund \u00e1ttu a\u00f0 lofa Drottin me\u00f0 hlj\u00f3\u00f0f\u00e6runum sem Dav\u00ed\u00f0 haf\u00f0i l\u00e1ti\u00f0 gera til lofgj\u00f6r\u00f0arinnar.<br \/> <a name=\"6\"><span class=\"versanumer_2007\">6<\/span><\/a> Dav\u00ed\u00f0 skipti Lev\u00edtunum \u00ed flokka eftir sonum Lev\u00ed: Gerson, Kahat og Merar\u00ed.<br \/> <a name=\"7\"><span class=\"versanumer_2007\">7<\/span><\/a> Til ni\u00f0ja Gersons t\u00f6ldust Laedan og S\u00edme\u00ed. <a name=\"8\"><span class=\"versanumer_2007\">8<\/span><\/a> Jeh\u00edel var elstur af sonum Laedans, \u00fe\u00e1 Setam og J\u00f3el, alls \u00fer\u00edr. <a name=\"9\"><span class=\"versanumer_2007\">9<\/span><\/a> Synir Jeh\u00edels voru Sel\u00f3m\u00f3t, Has\u00edel og Haran, alls \u00fer\u00edr. \u00deeir voru \u00e6ttarh\u00f6f\u00f0ingjar Laedans. <a name=\"10\"><span class=\"versanumer_2007\">10<\/span><\/a> Synir S\u00edme\u00ed voru Jahat, S\u00edna, Je\u00fas og Ber\u00eda. \u00deetta voru fj\u00f3rir synir S\u00edme\u00ed. <a name=\"11\"><span class=\"versanumer_2007\">11<\/span><\/a> Jahat var elstur og S\u00edsa n\u00e6stur. Je\u00fas og Ber\u00eda \u00e1ttu a\u00f0eins f\u00e1a syni. \u00deeir myndu\u00f0u \u00fev\u00ed a\u00f0eins eina fj\u00f6lskyldu, einn \u00fej\u00f3nustuflokk.<br \/> <a name=\"12\"><span class=\"versanumer_2007\">12<\/span><\/a> Synir Kahats voru Amram, J\u00edsehar, Hebron og \u00dass\u00edel, alls fj\u00f3rir. <a name=\"13\"><span class=\"versanumer_2007\">13<\/span><\/a> Aron og M\u00f3se voru synir Amrams. Aron var s\u00e9rstaklega valinn til \u00feess a\u00f0 sj\u00e1 \u00e6vinlega um hi\u00f0 h\u00e1heilaga \u00e1samt sonum s\u00ednum, brenna reykelsisf\u00f3rn frammi fyrir augliti Drottins og \u00fej\u00f3na honum og blessa \u00ed nafni hans um aldur. <a name=\"14\"><span class=\"versanumer_2007\">14<\/span><\/a> En synir gu\u00f0smannsins M\u00f3se t\u00f6ldust til \u00e6ttb\u00e1lks Lev\u00ed. <a name=\"15\"><span class=\"versanumer_2007\">15<\/span><\/a> Synir M\u00f3se voru Gers\u00f3m og El\u00edeser. <a name=\"16\"><span class=\"versanumer_2007\">16<\/span><\/a> Seb\u00fael var elstur af sonum Gers\u00f3ms. <a name=\"17\"><span class=\"versanumer_2007\">17<\/span><\/a> Rehabja h\u00f6f\u00f0ingi var sonur El\u00edesers. El\u00edeser \u00e1tti ekki a\u00f0ra syni en synir Rehabja voru mj\u00f6g margir. <a name=\"18\"><span class=\"versanumer_2007\">18<\/span><\/a> Selom\u00edt var elsti sonur J\u00edsehars. <a name=\"19\"><span class=\"versanumer_2007\">19<\/span><\/a> Synir Hebrons voru Jer\u00eda, sem var elstur, Amarja n\u00e6stur, Jakas\u00edel \u00feri\u00f0ji og Jekameam fj\u00f3r\u00f0i. <a name=\"20\"><span class=\"versanumer_2007\">20<\/span><\/a> Elsti sonur \u00dass\u00edels var M\u00edka og Jess\u00eda n\u00e6stur honum.<br \/> <a name=\"21\"><span class=\"versanumer_2007\">21<\/span><\/a> Synir Merar\u00ed voru Mahl\u00ed og M\u00fas\u00ed. Synir Mahl\u00ed voru Eleasar og K\u00eds. <a name=\"22\"><span class=\"versanumer_2007\">22<\/span><\/a> \u00deegar Eleasar d\u00f3 haf\u00f0i hann ekki eignast neina syni, a\u00f0eins d\u00e6tur. Synir K\u00edss, fr\u00e6ndur \u00feeirra, t\u00f3ku \u00fe\u00e6r s\u00e9r fyrir konur. <a name=\"23\"><span class=\"versanumer_2007\">23<\/span><\/a> Synir M\u00fas\u00ed voru Mahl\u00ed, Eder og Jerem\u00f3t, alls \u00fer\u00edr.<\/p>\n<h3 class=\"millifyrirsogn_2007\">Verkefni Lev\u00edtanna<\/h3>\n<p><a name=\"24\"><span class=\"versanumer_2007\">24<\/span><\/a> \u00deetta voru ni\u00f0jar Lev\u00ed, flokka\u00f0ir eftir fj\u00f6lskyldum s\u00ednum, \u00e6ttarh\u00f6f\u00f0ingjar \u00feeirra eins og \u00feeir voru skr\u00e1\u00f0ir me\u00f0 nafni og taldir hver um sig. \u00deeir sem voru tuttugu \u00e1ra og eldri s\u00e1u um \u00fej\u00f3nustuna \u00ed h\u00fasi Drottins.<br \/> <a name=\"25\"><span class=\"versanumer_2007\">25<\/span><\/a> Dav\u00ed\u00f0 haf\u00f0i sagt: \u201eDrottinn, Gu\u00f0 \u00cdsraels, hefur veitt \u00fej\u00f3\u00f0 sinni fri\u00f0 og er sestur a\u00f0 \u00ed Jer\u00fasalem um alla framt\u00ed\u00f0. <a name=\"26\"><span class=\"versanumer_2007\">26<\/span><\/a> Lev\u00edtarnir \u00feurfa \u00fev\u00ed ekki lengur a\u00f0 bera tjaldi\u00f0 og \u00f6ll \u00e1h\u00f6ldin sem \u00fearf til \u00fej\u00f3nustunnar \u00fear,\u201c <a name=\"27\"><span class=\"versanumer_2007\">27<\/span><\/a> \u00fev\u00ed a\u00f0 samkv\u00e6mt s\u00ed\u00f0ustu fyrirm\u00e6lum Dav\u00ed\u00f0s voru Lev\u00edtarnir taldir tuttugu \u00e1ra og eldri. <a name=\"28\"><span class=\"versanumer_2007\">28<\/span><\/a> \u00deeir hlutu st\u00f6\u00f0u vi\u00f0 hli\u00f0 sona Arons vi\u00f0 \u00fej\u00f3nustu \u00ed h\u00fasi Drottins, til a\u00f0 sj\u00e1 um forgar\u00f0ana og herbergin og hreinsun alls \u00feess sem heilagt er. Einnig eiga \u00feeir a\u00f0 \u00fej\u00f3na \u00ed h\u00fasi Drottins, <a name=\"29\"><span class=\"versanumer_2007\">29<\/span><\/a> sj\u00e1 um sko\u00f0unarbrau\u00f0in, f\u00ednmala\u00f0 mj\u00f6l \u00ed kornf\u00f3rnir og \u00f3s\u00fdr\u00f0 brau\u00f0, p\u00f6nnur og bakstur. \u00deeir skulu einnig sj\u00e1 um v\u00f6kvam\u00e1l og lengdarm\u00e1l. <a name=\"30\"><span class=\"versanumer_2007\">30<\/span><\/a> \u00deeim ber a\u00f0 taka s\u00e9r st\u00f6\u00f0u kv\u00f6lds og morgna til a\u00f0 \u00feakka Drottni og lofa hann. <a name=\"31\"><span class=\"versanumer_2007\">31<\/span><\/a> Vi\u00f0 allar brennif\u00f3rnir, sem f\u00e6r\u00f0ar eru Drottni \u00e1 hv\u00edldard\u00f6gum, tunglkomud\u00f6gum og h\u00e1t\u00ed\u00f0um, skulu \u00feeir jafnan \u00fej\u00f3na allir frammi fyrir Drottni eins og \u00feeim ber. <a name=\"32\"><span class=\"versanumer_2007\">32<\/span><\/a> \u00deeir skulu hafa \u00e1 hendi \u00fej\u00f3nustu \u00ed opinberunartjaldinu, \u00ed helgid\u00f3minum og vi\u00f0 syni Arons, emb\u00e6ttisbr\u00e6\u00f0ur s\u00edna, \u00feegar \u00feeir \u00fej\u00f3na \u00ed h\u00fasi Drottins.<\/p>\n","protected":false},"excerpt":{"rendered":"<p>Lev\u00edtar og st\u00f6rf \u00feeirra 1 \u00deegar Dav\u00ed\u00f0 var or\u00f0inn gamall og saddur l\u00edfdaga ger\u00f0i hann Sal\u00f3mon, son sinn, a\u00f0 konungi yfir \u00cdsrael. 2 Hann safna\u00f0i \u00fev\u00ed saman \u00f6llum lei\u00f0togum \u00cdsraels, prestum og Lev\u00edtum. 3 Lev\u00edtarnir, \u00fer\u00edtugir og eldri, h\u00f6f\u00f0u veri\u00f0 taldir. Var fj\u00f6ldi \u00feeirra \u00ferj\u00e1t\u00edu og \u00e1tta \u00fe\u00fasund. 4 Tuttugu og fj\u00f6gur \u00fe\u00fasund \u00feeirra \u00e1ttu a\u00f0 stj\u00f3rna vinnunni \u00ed h\u00fasi Drottins, sex \u00fe\u00fasund \u00e1ttu a\u00f0 vera emb\u00e6ttismenn og d\u00f3marar, 5 fj\u00f6gur \u00fe\u00fasund hli\u00f0ver\u00f0ir og fj\u00f6gur \u00fe\u00fasund \u00e1ttu a\u00f0 lofa Drottin me\u00f0 hlj\u00f3\u00f0f\u00e6runum sem Dav\u00ed\u00f0 haf\u00f0i l\u00e1ti\u00f0 gera til lofgj\u00f6r\u00f0arinnar. 6 Dav\u00ed\u00f0 skipti Lev\u00edtunum \u00ed flokka eftir sonum Lev\u00ed: Gerson, Kahat <a href=\"https:\/\/biblian.is\/biblian\/fyrri-kronikubok-23-kafli\/\"> [&#8230;]<\/a><\/p>\n","protected":false},"author":1,"featured_media":0,"parent":0,"menu_order":0,"comment_status":"open","ping_status":"open","template":"bibliukaflar_NT.php","meta":{"footnotes":""},"class_list":["post-1978","page","type-page","status-publish","hentry"],"_links":{"self":[{"href":"https:\/\/biblian.is\/biblian\/wp-json\/wp\/v2\/pages\/1978","targetHints":{"allow":["GET"]}}],"collection":[{"href":"https:\/\/biblian.is\/biblian\/wp-json\/wp\/v2\/pages"}],"about":[{"href":"https:\/\/biblian.is\/biblian\/wp-json\/wp\/v2\/types\/page"}],"author":[{"embeddable":true,"href":"https:\/\/biblian.is\/biblian\/wp-json\/wp\/v2\/users\/1"}],"replies":[{"embeddable":true,"href":"https:\/\/biblian.is\/biblian\/wp-json\/wp\/v2\/comments?post=1978"}],"version-history":[{"count":0,"href":"https:\/\/biblian.is\/biblian\/wp-json\/wp\/v2\/pages\/1978\/revisions"}],"wp:attachment":[{"href":"https:\/\/biblian.is\/biblian\/wp-json\/wp\/v2\/media?parent=1978"}],"curies":[{"name":"wp","href":"https:\/\/api.w.org\/{rel}","templated":true}]}}