{"id":1975,"date":"2017-12-30T21:01:10","date_gmt":"2017-12-30T21:01:10","guid":{"rendered":"http:\/\/biblian.is\/biblian\/fyrri-kron%c2%92kub%c2%97k-20-kafli\/"},"modified":"2024-06-26T23:20:38","modified_gmt":"2024-06-26T23:20:38","slug":"fyrri-kronikubok-20-kafli","status":"publish","type":"page","link":"https:\/\/biblian.is\/biblian\/fyrri-kronikubok-20-kafli\/","title":{"rendered":"Fyrri kron\u00edkub\u00f3k 20. kafli"},"content":{"rendered":"<h3 class=\"millifyrirsogn_2007\"> Fall Rabba<\/h3>\n<p><a name=\"1\"><span class=\"versanumer_2007\">1<\/span><\/a> Um \u00e1ram\u00f3t, \u00feegar konunga er si\u00f0ur a\u00f0 halda \u00ed herna\u00f0, f\u00f3r J\u00f3ab me\u00f0 allan herinn \u00ed lei\u00f0angur. Hann eyddi land Amm\u00f3n\u00edta, settist um Rabba, en Dav\u00ed\u00f0 h\u00e9lt kyrru fyrir \u00ed Jer\u00fasalem. J\u00f3ab vann Rabba og reif hana ni\u00f0ur. <a name=\"2\"><span class=\"versanumer_2007\">2<\/span><\/a> \u00dev\u00ed n\u00e6st t\u00f3k Dav\u00ed\u00f0 k\u00f3r\u00f3nu Amm\u00f3n\u00edtakonungs af h\u00f6f\u00f0i hans og reyndist h\u00fan vera ein talenta gulls a\u00f0 \u00feyngd, skreytt gimsteini, og var h\u00fan sett \u00e1 h\u00f6fu\u00f0 Dav\u00ed\u00f0s. Hann t\u00f3k mj\u00f6g miki\u00f0 herfang \u00far borginni <a name=\"3\"><span class=\"versanumer_2007\">3<\/span><\/a> og flutti borgarb\u00faa burt og l\u00e9t \u00fe\u00e1 vinna me\u00f0 steins\u00f6gum, j\u00e1rnh\u00f6kum og j\u00e1rn\u00f6xum. \u00deannig f\u00f3r hann me\u00f0 allar a\u00f0rar borgir Amm\u00f3n\u00edta. \u00dev\u00ed n\u00e6st sneri Dav\u00ed\u00f0 \u00e1samt \u00f6llum hernum heim til Jer\u00fasalem. <\/p>\n<h3 class=\"millifyrirsogn_2007\">Fall Refa\u00edta<\/h3>\n<p><a name=\"4\"><span class=\"versanumer_2007\">4<\/span><\/a> Eftir \u00feetta kom til \u00f3fri\u00f0ar vi\u00f0 Filistea vi\u00f0 Geser. \u00de\u00e1 drap Sibbeka\u00ed fr\u00e1 H\u00fasa Sippa\u00ed, sem var af \u00e6tt Refa\u00edta, og voru \u00feeir ofurli\u00f0i bornir.<br \/> <a name=\"5\"><span class=\"versanumer_2007\">5<\/span><\/a> Enn \u00e1 n\u00fd kom til bardaga vi\u00f0 Filistea. Elkana Ja\u00edrsson drap \u00fe\u00e1 Lahm\u00ed, br\u00f3\u00f0ur Gol\u00edats fr\u00e1 Gat, en spj\u00f3tskaft hans var eins og vefjarrifur \u00ed vefst\u00f3l.<br \/> <a name=\"6\"><span class=\"versanumer_2007\">6<\/span><\/a> \u00de\u00e1 var\u00f0 enn bardagi vi\u00f0 Gat. \u00dear var risavaxinn ma\u00f0ur sem haf\u00f0i t\u00f3lf fingur og t\u00f3lf t\u00e6r. Einnig hann var af \u00e6tt Refa. <a name=\"7\"><span class=\"versanumer_2007\">7<\/span><\/a> Er hann h\u00e6ddist a\u00f0 \u00cdsrael drap J\u00f3natan hann en hann var sonur S\u00edmea, br\u00f3\u00f0ur Dav\u00ed\u00f0s.<br \/> <a name=\"8\"><span class=\"versanumer_2007\">8<\/span><\/a> \u00deessir menn voru afkomendur Refa fr\u00e1 Gat. \u00deeir f\u00e9llu allir fyrir hendi Dav\u00ed\u00f0s og manna hans.<\/p>\n","protected":false},"excerpt":{"rendered":"<p>Fall Rabba 1 Um \u00e1ram\u00f3t, \u00feegar konunga er si\u00f0ur a\u00f0 halda \u00ed herna\u00f0, f\u00f3r J\u00f3ab me\u00f0 allan herinn \u00ed lei\u00f0angur. Hann eyddi land Amm\u00f3n\u00edta, settist um Rabba, en Dav\u00ed\u00f0 h\u00e9lt kyrru fyrir \u00ed Jer\u00fasalem. J\u00f3ab vann Rabba og reif hana ni\u00f0ur. 2 \u00dev\u00ed n\u00e6st t\u00f3k Dav\u00ed\u00f0 k\u00f3r\u00f3nu Amm\u00f3n\u00edtakonungs af h\u00f6f\u00f0i hans og reyndist h\u00fan vera ein talenta gulls a\u00f0 \u00feyngd, skreytt gimsteini, og var h\u00fan sett \u00e1 h\u00f6fu\u00f0 Dav\u00ed\u00f0s. Hann t\u00f3k mj\u00f6g miki\u00f0 herfang \u00far borginni 3 og flutti borgarb\u00faa burt og l\u00e9t \u00fe\u00e1 vinna me\u00f0 steins\u00f6gum, j\u00e1rnh\u00f6kum og j\u00e1rn\u00f6xum. \u00deannig f\u00f3r hann me\u00f0 allar a\u00f0rar borgir Amm\u00f3n\u00edta. \u00dev\u00ed n\u00e6st <a href=\"https:\/\/biblian.is\/biblian\/fyrri-kronikubok-20-kafli\/\"> [&#8230;]<\/a><\/p>\n","protected":false},"author":1,"featured_media":0,"parent":0,"menu_order":0,"comment_status":"open","ping_status":"open","template":"bibliukaflar_NT.php","meta":{"footnotes":""},"class_list":["post-1975","page","type-page","status-publish","hentry"],"_links":{"self":[{"href":"https:\/\/biblian.is\/biblian\/wp-json\/wp\/v2\/pages\/1975","targetHints":{"allow":["GET"]}}],"collection":[{"href":"https:\/\/biblian.is\/biblian\/wp-json\/wp\/v2\/pages"}],"about":[{"href":"https:\/\/biblian.is\/biblian\/wp-json\/wp\/v2\/types\/page"}],"author":[{"embeddable":true,"href":"https:\/\/biblian.is\/biblian\/wp-json\/wp\/v2\/users\/1"}],"replies":[{"embeddable":true,"href":"https:\/\/biblian.is\/biblian\/wp-json\/wp\/v2\/comments?post=1975"}],"version-history":[{"count":0,"href":"https:\/\/biblian.is\/biblian\/wp-json\/wp\/v2\/pages\/1975\/revisions"}],"wp:attachment":[{"href":"https:\/\/biblian.is\/biblian\/wp-json\/wp\/v2\/media?parent=1975"}],"curies":[{"name":"wp","href":"https:\/\/api.w.org\/{rel}","templated":true}]}}